{"id":26569,"date":"2026-02-15T02:13:38","date_gmt":"2026-02-15T02:13:38","guid":{"rendered":"https:\/\/terrarara.com.br\/?page_id=26569"},"modified":"2026-02-15T02:13:38","modified_gmt":"2026-02-15T02:13:38","slug":"fosseis-de-peixes-de-400-milhoes-de-anos-reescrevem-a-historia-da-vida-em-terra-firme","status":"publish","type":"page","link":"https:\/\/terrarara.com.br\/?page_id=26569","title":{"rendered":"F\u00f3sseis de peixes de 400 milh\u00f5es de anos reescrevem a hist\u00f3ria da vida em terra firme"},"content":{"rendered":"<div class=\"wp-block-image\"><figure><img src=\"https:\/\/vendedoradesonhos.com.br\/upload\/1\/sites\/26\/img_41701_1200.jpg\" alt=\"\" style=\"width:100%\"><figcaption>Illustration of Paleolopus &#8211; a lungfish that swam in the South Chinese seas 410 million years ago. Credit: Brian Choo (Flinders University)<\/figcaption><\/figure><\/div><hr><\/p><p>\r\n\t<a href=\"https:\/\/doi.org\/10.1139\/cjz-2025-0109\" target=\"_blank\">doi.org\/10.1139\/cjz-2025-0109<\/a><br><a href=\"https:\/\/vendedoradesonhos.com.br\/credibilidade_estudo.php?c=41701\">Credibilidade<\/a>: <font color=\"#00FFFF\">9<\/font><font color=\"#00FF00\">8<\/font><font color=\"#FFFF00\">9<\/font><br><a href=''https:\/\/terrarara.com.br\"s=f\u00f3sseis''>#F\u00f3sseis<\/a>\u00a0<\/p><p><\/p><p>\r\n\t<!-- audio --><\/p><p>\r\n<button onclick=\"this.nextElementSibling.play()\" style=\"padding:12px 25px; font-size:18px; border:none; border-radius:8px; cursor:pointer;\">Ouvir<\/button><audio src=\"https:\/\/vendedoradesonhos.com.br\/audios\/41701.mp3\" preload=\"none\"><\/audio><\/p><p>\r\n\t<strong><\/p><p>\r\nCientistas acabam de revelar detalhes surpreendentes sobre a evolu\u00e7\u00e3o dos primeiros peixes que habitaram a Terra h\u00e1 mais de 400 milh\u00f5es de anos, gra\u00e7as a duas pesquisas independentes realizadas por equipes da Austr\u00e1lia e da China<\/strong><\/p><p> Esses estudos focam em peixes pulmonados antigos, que s\u00e3o os parentes vivos mais pr\u00f3ximos dos vertebrados que, eventualmente, sa\u00edram da \u00e1gua para conquistar a terra firme, dando origem aos tetr\u00e1podes &#8211; grupo que inclui anf\u00edbios, r\u00e9pteis, aves e mam\u00edferos, inclusive n\u00f3s, humanos.\r\n<\/p><p>\r\nOs peixes pulmonados s\u00e3o fascinantes porque j\u00e1 possu\u00edam pulm\u00f5es primitivos, permitindo respirar ar em \u00e1guas pobres em oxig\u00eanio, uma adapta\u00e7\u00e3o crucial para a transi\u00e7\u00e3o \u00e0 vida terrestre. Agora, usando imagens avan\u00e7adas de tomografia computadorizada (CT), os pesquisadores examinaram f\u00f3sseis raros e excepcionalmente bem preservados do per\u00edodo Dev\u00f4nico, uma era em que a vida estava se diversificando rapidamente nos oceanos e come\u00e7ando a explorar os continentes.\r\n<\/p><p>\r\nNa Austr\u00e1lia, na famosa forma\u00e7\u00e3o de Gogo, no oeste do pa\u00eds, a equipe reanalisou o enigm\u00e1tico f\u00f3ssil chamado Cainocara, um peixe pulmonado do Dev\u00f4nico Tardio. As varreduras digitais revelaram o cr\u00e2nio externo e interno em detalhes impressionantes, corrigindo interpreta\u00e7\u00f5es anteriores sobre sua orienta\u00e7\u00e3o e mostrando semelhan\u00e7as com outros peixes pulmonados da mesma regi\u00e3o, como o Chirodipterus australis. Essas imagens destacam caracter\u00edsticas primitivas e derivadas na evolu\u00e7\u00e3o dos peixes de nadadeiras lobadas, grupo ancestral dos tetr\u00e1podes, e esclarecem como a cavidade cerebral e o ouvido interno eram complexos mesmo em formas muito antigas.\r\n<\/p><p>\r\nNa China, outro estudo descreveu um novo cr\u00e2nio de peixe pulmonado, batizado de Paleolophus yunnanensis, datado de cerca de 410 milh\u00f5es de anos atr\u00e1s, encontrado em rochas do sul do pa\u00eds. Esse f\u00f3ssil mostra adapta\u00e7\u00f5es alimentares \u00fanicas e uma estrutura craniana que indica uma diversifica\u00e7\u00e3o r\u00e1pida desses peixes logo no in\u00edcio do Dev\u00f4nico. Juntos, os dois achados demonstram que os peixes pulmonados eram mais variados e anatomicamente sofisticados do que se imaginava, com tra\u00e7os que surgiram em ambientes aqu\u00e1ticos antes mesmo da grande explos\u00e3o de formas terrestres.\r\n<\/p><p>\r\nEssas descobertas desafiam vis\u00f5es anteriores sobre a transi\u00e7\u00e3o da \u00e1gua para a terra, mostrando que muitos dos ingredientes evolutivos necess\u00e1rios &#8211; como pulm\u00f5es funcionais, nadadeiras robustas e estruturas cranianas complexas &#8211; j\u00e1 estavam presentes e se desenvolvendo em peixes aqu\u00e1ticos durante o Dev\u00f4nico inicial, m\u00e9dio e tardio. Em vez de uma mudan\u00e7a gradual e linear, parece ter havido uma evolu\u00e7\u00e3o acelerada e diversificada entre esses peixes ancestrais, pavimentando o caminho para que alguns descendentes conseguissem se adaptar \u00e0 vida em solo firme.\r\n<\/p><p>\r\nPesquisadores como a Dra. Alice Clement, da Flinders University, na Austr\u00e1lia, explicam que esses f\u00f3sseis adicionam pe\u00e7as importantes ao quebra-cabe\u00e7a da evolu\u00e7\u00e3o dos peixes de nadadeiras lobadas iniciais. J\u00e1 o Dr. Brian Choo destaca como essas evid\u00eancias revelam insights sobre a r\u00e1pida diversifica\u00e7\u00e3o evolutiva nessa \u00e9poca crucial. Os resultados foram publicados em revistas cient\u00edficas respeitadas: um no Canadian Journal of Zoology e outro no Current Biology.\r\n<\/p><p>\r\nNo final das contas, esses peixes f\u00f3sseis de mais de 400 milh\u00f5es de anos n\u00e3o s\u00f3 enriquecem nosso entendimento sobre o passado distante, mas tamb\u00e9m mostram como pequenas inova\u00e7\u00f5es anat\u00f4micas em criaturas aqu\u00e1ticas antigas abriram as portas para a conquista da terra pelos vertebrados, mudando para sempre a hist\u00f3ria da vida no planeta.\r\n<\/p><p>\r\n<hr>\r\n\r\n<p style=\"text-align:right\"><em>Publicado em 15\/02\/2026 02h13<\/em><\/p>\r\n<hr>\r\n<p style=\"text-align:right\"><em><a href=\"https:\/\/terrarara.com.br\/en\/?page_id=3689\">English version<\/a><\/em><\/p>\r\n<hr>\r\n\r\n\t\t\t<hr>\r\n\t\r\n\t\t\t\r\n\r\n<p>Estudo original: <\/p>\r\n\r\n\r\n\r\n<ul><li><a href=\"https:\/\/doi.org\/10.1139\/cjz-2025-0109\" target=\"_blank\">https:\/\/doi.org\/10.1139\/cjz-2025-0109<\/a><\/li><\/ul>\r\n\r\n\r\n\r\n<hr class=\"wp-block-separator is-style-wide\"\/>\r\n\r\n<div style=\"position: buttonline;\"><iframe loading=\"lazy\" src=\"https:\/\/vendedoradesonhos.com.br\/rodape_sites.php?arg=41701\" frameborder=\"0\" height=\"420px\" width=\"100%\"><\/iframe><\/div>\r\n<div style=\"position: buttonline;\"><iframe loading=\"lazy\" src=\"https:\/\/vendedoradesonhos.com.br\/comentario_navegacao.php?arg=41701\" frameborder=\"0\" height=\"500px\" width=\"100%\"><\/iframe><\/div>\r\n<div style=\"position:absolute; width:40%; height:70px; top:-70px; left:0px;\"><iframe loading=\"lazy\" src=\"https:\/\/vendedoradesonhos.com.br\/oferta_site_esq.php?arg=41701\" frameborder=\"0\" height=\"100%\" width=\"100%\"><\/iframe><\/div>\r\n<div style=\"position:absolute; width:40%; height:70px; top:-70px; right:0px;\"><iframe loading=\"lazy\" src=\"https:\/\/vendedoradesonhos.com.br\/oferta_site_dir.php?arg=41701\" frameborder=\"0\" height=\"100%;\" width=\"100%\"><\/iframe><\/div>\r\n\r\n<div class=\"wp-block-image\"><figure><iframe loading=\"lazy\" src=\"https:\/\/vendedoradesonhos.com.br\/oferta_site_central.php\" width=\"100%\" height=\"330\" frameborder=\"0\"><\/iframe><figcaption>{teste}<\/figcaption><\/figure><\/div><hr>","protected":false},"excerpt":{"rendered":"","protected":false},"author":1,"featured_media":0,"parent":62,"menu_order":0,"comment_status":"closed","ping_status":"closed","template":"","meta":[],"_links":{"self":[{"href":"https:\/\/terrarara.com.br\/index.php?rest_route=\/wp\/v2\/pages\/26569"}],"collection":[{"href":"https:\/\/terrarara.com.br\/index.php?rest_route=\/wp\/v2\/pages"}],"about":[{"href":"https:\/\/terrarara.com.br\/index.php?rest_route=\/wp\/v2\/types\/page"}],"author":[{"embeddable":true,"href":"https:\/\/terrarara.com.br\/index.php?rest_route=\/wp\/v2\/users\/1"}],"replies":[{"embeddable":true,"href":"https:\/\/terrarara.com.br\/index.php?rest_route=%2Fwp%2Fv2%2Fcomments&post=26569"}],"version-history":[{"count":0,"href":"https:\/\/terrarara.com.br\/index.php?rest_route=\/wp\/v2\/pages\/26569\/revisions"}],"up":[{"embeddable":true,"href":"https:\/\/terrarara.com.br\/index.php?rest_route=\/wp\/v2\/pages\/62"}],"wp:attachment":[{"href":"https:\/\/terrarara.com.br\/index.php?rest_route=%2Fwp%2Fv2%2Fmedia&parent=26569"}],"curies":[{"name":"wp","href":"https:\/\/api.w.org\/{rel}","templated":true}]}}