{"id":26568,"date":"2026-02-15T01:19:29","date_gmt":"2026-02-15T01:19:29","guid":{"rendered":"https:\/\/terrarara.com.br\/?page_id=26568"},"modified":"2026-02-15T01:19:29","modified_gmt":"2026-02-15T01:19:29","slug":"o-buraco-negro-supermassivo-da-via-lactea-pode-ser-na-verdade-um-aglomerado-de-materia-escura","status":"publish","type":"page","link":"https:\/\/terrarara.com.br\/?page_id=26568","title":{"rendered":"O buraco negro supermassivo da Via L\u00e1ctea pode ser, na verdade, um aglomerado de mat\u00e9ria escura?"},"content":{"rendered":"<div class=\"wp-block-image\"><figure><img src=\"https:\/\/vendedoradesonhos.com.br\/upload\/1\/sites\/26\/img_41700_1200.jpg\" alt=\"\" style=\"width:100%\"><figcaption>N\u00facleo da Via L\u00e1tea. Imagem via <a href=\"https:\/\/science.nasa.gov\/missions\/hubble\/core-of-the-milky-way\/\" target=\"_blank\">NASA<\/a><\/figcaption><\/figure><\/div><hr><\/p><p>\r\n\t<a href=\"https:\/\/doi.org\/10.1093\/mnras\/staf1854\" target=\"_blank\">doi.org\/10.1093\/mnras\/staf1854<\/a><br><a href=\"https:\/\/vendedoradesonhos.com.br\/credibilidade_estudo.php?c=41700\">Credibilidade<\/a>: <font color=\"#00FFFF\">9<\/font><font color=\"#00FF00\">8<\/font><font color=\"#FFFF00\">9<\/font><br><a href=''https:\/\/terrarara.com.br\"s=via l\u00e1ctea''>#Via L\u00e1ctea<\/a>\u00a0<\/p><p><\/p><p>\r\n\t<!-- audio --><\/p><p>\r\n<button onclick=\"this.nextElementSibling.play()\" style=\"padding:12px 25px; font-size:18px; border:none; border-radius:8px; cursor:pointer;\">Ouvir<\/button><audio src=\"https:\/\/vendedoradesonhos.com.br\/audios\/41700.mp3\" preload=\"none\"><\/audio><\/p><p>\r\n\t<strong>H\u00e1 d\u00e9cadas, os astr\u00f4nomos acreditam que no centro da nossa gal\u00e1xia, a Via L\u00e1ctea, existe um buraco negro supermassivo chamado Sagit\u00e1rio A&#8221;, com massa equivalente a cerca de quatro milh\u00f5es de vezes a do Sol<\/strong><\/p><p> Essa conclus\u00e3o vem de observa\u00e7\u00f5es impressionantes: estrelas orbitando em velocidades alt\u00edssimas ao redor de um ponto invis\u00edvel, o anel brilhante capturado pelo Telesc\u00f3pio do Horizonte de Eventos e o comportamento gravitacional que s\u00f3 um objeto extremamente compacto e massivo explicaria.\r\n<\/p><p>\r\nMas um novo estudo, publicado recentemente na revista &#8220;Monthly Notices of the Royal Astronomical Society&#8221;, prop\u00f5e uma ideia ousada e intrigante: e se o que est\u00e1 no cora\u00e7\u00e3o da gal\u00e1xia n\u00e3o for um buraco negro, mas sim um denso aglomerado de mat\u00e9ria escura? A mat\u00e9ria escura \u00e9 aquela subst\u00e2ncia misteriosa que n\u00e3o emite nem absorve luz, mas influencia a gravidade em escalas gigantescas, respondendo por cerca de 85% da massa total do universo.\r\n<\/p><p>\r\nOs pesquisadores, liderados por cientistas como Valentina Crespi e Carlos Arg\u00fcelles, do Instituto de Astrof\u00edsica de La Plata, na Argentina, sugerem que uma forma espec\u00edfica de mat\u00e9ria escura, composta por part\u00edculas leves chamadas f\u00e9rmions, poderia se acumular no centro da gal\u00e1xia formando um n\u00facleo ultradenso e est\u00e1vel. Esse n\u00facleo teria uma estrutura peculiar: um caro\u00e7o muito compacto no meio, cercado por um halo mais difuso que se estende por toda a gal\u00e1xia.\r\n<\/p><p>\r\nO que torna essa hip\u00f3tese fascinante \u00e9 que ela consegue explicar, ao mesmo tempo, dois fen\u00f4menos observados na Via L\u00e1ctea. Perto do centro, as estrelas chamadas S-stars giram em \u00f3rbitas apertadas e velocidades extremas, como se fossem puxadas por algo com gravidade imensa e concentrada &#8211; algo que um buraco negro faria perfeitamente, mas que esse n\u00facleo de mat\u00e9ria escura tamb\u00e9m conseguiria imitar. Ao mesmo tempo, nas regi\u00f5es externas da gal\u00e1xia, a rota\u00e7\u00e3o das estrelas e do g\u00e1s segue um padr\u00e3o que sugere a presen\u00e7a de mat\u00e9ria escura espalhada, e o modelo prev\u00ea exatamente isso, com o mesmo material formando tanto o n\u00facleo central quanto o halo gal\u00e1ctico.\r\n<\/p><p>\r\nOs autores destacam que n\u00e3o se trata apenas de substituir um buraco negro por um objeto escuro invis\u00edvel. Eles prop\u00f5em algo mais unificado: o objeto supermassivo central e o halo de mat\u00e9ria escura da gal\u00e1xia seriam manifesta\u00e7\u00f5es diferentes da mesma subst\u00e2ncia cont\u00ednua. Isso cria uma estrutura com um n\u00facleo denso e um halo mais alongado, diferente dos modelos tradicionais de mat\u00e9ria escura fria, que preveem halos mais difusos e com caudas estendidas.\r\n<\/p><p>\r\nAl\u00e9m disso, o modelo se alinha surpreendentemente bem com a imagem do Telesc\u00f3pio do Horizonte de Eventos de Sagit\u00e1rio A&#8221;, que mostra uma sombra central cercada por um anel de luz &#8211; algo que, segundo os pesquisadores, poderia ser produzido por esse aglomerado compacto de mat\u00e9ria escura, sem precisar de um horizonte de eventos t\u00edpico de buraco negro.\r\n<\/p><p>\r\nClaro que essa ideia ainda \u00e9 especulativa e enfrenta desafios. A comunidade cient\u00edfica aceita amplamente a exist\u00eancia de buracos negros supermassivos em centros gal\u00e1cticos, com evid\u00eancias acumuladas de v\u00e1rias gal\u00e1xias, incluindo a nossa. Modelos alternativos precisam de provas muito fortes para substituir o consenso atual. Observa\u00e7\u00f5es futuras, como as do Telesc\u00f3pio James Webb, do Extremely Large Telescope ou avan\u00e7os em ondas gravitacionais, poder\u00e3o testar melhor essas previs\u00f5es, verificando detalhes das \u00f3rbitas estelares ou sinais sutis que diferenciem um buraco negro de um n\u00facleo de mat\u00e9ria escura.\r\n<\/p><p>\r\nPor enquanto, a proposta abre uma possibilidade empolgante: talvez o centro da nossa gal\u00e1xia seja dominado n\u00e3o por um buraco negro devorador de mat\u00e9ria, mas por uma concentra\u00e7\u00e3o gigantesca de mat\u00e9ria escura, revelando uma conex\u00e3o mais profunda entre o mist\u00e9rio da mat\u00e9ria escura e a arquitetura da Via L\u00e1ctea.\r\n<\/p><p>\r\n<hr>\r\n\r\n<p style=\"text-align:right\"><em>Publicado em 15\/02\/2026 01h19<\/em><\/p>\r\n<hr>\r\n<p style=\"text-align:right\"><em><a href=\"https:\/\/terrarara.com.br\/en\/?page_id=3688\">English version<\/a><\/em><\/p>\r\n<hr>\r\n\r\n\t\t\t<hr>\r\n\t\r\n\t\t\t\r\n\r\n<p>Estudo original: <\/p>\r\n\r\n\r\n\r\n<ul><li><a href=\"https:\/\/doi.org\/10.1093\/mnras\/staf1854\" target=\"_blank\">https:\/\/doi.org\/10.1093\/mnras\/staf1854<\/a><\/li><\/ul>\r\n\r\n\r\n\r\n<hr class=\"wp-block-separator is-style-wide\"\/>\r\n\r\n<div style=\"position: buttonline;\"><iframe loading=\"lazy\" src=\"https:\/\/vendedoradesonhos.com.br\/rodape_sites.php?arg=41700\" frameborder=\"0\" height=\"420px\" width=\"100%\"><\/iframe><\/div>\r\n<div style=\"position: buttonline;\"><iframe loading=\"lazy\" src=\"https:\/\/vendedoradesonhos.com.br\/comentario_navegacao.php?arg=41700\" frameborder=\"0\" height=\"500px\" width=\"100%\"><\/iframe><\/div>\r\n<div style=\"position:absolute; width:40%; height:70px; top:-70px; left:0px;\"><iframe loading=\"lazy\" src=\"https:\/\/vendedoradesonhos.com.br\/oferta_site_esq.php?arg=41700\" frameborder=\"0\" height=\"100%\" width=\"100%\"><\/iframe><\/div>\r\n<div style=\"position:absolute; width:40%; height:70px; top:-70px; right:0px;\"><iframe loading=\"lazy\" src=\"https:\/\/vendedoradesonhos.com.br\/oferta_site_dir.php?arg=41700\" frameborder=\"0\" height=\"100%;\" width=\"100%\"><\/iframe><\/div>\r\n\r\n<div class=\"wp-block-image\"><figure><iframe loading=\"lazy\" src=\"https:\/\/vendedoradesonhos.com.br\/oferta_site_central.php\" width=\"100%\" height=\"330\" frameborder=\"0\"><\/iframe><figcaption>{teste}<\/figcaption><\/figure><\/div><hr>","protected":false},"excerpt":{"rendered":"","protected":false},"author":1,"featured_media":0,"parent":5,"menu_order":0,"comment_status":"closed","ping_status":"closed","template":"","meta":[],"_links":{"self":[{"href":"https:\/\/terrarara.com.br\/index.php?rest_route=\/wp\/v2\/pages\/26568"}],"collection":[{"href":"https:\/\/terrarara.com.br\/index.php?rest_route=\/wp\/v2\/pages"}],"about":[{"href":"https:\/\/terrarara.com.br\/index.php?rest_route=\/wp\/v2\/types\/page"}],"author":[{"embeddable":true,"href":"https:\/\/terrarara.com.br\/index.php?rest_route=\/wp\/v2\/users\/1"}],"replies":[{"embeddable":true,"href":"https:\/\/terrarara.com.br\/index.php?rest_route=%2Fwp%2Fv2%2Fcomments&post=26568"}],"version-history":[{"count":0,"href":"https:\/\/terrarara.com.br\/index.php?rest_route=\/wp\/v2\/pages\/26568\/revisions"}],"up":[{"embeddable":true,"href":"https:\/\/terrarara.com.br\/index.php?rest_route=\/wp\/v2\/pages\/5"}],"wp:attachment":[{"href":"https:\/\/terrarara.com.br\/index.php?rest_route=%2Fwp%2Fv2%2Fmedia&parent=26568"}],"curies":[{"name":"wp","href":"https:\/\/api.w.org\/{rel}","templated":true}]}}