{"id":26567,"date":"2026-02-15T00:05:54","date_gmt":"2026-02-15T00:05:54","guid":{"rendered":"https:\/\/terrarara.com.br\/?page_id=26567"},"modified":"2026-02-15T00:05:54","modified_gmt":"2026-02-15T00:05:54","slug":"amostra-do-asthttp:\/\/localhost\/jagsystem\/cad_pagina_wordpress.php?arg=A;41700eroide-bennu-reescreve-a-historia-da-origem-da-vida","status":"publish","type":"page","link":"https:\/\/terrarara.com.br\/?page_id=26567","title":{"rendered":"Amostra do asteroide Bennu reescreve a hist\u00f3ria da origem da vida"},"content":{"rendered":"<div class=\"wp-block-image\"><figure><img src=\"https:\/\/vendedoradesonhos.com.br\/upload\/1\/sites\/26\/img_41699_1200.jpg\" alt=\"\" style=\"width:100%\"><figcaption>Cientistas que estudam o asteroide Bennu descobriram que amino\u00e1cidos essenciais podem ter se formado em ambientes gelados e ricos em radia\u00e7\u00e3o, em vez de \u00e1gua quente. As descobertas sugerem que os ingredientes b\u00e1sicos da vida podem surgir em cantos muito mais extremos do espa\u00e7o do que se pensava anteriormente. (Uma imagem de oito bandejas de amostras contendo o material final do asteroide Bennu.) Cr\u00e9dito: NASA\/Erika Blumenfeld e Joseph Aebersold<\/figcaption><\/figure><\/div><hr><\/p><p>\r\n\t<a href=\"https:\/\/doi.org\/10.1073\/pnas.2517723123\" target=\"_blank\">doi.org\/10.1073\/pnas.2517723123<\/a><br><a href=\"https:\/\/vendedoradesonhos.com.br\/credibilidade_estudo.php?c=41699\">Credibilidade<\/a>: <font color=\"#00FFFF\">9<\/font><font color=\"#00FF00\">9<\/font><font color=\"#FFFF00\">9<\/font><br><a href=''https:\/\/terrarara.com.br\"s=bennu''>#Bennu<\/a>\u00a0<\/p><p><\/p><p>\r\n\t<!-- audio --><\/p><p>\r\n<button onclick=\"this.nextElementSibling.play()\" style=\"padding:12px 25px; font-size:18px; border:none; border-radius:8px; cursor:pointer;\">Ouvir<\/button><audio src=\"https:\/\/vendedoradesonhos.com.br\/audios\/41699.mp3\" preload=\"none\"><\/audio><\/p><p>\r\n\t<strong>Cientistas da Universidade Penn State analisaram uma pequena quantidade de poeira coletada do asteroide Bennu, trazida \u00e0 Terra pela miss\u00e3o OSIRIS-REx da NASA em 2023, e chegaram a uma conclus\u00e3o surpreendente que muda o que se pensava sobre como surgiram os blocos de constru\u00e7\u00e3o da vida no espa\u00e7o<\/strong><\/p><p> O asteroide Bennu, com cerca de 4,6 bilh\u00f5es de anos, \u00e9 um remanescente da forma\u00e7\u00e3o inicial do sistema solar, e suas rochas continham amino\u00e1cidos, mol\u00e9culas essenciais que formam prote\u00ednas e participam de praticamente todos os processos biol\u00f3gicos.\r\n<\/p><p>\r\nAt\u00e9 agora, a ideia mais aceita era que esses amino\u00e1cidos, como a glicina &#8211; o mais simples deles, com apenas dois \u00e1tomos de carbono &#8220;, se formavam principalmente em ambientes com \u00e1gua l\u00edquida quente, por meio de um processo qu\u00edmico conhecido como s\u00edntese de Strecker, que envolve subst\u00e2ncias como cianeto de hidrog\u00eanio, am\u00f4nia e certos compostos org\u00e2nicos reagindo em condi\u00e7\u00f5es aquosas moderadas. Essa vis\u00e3o ligava a origem desses ingredientes b\u00e1sicos da vida a cen\u00e1rios semelhantes aos da Terra primitiva ou a asteroides que passaram por aquecimento e presen\u00e7a de \u00e1gua.\r\n<\/p><p>\r\nNo entanto, a nova pesquisa, publicada em fevereiro de 2026 na revista &#8220;Proceedings of the National Academy of Sciences&#8221;, mostra que pelo menos alguns amino\u00e1cidos de Bennu se formaram de maneira diferente, em condi\u00e7\u00f5es muito mais extremas: gelo extremamente frio exposto a intensa radia\u00e7\u00e3o c\u00f3smica nas regi\u00f5es externas do jovem sistema solar. A equipe examinou is\u00f3topos &#8211; pequenas varia\u00e7\u00f5es na massa dos \u00e1tomos de carbono e nitrog\u00eanio &#8211; presentes na glicina e em outras mol\u00e9culas da amostra min\u00fascula, do tamanho de uma colher de ch\u00e1, usando instrumentos altamente precisos. As assinaturas isot\u00f3picas encontradas n\u00e3o combinam com o modelo tradicional de forma\u00e7\u00e3o em \u00e1gua quente, mas apontam para caminhos qu\u00edmicos que ocorrem em ambientes gelados e irradiados.\r\n<\/p><p>\r\nEssa descoberta \u00e9 ainda mais impactante quando comparada com outro meteorito famoso, o Murchison, que caiu na Austr\u00e1lia em 1969 e tamb\u00e9m cont\u00e9m amino\u00e1cidos. Enquanto os do Murchison exibem padr\u00f5es isot\u00f3picos consistentes com forma\u00e7\u00e3o em \u00e1gua l\u00edquida e temperaturas amenas, os de Bennu revelam origens qu\u00edmicas distintas, sugerindo que os corpos parentais desses objetos vieram de regi\u00f5es diferentes do sistema solar primitivo. Al\u00e9m disso, os pesquisadores observaram que formas espelhadas de certos amino\u00e1cidos, como o \u00e1cido glut\u00e2mico &#8211; que s\u00e3o quimicamente id\u00eanticas mas com orienta\u00e7\u00e3o molecular invertida &#8220;, apresentam assinaturas de nitrog\u00eanio surpreendentemente diferentes, algo inesperado e que indica ainda mais diversidade nos processos de forma\u00e7\u00e3o.\r\n<\/p><p>\r\nAllison Baczynski, professora assistente de geoci\u00eancias na Penn State e uma das principais autoras do estudo, explicou que esses resultados &#8220;viram o roteiro? do que se pensava sobre a forma\u00e7\u00e3o de amino\u00e1cidos em asteroides. Agora parece haver muito mais maneiras e condi\u00e7\u00f5es para esses blocos de constru\u00e7\u00e3o da vida surgirem, n\u00e3o apenas em \u00e1gua l\u00edquida quente. Sua colega Oph\u00e9lie McIntosh, pesquisadora p\u00f3s-doutoral, destacou que os padr\u00f5es isot\u00f3picos t\u00e3o diferentes entre Bennu e Murchison indicam que esses asteroides se formaram em partes quimicamente distintas do sistema solar, ampliando as possibilidades de como mol\u00e9culas org\u00e2nicas complexas poderiam ter chegado \u00e0 Terra primitiva por meio de impactos de asteroides.\r\n<\/p><p>\r\nEssa nova vis\u00e3o sugere que os ingredientes necess\u00e1rios para a vida eram ainda mais comuns e variados no in\u00edcio do sistema solar do que se imaginava, podendo se formar em ambientes hostis de gelo e radia\u00e7\u00e3o antes mesmo de o nosso planeta existir. Os cientistas afirmam que agora t\u00eam mais perguntas do que respostas e planejam analisar amostras de outros meteoritos para investigar se existe ainda maior diversidade nesses caminhos qu\u00edmicos pr\u00e9-bi\u00f3ticos. A amostra de Bennu est\u00e1 abrindo portas para entender melhor como a qu\u00edmica que levou \u00e0 vida pode ter se espalhado pelo cosmos.\r\n<\/p><p>\r\n<blockquote class=\"twitter-tweet\" data-media-max-width=\"560\"><p lang=\"pt\" dir=\"ltr\">Amostra do asteroide bennu reescreve a hist\u00f3ria da origem da vida<a href=\"https:\/\/twitter.com\/hashtag\/Bennu?src=hash&#038;ref_src=twsrc%5Etfw\">#Bennu<\/a><br><br>Cientistas analisaram a poeira coletada do asteroide Bennu, trazida \u00e0 Terra em 2023, e chegaram a uma conclus\u00e3o surpreendente que muda o que se pensava sobre como surgiram os blocos de constru\u00e7\u00e3o da vida <a href=\"https:\/\/t.co\/HOZ9F903Ld\">pic.twitter.com\/HOZ9F903Ld<\/a><\/p>&#8211; Terra Rara&#x646; (@Terra_Rara) <a href=\"https:\/\/twitter.com\/Terra_Rara\/status\/2022853211128820157?ref_src=twsrc%5Etfw\">February 15, 2026<\/a><\/blockquote> <script async src=\"https:\/\/platform.twitter.com\/widgets.js\" charset=\"utf-8\"><\/script>\r\n<hr>\r\n\r\n<p style=\"text-align:right\"><em>Publicado em 15\/02\/2026 00h05<\/em><\/p>\r\n<hr>\r\n<p style=\"text-align:right\"><em><a href=\"https:\/\/terrarara.com.br\/en\/?page_id=3687\">English version<\/a><\/em><\/p>\r\n<hr>\r\n\r\n\t\t\t<hr>\r\n\t\r\n\t\t\t\r\n\r\n<p>Estudo original: <\/p>\r\n\r\n\r\n\r\n<ul><li><a href=\"https:\/\/doi.org\/10.1073\/pnas.2517723123\" target=\"_blank\">https:\/\/doi.org\/10.1073\/pnas.2517723123<\/a><\/li><\/ul>\r\n\r\n\r\n\r\n<hr class=\"wp-block-separator is-style-wide\"\/>\r\n\r\n<div style=\"position: buttonline;\"><iframe loading=\"lazy\" src=\"https:\/\/vendedoradesonhos.com.br\/rodape_sites.php?arg=41699\" frameborder=\"0\" height=\"420px\" width=\"100%\"><\/iframe><\/div>\r\n<div style=\"position: buttonline;\"><iframe loading=\"lazy\" src=\"https:\/\/vendedoradesonhos.com.br\/comentario_navegacao.php?arg=41699\" frameborder=\"0\" height=\"500px\" width=\"100%\"><\/iframe><\/div>\r\n<div style=\"position:absolute; width:40%; height:70px; top:-70px; left:0px;\"><iframe loading=\"lazy\" src=\"https:\/\/vendedoradesonhos.com.br\/oferta_site_esq.php?arg=41699\" frameborder=\"0\" height=\"100%\" width=\"100%\"><\/iframe><\/div>\r\n<div style=\"position:absolute; width:40%; height:70px; top:-70px; right:0px;\"><iframe loading=\"lazy\" src=\"https:\/\/vendedoradesonhos.com.br\/oferta_site_dir.php?arg=41699\" frameborder=\"0\" height=\"100%;\" width=\"100%\"><\/iframe><\/div>\r\n\r\n<div class=\"wp-block-image\"><figure><iframe loading=\"lazy\" src=\"https:\/\/vendedoradesonhos.com.br\/oferta_site_central.php\" width=\"100%\" height=\"330\" frameborder=\"0\"><\/iframe><figcaption>{teste}<\/figcaption><\/figure><\/div><hr>","protected":false},"excerpt":{"rendered":"","protected":false},"author":1,"featured_media":0,"parent":6132,"menu_order":0,"comment_status":"closed","ping_status":"closed","template":"","meta":[],"_links":{"self":[{"href":"https:\/\/terrarara.com.br\/index.php?rest_route=\/wp\/v2\/pages\/26567"}],"collection":[{"href":"https:\/\/terrarara.com.br\/index.php?rest_route=\/wp\/v2\/pages"}],"about":[{"href":"https:\/\/terrarara.com.br\/index.php?rest_route=\/wp\/v2\/types\/page"}],"author":[{"embeddable":true,"href":"https:\/\/terrarara.com.br\/index.php?rest_route=\/wp\/v2\/users\/1"}],"replies":[{"embeddable":true,"href":"https:\/\/terrarara.com.br\/index.php?rest_route=%2Fwp%2Fv2%2Fcomments&post=26567"}],"version-history":[{"count":0,"href":"https:\/\/terrarara.com.br\/index.php?rest_route=\/wp\/v2\/pages\/26567\/revisions"}],"up":[{"embeddable":true,"href":"https:\/\/terrarara.com.br\/index.php?rest_route=\/wp\/v2\/pages\/6132"}],"wp:attachment":[{"href":"https:\/\/terrarara.com.br\/index.php?rest_route=%2Fwp%2Fv2%2Fmedia&parent=26567"}],"curies":[{"name":"wp","href":"https:\/\/api.w.org\/{rel}","templated":true}]}}