{"id":26566,"date":"2026-02-14T22:56:23","date_gmt":"2026-02-14T22:56:23","guid":{"rendered":"https:\/\/terrarara.com.br\/?page_id=26566"},"modified":"2026-02-14T22:56:23","modified_gmt":"2026-02-14T22:56:23","slug":"tecnica-de-lente-gravitacional-revela-pares-de-buracos-negros-supermassivos","status":"publish","type":"page","link":"https:\/\/terrarara.com.br\/?page_id=26566","title":{"rendered":"T\u00e9cnica de lente gravitacional revela pares de buracos negros supermassivos"},"content":{"rendered":"<div class=\"wp-block-image\"><figure><img src=\"https:\/\/vendedoradesonhos.com.br\/upload\/1\/sites\/26\/img_41698_1200.jpg\" alt=\"\" style=\"width:100%\"><figcaption>Impress\u00e3o art\u00edstica da luz estelar (laranja) focalizada gravitacionalmente por um sistema bin\u00e1rio de buracos negros supermassivos. O anel de Einstein \u00e9 mostrado em azul. Cr\u00e9dito: Sociedade Max Planck<\/figcaption><\/figure><\/div><hr><\/p><p>\r\n\t<a href=\"https:\/\/doi.org\/10.1103\/1sfl-87t4\" target=\"_blank\">doi.org\/10.1103\/1sfl-87t4<\/a><br><a href=\"https:\/\/vendedoradesonhos.com.br\/credibilidade_estudo.php?c=41698\">Credibilidade<\/a>: <font color=\"#00FFFF\">9<\/font><font color=\"#00FF00\">8<\/font><font color=\"#FFFF00\">9<\/font><br><a href=''https:\/\/terrarara.com.br\"s=lente gravitacional''>#lente gravitacional<\/a>\u00a0<\/p><p><\/p><p>\r\n\t<!-- audio --><\/p><p>\r\n<button onclick=\"this.nextElementSibling.play()\" style=\"padding:12px 25px; font-size:18px; border:none; border-radius:8px; cursor:pointer;\">Ouvir<\/button><audio src=\"https:\/\/vendedoradesonhos.com.br\/audios\/41698.mp3\" preload=\"none\"><\/audio><\/p><p>\r\n\t<strong>Quando duas gal\u00e1xias colidem e se fundem, os buracos negros supermassivos que ficam no centro de cada uma delas acabam se aproximando e formando um par ligado pela gravidade, conhecido como bin\u00e1rio de buracos negros supermassivos<\/strong><\/p><p> Esses sistemas s\u00e3o muito importantes para entender como as gal\u00e1xias evoluem e representam algumas das fontes mais poderosas de ondas gravitacionais no universo.\r\n<\/p><p>\r\nEmbora j\u00e1 tenhamos evid\u00eancias de pares de buracos negros distantes um do outro, os cientistas ainda n\u00e3o conseguiram detectar com certeza aqueles que orbitam bem pr\u00f3ximos, girando rapidamente em torno de um ao outro. Um novo estudo, publicado na revista &#8220;Physical Review Letters&#8221;, prop\u00f5e uma maneira inteligente de encontrar esses sistemas escondidos usando um fen\u00f4meno chamado lente gravitacional.\r\n<\/p><p>\r\nOs buracos negros supermassivos s\u00e3o t\u00e3o massivos e compactos que funcionam como verdadeiras lentes naturais no espa\u00e7o: eles curvam fortemente a luz que passa perto deles. Quando uma estrela distante fica quase alinhada atr\u00e1s de um buraco negro, sua luz pode ser amplificada de forma impressionante, tornando-a muito mais brilhante por um curto per\u00edodo.<\/p><p>\r\nNo caso de um \u00fanico buraco negro, esse efeito extremo acontece s\u00f3 em alinhamentos muito precisos. Mas quando existem dois buracos negros orbitando um ao outro, eles agem como um par de lentes. Juntos, criam uma estrutura especial em forma de diamante, chamada curva c\u00e1ustica, onde a amplifica\u00e7\u00e3o da luz pode ser ainda mais dram\u00e1tica.\r\n<\/p><p>\r\nComo esses buracos negros est\u00e3o em movimento orbital, a curva c\u00e1ustica gira e muda de forma com o tempo. Enquanto o par perde energia ao emitir ondas gravitacionais, a \u00f3rbita vai encolhendo e acelerando aos poucos. Isso faz com que a regi\u00e3o de amplifica\u00e7\u00e3o varra uma \u00e1rea maior atr\u00e1s do sistema. Se uma estrela brilhante estiver nessa zona, ela pode produzir clar\u00f5es intensos de luz repetidos toda vez que a curva c\u00e1ustica passa por cima dela.\r\n<\/p><p>\r\nEsses clar\u00f5es peri\u00f3dicos seriam uma assinatura bem caracter\u00edstica de um bin\u00e1rio de buracos negros supermassivos em evolu\u00e7\u00e3o. Al\u00e9m disso, o intervalo entre os clar\u00f5es, o brilho m\u00e1ximo e as pequenas varia\u00e7\u00f5es nesses padr\u00f5es revelam informa\u00e7\u00f5es valiosas: a massa dos dois buracos negros, o tamanho da \u00f3rbita e como ela est\u00e1 mudando com o tempo por causa da emiss\u00e3o de ondas gravitacionais.<\/p><p>\r\nOs pesquisadores acreditam que telesc\u00f3pios e levantamentos de grande campo que est\u00e3o entrando em opera\u00e7\u00e3o, como o Observat\u00f3rio Vera C. Rubin e o Telesc\u00f3pio Espacial Nancy Grace Roman, ter\u00e3o capacidade para detectar esses flashes repetidos nos pr\u00f3ximos anos. Observar esses sinais permitiria estudar buracos negros supermassivos em fus\u00e3o muito antes que detectores de ondas gravitacionais no espa\u00e7o, como o futuro LISA, entrem em a\u00e7\u00e3o.\r\n<\/p><p>\r\nEssa possibilidade abre portas para uma astronomia de m\u00faltiplos mensageiros, combinando luz e ondas gravitacionais, e pode ajudar a testar a teoria da gravidade e a f\u00edsica dos buracos negros de formas completamente novas e empolgantes.\r\n<\/p><p>\r\n<blockquote class=\"twitter-tweet\" data-media-max-width=\"560\"><p lang=\"pt\" dir=\"ltr\">T\u00e9cnica de lente gravitacional revela pares de buracos negros supermassivos<a href=\"https:\/\/twitter.com\/hashtag\/lentegravitacional?src=hash&amp;ref_src=twsrc%5Etfw\">#lentegravitacional<\/a><br><br>Quando duas gal\u00e1xias colidem e se fundem, os buracos negros supermassivos que ficam no centro de cada uma delas acabam se aproximando e formando um par ligado pela gravidade <a href=\"https:\/\/t.co\/4bqeVlSrGb\">pic.twitter.com\/4bqeVlSrGb<\/a><\/p>&mdash; Terra Rara??????&#x646; (@Terra_Rara) <a href=\"https:\/\/twitter.com\/Terra_Rara\/status\/2022850629236928680?ref_src=twsrc%5Etfw\">February 15, 2026<\/a><\/blockquote> <script async src=\"https:\/\/platform.twitter.com\/widgets.js\" charset=\"utf-8\"><\/script>\r\n<hr>\r\n\r\n<p style=\"text-align:right\"><em>Publicado em 14\/02\/2026 22h56<\/em><\/p>\r\n<hr>\r\n<p style=\"text-align:right\"><em><a href=\"https:\/\/terrarara.com.br\/en\/?page_id=3686\">English version<\/a><\/em><\/p>\r\n<hr>\r\n\r\n\t\t\t<hr>\r\n\t\r\n\t\t\t\r\n\r\n<p>Estudo original: <\/p>\r\n\r\n\r\n\r\n<ul><li><a href=\"https:\/\/doi.org\/10.1103\/1sfl-87t4\" target=\"_blank\">https:\/\/doi.org\/10.1103\/1sfl-87t4<\/a><\/li><\/ul>\r\n\r\n\r\n\r\n<hr class=\"wp-block-separator is-style-wide\"\/>\r\n\r\n<div style=\"position: buttonline;\"><iframe loading=\"lazy\" src=\"https:\/\/vendedoradesonhos.com.br\/rodape_sites.php?arg=41698\" frameborder=\"0\" height=\"420px\" width=\"100%\"><\/iframe><\/div>\r\n<div style=\"position: buttonline;\"><iframe loading=\"lazy\" src=\"https:\/\/vendedoradesonhos.com.br\/comentario_navegacao.php?arg=41698\" frameborder=\"0\" height=\"500px\" width=\"100%\"><\/iframe><\/div>\r\n<div style=\"position:absolute; width:40%; height:70px; top:-70px; left:0px;\"><iframe loading=\"lazy\" src=\"https:\/\/vendedoradesonhos.com.br\/oferta_site_esq.php?arg=41698\" frameborder=\"0\" height=\"100%\" width=\"100%\"><\/iframe><\/div>\r\n<div style=\"position:absolute; width:40%; height:70px; top:-70px; right:0px;\"><iframe loading=\"lazy\" src=\"https:\/\/vendedoradesonhos.com.br\/oferta_site_dir.php?arg=41698\" frameborder=\"0\" height=\"100%;\" width=\"100%\"><\/iframe><\/div>\r\n\r\n<div class=\"wp-block-image\"><figure><iframe loading=\"lazy\" src=\"https:\/\/vendedoradesonhos.com.br\/oferta_site_central.php\" width=\"100%\" height=\"330\" frameborder=\"0\"><\/iframe><figcaption>{teste}<\/figcaption><\/figure><\/div><hr>","protected":false},"excerpt":{"rendered":"","protected":false},"author":1,"featured_media":0,"parent":14,"menu_order":0,"comment_status":"closed","ping_status":"closed","template":"","meta":[],"_links":{"self":[{"href":"https:\/\/terrarara.com.br\/index.php?rest_route=\/wp\/v2\/pages\/26566"}],"collection":[{"href":"https:\/\/terrarara.com.br\/index.php?rest_route=\/wp\/v2\/pages"}],"about":[{"href":"https:\/\/terrarara.com.br\/index.php?rest_route=\/wp\/v2\/types\/page"}],"author":[{"embeddable":true,"href":"https:\/\/terrarara.com.br\/index.php?rest_route=\/wp\/v2\/users\/1"}],"replies":[{"embeddable":true,"href":"https:\/\/terrarara.com.br\/index.php?rest_route=%2Fwp%2Fv2%2Fcomments&post=26566"}],"version-history":[{"count":0,"href":"https:\/\/terrarara.com.br\/index.php?rest_route=\/wp\/v2\/pages\/26566\/revisions"}],"up":[{"embeddable":true,"href":"https:\/\/terrarara.com.br\/index.php?rest_route=\/wp\/v2\/pages\/14"}],"wp:attachment":[{"href":"https:\/\/terrarara.com.br\/index.php?rest_route=%2Fwp%2Fv2%2Fmedia&parent=26566"}],"curies":[{"name":"wp","href":"https:\/\/api.w.org\/{rel}","templated":true}]}}