{"id":26564,"date":"2026-02-13T19:58:50","date_gmt":"2026-02-13T19:58:50","guid":{"rendered":"https:\/\/terrarara.com.br\/?page_id=26564"},"modified":"2026-02-13T19:58:50","modified_gmt":"2026-02-13T19:58:50","slug":"uma-esperanca-brasileira-para-vitimas-de-lesao-medular-polilaminina","status":"publish","type":"page","link":"https:\/\/terrarara.com.br\/?page_id=26564","title":{"rendered":"Uma esperan\u00e7a brasileira para v\u00edtimas de les\u00e3o medular: polilaminina"},"content":{"rendered":"<div class=\"wp-block-image\"><figure><img src=\"https:\/\/vendedoradesonhos.com.br\/img\/sites\/img_polilamida.jpg\" alt=\"\" style=\"width:100%\"><figcaption>Polilaminina<\/figcaption><\/figure><\/div><hr><\/p><p>\r\n\t<a href=''https:\/\/terrarara.com.br\"s=polilaminina''>#Polilaminina<\/a>\u00a0<\/p><p><\/p><p>\r\n\t<!-- audio --><\/p><p>\r\n<button onclick=\"this.nextElementSibling.play()\" style=\"padding:12px 25px; font-size:18px; border:none; border-radius:8px; cursor:pointer;\">Ouvir<\/button><audio src=\"https:\/\/vendedoradesonhos.com.br\/audios\/41689.mp3\" preload=\"none\"><\/audio><\/p><p>\r\n\t<strong>A polilaminina surge como uma das maiores promessas da ci\u00eancia brasileira recente para pessoas que sofrem de les\u00f5es medulares graves que causam paraplegia ou tetraplegia ap\u00f3s acidentes como quedas, colis\u00f5es de tr\u00e2nsito, mergulho ou outras les\u00f5es<\/strong><\/p><p> Desenvolvida ao longo de quase 30 anos pela professora Tatiana Coelho de Sampaio, bi\u00f3loga e pesquisadora do Instituto de Ci\u00eancias Biom\u00e9dicas da Universidade Federal do Rio de Janeiro (UFRJ), a subst\u00e2ncia \u00e9 uma vers\u00e3o modificada e mais potente da laminina, uma prote\u00edna natural presente na placenta humana que auxilia na organiza\u00e7\u00e3o e regenera\u00e7\u00e3o do tecido nervoso durante o desenvolvimento embrion\u00e1rio e os processos de reparo.\r\n<\/p><p>\r\nA polilaminina \u00e9 aplicada diretamente na medula espinhal, preferencialmente o mais r\u00e1pido poss\u00edvel ap\u00f3s o trauma &#8211; idealmente nas primeiras 72 horas &#8211; estimulando os neur\u00f4nios maduros a recuperarem sua capacidade de crescimento. Ela promove a forma\u00e7\u00e3o de novos ax\u00f4nios, as extens\u00f5es que transmitem os impulsos nervosos, ajudando a restaurar as conex\u00f5es interrompidas pela les\u00e3o. Produzido a partir de placentas doadas por mulheres saud\u00e1veis &#8220;&#8221;e fabricado em larga escala pelo laborat\u00f3rio Crist\u00e1lia, parceiro de pesquisa, o medicamento \u00e9 100% brasileiro e representa um marco na inova\u00e7\u00e3o biotecnol\u00f3gica no pa\u00eds.\r\n<\/p><p>\r\nEm testes experimentais iniciais, conduzidos em animais e em aplica\u00e7\u00f5es de uso experimental ou compassivo em humanos, os resultados foram impressionantes: muitos c\u00e3es e ratos com les\u00f5es graves recuperaram a capacidade de andar, e pacientes humanos relataram melhorias significativas, como retorno parcial ou total dos movimentos, sensibilidade em \u00e1reas previamente anestesiadas e recupera\u00e7\u00e3o de fun\u00e7\u00f5es b\u00e1sicas. Casos not\u00e1veis &#8220;&#8221;incluem jovens que, ap\u00f3s acidentes graves, recuperaram o movimento dos dedos, a sensibilidade nas pernas ou at\u00e9 mesmo a capacidade de andar com reabilita\u00e7\u00e3o intensiva. Um exemplo \u00e9 o de um paciente tetrapl\u00e9gico ap\u00f3s uma colis\u00e3o em 2018, que recuperou a mobilidade e agora pratica esportes.\r\n<\/p><p>\r\nEm janeiro de 2026, a Anvisa autorizou a fase 1 dos estudos cl\u00ednicos oficiais, uma etapa crucial na avalia\u00e7\u00e3o da seguran\u00e7a da subst\u00e2ncia. O estudo envolve cinco volunt\u00e1rios com idades entre 18 e 72 anos com les\u00f5es agudas completas (ocorridas h\u00e1 menos de 72 horas, que exigiram cirurgia), aos quais foi aplicada polilaminina durante o procedimento cir\u00fargico. Essa aprova\u00e7\u00e3o, anunciada pelo Minist\u00e9rio da Sa\u00fade e pela ag\u00eancia reguladora, abre caminho para fases subsequentes que testar\u00e3o sua efic\u00e1cia em um n\u00famero maior de pacientes.\r\n<\/p><p>\r\nApesar da empolga\u00e7\u00e3o &#8211; com a pesquisadora sendo convidada para uma audi\u00eancia no Senado e recebendo elogios p\u00fablicos &#8211; especialistas alertam para a necessidade de cautela. A polilaminina ainda \u00e9 experimental e n\u00e3o est\u00e1 aprovada para uso generalizado. Algumas aplica\u00e7\u00f5es por ordem judicial (uso compassivo) ocorreram fora de protocolos rigorosos, e relatos recentes mencionam mortes de pacientes em estado cr\u00edtico, atribu\u00eddas a complica\u00e7\u00f5es como pneumonia, septicemia e embolia pulmonar, sem qualquer liga\u00e7\u00e3o comprovada com o medicamento, segundo Crist\u00e1lia e a equipe da UFRJ. Esses casos refor\u00e7am a necessidade de monitoramento controlado e estudos cient\u00edficos abrangentes.\r\n<\/p><p>\r\nSe as pr\u00f3ximas fases confirmarem sua seguran\u00e7a e efic\u00e1cia, a polilaminina poder\u00e1 revolucionar o tratamento de les\u00f5es medulares, oferecendo esperan\u00e7a real de recupera\u00e7\u00e3o dos movimentos e melhoria da qualidade de vida para milhares de pessoas no Brasil e no mundo. \u00c9 um exemplo inspirador de persist\u00eancia cient\u00edfica nacional, liderada por um pesquisador dedicado h\u00e1 d\u00e9cadas, que transforma uma descoberta &#8220;por acaso&#8221; em algo com potencial transformador.\r\n<\/p><p>\r\n<hr>\r\n\r\n<p style=\"text-align:right\"><em>Publicado em 13\/02\/2026 19h58<\/em><\/p>\r\n<hr>\r\n<p style=\"text-align:right\"><em><a href=\"https:\/\/terrarara.com.br\/en\/?page_id=3684\">English version<\/a><\/em><\/p>\r\n<hr>\r\n\r\n\t\t\t<hr>\r\n\t\t\t<p>Artigo referencia:<\/p>\r\n\t\t\r\n\t\t\t\r\n\r\n<ul><li><a href=\"https:\/\/inovacao.ufrj.br\/professora-da-ufrj-desenvolve-medicamento-capaz-de-reverter-lesao-medular\/\" target=\"_blank\">https:\/\/inovacao.ufrj.br\/professora-da-ufrj-desenvolve-medicamento-capaz-de-reverter-lesao-medular\/<\/a><\/li><\/ul>\r\n\r\n\r\n\r\n\r\n<hr class=\"wp-block-separator is-style-wide\"\/>\r\n\r\n<div style=\"position: buttonline;\"><iframe loading=\"lazy\" src=\"https:\/\/vendedoradesonhos.com.br\/rodape_sites.php?arg=41689\" frameborder=\"0\" height=\"420px\" width=\"100%\"><\/iframe><\/div>\r\n<div style=\"position: buttonline;\"><iframe loading=\"lazy\" src=\"https:\/\/vendedoradesonhos.com.br\/comentario_navegacao.php?arg=41689\" frameborder=\"0\" height=\"500px\" width=\"100%\"><\/iframe><\/div>\r\n<div style=\"position:absolute; width:40%; height:70px; top:-70px; left:0px;\"><iframe loading=\"lazy\" src=\"https:\/\/vendedoradesonhos.com.br\/oferta_site_esq.php?arg=41689\" frameborder=\"0\" height=\"100%\" width=\"100%\"><\/iframe><\/div>\r\n<div style=\"position:absolute; width:40%; height:70px; top:-70px; right:0px;\"><iframe loading=\"lazy\" src=\"https:\/\/vendedoradesonhos.com.br\/oferta_site_dir.php?arg=41689\" frameborder=\"0\" height=\"100%;\" width=\"100%\"><\/iframe><\/div>\r\n\r\n\r\n<div class=\"wp-block-image\"><figure><iframe loading=\"lazy\" src=\"https:\/\/vendedoradesonhos.com.br\/oferta_site_central.php\" width=\"100%\" height=\"330\" frameborder=\"0\"><\/iframe><figcaption>{teste}<\/figcaption><\/figure><\/div><hr>","protected":false},"excerpt":{"rendered":"","protected":false},"author":1,"featured_media":0,"parent":61,"menu_order":0,"comment_status":"closed","ping_status":"closed","template":"","meta":[],"_links":{"self":[{"href":"https:\/\/terrarara.com.br\/index.php?rest_route=\/wp\/v2\/pages\/26564"}],"collection":[{"href":"https:\/\/terrarara.com.br\/index.php?rest_route=\/wp\/v2\/pages"}],"about":[{"href":"https:\/\/terrarara.com.br\/index.php?rest_route=\/wp\/v2\/types\/page"}],"author":[{"embeddable":true,"href":"https:\/\/terrarara.com.br\/index.php?rest_route=\/wp\/v2\/users\/1"}],"replies":[{"embeddable":true,"href":"https:\/\/terrarara.com.br\/index.php?rest_route=%2Fwp%2Fv2%2Fcomments&post=26564"}],"version-history":[{"count":0,"href":"https:\/\/terrarara.com.br\/index.php?rest_route=\/wp\/v2\/pages\/26564\/revisions"}],"up":[{"embeddable":true,"href":"https:\/\/terrarara.com.br\/index.php?rest_route=\/wp\/v2\/pages\/61"}],"wp:attachment":[{"href":"https:\/\/terrarara.com.br\/index.php?rest_route=%2Fwp%2Fv2%2Fmedia&parent=26564"}],"curies":[{"name":"wp","href":"https:\/\/api.w.org\/{rel}","templated":true}]}}