{"id":26559,"date":"2026-02-12T08:10:06","date_gmt":"2026-02-12T08:10:06","guid":{"rendered":"https:\/\/terrarara.com.br\/?page_id=26559"},"modified":"2026-02-12T08:10:06","modified_gmt":"2026-02-12T08:10:06","slug":"um-companheiro-invisivel-com-aneis-gigantes-esta-escondendo-uma-estrela","status":"publish","type":"page","link":"https:\/\/terrarara.com.br\/?page_id=26559","title":{"rendered":"Um companheiro invis\u00edvel com an\u00e9is gigantes est\u00e1 escondendo uma estrela"},"content":{"rendered":"<div class=\"wp-block-image\"><figure><img src=\"https:\/\/vendedoradesonhos.com.br\/upload\/1\/sites\/26\/img_41681_1200.jpg\" alt=\"\" style=\"width:100%\"><figcaption>Representa\u00e7\u00e3o art\u00edstica do evento de escurecimento estelar causado por uma an\u00e3 marrom ou super-J\u00fapiter com an\u00e9is massivos (em primeiro plano) formando um <\/figcaption><\/figure><\/div><hr><\/p><p>\r\n\t<a href=\"https:\/\/doi.org\/10.1093\/mnras\/staf2251\" target=\"_blank\">doi.org\/10.1093\/mnras\/staf2251<\/a><br><a href=\"https:\/\/vendedoradesonhos.com.br\/credibilidade_estudo.php?c=41681\">Credibilidade<\/a>: <font color=\"#00FFFF\">9<\/font><font color=\"#00FF00\">8<\/font><font color=\"#FFFF00\">9<\/font><br><a href=''https:\/\/terrarara.com.br\"s=asassn-24fw''>#ASASSN24fw<\/a>\u00a0<\/p><p><\/p><p>\r\n\t<!-- audio --><\/p><p>\r\n<button onclick=\"this.nextElementSibling.play()\" style=\"padding:12px 25px; font-size:18px; border:none; border-radius:8px; cursor:pointer;\">Ouvir<\/button><audio src=\"https:\/\/vendedoradesonhos.com.br\/audios\/41681.mp3\" preload=\"none\"><\/audio><\/p><p>\r\n\t<strong>Astr\u00f4nomos descobriram algo muito curioso acontecendo com uma estrela chamada ASASSN-24fw, que fica na constela\u00e7\u00e3o de Monoceros, a cerca de 3.200 anos-luz da Terra.<\/strong><\/p><p>Essa estrela, que \u00e9 aproximadamente duas vezes maior que o nosso Sol, sempre foi considerada bem est\u00e1vel e brilhante durante d\u00e9cadas. Mas, no final de 2024, ela come\u00e7ou a escurecer de forma impressionante, perdendo cerca de 97% do seu brilho normal. O escurecimento durou mais de nove meses, o que \u00e9 extremamente raro e longo para esse tipo de fen\u00f4meno.\r\n<\/p><p>\r\nUma equipe internacional de cientistas, liderada pelo pesquisador Sarang Shah, analisou o caso com aten\u00e7\u00e3o e publicou os resultados recentemente. Eles acreditam que o respons\u00e1vel por esse &#8220;apag\u00e3o? n\u00e3o \u00e9 um planeta comum nem uma estrela, mas sim um objeto invis\u00edvel que orbita a estrela principal: pode ser um an\u00e3o marrom (um tipo de objeto que fica entre um planeta gigante e uma estrela pequena, sem conseguir fazer fus\u00e3o nuclear como as estrelas) ou um planeta muito grande, chamado de &#8220;super-J\u00fapiter&#8221;.\r\n<\/p><p>\r\nO que torna esse caso especial s\u00e3o os an\u00e9is enormes ao redor desse objeto companheiro. Esses an\u00e9is s\u00e3o t\u00e3o grandes e densos que formam uma esp\u00e9cie de disco ou &#8220;prato? gigante, com cerca de 0,17 unidades astron\u00f4micas de extens\u00e3o &#8211; para se ter ideia, isso equivale a quase metade da dist\u00e2ncia entre o Sol e Merc\u00fario. Quando esse disco de an\u00e9is passou na frente da estrela, bloqueou quase toda a luz dela por um tempo muito longo, causando o escurecimento gradual e prolongado que os telesc\u00f3pios registraram.<\/p><p>\r\nEsse tipo de evento \u00e9 rar\u00edssimo porque exige um alinhamento perfeito entre a estrela, os an\u00e9is e a nossa linha de vis\u00e3o aqui da Terra. Os cientistas usaram medi\u00e7\u00f5es de brilho (fotom\u00e9tricas) e an\u00e1lises da luz (espectrosc\u00f3picas), al\u00e9m de modelos computacionais, para chegar a essa conclus\u00e3o. Eles tamb\u00e9m notaram sinais de que pode haver material sobrando de antigas colis\u00f5es entre planetas ou peda\u00e7os de discos ao redor da estrela, o que \u00e9 incomum para uma estrela j\u00e1 t\u00e3o antiga (provavelmente com mais de um bilh\u00e3o de anos).\r\n<\/p><p>\r\nOs pesquisadores preveem que algo parecido pode acontecer novamente daqui a cerca de 42 ou 43 anos, quando os an\u00e9is voltarem a alinhar-se da mesma forma. Observa\u00e7\u00f5es futuras com telesc\u00f3pios poderosos, como o Very Large Telescope e o James Webb, devem ajudar a entender melhor a composi\u00e7\u00e3o, a temperatura e a idade exata desse sistema intrigante.\r\n<\/p><p>\r\nEssa descoberta mostra como sistemas estelares distantes podem ter estruturas complexas e inesperadas, como an\u00e9is gigantes em objetos que n\u00e3o vemos diretamente, e ajuda os cientistas a aprender mais sobre como planetas e discos se formam e evoluem no universo.\r\n<\/p><p>\r\n<blockquote class=\"twitter-tweet\" data-media-max-width=\"560\"><p lang=\"pt\" dir=\"ltr\">Um companheiro invis\u00edvel com an\u00e9is gigantes est\u00e1 escondendo uma estrela<a href=\"https:\/\/twitter.com\/hashtag\/ASASSN?src=hash&amp;ref_src=twsrc%5Etfw\">#ASASSN<\/a>-24fw<br><br>Astr\u00f4nomos descobriram algo muito curioso acontecendo com uma estrela chamada ASASSN-24fw, que fica na constela\u00e7\u00e3o de Monoceros, a cerca de 3.200 anos-luz da Terra. <a href=\"https:\/\/t.co\/9NJk2kEzIV\">pic.twitter.com\/9NJk2kEzIV<\/a><\/p>&mdash; Terra Rara??????&#x646; (@Terra_Rara) <a href=\"https:\/\/twitter.com\/Terra_Rara\/status\/2021869399171318010?ref_src=twsrc%5Etfw\">February 12, 2026<\/a><\/blockquote> <script async src=\"https:\/\/platform.twitter.com\/widgets.js\" charset=\"utf-8\"><\/script>\r\n<hr>\r\n\r\n<p style=\"text-align:right\"><em>Publicado em 12\/02\/2026 08h10<\/em><\/p>\r\n<hr>\r\n<p style=\"text-align:right\"><em><a href=\"https:\/\/terrarara.com.br\/en\/?page_id=3680\">English version<\/a><\/em><\/p>\r\n<hr>\r\n\r\n\t\t\t<hr>\r\n\t\r\n\t\t\t\r\n\r\n<p>Estudo original: <\/p>\r\n\r\n\r\n\r\n<ul><li><a href=\"https:\/\/doi.org\/10.1093\/mnras\/staf2251\" target=\"_blank\">https:\/\/doi.org\/10.1093\/mnras\/staf2251<\/a><\/li><\/ul>\r\n\r\n\r\n\r\n<hr class=\"wp-block-separator is-style-wide\"\/>\r\n\r\n<div style=\"position: buttonline;\"><iframe loading=\"lazy\" src=\"https:\/\/vendedoradesonhos.com.br\/rodape_sites.php?arg=41681\" frameborder=\"0\" height=\"420px\" width=\"100%\"><\/iframe><\/div>\r\n<div style=\"position: buttonline;\"><iframe loading=\"lazy\" src=\"https:\/\/vendedoradesonhos.com.br\/comentario_navegacao.php?arg=41681\" frameborder=\"0\" height=\"500px\" width=\"100%\"><\/iframe><\/div>\r\n<div style=\"position:absolute; width:40%; height:70px; top:-70px; left:0px;\"><iframe loading=\"lazy\" src=\"https:\/\/vendedoradesonhos.com.br\/oferta_site_esq.php?arg=41681\" frameborder=\"0\" height=\"100%\" width=\"100%\"><\/iframe><\/div>\r\n<div style=\"position:absolute; width:40%; height:70px; top:-70px; right:0px;\"><iframe loading=\"lazy\" src=\"https:\/\/vendedoradesonhos.com.br\/oferta_site_dir.php?arg=41681\" frameborder=\"0\" height=\"100%;\" width=\"100%\"><\/iframe><\/div>\r\n\r\n<div class=\"wp-block-image\"><figure><iframe loading=\"lazy\" src=\"https:\/\/vendedoradesonhos.com.br\/oferta_site_central.php\" width=\"100%\" height=\"330\" frameborder=\"0\"><\/iframe><figcaption>{teste}<\/figcaption><\/figure><\/div><hr>","protected":false},"excerpt":{"rendered":"","protected":false},"author":1,"featured_media":0,"parent":693,"menu_order":0,"comment_status":"closed","ping_status":"closed","template":"","meta":[],"_links":{"self":[{"href":"https:\/\/terrarara.com.br\/index.php?rest_route=\/wp\/v2\/pages\/26559"}],"collection":[{"href":"https:\/\/terrarara.com.br\/index.php?rest_route=\/wp\/v2\/pages"}],"about":[{"href":"https:\/\/terrarara.com.br\/index.php?rest_route=\/wp\/v2\/types\/page"}],"author":[{"embeddable":true,"href":"https:\/\/terrarara.com.br\/index.php?rest_route=\/wp\/v2\/users\/1"}],"replies":[{"embeddable":true,"href":"https:\/\/terrarara.com.br\/index.php?rest_route=%2Fwp%2Fv2%2Fcomments&post=26559"}],"version-history":[{"count":0,"href":"https:\/\/terrarara.com.br\/index.php?rest_route=\/wp\/v2\/pages\/26559\/revisions"}],"up":[{"embeddable":true,"href":"https:\/\/terrarara.com.br\/index.php?rest_route=\/wp\/v2\/pages\/693"}],"wp:attachment":[{"href":"https:\/\/terrarara.com.br\/index.php?rest_route=%2Fwp%2Fv2%2Fmedia&parent=26559"}],"curies":[{"name":"wp","href":"https:\/\/api.w.org\/{rel}","templated":true}]}}