{"id":26557,"date":"2026-02-11T06:14:51","date_gmt":"2026-02-11T06:14:51","guid":{"rendered":"https:\/\/terrarara.com.br\/?page_id=26557"},"modified":"2026-02-11T06:14:51","modified_gmt":"2026-02-11T06:14:51","slug":"a-galaxia-mais-distante-ja-observada-mom-z14","status":"publish","type":"page","link":"https:\/\/terrarara.com.br\/?page_id=26557","title":{"rendered":"A gal\u00e1xia mais distante j\u00e1 observada: MoM-z14"},"content":{"rendered":"<div class=\"wp-block-image\"><figure><img src=\"https:\/\/vendedoradesonhos.com.br\/img\/sites\/img_galaxia_distante3.jpg\" alt=\"\" style=\"width:100%\"><figcaption>Imagem via <a href=\"https:\/\/science.nasa.gov\/asset\/webb\/cosmos-field-mom-z14-galaxy-nircam-image\/\" target=\"_blank\">NASA<\/a><\/figcaption><\/figure><\/div><hr><\/p><p>\r\n\t<a href=''https:\/\/terrarara.com.br\"s=mom-z14''>#MoMz14<\/a>\u00a0<\/p><p><\/p><p>\r\n\t<!-- audio --><\/p><p>\r\n<button onclick=\"this.nextElementSibling.play()\" style=\"padding:12px 25px; font-size:18px; border:none; border-radius:8px; cursor:pointer;\">Ouvir<\/button><audio src=\"https:\/\/vendedoradesonhos.com.br\/audios\/41674.mp3\" preload=\"none\"><\/audio><\/p><p>\r\n\t<strong>Astr\u00f4nomos acabam de confirmar uma descoberta impressionante: a gal\u00e1xia chamada MoM-z14 \u00e9, atualmente, o objeto mais distante j\u00e1 detectado e medido com precis\u00e3o na hist\u00f3ria da astronomia<\/strong><\/p><p> Gra\u00e7as ao poderoso Telesc\u00f3pio Espacial James Webb, conseguimos olhar para tr\u00e1s no tempo e ver como essa gal\u00e1xia era quando o universo tinha apenas 280 milh\u00f5es de anos de idade &#8211; isso significa logo depois do Big Bang, que aconteceu h\u00e1 cerca de 13,8 bilh\u00f5es de anos.\r\n<\/p><p>\r\nA luz que vemos hoje dessa gal\u00e1xia viajou pelo espa\u00e7o durante mais de 13,5 bilh\u00f5es de anos para chegar at\u00e9 n\u00f3s. Por causa da expans\u00e3o constante do universo, ela se esticou tanto que virou luz infravermelha, por isso s\u00f3 um telesc\u00f3pio como o James Webb, especializado em captar esse tipo de radia\u00e7\u00e3o, conseguiu detect\u00e1-la e confirmar sua dist\u00e2ncia exata. O valor t\u00e9cnico desse deslocamento para o vermelho \u00e9 z = 14,44, o maior j\u00e1 registrado para uma gal\u00e1xia confirmada por espectroscopia.\r\n<\/p><p>\r\nHoje, considerando a expans\u00e3o do espa\u00e7o, MoM-z14 est\u00e1 a aproximadamente 33,8 bilh\u00f5es de anos-luz de dist\u00e2ncia da Terra. Apesar de parecer um pequeno borr\u00e3o amarelado nas imagens, ela \u00e9 surpreendentemente brilhante, compacta e quimicamente rica para uma gal\u00e1xia t\u00e3o jovem. Suas estrelas mostram um n\u00edvel inesperado de nitrog\u00eanio, o que sugere que, bem cedo na hist\u00f3ria c\u00f3smica, j\u00e1 existiam condi\u00e7\u00f5es densas o suficiente para formar estrelas muito grandes e produzir elementos qu\u00edmicos pesados mais rapidamente do que as teorias antigas previam.\r\n<\/p><p>\r\nEssa descoberta faz parte de um padr\u00e3o que o James Webb vem revelando nos \u00faltimos tempos: o universo primordial tinha muito mais gal\u00e1xias brilhantes e desenvolvidas do que os modelos cosmol\u00f3gicos tradicionais imaginavam. S\u00e3o gal\u00e1xias que surgiram e cresceram em um tempo curt\u00edssimo, desafiando nossas expectativas sobre como as primeiras estrelas e estruturas se formaram. Como disse um dos pesquisadores l\u00edderes, Rohan Naidu, do MIT: &#8220;Com o Webb, estamos vendo mais longe do que a humanidade jamais conseguiu, e o que encontramos n\u00e3o se parece nada com o que prev\u00edamos &#8211; \u00e9 ao mesmo tempo desafiador e empolgante&#8221;.\r\n<\/p><p>\r\nA confirma\u00e7\u00e3o veio de um esfor\u00e7o internacional chamado &#8220;Mirage or Miracle? (Milagre ou Ilus\u00e3o), que usou os instrumentos avan\u00e7ados do telesc\u00f3pio para analisar a luz em detalhes e descartar qualquer d\u00favida. Os resultados foram publicados recentemente, e j\u00e1 apontam que precisamos repensar algumas partes da nossa compreens\u00e3o sobre o universo beb\u00ea.\r\n<\/p><p>\r\nMoM-z14 provavelmente n\u00e3o vai ficar com o t\u00edtulo de &#8220;mais distante? para sempre &#8211; o James Webb continua quebrando seus pr\u00f3prios recordes &#8220;, mas ela j\u00e1 est\u00e1 ajudando a responder perguntas fundamentais sobre como tudo come\u00e7ou. Instrumentos futuros, como o telesc\u00f3pio espacial Nancy Grace Roman, devem trazer ainda mais dados e talvez revelar se gal\u00e1xias como essa eram comuns ou excepcionais naquela \u00e9poca t\u00e3o remota. Por enquanto, ela representa um verdadeiro &#8220;milagre c\u00f3smico? que nos faz olhar para o c\u00e9u com ainda mais admira\u00e7\u00e3o e curiosidade.\r\n<\/p><p>\r\n<hr>\r\n\r\n<p style=\"text-align:right\"><em>Publicado em 11\/02\/2026 06h14<\/em><\/p>\r\n<hr>\r\n<p style=\"text-align:right\"><em><a href=\"https:\/\/terrarara.com.br\/en\/?page_id=3678\">English version<\/a><\/em><\/p>\r\n<hr>\r\n\r\n\t\t\t<hr>\r\n\t\t\t<p>Artigo referencia:<\/p>\r\n\t\t\r\n\t\t\t\r\n\r\n<ul><li><a href=\"https:\/\/earthsky.org\/space\/galaxy-mom-z14-confirmed-as-most-distant-object-ever-seen\/\" target=\"_blank\">https:\/\/earthsky.org\/space\/galaxy-mom-z14-confirmed-as-most-distant-object-ever-seen\/<\/a><\/li><\/ul>\r\n\r\n\r\n\r\n\r\n<hr class=\"wp-block-separator is-style-wide\"\/>\r\n\r\n<div style=\"position: buttonline;\"><iframe loading=\"lazy\" src=\"https:\/\/vendedoradesonhos.com.br\/rodape_sites.php?arg=41674\" frameborder=\"0\" height=\"420px\" width=\"100%\"><\/iframe><\/div>\r\n<div style=\"position: buttonline;\"><iframe loading=\"lazy\" src=\"https:\/\/vendedoradesonhos.com.br\/comentario_navegacao.php?arg=41674\" frameborder=\"0\" height=\"500px\" width=\"100%\"><\/iframe><\/div>\r\n<div style=\"position:absolute; width:40%; height:70px; top:-70px; left:0px;\"><iframe loading=\"lazy\" src=\"https:\/\/vendedoradesonhos.com.br\/oferta_site_esq.php?arg=41674\" frameborder=\"0\" height=\"100%\" width=\"100%\"><\/iframe><\/div>\r\n<div style=\"position:absolute; width:40%; height:70px; top:-70px; right:0px;\"><iframe loading=\"lazy\" src=\"https:\/\/vendedoradesonhos.com.br\/oferta_site_dir.php?arg=41674\" frameborder=\"0\" height=\"100%;\" width=\"100%\"><\/iframe><\/div>\r\n\r\n\r\n<div class=\"wp-block-image\"><figure><iframe loading=\"lazy\" src=\"https:\/\/vendedoradesonhos.com.br\/oferta_site_central.php\" width=\"100%\" height=\"330\" frameborder=\"0\"><\/iframe><figcaption>{teste}<\/figcaption><\/figure><\/div><hr>","protected":false},"excerpt":{"rendered":"","protected":false},"author":1,"featured_media":0,"parent":691,"menu_order":0,"comment_status":"closed","ping_status":"closed","template":"","meta":[],"_links":{"self":[{"href":"https:\/\/terrarara.com.br\/index.php?rest_route=\/wp\/v2\/pages\/26557"}],"collection":[{"href":"https:\/\/terrarara.com.br\/index.php?rest_route=\/wp\/v2\/pages"}],"about":[{"href":"https:\/\/terrarara.com.br\/index.php?rest_route=\/wp\/v2\/types\/page"}],"author":[{"embeddable":true,"href":"https:\/\/terrarara.com.br\/index.php?rest_route=\/wp\/v2\/users\/1"}],"replies":[{"embeddable":true,"href":"https:\/\/terrarara.com.br\/index.php?rest_route=%2Fwp%2Fv2%2Fcomments&post=26557"}],"version-history":[{"count":0,"href":"https:\/\/terrarara.com.br\/index.php?rest_route=\/wp\/v2\/pages\/26557\/revisions"}],"up":[{"embeddable":true,"href":"https:\/\/terrarara.com.br\/index.php?rest_route=\/wp\/v2\/pages\/691"}],"wp:attachment":[{"href":"https:\/\/terrarara.com.br\/index.php?rest_route=%2Fwp%2Fv2%2Fmedia&parent=26557"}],"curies":[{"name":"wp","href":"https:\/\/api.w.org\/{rel}","templated":true}]}}