{"id":26555,"date":"2026-02-09T08:09:18","date_gmt":"2026-02-09T08:09:18","guid":{"rendered":"https:\/\/terrarara.com.br\/?page_id=26555"},"modified":"2026-02-09T08:09:18","modified_gmt":"2026-02-09T08:09:18","slug":"o-maior-estudo-sobre-estrelas-fugitivas-da-via-lactea-revela-surpresas-sobre-suas-origens","status":"publish","type":"page","link":"https:\/\/terrarara.com.br\/?page_id=26555","title":{"rendered":"O maior estudo sobre estrelas fugitivas da via l\u00e1ctea revela surpresas sobre suas origens"},"content":{"rendered":"<div class=\"wp-block-image\"><figure><img src=\"https:\/\/vendedoradesonhos.com.br\/upload\/1\/sites\/26\/img_41664_1200.jpg\" alt=\"\" style=\"width:100%\"><figcaption>As posi\u00e7\u00f5es e trajet\u00f3rias de 20 estrelas hipervelozes, reconstru\u00eddas a partir de dados adquiridos pelo sat\u00e9lite Gaia, sobrepostas a uma representa\u00e7\u00e3o art\u00edstica da Via L\u00e1ctea. Cr\u00e9dito: ESA\/Marchetti et al 2018\/NASA\/ESA\/Hubble<\/figcaption><\/figure><\/div><hr><\/p><p>\r\n\t<a href=\"https:\/\/doi.org\/10.1051\/0004-6361\/202556646\" target=\"_blank\">doi.org\/10.1051\/0004-6361\/202556646<\/a><br><a href=\"https:\/\/vendedoradesonhos.com.br\/credibilidade_estudo.php?c=41664\">Credibilidade<\/a>: <font color=\"#00FFFF\">9<\/font><font color=\"#00FF00\">8<\/font><font color=\"#FFFF00\">9<\/font><br><a href=''https:\/\/terrarara.com.br\"s=estrelas''>#Estrelas<\/a>\u00a0<\/p><p><\/p><p>\r\n\t<!-- audio --><\/p><p>\r\n<button onclick=\"this.nextElementSibling.play()\" style=\"padding:12px 25px; font-size:18px; border:none; border-radius:8px; cursor:pointer;\">Ouvir<\/button><audio src=\"https:\/\/vendedoradesonhos.com.br\/audios\/41664.mp3\" preload=\"none\"><\/audio><\/p><p>\r\n\t<strong><\/p><p>\r\nEstrelas fugitivas, ou runaway stars, s\u00e3o astros que viajam pela gal\u00e1xia a velocidades muito altas, \u00e0s vezes t\u00e3o r\u00e1pidas que conseguem escapar da gravidade da Via L\u00e1ctea para sempre<\/strong><\/p><p> Elas foram descobertas na d\u00e9cada de 1960 pelo astr\u00f4nomo holand\u00eas Adriaan Blaauw, que sugeriu que muitas surgem em sistemas bin\u00e1rios: quando uma das estrelas explode em supernova, a outra \u00e9 lan\u00e7ada para longe como uma pedra de estilingue. Mais tarde, em 2005, identificaram estrelas ainda mais velozes, chamadas hipervelozes. Essas estrelas &#8220;fugitivas? t\u00eam um papel importante: elas espalham energia e elementos pesados pelo meio interestelar, influenciando onde novas estrelas e planetas podem nascer.\r\n<\/p><p>\r\nAgora, uma equipe de pesquisadores espanh\u00f3is, ligada a institui\u00e7\u00f5es como o Instituto de Ci\u00eancias do Cosmos da Universidade de Barcelona (ICCUB), o Instituto de Estudos Espaciais da Catalunha (IEEC) e o Instituto de Astrof\u00edsica das Can\u00e1rias (IAC), realizou o maior estudo observacional j\u00e1 feito sobre estrelas fugitivas massivas na nossa gal\u00e1xia. Eles analisaram 214 estrelas do tipo O &#8211; as mais brilhantes, quentes e massivas que existem &#8211; combinando dados precisos da miss\u00e3o Gaia, da Ag\u00eancia Espacial Europeia, que desde 2013 mapeia bilh\u00f5es de estrelas com detalhes impressionantes de movimento, dist\u00e2ncia e composi\u00e7\u00e3o, com espectros de alta qualidade do projeto IACOB, especializado em estrelas massivas.\r\n<\/p><p>\r\nO objetivo foi entender melhor como essas estrelas s\u00e3o ejetadas e de onde v\u00eam. Para isso, os cientistas mediram n\u00e3o s\u00f3 a velocidade delas, mas tamb\u00e9m a rota\u00e7\u00e3o (qu\u00e3o r\u00e1pido giram em torno do pr\u00f3prio eixo) e se viajam sozinhas ou em pares (binariedade). Estrelas fugitivas foram definidas como aquelas com velocidades acima de cerca de 700 km\/s, suficientes para escapar da gal\u00e1xia.\r\n<\/p><p>\r\nOs resultados trouxeram revela\u00e7\u00f5es inesperadas. A maioria das estrelas fugitivas gira devagar, mas as que giram mais r\u00e1pido costumam estar ligadas a explos\u00f5es de supernova em sistemas bin\u00e1rios. J\u00e1 as de velocidade mais extrema tendem sendo solit\u00e1rias, sugerindo que foram arremessadas por intera\u00e7\u00f5es gravitacionais intensas dentro de aglomerados estelares jovens e densos. Apenas uma minoria veio de companheiras bin\u00e1rias, contrariando a ideia antiga de que esse era o mecanismo principal. A equipe encontrou 12 sistemas bin\u00e1rios fugitivos, incluindo tr\u00eas bin\u00e1rios de raios X com estrelas de n\u00eautrons ou buracos negros, e tr\u00eas que provavelmente abrigam buracos negros.\r\n<\/p><p>\r\nPouqu\u00edssimas estrelas combinam alta velocidade com rota\u00e7\u00e3o r\u00e1pida, o que indica que existem v\u00e1rios caminhos diferentes para a eje\u00e7\u00e3o: supernovas em bin\u00e1rias para algumas, e intera\u00e7\u00f5es din\u00e2micas em aglomerados para outras. Como disse a autora principal, Mar Carretero-Castrillo, &#8220;este \u00e9 o estudo observacional mais completo do tipo na Via L\u00e1ctea. Ao unir informa\u00e7\u00f5es sobre rota\u00e7\u00e3o e binariedade, oferecemos \u00e0 comunidade restri\u00e7\u00f5es sem precedentes sobre como essas estrelas fugitivas se formam&#8221;.\r\n<\/p><p>\r\nEssas descobertas ajudam a refinar os modelos de evolu\u00e7\u00e3o estelar, forma\u00e7\u00e3o de aglomerados e o papel das supernovas na din\u00e2mica gal\u00e1ctica. Estrelas fugitivas massivas espalham elementos essenciais para a vida pelo espa\u00e7o e podem at\u00e9 carregar sistemas planet\u00e1rios para regi\u00f5es distantes da gal\u00e1xia. Com dados futuros da Gaia e mais espectroscopia, os astr\u00f4nomos pretendem rastrear os locais exatos de nascimento dessas estrelas e descobrir sistemas ainda mais ex\u00f3ticos. Aos poucos, estamos entendendo melhor como o caos no nascimento das estrelas molda a estrutura da nossa pr\u00f3pria gal\u00e1xia.\r\n<\/p><p>\r\n<blockquote class=\"twitter-tweet\" data-media-max-width=\"560\"><p lang=\"en\" dir=\"ltr\">??<br>The largest study on runaway stars in the milky way reveals surprises about their origins<a href=\"https:\/\/twitter.com\/hashtag\/Stars?src=hash&amp;ref_src=twsrc%5Etfw\">#Stars<\/a><br><br>Runaway stars are celestial bodies that travel through the galaxy at extremely high speeds, sometimes so fast that they manage to escape the Milky Way&#39;s gravity forever <a href=\"https:\/\/t.co\/IanFc2pVrt\">pic.twitter.com\/IanFc2pVrt<\/a><\/p>&mdash; Rare Earth (@rareearth0) <a href=\"https:\/\/twitter.com\/rareearth0\/status\/2021057326065815859?ref_src=twsrc%5Etfw\">February 10, 2026<\/a><\/blockquote> <script async src=\"https:\/\/platform.twitter.com\/widgets.js\" charset=\"utf-8\"><\/script>\r\n<hr>\r\n\r\n<p style=\"text-align:right\"><em>Publicado em 09\/02\/2026 08h09<\/em><\/p>\r\n<hr>\r\n<p style=\"text-align:right\"><em><a href=\"https:\/\/terrarara.com.br\/en\/?page_id=3676\">English version<\/a><\/em><\/p>\r\n<hr>\r\n\r\n\t\t\t<hr>\r\n\t\r\n\t\t\t\r\n\r\n<p>Estudo original: <\/p>\r\n\r\n\r\n\r\n<ul><li><a href=\"https:\/\/doi.org\/10.1051\/0004-6361\/202556646\" target=\"_blank\">https:\/\/doi.org\/10.1051\/0004-6361\/202556646<\/a><\/li><\/ul>\r\n\r\n\r\n\r\n<hr class=\"wp-block-separator is-style-wide\"\/>\r\n\r\n<div style=\"position: buttonline;\"><iframe loading=\"lazy\" src=\"https:\/\/vendedoradesonhos.com.br\/rodape_sites.php?arg=41664\" frameborder=\"0\" height=\"420px\" width=\"100%\"><\/iframe><\/div>\r\n<div style=\"position: buttonline;\"><iframe loading=\"lazy\" src=\"https:\/\/vendedoradesonhos.com.br\/comentario_navegacao.php?arg=41664\" frameborder=\"0\" height=\"500px\" width=\"100%\"><\/iframe><\/div>\r\n<div style=\"position:absolute; width:40%; height:70px; top:-70px; left:0px;\"><iframe loading=\"lazy\" src=\"https:\/\/vendedoradesonhos.com.br\/oferta_site_esq.php?arg=41664\" frameborder=\"0\" height=\"100%\" width=\"100%\"><\/iframe><\/div>\r\n<div style=\"position:absolute; width:40%; height:70px; top:-70px; right:0px;\"><iframe loading=\"lazy\" src=\"https:\/\/vendedoradesonhos.com.br\/oferta_site_dir.php?arg=41664\" frameborder=\"0\" height=\"100%;\" width=\"100%\"><\/iframe><\/div>\r\n\r\n<div class=\"wp-block-image\"><figure><iframe loading=\"lazy\" src=\"https:\/\/vendedoradesonhos.com.br\/oferta_site_central.php\" width=\"100%\" height=\"330\" frameborder=\"0\"><\/iframe><figcaption>{teste}<\/figcaption><\/figure><\/div><hr>","protected":false},"excerpt":{"rendered":"","protected":false},"author":1,"featured_media":0,"parent":693,"menu_order":0,"comment_status":"closed","ping_status":"closed","template":"","meta":[],"_links":{"self":[{"href":"https:\/\/terrarara.com.br\/index.php?rest_route=\/wp\/v2\/pages\/26555"}],"collection":[{"href":"https:\/\/terrarara.com.br\/index.php?rest_route=\/wp\/v2\/pages"}],"about":[{"href":"https:\/\/terrarara.com.br\/index.php?rest_route=\/wp\/v2\/types\/page"}],"author":[{"embeddable":true,"href":"https:\/\/terrarara.com.br\/index.php?rest_route=\/wp\/v2\/users\/1"}],"replies":[{"embeddable":true,"href":"https:\/\/terrarara.com.br\/index.php?rest_route=%2Fwp%2Fv2%2Fcomments&post=26555"}],"version-history":[{"count":0,"href":"https:\/\/terrarara.com.br\/index.php?rest_route=\/wp\/v2\/pages\/26555\/revisions"}],"up":[{"embeddable":true,"href":"https:\/\/terrarara.com.br\/index.php?rest_route=\/wp\/v2\/pages\/693"}],"wp:attachment":[{"href":"https:\/\/terrarara.com.br\/index.php?rest_route=%2Fwp%2Fv2%2Fmedia&parent=26555"}],"curies":[{"name":"wp","href":"https:\/\/api.w.org\/{rel}","templated":true}]}}