{"id":26554,"date":"2026-02-09T01:13:12","date_gmt":"2026-02-09T01:13:12","guid":{"rendered":"https:\/\/terrarara.com.br\/?page_id=26554"},"modified":"2026-02-09T01:13:12","modified_gmt":"2026-02-09T01:13:12","slug":"astronomos-revelam-o-esqueleto-magnetico-escondido-da-via-lactea","status":"publish","type":"page","link":"https:\/\/terrarara.com.br\/?page_id=26554","title":{"rendered":"Astr\u00f4nomos revelam o esqueleto magn\u00e9tico escondido da Via L\u00e1ctea"},"content":{"rendered":"<div class=\"wp-block-image\"><figure><img src=\"https:\/\/vendedoradesonhos.com.br\/img\/sites\/img_cometa_via_lactea.jpg\" alt=\"\" style=\"width:100%\"><figcaption>Imagem via <a href=\"https:\/\/science.nasa.gov\/missions\/hubble\/hubble-glimpses-a-galaxy-among-many\/\" target=\"_blank\">NASA<\/a><\/figcaption><\/figure><\/div><hr><\/p><p>\r\n\t<a href=\"https:\/\/doi.org\/10.3847\/1538-4357\/ae28d1\" target=\"_blank\">doi.org\/10.3847\/1538-4357\/ae28d1<\/a><br><a href=\"https:\/\/vendedoradesonhos.com.br\/credibilidade_estudo.php?c=41663\">Credibilidade<\/a>: <font color=\"#00FFFF\">9<\/font><font color=\"#00FF00\">8<\/font><font color=\"#FFFF00\">9<\/font><br><a href=''https:\/\/terrarara.com.br\"s=via l\u00e1ctea''>#Via L\u00e1ctea<\/a>\u00a0<\/p><p><\/p><p>\r\n\t<!-- audio --><\/p><p>\r\n<button onclick=\"this.nextElementSibling.play()\" style=\"padding:12px 25px; font-size:18px; border:none; border-radius:8px; cursor:pointer;\">Ouvir<\/button><audio src=\"https:\/\/vendedoradesonhos.com.br\/audios\/41663.mp3\" preload=\"none\"><\/audio><\/p><p>\r\n\t<strong><\/p><p>\r\nA Via L\u00e1ctea, nossa gal\u00e1xia natal, guarda um segredo invis\u00edvel que \u00e9 fundamental para sua exist\u00eancia: um vasto campo magn\u00e9tico que atua como uma esp\u00e9cie de esqueleto invis\u00edvel, impedindo que ela desabe sob o pr\u00f3prio peso da gravidade<\/strong><\/p><p> Sem esse campo, tudo colapsaria. Agora, uma equipe de astr\u00f4nomos, liderada pela professora Jo-Anne Brown, da Universidade de Calgary, no Canad\u00e1, conseguiu mapear partes importantes dessa estrutura oculta com um n\u00edvel de detalhe nunca visto antes, revelando surpresas que mudam o que pens\u00e1vamos saber sobre como nossa gal\u00e1xia est\u00e1 organizada.\r\n<\/p><p>\r\nOs pesquisadores usaram observa\u00e7\u00f5es em ondas de r\u00e1dio captadas por um telesc\u00f3pio no Dominion Radio Astrophysical Observatory, no Canad\u00e1. Eles varreram o c\u00e9u do hemisf\u00e9rio norte em v\u00e1rias frequ\u00eancias de r\u00e1dio, o que permitiu separar sinais que se sobrep\u00f5em ao longo da linha de vis\u00e3o e tra\u00e7ar o comportamento do campo magn\u00e9tico. O truque principal foi medir algo chamado rota\u00e7\u00e3o de Faraday: quando as ondas de r\u00e1dio atravessam g\u00e1s ionizado na presen\u00e7a de um campo magn\u00e9tico, elas sofrem uma tor\u00e7\u00e3o na sua orienta\u00e7\u00e3o. Ao observar como essa tor\u00e7\u00e3o varia de lugar para lugar e com diferentes frequ\u00eancias, \u00e9 poss\u00edvel reconstruir a forma e a dire\u00e7\u00e3o do campo invis\u00edvel ao nosso redor.\r\n<\/p><p>\r\nO resultado foi um conjunto de dados muito completo, chamado GMIMS, que agora est\u00e1 dispon\u00edvel para toda a comunidade cient\u00edfica usar. Com ele, a equipe descobriu padr\u00f5es inesperados. De modo geral, se pud\u00e9ssemos ver a gal\u00e1xia de cima, o campo magn\u00e9tico gira no sentido hor\u00e1rio. Mas no bra\u00e7o de Sagit\u00e1rio &#8211; um dos bra\u00e7os espirais da Via L\u00e1ctea &#8211; ele vai no sentido oposto, anti-hor\u00e1rio. Por muito tempo, ningu\u00e9m entendia bem como acontecia essa mudan\u00e7a de dire\u00e7\u00e3o. Agora, gra\u00e7as aos novos dados, eles propuseram um modelo tridimensional que explica tudo: a revers\u00e3o n\u00e3o \u00e9 abrupta, mas ocorre de forma diagonal no espa\u00e7o. Da nossa posi\u00e7\u00e3o na Terra, isso aparece como uma transi\u00e7\u00e3o inclinada nos mapas, resolvendo um mist\u00e9rio antigo.\r\n<\/p><p>\r\n<div class=\"wp-block-image\"><figure><img src=\"https:\/\/vendedoradesonhos.com.br\/upload\/1\/sites\/26\/img_41663b_1200.jpg\" alt=\"\" style=\"width:100%\"><figcaption>Diagrama da Via L\u00e1ctea, mostrando o campo magn\u00e9tico invertido do Bra\u00e7o de Sagit\u00e1rio. Cr\u00e9dito: Jo-Anne Brown, PhD, OU Fig. 11 de Van Eck et al. 2011.<\/figcaption><\/figure><\/div><hr><\/p><p><\/p><p>\r\nEssa estrutura magn\u00e9tica influencia v\u00e1rios processos importantes. Ela guia o movimento do g\u00e1s interestelar, ajuda a decidir onde novas estrelas nascem e controla o caminho de part\u00edculas c\u00f3smicas que viajam pela gal\u00e1xia. Entender melhor como o campo est\u00e1 organizado hoje \u00e9 essencial para criar modelos que prevejam como ele vai evoluir no futuro, e assim compreender a hist\u00f3ria e o destino da nossa gal\u00e1xia inteira.\r\n<\/p><p>\r\nOs estudos foram publicados em dois artigos na revista &#8220;The Astrophysical Journal&#8221; no final de janeiro de 2026, e a libera\u00e7\u00e3o dos dados abre portas para que outros cientistas do mundo todo continuem investigando. Aos poucos, o que era invis\u00edvel est\u00e1 ganhando forma, mostrando que nossa gal\u00e1xia tem uma arquitetura magn\u00e9tica bem mais complexa e fascinante do que imagin\u00e1vamos.\r\n<\/p><p>\r\n<blockquote class=\"twitter-tweet\" data-media-max-width=\"560\"><p lang=\"pt\" dir=\"ltr\">Astr\u00f4nomos revelam o esqueleto magn\u00e9tico escondido da Via L\u00e1ctea<a href=\"https:\/\/twitter.com\/hashtag\/ViaL%C3%A1ctea?src=hash&amp;ref_src=twsrc%5Etfw\">#ViaL\u00e1ctea<\/a> <br><br>A Via L\u00e1ctea, nossa gal\u00e1xia natal, guarda um segredo invis\u00edvel que \u00e9 fundamental para sua exist\u00eancia: um vasto campo magn\u00e9tico que atua como uma esp\u00e9cie de esqueleto invis\u00edvel <a href=\"https:\/\/t.co\/756foenlQy\">pic.twitter.com\/756foenlQy<\/a><\/p>&mdash; Terra Rara??????&#x646; (@Terra_Rara) <a href=\"https:\/\/twitter.com\/Terra_Rara\/status\/2020840818106585354?ref_src=twsrc%5Etfw\">February 9, 2026<\/a><\/blockquote> <script async src=\"https:\/\/platform.twitter.com\/widgets.js\" charset=\"utf-8\"><\/script> \r\n<hr>\r\n\r\n<p style=\"text-align:right\"><em>Publicado em 09\/02\/2026 01h13<\/em><\/p>\r\n<hr>\r\n<p style=\"text-align:right\"><em><a href=\"https:\/\/terrarara.com.br\/en\/?page_id=3675\">English version<\/a><\/em><\/p>\r\n<hr>\r\n\r\n\t\t\t<hr>\r\n\t\r\n\t\t\t\r\n\r\n<p>Estudo original: <\/p>\r\n\r\n\r\n\r\n<ul><li><a href=\"https:\/\/doi.org\/10.3847\/1538-4357\/ae28d1\" target=\"_blank\">https:\/\/doi.org\/10.3847\/1538-4357\/ae28d1<\/a><\/li><\/ul>\r\n\r\n\r\n\r\n<hr class=\"wp-block-separator is-style-wide\"\/>\r\n\r\n<div style=\"position: buttonline;\"><iframe loading=\"lazy\" src=\"https:\/\/vendedoradesonhos.com.br\/rodape_sites.php?arg=41663\" frameborder=\"0\" height=\"420px\" width=\"100%\"><\/iframe><\/div>\r\n<div style=\"position: buttonline;\"><iframe loading=\"lazy\" src=\"https:\/\/vendedoradesonhos.com.br\/comentario_navegacao.php?arg=41663\" frameborder=\"0\" height=\"500px\" width=\"100%\"><\/iframe><\/div>\r\n<div style=\"position:absolute; width:40%; height:70px; top:-70px; left:0px;\"><iframe loading=\"lazy\" src=\"https:\/\/vendedoradesonhos.com.br\/oferta_site_esq.php?arg=41663\" frameborder=\"0\" height=\"100%\" width=\"100%\"><\/iframe><\/div>\r\n<div style=\"position:absolute; width:40%; height:70px; top:-70px; right:0px;\"><iframe loading=\"lazy\" src=\"https:\/\/vendedoradesonhos.com.br\/oferta_site_dir.php?arg=41663\" frameborder=\"0\" height=\"100%;\" width=\"100%\"><\/iframe><\/div>\r\n\r\n<div class=\"wp-block-image\"><figure><iframe loading=\"lazy\" src=\"https:\/\/vendedoradesonhos.com.br\/oferta_site_central.php\" width=\"100%\" height=\"330\" frameborder=\"0\"><\/iframe><figcaption>{teste}<\/figcaption><\/figure><\/div><hr>","protected":false},"excerpt":{"rendered":"","protected":false},"author":1,"featured_media":0,"parent":5,"menu_order":0,"comment_status":"closed","ping_status":"closed","template":"","meta":[],"_links":{"self":[{"href":"https:\/\/terrarara.com.br\/index.php?rest_route=\/wp\/v2\/pages\/26554"}],"collection":[{"href":"https:\/\/terrarara.com.br\/index.php?rest_route=\/wp\/v2\/pages"}],"about":[{"href":"https:\/\/terrarara.com.br\/index.php?rest_route=\/wp\/v2\/types\/page"}],"author":[{"embeddable":true,"href":"https:\/\/terrarara.com.br\/index.php?rest_route=\/wp\/v2\/users\/1"}],"replies":[{"embeddable":true,"href":"https:\/\/terrarara.com.br\/index.php?rest_route=%2Fwp%2Fv2%2Fcomments&post=26554"}],"version-history":[{"count":0,"href":"https:\/\/terrarara.com.br\/index.php?rest_route=\/wp\/v2\/pages\/26554\/revisions"}],"up":[{"embeddable":true,"href":"https:\/\/terrarara.com.br\/index.php?rest_route=\/wp\/v2\/pages\/5"}],"wp:attachment":[{"href":"https:\/\/terrarara.com.br\/index.php?rest_route=%2Fwp%2Fv2%2Fmedia&parent=26554"}],"curies":[{"name":"wp","href":"https:\/\/api.w.org\/{rel}","templated":true}]}}