{"id":26550,"date":"2026-02-05T12:53:16","date_gmt":"2026-02-05T12:53:16","guid":{"rendered":"https:\/\/terrarara.com.br\/?page_id=26550"},"modified":"2026-02-05T12:53:16","modified_gmt":"2026-02-05T12:53:16","slug":"o-universo-e-mais-velho-do-que-pensamos","status":"publish","type":"page","link":"https:\/\/terrarara.com.br\/?page_id=26550","title":{"rendered":"O universo \u00e9 mais velho do que pensamos?"},"content":{"rendered":"<div class=\"wp-block-image\"><figure><img src=\"https:\/\/vendedoradesonhos.com.br\/upload\/1\/sites\/26\/img_41649_1200.jpg\" alt=\"\" style=\"width:100%\"><figcaption><\/figcaption><\/figure><\/div><hr><\/p><p>\r\n\t<a href=''https:\/\/terrarara.com.br\"s=universo''>#universo<\/a>\u00a0<\/p><p><\/p><p>\r\n\t<!-- audio --><\/p><p>\r\n<button onclick=\"this.nextElementSibling.play()\" style=\"padding:12px 25px; font-size:18px; border:none; border-radius:8px; cursor:pointer;\">Ouvir<\/button><audio src=\"https:\/\/vendedoradesonhos.com.br\/audios\/41649.mp3\" preload=\"none\"><\/audio><\/p><p>\r\n\t<strong>A idade do universo \u00e9 uma das perguntas mais fascinantes da cosmologia moderna<\/strong><\/p><p> De acordo com o modelo padr\u00e3o amplamente aceito, baseado no Big Bang, nosso cosmos teria cerca de 13,8 bilh\u00f5es de anos. Esse n\u00famero parece s\u00f3lido e \u00e9 calculado com muita precis\u00e3o a partir de diversas observa\u00e7\u00f5es, como a radia\u00e7\u00e3o c\u00f3smica de fundo em micro-ondas, a expans\u00e3o das gal\u00e1xias e outros indicadores. Mas ser\u00e1 que estamos certos?\r\n<\/p><p>\r\nEm relatividade especial, n\u00e3o existe um rel\u00f3gio universal absoluto: o tempo e as dist\u00e2ncias dependem do referencial de cada observador. No entanto, a relatividade geral, que descreve a gravidade e a estrutura em larga escala do universo, permite definir um tipo de &#8220;rel\u00f3gio c\u00f3smico? compartilhado. Isso acontece gra\u00e7as ao modelo FLRW, que considera o universo em expans\u00e3o, com mat\u00e9ria e energia se movendo de forma que quebra a simetria entre passado e futuro. O universo foi mais denso, quente e compacto no passado, e vem se expandindo e esfriando desde ent\u00e3o. Essa hist\u00f3ria comum permite que todos os observadores calculem uma idade consistente para o cosmos, mesmo sem um tempo absoluto no sentido newtoniano.\r\n<\/p><p>\r\nApesar dessa confian\u00e7a, algumas observa\u00e7\u00f5es recentes, especialmente do Telesc\u00f3pio Espacial James Webb, t\u00eam gerado questionamentos. Gal\u00e1xias muito distantes e antigas parecem mais maduras e formadas do que o esperado para um universo t\u00e3o &#8220;jovem&#8221;, o que reacende debates sobre se o tempo c\u00f3smico pode ser maior do que estimamos.\r\n<\/p><p>\r\nUma ideia alternativa que volta \u00e0 tona nesses debates \u00e9 a teoria da luz cansada (&#8220;tired light&#8221;), proposta h\u00e1 quase um s\u00e9culo por Fritz Zwicky. Em vez de interpretar o desvio para o vermelho (redshift) das gal\u00e1xias distantes como sinal de que elas se afastam de n\u00f3s devido \u00e0 expans\u00e3o do espa\u00e7o, essa hip\u00f3tese sugere que os f\u00f3tons perdem energia gradualmente ao longo de trajet\u00f3rias muito longas. Essa perda faria a luz parecer mais &#8220;vermelha? sem que o universo precise estar se expandindo.\r\n<\/p><p>\r\nSe a luz cansada estivesse correta, ou ao menos contribu\u00edsse parcialmente para o redshift observado, a expans\u00e3o real do universo seria mais lenta do que pensamos. Consequentemente, levaria mais tempo para o cosmos atingir o estado atual que vemos hoje. Isso poderia resolver algumas tens\u00f5es recentes, como discrep\u00e2ncias na taxa de expans\u00e3o (a famosa &#8220;tens\u00e3o de Hubble&#8221;) e a aparente exist\u00eancia de estruturas muito complexas em \u00e9pocas muito precoces.\r\n<\/p><p>\r\nEmbora atraente para explicar certas anomalias, a teoria da luz cansada enfrenta s\u00e9rias dificuldades. Observa\u00e7\u00f5es de supernovas distantes mostram dilata\u00e7\u00e3o temporal nos seus curvas de luz, algo esperado na expans\u00e3o, mas dif\u00edcil de explicar apenas com perda de energia dos f\u00f3tons. Al\u00e9m disso, a radia\u00e7\u00e3o c\u00f3smica de fundo em micro-ondas, com seu espectro t\u00e9rmico perfeito e pequenas flutua\u00e7\u00f5es, \u00e9 muito bem explicada pelo modelo do Big Bang e da expans\u00e3o, mas exigiria ajustes complicados no cen\u00e1rio de luz cansada. A maioria dos cosm\u00f3logos considera a expans\u00e3o real do espa\u00e7o como a explica\u00e7\u00e3o mais robusta e consistente com o conjunto de evid\u00eancias.\r\n<\/p><p>\r\nAinda assim, discuss\u00f5es como essas mostram que a ci\u00eancia est\u00e1 viva. Novas medi\u00e7\u00f5es, especialmente com instrumentos poderosos como o James Webb, continuam desafiando nossas ideias e for\u00e7ando-nos a testar os limites do que acreditamos saber. Talvez o universo seja um pouco mais velho do que os 13,8 bilh\u00f5es de anos atuais &#8211; ou talvez as explica\u00e7\u00f5es estejam em ajustes sutis dentro do modelo padr\u00e3o. O importante \u00e9 que continuamos observando, calculando e questionando, porque \u00e9 assim que o entendimento avan\u00e7a.\r\n<\/p><p>\r\n<blockquote class=\"twitter-tweet\" data-media-max-width=\"560\"><p lang=\"pt\" dir=\"ltr\">O universo \u00e9 mais velho do que pensamos?<a href=\"https:\/\/twitter.com\/hashtag\/universo?src=hash&#038;ref_src=twsrc%5Etfw\">#universo<\/a><br><br>A idade do universo \u00e9 uma das perguntas mais fascinantes da cosmologia moderna<br>Veja: <a href=\"https:\/\/t.co\/GBUNFIx9r3\">pic.twitter.com\/GBUNFIx9r3<\/a><\/p>&#8211; Terra Rara&#x646; (@Terra_Rara) <a href=\"https:\/\/twitter.com\/Terra_Rara\/status\/2019525569772482573?ref_src=twsrc%5Etfw\">February 5, 2026<\/a><\/blockquote> <script async src=\"https:\/\/platform.twitter.com\/widgets.js\" charset=\"utf-8\"><\/script>\r\n<hr>\r\n\r\n<p style=\"text-align:right\"><em>Publicado em 05\/02\/2026 12h53<\/em><\/p>\r\n<hr>\r\n<p style=\"text-align:right\"><em><a href=\"https:\/\/terrarara.com.br\/en\/?page_id=3671\">English version<\/a><\/em><\/p>\r\n<hr>\r\n\r\n\t\t\t<hr>\r\n\t\t\t<p>Artigo referencia:<\/p>\r\n\t\t\r\n\t\t\t\r\n\r\n<ul><li><a href=\"https:\/\/www.universetoday.com\/articles\/is-the-universe-older-than-we-think-part-1-the-cosmological-clock\" target=\"_blank\">https:\/\/www.universetoday.com\/articles\/is-the-universe-older-than-we-think-part-1-the-cosmological-clock<\/a><\/li><\/ul>\r\n\r\n\r\n\r\n\r\n<hr class=\"wp-block-separator is-style-wide\"\/>\r\n\r\n<div style=\"position: buttonline;\"><iframe loading=\"lazy\" src=\"https:\/\/vendedoradesonhos.com.br\/rodape_sites.php?arg=41649\" frameborder=\"0\" height=\"420px\" width=\"100%\"><\/iframe><\/div>\r\n<div style=\"position: buttonline;\"><iframe loading=\"lazy\" src=\"https:\/\/vendedoradesonhos.com.br\/comentario_navegacao.php?arg=41649\" frameborder=\"0\" height=\"500px\" width=\"100%\"><\/iframe><\/div>\r\n<div style=\"position:absolute; width:40%; height:70px; top:-70px; left:0px;\"><iframe loading=\"lazy\" src=\"https:\/\/vendedoradesonhos.com.br\/oferta_site_esq.php?arg=41649\" frameborder=\"0\" height=\"100%\" width=\"100%\"><\/iframe><\/div>\r\n<div style=\"position:absolute; width:40%; height:70px; top:-70px; right:0px;\"><iframe loading=\"lazy\" src=\"https:\/\/vendedoradesonhos.com.br\/oferta_site_dir.php?arg=41649\" frameborder=\"0\" height=\"100%;\" width=\"100%\"><\/iframe><\/div>\r\n\r\n\r\n<div class=\"wp-block-image\"><figure><iframe loading=\"lazy\" src=\"https:\/\/vendedoradesonhos.com.br\/oferta_site_central.php\" width=\"100%\" height=\"330\" frameborder=\"0\"><\/iframe><figcaption>{teste}<\/figcaption><\/figure><\/div><hr>","protected":false},"excerpt":{"rendered":"","protected":false},"author":1,"featured_media":0,"parent":691,"menu_order":0,"comment_status":"closed","ping_status":"closed","template":"","meta":[],"_links":{"self":[{"href":"https:\/\/terrarara.com.br\/index.php?rest_route=\/wp\/v2\/pages\/26550"}],"collection":[{"href":"https:\/\/terrarara.com.br\/index.php?rest_route=\/wp\/v2\/pages"}],"about":[{"href":"https:\/\/terrarara.com.br\/index.php?rest_route=\/wp\/v2\/types\/page"}],"author":[{"embeddable":true,"href":"https:\/\/terrarara.com.br\/index.php?rest_route=\/wp\/v2\/users\/1"}],"replies":[{"embeddable":true,"href":"https:\/\/terrarara.com.br\/index.php?rest_route=%2Fwp%2Fv2%2Fcomments&post=26550"}],"version-history":[{"count":0,"href":"https:\/\/terrarara.com.br\/index.php?rest_route=\/wp\/v2\/pages\/26550\/revisions"}],"up":[{"embeddable":true,"href":"https:\/\/terrarara.com.br\/index.php?rest_route=\/wp\/v2\/pages\/691"}],"wp:attachment":[{"href":"https:\/\/terrarara.com.br\/index.php?rest_route=%2Fwp%2Fv2%2Fmedia&parent=26550"}],"curies":[{"name":"wp","href":"https:\/\/api.w.org\/{rel}","templated":true}]}}