{"id":26546,"date":"2026-02-04T08:36:04","date_gmt":"2026-02-04T08:36:04","guid":{"rendered":"https:\/\/terrarara.com.br\/?page_id=26546"},"modified":"2026-02-04T08:36:04","modified_gmt":"2026-02-04T08:36:04","slug":"cilindros-de-argila-de-4400-anos-podem-representar-a-escrita-alfabetica-mais-antiga-conhecida","status":"publish","type":"page","link":"https:\/\/terrarara.com.br\/?page_id=26546","title":{"rendered":"Cilindros de argila de 4.400 anos podem representar a escrita alfab\u00e9tica mais antiga conhecida"},"content":{"rendered":"<div class=\"wp-block-image\"><figure><img src=\"https:\/\/vendedoradesonhos.com.br\/upload\/1\/sites\/26\/img_41642_1200.jpg\" alt=\"\" style=\"width:100%\"><figcaption>Dois dos quatro cilindros de argila descobertos na S\u00edria \/ Cr\u00e9dito: Divulga\u00e7\u00e3o\/Universidade Johns Hopkins<\/figcaption><\/figure><\/div><hr><\/p><p>\r\n\t<a href=''https:\/\/terrarara.com.br\"s=escrita alfab\u00e9tica''>#escrita alfab\u00e9tica<\/a>\u00a0<\/p><p><\/p><p>\r\n\t<!-- audio --><\/p><p>\r\n<button onclick=\"this.nextElementSibling.play()\" style=\"padding:12px 25px; font-size:18px; border:none; border-radius:8px; cursor:pointer;\">Ouvir<\/button><audio src=\"https:\/\/vendedoradesonhos.com.br\/audios\/41642.mp3\" preload=\"none\"><\/audio><\/p><p>\r\n\t<strong>Uma descoberta feita na S\u00edria est\u00e1 questionando o que se pensava sobre o surgimento do alfabeto<\/strong><\/p><p> Pequenos cilindros de argila, encontrados em uma tumba antiga e datados de cerca de 2400 a.C., trazem inscri\u00e7\u00f5es que parecem ser uma forma primitiva de escrita alfab\u00e9tica &#8211; algo que os pesquisadores consideram cerca de 500 anos mais antigo do que as evid\u00eancias conhecidas at\u00e9 agora.\r\n<\/p><p>\r\nA hist\u00f3ria come\u00e7ou em 2004, durante escava\u00e7\u00f5es no s\u00edtio de Umm el-Marra, no norte da S\u00edria, uma antiga cidade que ficava em uma posi\u00e7\u00e3o estrat\u00e9gica, cruzando rotas comerciais importantes entre a Mesopot\u00e2mia e outras regi\u00f5es. Arque\u00f3logos das universidades Johns Hopkins e de Amsterd\u00e3, liderados por Glenn Schwartz e Hans Curvers desde 1994, exploravam uma necr\u00f3pole de elite da Idade do Bronze Inicial. Esse complexo funer\u00e1rio, com tumbas bem preservadas de pessoas de alto status, \u00e9 algo raro na regi\u00e3o, pois tumbas assim geralmente eram saqueadas ao longo dos s\u00e9culos.\r\n<\/p><p>\r\nDentro de uma das tumbas mais intactas, a equipe encontrou seis esqueletos acompanhados de objetos valiosos: vasos de cer\u00e2mica, joias de prata e ouro, uma ponta de lan\u00e7a e outros itens que indicavam riqueza. Foi a assistente Elaine Sullivan, especialista em egiptologia, quem notou quatro pequenos cilindros de argila perto das cer\u00e2micas. No come\u00e7o, pareciam apenas peda\u00e7os de terra, mas ao olhar com mais cuidado, junto com Schwartz, ela viu que havia s\u00edmbolos gravados neles.\r\n<\/p><p>\r\nEsses s\u00edmbolos eram diferentes de tudo o que se conhecia na S\u00edria daquela \u00e9poca, onde predominava a escrita cuneiforme, vinda da Mesopot\u00e2mia. Schwartz publicou desenhos preliminares em 2006 e, em 2010, sugeriu que poderiam ser uma escrita alfab\u00e9tica inicial. A ideia n\u00e3o chamou muita aten\u00e7\u00e3o de imediato, mas ganhou for\u00e7a em 2019, quando ele apresentou o material em uma confer\u00eancia em Mil\u00e3o. Especialistas como Christopher Rollston e Madadh Richey concordaram com a interpreta\u00e7\u00e3o. An\u00e1lises por radiocarbono confirmaram a data\u00e7\u00e3o em torno de 2400 a.C.\r\n<\/p><p>\r\nUm dos cilindros traz a palavra &#8220;silanu&#8221;, que o semitista Ted Lewis identificou como um poss\u00edvel nome pr\u00f3prio. Como os cilindros s\u00e3o perfurados, os pesquisadores acreditam que serviam como etiquetas ou r\u00f3tulos, presos por cord\u00f5es a vasos, presentes ou outros objetos, talvez para indicar o conte\u00fado, a origem ou o dono. Sem uma tradu\u00e7\u00e3o completa dos s\u00edmbolos, ainda h\u00e1 especula\u00e7\u00e3o, mas a estrutura aponta para um sistema alfab\u00e9tico, em que cada sinal representa um som &#8211; algo bem mais simples que o cuneiforme ou os hier\u00f3glifos.\r\n<\/p><p>\r\nAt\u00e9 ent\u00e3o, a escrita alfab\u00e9tica mais antiga conhecida era a proto-sina\u00edtica, surgida por volta de 1800 a.C. no Egito e no Sinai, ligada a povos semitas. Antes disso, o alfabeto fen\u00edcio, de cerca de 1050 a.C., era visto como o ponto de partida principal. Agora, esses cilindros sugerem que experimentos com alfabetos aconteceram bem antes e em um lugar diferente, no interior do Antigo Oriente Pr\u00f3ximo.\r\n<\/p><p>\r\nDescobertas que mudam vis\u00f5es consolidadas levam tempo para serem aceitas pela comunidade cient\u00edfica. Como disse um dos especialistas, &#8220;descobertas que alteram paradigmas s\u00e3o aceitas gradualmente&#8221;. Novos achados parecidos podem ajudar a confirmar se isso realmente \u00e9 o exemplo mais antigo de alfabeto. Por enquanto, esses pequenos objetos de argila abrem uma perspectiva fascinante sobre como a humanidade come\u00e7ou a registrar sons de forma direta e inovadora, transformando a comunica\u00e7\u00e3o para sempre.\r\n<\/p><p>\r\n<hr>\r\n\r\n<p style=\"text-align:right\"><em>Publicado em 04\/02\/2026 08h36<\/em><\/p>\r\n<hr>\r\n<p style=\"text-align:right\"><em><a href=\"https:\/\/terrarara.com.br\/en\/?page_id=3667\">English version<\/a><\/em><\/p>\r\n<hr>\r\n\r\n\t\t\t<hr>\r\n\t\t\t<p>Artigo referencia:<\/p>\r\n\t\t\r\n\t\t\t\r\n\r\n<ul><li><a href=\"https:\/\/x.com\/i\/status\/2018737411828920678\" target=\"_blank\">https:\/\/x.com\/i\/status\/2018737411828920678<\/a><\/li><\/ul>\r\n\r\n\r\n\r\n\r\n<hr class=\"wp-block-separator is-style-wide\"\/>\r\n\r\n<div style=\"position: buttonline;\"><iframe loading=\"lazy\" src=\"https:\/\/vendedoradesonhos.com.br\/rodape_sites.php?arg=41642\" frameborder=\"0\" height=\"420px\" width=\"100%\"><\/iframe><\/div>\r\n<div style=\"position: buttonline;\"><iframe loading=\"lazy\" src=\"https:\/\/vendedoradesonhos.com.br\/comentario_navegacao.php?arg=41642\" frameborder=\"0\" height=\"500px\" width=\"100%\"><\/iframe><\/div>\r\n<div style=\"position:absolute; width:40%; height:70px; top:-70px; left:0px;\"><iframe loading=\"lazy\" src=\"https:\/\/vendedoradesonhos.com.br\/oferta_site_esq.php?arg=41642\" frameborder=\"0\" height=\"100%\" width=\"100%\"><\/iframe><\/div>\r\n<div style=\"position:absolute; width:40%; height:70px; top:-70px; right:0px;\"><iframe loading=\"lazy\" src=\"https:\/\/vendedoradesonhos.com.br\/oferta_site_dir.php?arg=41642\" frameborder=\"0\" height=\"100%;\" width=\"100%\"><\/iframe><\/div>\r\n\r\n\r\n<div class=\"wp-block-image\"><figure><iframe loading=\"lazy\" src=\"https:\/\/vendedoradesonhos.com.br\/oferta_site_central.php\" width=\"100%\" height=\"330\" frameborder=\"0\"><\/iframe><figcaption>{teste}<\/figcaption><\/figure><\/div><hr>","protected":false},"excerpt":{"rendered":"","protected":false},"author":1,"featured_media":0,"parent":41,"menu_order":0,"comment_status":"closed","ping_status":"closed","template":"","meta":[],"_links":{"self":[{"href":"https:\/\/terrarara.com.br\/index.php?rest_route=\/wp\/v2\/pages\/26546"}],"collection":[{"href":"https:\/\/terrarara.com.br\/index.php?rest_route=\/wp\/v2\/pages"}],"about":[{"href":"https:\/\/terrarara.com.br\/index.php?rest_route=\/wp\/v2\/types\/page"}],"author":[{"embeddable":true,"href":"https:\/\/terrarara.com.br\/index.php?rest_route=\/wp\/v2\/users\/1"}],"replies":[{"embeddable":true,"href":"https:\/\/terrarara.com.br\/index.php?rest_route=%2Fwp%2Fv2%2Fcomments&post=26546"}],"version-history":[{"count":0,"href":"https:\/\/terrarara.com.br\/index.php?rest_route=\/wp\/v2\/pages\/26546\/revisions"}],"up":[{"embeddable":true,"href":"https:\/\/terrarara.com.br\/index.php?rest_route=\/wp\/v2\/pages\/41"}],"wp:attachment":[{"href":"https:\/\/terrarara.com.br\/index.php?rest_route=%2Fwp%2Fv2%2Fmedia&parent=26546"}],"curies":[{"name":"wp","href":"https:\/\/api.w.org\/{rel}","templated":true}]}}