{"id":26534,"date":"2026-01-30T02:38:45","date_gmt":"2026-01-30T02:38:45","guid":{"rendered":"https:\/\/terrarara.com.br\/?page_id=26534"},"modified":"2026-01-30T02:38:45","modified_gmt":"2026-01-30T02:38:45","slug":"o-modelo-padrao-da-cosmologia-se-mantem-firme-em-um-grande-estudo-de-seis-anos-sobre-o-universo","status":"publish","type":"page","link":"https:\/\/terrarara.com.br\/?page_id=26534","title":{"rendered":"O modelo padr\u00e3o da cosmologia se mant\u00e9m firme em um grande estudo de seis anos sobre o universo"},"content":{"rendered":"<div class=\"wp-block-image\"><figure><img src=\"https:\/\/vendedoradesonhos.com.br\/upload\/1\/sites\/26\/img_41620_1200.webp\" alt=\"\" style=\"width:100%\"><figcaption>O Dark Energy Survey coletou dados de centenas de milh\u00f5es de gal\u00e1xias ao longo de seis anos para ampliar nossa compreens\u00e3o da hist\u00f3ria da expans\u00e3o do universo. (Cr\u00e9dito da imagem: CTIO\/NOIRLab\/DOE\/NSF\/AURA)<\/figcaption><\/figure><\/div><hr><\/p><p>\r\n\t<a href=''https:\/\/terrarara.com.br\"s=modelo padr\u00e3o da cosmologia''>#modelo padr\u00e3o da cosmologia<\/a>\u00a0<\/p><p><\/p><p>\r\n\t<!-- audio --><\/p><p>\r\n<button onclick=\"this.nextElementSibling.play()\" style=\"padding:12px 25px; font-size:18px; border:none; border-radius:8px; cursor:pointer;\">Ouvir<\/button><audio src=\"https:\/\/vendedoradesonhos.com.br\/audios\/41620.mp3\" preload=\"none\"><\/audio><\/p><p>\r\n\t<strong><\/p><p>\r\nUm amplo estudo internacional chamado Dark Energy Survey (Pesquisa de Energia Escura), realizado ao longo de seis anos, analisou dados de cerca de 669 milh\u00f5es de gal\u00e1xias<\/strong><\/p><p> As observa\u00e7\u00f5es foram feitas com o telesc\u00f3pio Victor M. Blanco, no Chile, e usaram quatro m\u00e9todos diferentes para mapear a expans\u00e3o do universo: oscila\u00e7\u00f5es ac\u00fasticas de b\u00e1rions (esp\u00e9cie de &#8220;impress\u00e3o digital? deixada na mat\u00e9ria comum logo ap\u00f3s o Big Bang), explos\u00f5es de supernovas do tipo Ia (que servem como velas padr\u00e3o para medir dist\u00e2ncias c\u00f3smicas), aglomerados de gal\u00e1xias e lente gravitacional fraca (o efeito de curvatura da luz causado pela gravidade de grandes massas).\r\n<\/p><p>\r\nO principal resultado \u00e9 que esses dados apoiam bem o modelo padr\u00e3o da cosmologia, conhecido como Lambda-CDM. Esse modelo descreve um universo onde cerca de 70% da energia total \u00e9 energia escura com densidade constante &#8211; ou seja, a for\u00e7a que acelera a expans\u00e3o do cosmos n\u00e3o muda com o tempo. A energia escura age como uma esp\u00e9cie de press\u00e3o negativa que empurra tudo para fora, e o estudo confirma que essa vis\u00e3o simples continua funcionando de forma consistente com as medi\u00e7\u00f5es.\r\n<\/p><p>\r\nPesquisadores envolvidos celebraram o feito. Um deles disse que era como realizar um sonho antigo: finalmente juntar todos os dados planejados e ver as quatro sondas do projeto produzindo resultados coerentes. As conclus\u00f5es refor\u00e7am o que j\u00e1 indicavam observa\u00e7\u00f5es anteriores, como as do sat\u00e9lite Planck, e trazem limites ainda mais precisos sobre o comportamento do universo.\r\n<\/p><p>\r\nNo entanto, existe uma ressalva significativa. Tanto o modelo com energia escura constante quanto uma vers\u00e3o alternativa em que ela varia um pouco com o tempo se encaixam igualmente bem nos dados de expans\u00e3o c\u00f3smica. Mas nenhum dos dois explica completamente o padr\u00e3o observado na distribui\u00e7\u00e3o de gal\u00e1xias &#8211; a forma como a mat\u00e9ria se agrupa em grande escala no universo aparece um pouco diferente do que as previs\u00f5es indicam. A diferen\u00e7a n\u00e3o \u00e9 grande o suficiente para descartar o modelo padr\u00e3o, mas mostra que ainda falta alguma pe\u00e7a para entender tudo perfeitamente.\r\n<\/p><p>\r\nEsse resultado n\u00e3o resolve quest\u00f5es como a poss\u00edvel varia\u00e7\u00e3o da energia escura (um tema que outros projetos, como o DESI, exploram com mais for\u00e7a), mas destaca a necessidade de observa\u00e7\u00f5es futuras, como as do Observat\u00f3rio Vera C. Rubin, para testar melhor as teorias e esclarecer os mist\u00e9rios que ainda cercam a energia escura e a estrutura em larga escala do cosmos.\r\n<\/p><p>\r\n<blockquote class=\"twitter-tweet\" data-media-max-width=\"560\"><p lang=\"pt\" dir=\"ltr\">O modelo padr\u00e3o da cosmologia se mant\u00e9m firme em um grande estudo de seis anos sobre o universo &#8211; com uma ressalva importante<br><br>Um amplo estudo internacional chamado Dark Energy Survey, realizado ao longo de seis anos, analisou dados de cerca de 669 milh\u00f5es de gal\u00e1xias. <a href=\"https:\/\/t.co\/qjqZ8miXvj\">pic.twitter.com\/qjqZ8miXvj<\/a><\/p>&mdash; Terra Rara??????&#x646; (@Terra_Rara) <a href=\"https:\/\/twitter.com\/Terra_Rara\/status\/2017046534450258324?ref_src=twsrc%5Etfw\">January 30, 2026<\/a><\/blockquote> <script async src=\"https:\/\/platform.twitter.com\/widgets.js\" charset=\"utf-8\"><\/script>\r\n<hr>\r\n\r\n<p style=\"text-align:right\"><em>Publicado em 30\/01\/2026 02h38<\/em><\/p>\r\n<hr>\r\n<p style=\"text-align:right\"><em><a href=\"https:\/\/terrarara.com.br\/en\/?page_id=3655\">English version<\/a><\/em><\/p>\r\n<hr>\r\n\r\n\t\t\t<hr>\r\n\t\t\t<p>Artigo referencia:<\/p>\r\n\t\t\r\n\t\t\t\r\n\r\n<ul><li><a href=\"https:\/\/www.livescience.com\/physics-mathematics\/dark-energy\/the-dream-has-come-true-standard-model-of-cosmology-holds-up-in-massive-6-year-study-of-the-universe-with-one-big-caveat\" target=\"_blank\">https:\/\/www.livescience.com\/physics-mathematics\/dark-energy\/the-dream-has-come-true-standard-model-of-cosmology-holds-up-in-massive-6-year-study-of-the-universe-with-one-big-caveat<\/a><\/li><\/ul>\r\n\r\n\r\n\r\n\r\n<hr class=\"wp-block-separator is-style-wide\"\/>\r\n\r\n<div style=\"position: buttonline;\"><iframe loading=\"lazy\" src=\"https:\/\/vendedoradesonhos.com.br\/rodape_sites.php?arg=41620\" frameborder=\"0\" height=\"420px\" width=\"100%\"><\/iframe><\/div>\r\n<div style=\"position: buttonline;\"><iframe loading=\"lazy\" src=\"https:\/\/vendedoradesonhos.com.br\/comentario_navegacao.php?arg=41620\" frameborder=\"0\" height=\"500px\" width=\"100%\"><\/iframe><\/div>\r\n<div style=\"position:absolute; width:40%; height:70px; top:-70px; left:0px;\"><iframe loading=\"lazy\" src=\"https:\/\/vendedoradesonhos.com.br\/oferta_site_esq.php?arg=41620\" frameborder=\"0\" height=\"100%\" width=\"100%\"><\/iframe><\/div>\r\n<div style=\"position:absolute; width:40%; height:70px; top:-70px; right:0px;\"><iframe loading=\"lazy\" src=\"https:\/\/vendedoradesonhos.com.br\/oferta_site_dir.php?arg=41620\" frameborder=\"0\" height=\"100%;\" width=\"100%\"><\/iframe><\/div>\r\n\r\n\r\n<div class=\"wp-block-image\"><figure><iframe loading=\"lazy\" src=\"https:\/\/vendedoradesonhos.com.br\/oferta_site_central.php\" width=\"100%\" height=\"330\" frameborder=\"0\"><\/iframe><figcaption>{teste}<\/figcaption><\/figure><\/div><hr>","protected":false},"excerpt":{"rendered":"","protected":false},"author":1,"featured_media":0,"parent":1415,"menu_order":0,"comment_status":"closed","ping_status":"closed","template":"","meta":[],"_links":{"self":[{"href":"https:\/\/terrarara.com.br\/index.php?rest_route=\/wp\/v2\/pages\/26534"}],"collection":[{"href":"https:\/\/terrarara.com.br\/index.php?rest_route=\/wp\/v2\/pages"}],"about":[{"href":"https:\/\/terrarara.com.br\/index.php?rest_route=\/wp\/v2\/types\/page"}],"author":[{"embeddable":true,"href":"https:\/\/terrarara.com.br\/index.php?rest_route=\/wp\/v2\/users\/1"}],"replies":[{"embeddable":true,"href":"https:\/\/terrarara.com.br\/index.php?rest_route=%2Fwp%2Fv2%2Fcomments&post=26534"}],"version-history":[{"count":0,"href":"https:\/\/terrarara.com.br\/index.php?rest_route=\/wp\/v2\/pages\/26534\/revisions"}],"up":[{"embeddable":true,"href":"https:\/\/terrarara.com.br\/index.php?rest_route=\/wp\/v2\/pages\/1415"}],"wp:attachment":[{"href":"https:\/\/terrarara.com.br\/index.php?rest_route=%2Fwp%2Fv2%2Fmedia&parent=26534"}],"curies":[{"name":"wp","href":"https:\/\/api.w.org\/{rel}","templated":true}]}}