{"id":26441,"date":"2025-12-24T06:35:17","date_gmt":"2025-12-24T06:35:17","guid":{"rendered":"https:\/\/terrarara.com.br\/?page_id=26441"},"modified":"2025-12-24T06:35:17","modified_gmt":"2025-12-24T06:35:17","slug":"hubble-revela-o-maior-e-mais-caotico-bercario-de-planetas-ja-observado","status":"publish","type":"page","link":"https:\/\/terrarara.com.br\/?page_id=26441","title":{"rendered":"Hubble revela o maior e mais ca\u00f3tico ber\u00e7\u00e1rio de planetas j\u00e1 observado"},"content":{"rendered":"<div class=\"wp-block-image\"><figure><img src=\"https:\/\/vendedoradesonhos.com.br\/img\/sites\/img_bercario_planetas.jpg\" alt=\"\" style=\"width:100%\"><figcaption>Esta imagem do Telesc\u00f3pio Espacial Hubble mostra o maior disco de forma\u00e7\u00e3o planet\u00e1ria j\u00e1 observado ao redor de uma estrela jovem. Ele se estende por quase 400 bilh\u00f5es de milhas &#8211; 40 vezes o di\u00e2metro do nosso sistema solar. Imagem: NASA, ESA, STScI, Kristina Monsch (CfA); Processamento de imagem: Joseph DePasquale (STScI) <\/figcaption><\/figure><\/div><hr><\/p><p>\r\n\t<a href=''https:\/\/terrarara.com.br\"s=exoplanetas''>#Exoplanetas<\/a>\u00a0<\/p><p><\/p><p>\r\n\t<!-- audio --><\/p><p>\r\n<button onclick=\"this.nextElementSibling.play()\" style=\"padding:12px 25px; font-size:18px; border:none; border-radius:8px; cursor:pointer;\">Ouvir<\/button><audio src=\"https:\/\/vendedoradesonhos.com.br\/audios\/41395.mp3\" preload=\"none\"><\/audio><\/p><p>\r\n\t<strong>O Telesc\u00f3pio Espacial Hubble da NASA capturou imagens impressionantes do maior disco protoplanet\u00e1rio j\u00e1 registrado ao redor de uma estrela jovem, revelando um ambiente surpreendentemente turbulento e ca\u00f3tico onde planetas podem estar nascendo<\/strong><\/p><p> Pela primeira vez em luz vis\u00edvel, o Hubble mostrou que esse disco, chamado IRAS 23077+6707 e apelidado carinhosamente de &#8220;Dracula&#8221;s Chivito&#8221;, apresenta filamentos de material que se estendem muito mais alto e baixo do que o esperado, e de forma assim\u00e9trica, aparecendo de maneira mais pronunciada apenas em um dos lados. Essas descobertas, publicadas na revista The Astrophysical Journal, representam um marco importante para o Hubble e ajudam a entender como os planetas se formam em condi\u00e7\u00f5es extremas.\r\n<\/p><p>\r\nLocalizado a cerca de mil anos-luz da Terra, esse disco gigantesco tem quase 400 bilh\u00f5es de quil\u00f4metros de di\u00e2metro, o equivalente a 40 vezes o tamanho do nosso Sistema Solar at\u00e9 a borda do Cintur\u00e3o de Kuiper. Ele esconde completamente a estrela jovem no seu centro, que pode ser uma estrela massiva e quente ou at\u00e9 mesmo um par de estrelas. N\u00e3o s\u00f3 \u00e9 o maior disco formador de planetas conhecido, como tamb\u00e9m um dos mais peculiares, com camadas superiores cheias de fios wispy de poeira e g\u00e1s que indicam uma atividade intensa.\r\n<\/p><p>\r\nA l\u00edder da pesquisa, Kristina Monsch, do Centro de Astrof\u00edsica Harvard &#038; Smithsonian, explicou que o n\u00edvel de detalhe observado \u00e9 raro e mostra que os ber\u00e7\u00e1rios de planetas podem ser muito mais ativos e desordenados do que imagin\u00e1vamos. Vista quase de lado, como um hamb\u00farguer com uma faixa escura no meio e camadas brilhantes em cima e embaixo, a estrutura permite estudar subdetalhes em luz vis\u00edvel com uma precis\u00e3o nunca vista antes. O apelido &#8220;Dracula&#8221;s Chivito? surgiu de forma divertida, misturando a origem transilvana de um pesquisador com o prato t\u00edpico uruguaio de outro, j\u00e1 que o disco lembra um sandu\u00edche.\r\n<\/p><p>\r\nTodos os sistemas planet\u00e1rios nascem de discos como esse, feitos de g\u00e1s e poeira ao redor de estrelas rec\u00e9m-formadas. Com o tempo, o g\u00e1s \u00e9 absorvido pela estrela, e os planetas surgem do material restante. Nesse caso, o disco tem uma massa estimada entre 10 e 30 vezes a de J\u00fapiter, o que significa material suficiente para criar v\u00e1rios planetas gigantes gasosos. Ele pode ser uma vers\u00e3o ampliada do nosso pr\u00f3prio Sistema Solar em seus primeiros dias, oferecendo pistas valiosas sobre processos que acontecem em ambientes massivos.\r\n<\/p><p>\r\nKristina Monsch destacou que, em teoria, esse disco poderia abrigar um vasto sistema planet\u00e1rio, embora a forma\u00e7\u00e3o de planetas l\u00e1 possa ser diferente devido ao tamanho e \u00e0 turbul\u00eancia. Ainda h\u00e1 mais perguntas do que respostas, mas essas imagens abrem um novo laborat\u00f3rio \u00fanico para estudar como os planetas nascem em condi\u00e7\u00f5es variadas. J\u00e1 o coautor Joshua Bennett Lovell ficou impressionado com a assimetria, dizendo que o Hubble nos d\u00e1 um lugar na primeira fila para observar os processos ca\u00f3ticos que moldam discos enquanto constroem novos planetas, algo que ainda n\u00e3o compreendemos completamente.\r\n<\/p><p>\r\nEssas observa\u00e7\u00f5es mostram que a forma\u00e7\u00e3o planet\u00e1ria pode ser influenciada por intera\u00e7\u00f5es din\u00e2micas, como a queda recente de poeira e g\u00e1s ou efeitos do entorno, tornando ambientes extremos como esse fascinantes para a astronomia. O Hubble continua a surpreender, revelando que o universo \u00e9 cheio de surpresas turbulentas na hora de criar mundos novos.\r\n<\/p><p>\r\n<hr>\r\n\r\n<p style=\"text-align:right\"><em>Publicado em 24\/12\/2025 06h35<\/em><\/p>\r\n<hr>\r\n<p style=\"text-align:right\"><em><a href=\"https:\/\/terrarara.com.br\/en\/?page_id=3562\">English version<\/a><\/em><\/p>\r\n<hr>\r\n\r\n\t\t\t<hr>\r\n\t\t\t<p>Artigo referencia:<\/p>\r\n\t\t\r\n\t\t\t\r\n\r\n<ul><li><a href=\"https:\/\/science.nasa.gov\/missions\/hubble\/nasas-hubble-reveals-largest-found-chaotic-birthplace-of-planets\/\" target=\"_blank\">https:\/\/science.nasa.gov\/missions\/hubble\/nasas-hubble-reveals-largest-found-chaotic-birthplace-of-planets\/<\/a><\/li><\/ul>\r\n\r\n\r\n\r\n\r\n<hr class=\"wp-block-separator is-style-wide\"\/>\r\n\r\n<div style=\"position: buttonline;\"><iframe loading=\"lazy\" src=\"https:\/\/vendedoradesonhos.com.br\/rodape_sites.php?arg=41395\" frameborder=\"0\" height=\"420px\" width=\"100%\"><\/iframe><\/div>\r\n<div style=\"position: buttonline;\"><iframe loading=\"lazy\" src=\"https:\/\/vendedoradesonhos.com.br\/comentario_navegacao.php?arg=41395\" frameborder=\"0\" height=\"500px\" width=\"100%\"><\/iframe><\/div>\r\n<div style=\"position:absolute; width:40%; height:70px; top:-70px; left:0px;\"><iframe loading=\"lazy\" src=\"https:\/\/vendedoradesonhos.com.br\/oferta_site_esq.php?arg=41395\" frameborder=\"0\" height=\"100%\" width=\"100%\"><\/iframe><\/div>\r\n<div style=\"position:absolute; width:40%; height:70px; top:-70px; right:0px;\"><iframe loading=\"lazy\" src=\"https:\/\/vendedoradesonhos.com.br\/oferta_site_dir.php?arg=41395\" frameborder=\"0\" height=\"100%;\" width=\"100%\"><\/iframe><\/div>\r\n\r\n\r\n<div class=\"wp-block-image\"><figure><iframe loading=\"lazy\" src=\"https:\/\/vendedoradesonhos.com.br\/oferta_site_central.php\" width=\"100%\" height=\"330\" frameborder=\"0\"><\/iframe><figcaption>{teste}<\/figcaption><\/figure><\/div><hr>","protected":false},"excerpt":{"rendered":"","protected":false},"author":1,"featured_media":0,"parent":696,"menu_order":0,"comment_status":"closed","ping_status":"closed","template":"","meta":[],"_links":{"self":[{"href":"https:\/\/terrarara.com.br\/index.php?rest_route=\/wp\/v2\/pages\/26441"}],"collection":[{"href":"https:\/\/terrarara.com.br\/index.php?rest_route=\/wp\/v2\/pages"}],"about":[{"href":"https:\/\/terrarara.com.br\/index.php?rest_route=\/wp\/v2\/types\/page"}],"author":[{"embeddable":true,"href":"https:\/\/terrarara.com.br\/index.php?rest_route=\/wp\/v2\/users\/1"}],"replies":[{"embeddable":true,"href":"https:\/\/terrarara.com.br\/index.php?rest_route=%2Fwp%2Fv2%2Fcomments&post=26441"}],"version-history":[{"count":0,"href":"https:\/\/terrarara.com.br\/index.php?rest_route=\/wp\/v2\/pages\/26441\/revisions"}],"up":[{"embeddable":true,"href":"https:\/\/terrarara.com.br\/index.php?rest_route=\/wp\/v2\/pages\/696"}],"wp:attachment":[{"href":"https:\/\/terrarara.com.br\/index.php?rest_route=%2Fwp%2Fv2%2Fmedia&parent=26441"}],"curies":[{"name":"wp","href":"https:\/\/api.w.org\/{rel}","templated":true}]}}