{"id":26353,"date":"2025-12-04T21:48:49","date_gmt":"2025-12-04T21:48:49","guid":{"rendered":"https:\/\/terrarara.com.br\/?page_id=26353"},"modified":"2025-12-04T21:48:49","modified_gmt":"2025-12-04T21:48:49","slug":"misterio-sismico-resolvido-cientistas-descobrem-um-novo-estado-da-materia-no-centro-da-terra","status":"publish","type":"page","link":"https:\/\/terrarara.com.br\/?page_id=26353","title":{"rendered":"Mist\u00e9rio s\u00edsmico resolvido: cientistas descobrem um novo estado da mat\u00e9ria no centro da terra"},"content":{"rendered":"<div class=\"wp-block-image\"><figure><img src=\"https:\/\/vendedoradesonhos.com.br\/img\/sites\/img_nucleo_terra8.jpg\" alt=\"\" style=\"width:100%\"><figcaption>Imagem via <a href=\"https:\/\/www.theweathernetwork.com\/en\/news\/science\/space\/mysterious-lopsided-cooling-points-to-strangeness-in-core-of-earth\" target=\"_blank\">The Weater Network<\/a><\/figcaption><\/figure><\/div><hr><\/p><p>\r\n\t<a href=\"https:\/\/doi.org\/10.1093\/nsr\/nwaf419\" target=\"_blank\">doi.org\/10.1093\/nsr\/nwaf419<\/a><br><a href=\"https:\/\/vendedoradesonhos.com.br\/credibilidade_estudo.php?c=41178\">Credibilidade<\/a>: <font color=\"#00FFFF\">9<\/font><font color=\"#00FF00\">8<\/font><font color=\"#FFFF00\">9<\/font><br><a href=''https:\/\/terrarara.com.br\"s=n\u00facleo''>#N\u00facleo<\/a>\u00a0<\/p><p><\/p><p>\r\n\t<!-- audio --><\/p><p>\r\n<button onclick=\"this.nextElementSibling.play()\" style=\"padding:12px 25px; font-size:18px; border:none; border-radius:8px; cursor:pointer;\">Ouvir<\/button><audio src=\"https:\/\/vendedoradesonhos.com.br\/audios\/41178.mp3\" preload=\"none\"><\/audio><\/p><p>\r\n\t<strong>No cora\u00e7\u00e3o do nosso planeta, a mais de 5 mil quil\u00f4metros de profundidade, existe uma bola s\u00f3lida de ferro extremamente compactada, chamada n\u00facleo interno<\/strong><\/p><p> Apesar de ser s\u00f3lida, ela sempre intrigou os cientistas por se comportar de forma estranha: \u00e9 muito mais &#8220;mole? do que deveria. As ondas s\u00edsmicas que atravessam essa regi\u00e3o viajam mais devagar do que o esperado para um metal t\u00e3o duro, e algumas propriedades dela lembram mais a manteiga do que o a\u00e7o.\r\n<\/p><p>\r\nDurante d\u00e9cadas, ningu\u00e9m conseguia explicar por que o centro da Terra era ao mesmo tempo firme e surpreendentemente flex\u00edvel.\r\n<\/p><p>\r\nAgora, uma pesquisa chinesa publicada na revista National Science Review trouxe a resposta: o n\u00facleo interno n\u00e3o \u00e9 um s\u00f3lido comum. Ele est\u00e1 em um estado especial chamado superi\u00f4nico, onde os \u00e1tomos leves &#8211; neste caso, principalmente o carbono &#8211; se movem como se fossem l\u00edquidos dentro de uma estrutura de ferro que continua r\u00edgida e organizada. \u00c9 como se o ferro formasse uma grade fixa e o carbono dan\u00e7asse livremente entre os &#8220;buracos? dessa grade, deixando o material inteiro mais macio.\r\n<\/p><p>\r\nCientistas liderados pelos professores Youjun Zhang, da Universidade de Sichuan, e Yu He, do Instituto de Geoqu\u00edmica da Academia Chinesa de Ci\u00eancias, conseguiram reproduzir em laborat\u00f3rio as condi\u00e7\u00f5es extremas do n\u00facleo interno: press\u00f5es acima de 3 milh\u00f5es de vezes a press\u00e3o atmosf\u00e9rica da superf\u00edcie e temperaturas de quase 6 mil graus Celsius, parecidas com a superf\u00edcie do Sol. Para isso, dispararam amostras de liga ferro-carbono a mais de 7 quil\u00f4metros por segundo usando uma plataforma de choque din\u00e2mico.\r\n<\/p><p>\r\nOs resultados foram impressionantes. Quando a press\u00e3o e o calor chegam ao n\u00edvel do n\u00facleo interno, os \u00e1tomos de carbono come\u00e7am a circular rapidamente pela estrutura cristalina do ferro, que permanece s\u00f3lida. Essa movimenta\u00e7\u00e3o deixa o material muito menos r\u00edgido, reduz drasticamente a velocidade das ondas de cisalhamento (as ondas &#8220;S? dos terremotos) e eleva o coeficiente de Poisson &#8211; exatamente o que os sism\u00f3logos observam quando olham para o centro da Terra.\r\n<\/p><p>\r\nPela primeira vez, temos prova experimental de que o n\u00facleo interno da Terra est\u00e1 nesse estado superi\u00f4nico. Antes, s\u00f3 existiam simula\u00e7\u00f5es de computador sugerindo essa possibilidade; agora, os experimentos confirmam.\r\n<\/p><p>\r\n<div class=\"wp-block-image\"><figure><img src=\"https:\/\/vendedoradesonhos.com.br\/upload\/1\/sites\/25\/img_41178b_1200.jpg\" alt=\"\" style=\"width:100%\"><figcaption>Os \u00e1tomos de ferro formam uma estrutura hexagonal compacta r\u00edgida (hcp), com um subconjunto desses \u00e1tomos exibindo movimento coletivo ao longo das dire\u00e7\u00f5es [100] e [010]. Dentro dessa rede de ferro hcp, os elementos leves intersticiais difundem-se livremente de maneira semelhante a um l\u00edquido, enquanto os elementos leves substitucionais permanecem confinados aos seus respectivos s\u00edtios substitucionais na rede. Consequentemente, o n\u00facleo interno da Terra existe em um estado h\u00edbrido de comportamento s\u00f3lido e l\u00edquido. Cr\u00e9dito: Huang et al.<\/figcaption><\/figure><\/div><hr><\/p><p>Essa descoberta vai muito al\u00e9m de resolver um enigma antigo. Ela muda nossa vis\u00e3o sobre o que acontece l\u00e1 no fundo do planeta. O movimento quase l\u00edquido dos elementos leves pode ajudar a explicar por que as ondas s\u00edsmicas se comportam de jeitos diferentes dependendo da dire\u00e7\u00e3o em que viajam &#8211; um fen\u00f4meno chamado anisotropia s\u00edsmica. Mais importante ainda: esse &#8220;dan\u00e7ar? dos \u00e1tomos de carbono pode ser uma fonte extra de energia que ajuda a manter o campo magn\u00e9tico da Terra funcionando. Al\u00e9m da convec\u00e7\u00e3o t\u00e9rmica e qu\u00edmica que j\u00e1 conhec\u00edamos, agora temos a difus\u00e3o at\u00f4mica como um terceiro motor para o d\u00ednamo geomagn\u00e9tico que protege nosso planeta da radia\u00e7\u00e3o solar.\r\n<\/p><p>\r\nOs pesquisadores tamb\u00e9m mostram que o carbono presente no n\u00facleo provavelmente n\u00e3o est\u00e1 formando compostos separados nem substituindo \u00e1tomos de ferro na estrutura, mas sim ocupando os espa\u00e7os entre eles &#8211; o chamado estado intersticial. Foi exatamente esse detalhe que estudos anteriores deixavam passar.\r\n<\/p><p>\r\nEm resumo, deixamos de imaginar o n\u00facleo interno como uma bola de ferro parada e r\u00edgida. Ele \u00e9, na verdade, um lugar din\u00e2mico, quase vivo em n\u00edvel at\u00f4mico, onde o ferro fica no lugar e o carbono circula como gente em uma pra\u00e7a cheia. Essa nova compreens\u00e3o n\u00e3o serve s\u00f3 para a Terra: pode explicar como outros planetas rochosos e at\u00e9 exoplanetas geram seus campos magn\u00e9ticos e evoluem ao longo do tempo.\r\n<\/p><p>\r\nO que parecia um mist\u00e9rio insol\u00favel sobre o cora\u00e7\u00e3o do nosso planeta acabou revelando um estado da mat\u00e9ria completamente novo &#8211; e escondido bem debaixo dos nossos p\u00e9s.\r\n<\/p><p>\r\n<hr>\r\n\r\n<p style=\"text-align:right\"><em>Publicado em 04\/12\/2025 21h48<\/em><\/p>\r\n<hr>\r\n<p style=\"text-align:right\"><em><a href=\"https:\/\/terrarara.com.br\/en\/?page_id=3475\">English version<\/a><\/em><\/p>\r\n<hr>\r\n\r\n\t\t\t<hr>\r\n\t\r\n\t\t\t\r\n\r\n<p>Estudo original: <\/p>\r\n\r\n\r\n\r\n<ul><li><a href=\"https:\/\/doi.org\/10.1093\/nsr\/nwaf419\" target=\"_blank\">https:\/\/doi.org\/10.1093\/nsr\/nwaf419<\/a><\/li><\/ul>\r\n\r\n\r\n\r\n<hr class=\"wp-block-separator is-style-wide\"\/>\r\n\r\n<div style=\"position: buttonline;\"><iframe loading=\"lazy\" src=\"https:\/\/vendedoradesonhos.com.br\/rodape_sites.php?arg=41178\" frameborder=\"0\" height=\"420px\" width=\"100%\"><\/iframe><\/div>\r\n<div style=\"position: buttonline;\"><iframe loading=\"lazy\" src=\"https:\/\/vendedoradesonhos.com.br\/comentario_navegacao.php?arg=41178\" frameborder=\"0\" height=\"500px\" width=\"100%\"><\/iframe><\/div>\r\n<div style=\"position:absolute; width:40%; height:70px; top:-70px; left:0px;\"><iframe loading=\"lazy\" src=\"https:\/\/vendedoradesonhos.com.br\/oferta_site_esq.php?arg=41178\" frameborder=\"0\" height=\"100%\" width=\"100%\"><\/iframe><\/div>\r\n<div style=\"position:absolute; width:40%; height:70px; top:-70px; right:0px;\"><iframe loading=\"lazy\" src=\"https:\/\/vendedoradesonhos.com.br\/oferta_site_dir.php?arg=41178\" frameborder=\"0\" height=\"100%;\" width=\"100%\"><\/iframe><\/div>\r\n\r\n<div class=\"wp-block-image\"><figure><iframe loading=\"lazy\" src=\"https:\/\/vendedoradesonhos.com.br\/oferta_site_central.php\" width=\"100%\" height=\"330\" frameborder=\"0\"><\/iframe><figcaption>{teste}<\/figcaption><\/figure><\/div><hr>","protected":false},"excerpt":{"rendered":"","protected":false},"author":1,"featured_media":0,"parent":6883,"menu_order":0,"comment_status":"closed","ping_status":"closed","template":"","meta":[],"_links":{"self":[{"href":"https:\/\/terrarara.com.br\/index.php?rest_route=\/wp\/v2\/pages\/26353"}],"collection":[{"href":"https:\/\/terrarara.com.br\/index.php?rest_route=\/wp\/v2\/pages"}],"about":[{"href":"https:\/\/terrarara.com.br\/index.php?rest_route=\/wp\/v2\/types\/page"}],"author":[{"embeddable":true,"href":"https:\/\/terrarara.com.br\/index.php?rest_route=\/wp\/v2\/users\/1"}],"replies":[{"embeddable":true,"href":"https:\/\/terrarara.com.br\/index.php?rest_route=%2Fwp%2Fv2%2Fcomments&post=26353"}],"version-history":[{"count":0,"href":"https:\/\/terrarara.com.br\/index.php?rest_route=\/wp\/v2\/pages\/26353\/revisions"}],"up":[{"embeddable":true,"href":"https:\/\/terrarara.com.br\/index.php?rest_route=\/wp\/v2\/pages\/6883"}],"wp:attachment":[{"href":"https:\/\/terrarara.com.br\/index.php?rest_route=%2Fwp%2Fv2%2Fmedia&parent=26353"}],"curies":[{"name":"wp","href":"https:\/\/api.w.org\/{rel}","templated":true}]}}