{"id":26327,"date":"2025-11-30T17:22:01","date_gmt":"2025-11-30T17:22:01","guid":{"rendered":"https:\/\/terrarara.com.br\/?page_id=26327"},"modified":"2025-11-30T17:22:01","modified_gmt":"2025-11-30T17:22:01","slug":"arte-rupestre-antiga-na-fronteira-eua-mexico-durou-mais-de-4-mil-anos-e-revela-a-visao-indigena-do-universo","status":"publish","type":"page","link":"https:\/\/terrarara.com.br\/?page_id=26327","title":{"rendered":"Arte rupestre antiga na fronteira EUA-m\u00e9xico durou mais de 4 mil anos e revela a vis\u00e3o ind\u00edgena do universo"},"content":{"rendered":"<div class=\"wp-block-image\"><figure><img src=\"https:\/\/vendedoradesonhos.com.br\/upload\/1\/sites\/25\/img_41122_1200.jpg\" alt=\"\" style=\"width:100%\"><figcaption>A arte rupestre ao longo da fronteira entre os EUA e o M\u00e9xico persistiu por mais de 4.000 anos. (Cr\u00e9dito da imagem: Steelman et al., Sci. Adv. 11, eadx7205)<\/figcaption><\/figure><\/div><hr><\/p><p>\r\n\t<a href=\"https:\/\/doi.org\/10.1126\/sciadv.adx7205\" target=\"_blank\">doi.org\/10.1126\/sciadv.adx7205<\/a><br><a href=\"https:\/\/vendedoradesonhos.com.br\/credibilidade_estudo.php?c=41122\">Credibilidade<\/a>: <font color=\"#00FFFF\">9<\/font><font color=\"#00FF00\">8<\/font><font color=\"#FFFF00\">9<\/font><br><a href=''https:\/\/terrarara.com.br\"s=arte rupestre''>#Arte rupestre<\/a>\u00a0<\/p><p><\/p><p>\r\n\t<!-- audio --><\/p><p>\r\n<button onclick=\"this.nextElementSibling.play()\" style=\"padding:12px 25px; font-size:18px; border:none; border-radius:8px; cursor:pointer;\">Ouvir<\/button><audio src=\"https:\/\/vendedoradesonhos.com.br\/audios\/41122.mp3\" preload=\"none\"><\/audio><\/p><p>\r\n\t<strong>Ao longo da fronteira entre os Estados Unidos e o M\u00e9xico, mais precisamente no sudoeste do Texas e no norte do M\u00e9xico, existe uma impressionante tradi\u00e7\u00e3o de pinturas feitas em rochas que durou incr\u00edveis quatro mil anos<\/strong><\/p><p> Pesquisadores descobriram que povos ind\u00edgenas da regi\u00e3o pintaram essas obras de arte entre aproximadamente 6 mil anos atr\u00e1s at\u00e9 cerca de mil ou 1.400 anos atr\u00e1s, o que equivale a cerca de 175 gera\u00e7\u00f5es consecutivas mantendo viva a mesma forma de express\u00e3o.\r\n<\/p><p>\r\nEssas pinturas, conhecidas como estilo Rio Pecos, s\u00e3o encontradas principalmente nas paredes de calc\u00e1rio dos c\u00e2nions da regi\u00e3o chamada Lower Pecos Canyonlands. O mais surpreendente \u00e9 que, durante todo esse tempo enorme, o jeito de pintar e os temas quase n\u00e3o mudaram. Os artistas seguiam regras muito r\u00edgidas na ordem das cores, nos s\u00edmbolos usados e na maneira de contar hist\u00f3rias, como se existisse um manual secreto passado de gera\u00e7\u00e3o em gera\u00e7\u00e3o.\r\n<\/p><p>\r\nPara os cientistas, essas imagens n\u00e3o s\u00e3o apenas desenhos bonitos: elas representam a &#8220;cosmovis\u00e3o? desses povos, ou seja, toda a forma como eles entendiam o universo, a cria\u00e7\u00e3o do mundo, o tempo, a vida e a morte. S\u00e3o verdadeiras narrativas visuais que contam mitos antigos e ensinam rituais sagrados. Algumas dessas pinturas s\u00e3o gigantescas, com mais de 30 metros de comprimento e 6 metros de altura, cheias de figuras de animais, pessoas e s\u00edmbolos misteriosos, tudo feito com v\u00e1rias cores vibrantes.\r\n<\/p><p>\r\nQuem fez essas obras eram ca\u00e7adores-coletores n\u00f4mades, pessoas que viviam se deslocando, mas que tinham um conhecimento extremamente sofisticado do mundo espiritual. Apesar de mudarem ferramentas de pedra e t\u00e9cnicas de tecelagem ao longo dos mil\u00eanios, a maneira de pintar e o significado das imagens permaneceram praticamente iguais, o que mostra o quanto essa vis\u00e3o de mundo era importante e forte para eles.\r\n<\/p><p>\r\n<div class=\"wp-block-image\"><figure><img src=\"https:\/\/vendedoradesonhos.com.br\/upload\/1\/sites\/25\/img_41122b_1200.jpg\" alt=\"\" style=\"width:100%\"><figcaption>Um exemplo de arte no estilo do Rio Pecos, representando uma figura humanoide segurando um lan\u00e7ador de dardos preto, com um dardo em uma das m\u00e3os e dardos vermelhos e um bast\u00e3o na outra. (Cr\u00e9dito da imagem: Cortesia do Centro de Pesquisa e Educa\u00e7\u00e3o Arqueol\u00f3gica de Shumla)<\/figcaption><\/figure><\/div><hr><\/p><p>Os pesquisadores conseguiram datar as pinturas com precis\u00e3o usando dois m\u00e9todos diferentes de carbono-14 que nunca tinham sido combinados antes. Assim, tiveram certeza de que as obras realmente t\u00eam entre 6 mil e 1 mil anos de idade. Quando analisaram o conte\u00fado das pinturas, viram que os artistas sempre seguiam a mesma sequ\u00eancia ao aplicar as cores, mesmo separados por centenas ou milhares de anos.\r\n<\/p><p>\r\nO mais fascinante \u00e9 que muitos elementos dessa cosmovis\u00e3o antiga aparecem depois em civiliza\u00e7\u00f5es maiores, como os astecas, e ainda est\u00e3o vivos hoje em comunidades ind\u00edgenas, por exemplo entre os huicholes do M\u00e9xico. Para os povos ind\u00edgenas atuais que visitam esses locais, as pinturas n\u00e3o s\u00e3o apenas imagens do passado: elas s\u00e3o consideradas seres vivos, ancestrais sagrados que continuam criando e cuidando do universo at\u00e9 hoje.\r\n<\/p><p>\r\n<div class=\"wp-block-image\"><figure><img src=\"https:\/\/vendedoradesonhos.com.br\/upload\/1\/sites\/25\/img_41122c_1200.jpg\" alt=\"\" style=\"width:100%\"><figcaption>Desenhos mais caracter\u00edsticos da tradi\u00e7\u00e3o do estilo do Rio Pecos, exemplos dos quais s\u00e3o encontrados em toda a regi\u00e3o dos C\u00e2nions do Baixo Pecos. (Cr\u00e9dito da imagem: adx7205_Figure_fig4_seq4_v1.jpg &#8211; Steelman et al., Sci. Adv. 11, eadx7205, Ilustra\u00e7\u00e3o de Carolyn E. Boyd)<\/figcaption><\/figure><\/div><hr><\/p><p>Esses murais podem ser o registro visual mais antigo que existe de uma mesma cren\u00e7a profunda sobre o cosmos, uma cren\u00e7a que atravessou mil\u00eanios, influenciou grandes civiliza\u00e7\u00f5es e ainda pulsa forte no cora\u00e7\u00e3o dos povos origin\u00e1rios das Am\u00e9ricas. \u00c9 como se, nas paredes dos c\u00e2nions, estivesse guardada uma biblioteca gigante escrita por 175 gera\u00e7\u00f5es de artistas, contando hist\u00f3rias que nunca deixaram de fazer sentido.\r\n<\/p><p>\r\n<hr>\r\n\r\n<p style=\"text-align:right\"><em>Publicado em 30\/11\/2025 17h22<\/em><\/p>\r\n<hr>\r\n<p style=\"text-align:right\"><em><a href=\"https:\/\/terrarara.com.br\/en\/?page_id=3449\">English version<\/a><\/em><\/p>\r\n<hr>\r\n\r\n\t\t\t<hr>\r\n\t\r\n\t\t\t\r\n\r\n<p>Estudo original: <\/p>\r\n\r\n\r\n\r\n<ul><li><a href=\"https:\/\/doi.org\/10.1126\/sciadv.adx7205\" target=\"_blank\">https:\/\/doi.org\/10.1126\/sciadv.adx7205<\/a><\/li><\/ul>\r\n\r\n\r\n\r\n<hr class=\"wp-block-separator is-style-wide\"\/>\r\n\r\n<div style=\"position: buttonline;\"><iframe loading=\"lazy\" src=\"https:\/\/vendedoradesonhos.com.br\/rodape_sites.php?arg=41122\" frameborder=\"0\" height=\"420px\" width=\"100%\"><\/iframe><\/div>\r\n<div style=\"position: buttonline;\"><iframe loading=\"lazy\" src=\"https:\/\/vendedoradesonhos.com.br\/comentario_navegacao.php?arg=41122\" frameborder=\"0\" height=\"500px\" width=\"100%\"><\/iframe><\/div>\r\n<div style=\"position:absolute; width:40%; height:70px; top:-70px; left:0px;\"><iframe loading=\"lazy\" src=\"https:\/\/vendedoradesonhos.com.br\/oferta_site_esq.php?arg=41122\" frameborder=\"0\" height=\"100%\" width=\"100%\"><\/iframe><\/div>\r\n<div style=\"position:absolute; width:40%; height:70px; top:-70px; right:0px;\"><iframe loading=\"lazy\" src=\"https:\/\/vendedoradesonhos.com.br\/oferta_site_dir.php?arg=41122\" frameborder=\"0\" height=\"100%;\" width=\"100%\"><\/iframe><\/div>\r\n\r\n<div class=\"wp-block-image\"><figure><iframe loading=\"lazy\" src=\"https:\/\/vendedoradesonhos.com.br\/oferta_site_central.php\" width=\"100%\" height=\"330\" frameborder=\"0\"><\/iframe><figcaption>{teste}<\/figcaption><\/figure><\/div><hr>","protected":false},"excerpt":{"rendered":"","protected":false},"author":1,"featured_media":0,"parent":41,"menu_order":0,"comment_status":"closed","ping_status":"closed","template":"","meta":[],"_links":{"self":[{"href":"https:\/\/terrarara.com.br\/index.php?rest_route=\/wp\/v2\/pages\/26327"}],"collection":[{"href":"https:\/\/terrarara.com.br\/index.php?rest_route=\/wp\/v2\/pages"}],"about":[{"href":"https:\/\/terrarara.com.br\/index.php?rest_route=\/wp\/v2\/types\/page"}],"author":[{"embeddable":true,"href":"https:\/\/terrarara.com.br\/index.php?rest_route=\/wp\/v2\/users\/1"}],"replies":[{"embeddable":true,"href":"https:\/\/terrarara.com.br\/index.php?rest_route=%2Fwp%2Fv2%2Fcomments&post=26327"}],"version-history":[{"count":0,"href":"https:\/\/terrarara.com.br\/index.php?rest_route=\/wp\/v2\/pages\/26327\/revisions"}],"up":[{"embeddable":true,"href":"https:\/\/terrarara.com.br\/index.php?rest_route=\/wp\/v2\/pages\/41"}],"wp:attachment":[{"href":"https:\/\/terrarara.com.br\/index.php?rest_route=%2Fwp%2Fv2%2Fmedia&parent=26327"}],"curies":[{"name":"wp","href":"https:\/\/api.w.org\/{rel}","templated":true}]}}