{"id":26282,"date":"2025-11-21T12:38:30","date_gmt":"2025-11-21T12:38:30","guid":{"rendered":"https:\/\/terrarara.com.br\/?page_id=26282"},"modified":"2025-11-21T12:38:30","modified_gmt":"2025-11-21T12:38:30","slug":"galaxia-sem-metais-pode-esconder-as-primeiras-estrelas-do-universo","status":"publish","type":"page","link":"https:\/\/terrarara.com.br\/?page_id=26282","title":{"rendered":"Gal\u00e1xia &#8221;sem metais&#8221; pode esconder as primeiras estrelas do universo"},"content":{"rendered":"<div class=\"wp-block-image\"><figure><img src=\"https:\/\/vendedoradesonhos.com.br\/upload\/1\/sites\/25\/img_41014_1200.jpg\" alt=\"\" style=\"width:100%\"><figcaption>Concep\u00e7\u00e3o art\u00edstica de uma enorme estrela Pop III. Cr\u00e9dito: NOIRLab\/NSF\/AURA\/J. da Silva\/Spaceengine<\/figcaption><\/figure><\/div><hr><\/p><p>\r\n<!-- audio -->\r\n<button onclick=\"this.nextElementSibling.play()\" \r\n  style=\"padding:12px 25px; font-size:18px; border:none; border-radius:8px; cursor:pointer;\">Ouvir<\/button>\r\n<audio src=\"https:\/\/vendedoradesonhos.com.br\/audios\/41014.mp3\" preload=\"none\"><\/audio><\/p><p>\t<a href=\"https:\/\/doi.org\/10.3847\/2041-8213\/ae1608\" target=\"_blank\">doi.org\/10.3847\/2041-8213\/ae1608<\/a><br><a href=\"https:\/\/vendedoradesonhos.com.br\/credibilidade_estudo.php?c=41014\">Credibilidade<\/a>: <font color=\"#00FFFF\">9<\/font><font color=\"#00FF00\">8<\/font><font color=\"#FFFF00\">9<\/font><br><a href=''https:\/\/terrarara.com.br\"s=gal\u00e1xia''>#Gal\u00e1xia<\/a>\u00a0<\/p><p><\/p><p>\r\n\t<strong>O Universo est\u00e1 em constante evolu\u00e7\u00e3o h\u00e1 bilh\u00f5es de anos. Gra\u00e7as \u00e0 expans\u00e3o do espa\u00e7o, conseguimos olhar para tr\u00e1s no tempo e observar quase desde o seu in\u00edcio como tudo aconteceu. <\/p><p>\r\n<\/strong><\/p><p>De vez em quando, por\u00e9m, aparece algo que n\u00e3o encaixa nas teorias que j\u00e1 temos.\r\n<\/p><p>\r\nFoi exatamente isso que aconteceu com uma gal\u00e1xia descoberta por uma equipe liderada pela estudante de doutorado Sijia Cai, da Universidade Tsinghua, na China. Eles encontraram uma gal\u00e1xia que se formou h\u00e1 cerca de 11 bilh\u00f5es de anos e que parece ser completamente &#8220;livre de metais&#8221;. Isso significa que ela pode abrigar as estrelas da primeira gera\u00e7\u00e3o que existiu no Universo, as chamadas estrelas de Popula\u00e7\u00e3o III (ou Pop III).\r\n<\/p><p>\r\n<b>O que s\u00e3o estrelas de Popula\u00e7\u00e3o III?<\/b>\r\n<\/p><p>\r\nAs estrelas de Popula\u00e7\u00e3o III s\u00e3o consideradas as primeiras estrelas que surgiram logo ap\u00f3s o Big Bang. Elas eram feitas quase exclusivamente de hidrog\u00eanio e h\u00e9lio &#8211; os elementos mais leves criados logo no in\u00edcio do Universo. Todos os elementos mais pesados (que os astr\u00f4nomos chamam de &#8220;metais&#8221;, como oxig\u00eanio, carbono e ferro) s\u00f3 s\u00e3o produzidos dentro das estrelas ou nas explos\u00f5es de supernovas. Por isso, as primeiras estrelas n\u00e3o podiam ter nenhum metal.\r\n<\/p><p>\r\nOs cientistas procuram essas estrelas h\u00e1 d\u00e9cadas, mas nunca tinham encontrado nenhuma com certeza. O lugar mais \u00f3bvio para procurar seria na \u00c9poca da Reioniza\u00e7\u00e3o, um per\u00edodo que aconteceu at\u00e9 1 bilh\u00e3o de anos ap\u00f3s o Big Bang, quando o Universo ainda era muito jovem e as primeiras estrelas estavam come\u00e7ando a nascer.\r\n<\/p><p><\/p><p>\r\n<b>Uma surpresa 2 bilh\u00f5es de anos depois<\/b>\r\n<\/p><p>\r\nO que deixou os pesquisadores boquiabertos foi que essa gal\u00e1xia apareceu bem depois dessa \u00e9poca &#8211; cerca de 2 bilh\u00f5es de anos mais tarde. Nessa altura, muitas estrelas j\u00e1 tinham nascido, vivido e morrido, espalhando metais pelo espa\u00e7o ao redor. Qualquer nuvem de g\u00e1s que fosse formar novas estrelas j\u00e1 deveria estar &#8220;contaminada&#8221; por esses metais. Pelo menos era isso que a teoria previa.\r\n<\/p><p>\r\nMas, usando dados do Telesc\u00f3pio Espacial James Webb (James Webb), do Very Large Telescope (VLT) e do Telesc\u00f3pio Subaru, a equipe identificou uma gal\u00e1xia batizada de MPG-CR3 (ou simplesmente CR3). O espectro dessa gal\u00e1xia \u00e9 \u00fanico: linhas muito limpas de hidrog\u00eanio e h\u00e9lio e quase nenhuma presen\u00e7a de elementos mais pesados, como oxig\u00eanio. A quantidade m\u00e1xima de metais nas estrelas dessa gal\u00e1xia \u00e9 de apenas 0,7% da quantidade que temos no Sol.\r\n<\/p><p>\r\nAl\u00e9m disso, a gal\u00e1xia parece ter apenas 2 milh\u00f5es de anos de idade &#8211; \u00e9 um beb\u00ea em termos c\u00f3smicos! Conseguimos v\u00ea-la t\u00e3o jovem porque a luz que chega at\u00e9 n\u00f3s saiu dela h\u00e1 11 bilh\u00f5es de anos; a expans\u00e3o do espa\u00e7o faz com que olhemos para o passado distante.\r\n<\/p><p>\r\nCR3 tamb\u00e9m tem pouca poeira e estrelas relativamente pequenas, algo raro para a \u00e9poca em que vivia, conhecida como &#8220;Meio-Dia C\u00f3smico&#8221;, quando a maioria das gal\u00e1xias continha estrelas gigantescas.\r\n<\/p><p><\/p><p>\r\n<b>Um detalhe que ainda falta<\/b>\r\n<\/p><p>\r\nPara confirmar que realmente estamos vendo estrelas de Popula\u00e7\u00e3o III, os cientistas gostariam de detectar uma linha espec\u00edfica no espectro: a linha de emiss\u00e3o do h\u00e9lio ionizado (He II). Ela costuma aparecer quando essas estrelas primitivas est\u00e3o brilhando forte. Infelizmente, essa linha n\u00e3o foi vista nos dados do VLT. Os autores explicam que pode haver duas raz\u00f5es: ou uma outra linha forte (de mol\u00e9culas de OH) est\u00e1 mascarando o sinal, ou o brilho do He II j\u00e1 diminuiu, pois ele enfraquece rapidamente alguns milh\u00f5es de anos ap\u00f3s o nascimento das estrelas.\r\n<\/p><p><\/p><p>\r\n<b>Como essa gal\u00e1xia escapou da &#8220;contamina\u00e7\u00e3o&#8221;?<\/b>\r\n<\/p><p>\r\nA explica\u00e7\u00e3o mais prov\u00e1vel \u00e9 o isolamento. CR3 est\u00e1 em uma regi\u00e3o do espa\u00e7o quase vazia, chamada de &#8220;regi\u00e3o subdensada&#8221;. Quando a nuvem de g\u00e1s que deu origem a essa gal\u00e1xia finalmente colapsou e come\u00e7ou formando estrelas, os metais produzidos pelas estrelas vizinhas ainda n\u00e3o tinham chegado at\u00e9 l\u00e1. Ela ficou sozinha, longe de tudo, e conseguiu criar sua pr\u00f3pria primeira gera\u00e7\u00e3o de estrelas bilh\u00f5es de anos depois do que esper\u00e1vamos.\r\n<\/p><p><\/p><p>\r\n<b>Por que isso \u00e9 t\u00e3o importante?<\/b>\r\n<\/p><p>\r\nSe for confirmado que CR3 realmente cont\u00e9m estrelas de Popula\u00e7\u00e3o III, ser\u00e1 a primeira vez que encontramos uma gal\u00e1xia assim. E o melhor: ela est\u00e1 muito mais &#8220;perto&#8221; (em termos de tempo c\u00f3smico) do que imagin\u00e1vamos. Isso tornaria essas estrelas misteriosas muito mais f\u00e1ceis de estudar com os telesc\u00f3pios atuais.\r\n<\/p><p>\r\nFalta ainda coletar mais dados, especialmente para confirmar ou explicar de vez a aus\u00eancia da linha de He II. Mas, se tudo se confirmar, os astr\u00f4nomos v\u00e3o passar muito tempo olhando para essa gal\u00e1xia que \u00e9, ao mesmo tempo, incrivelmente jovem e incrivelmente antiga &#8211; um verdadeiro tesouro escondido do Universo primitivo.\r\n<\/p><p><\/p><p>\r\n<hr>\r\n\r\n<p style=\"text-align:right\"><em>Publicado em 21\/11\/2025 12h38<\/em><\/p>\r\n<hr>\r\n<p style=\"text-align:right\"><em><a href=\"https:\/\/terrarara.com.br\/en\/?page_id=3404\">English version<\/a><\/em><\/p>\r\n<hr>\r\n\r\n\t\t\t<hr>\r\n\t\r\n\t\t\t\r\n\r\n<p>Estudo original: <\/p>\r\n\r\n\r\n\r\n<ul><li><a href=\"https:\/\/doi.org\/10.3847\/2041-8213\/ae1608\" target=\"_blank\">https:\/\/doi.org\/10.3847\/2041-8213\/ae1608<\/a><\/li><\/ul>\r\n\r\n\r\n\r\n<hr class=\"wp-block-separator is-style-wide\"\/>\r\n\r\n<div style=\"position: buttonline;\"><iframe loading=\"lazy\" src=\"https:\/\/vendedoradesonhos.com.br\/rodape_sites.php?arg=41014\" frameborder=\"0\" height=\"420px\" width=\"100%\"><\/iframe><\/div>\r\n<div style=\"position: buttonline;\"><iframe loading=\"lazy\" src=\"https:\/\/vendedoradesonhos.com.br\/comentario_navegacao.php?arg=41014\" frameborder=\"0\" height=\"500px\" width=\"100%\"><\/iframe><\/div>\r\n<div style=\"position:absolute; width:40%; height:70px; top:-70px; left:0px;\"><iframe loading=\"lazy\" src=\"https:\/\/vendedoradesonhos.com.br\/oferta_site_esq.php?arg=41014\" frameborder=\"0\" height=\"100%\" width=\"100%\"><\/iframe><\/div>\r\n<div style=\"position:absolute; width:40%; height:70px; top:-70px; right:0px;\"><iframe loading=\"lazy\" src=\"https:\/\/vendedoradesonhos.com.br\/oferta_site_dir.php?arg=41014\" frameborder=\"0\" height=\"100%;\" width=\"100%\"><\/iframe><\/div>\r\n\r\n<div class=\"wp-block-image\"><figure><iframe loading=\"lazy\" src=\"https:\/\/vendedoradesonhos.com.br\/oferta_site_central.php\" width=\"100%\" height=\"330\" frameborder=\"0\"><\/iframe><figcaption>{teste}<\/figcaption><\/figure><\/div><hr>","protected":false},"excerpt":{"rendered":"","protected":false},"author":1,"featured_media":0,"parent":688,"menu_order":0,"comment_status":"closed","ping_status":"closed","template":"","meta":[],"_links":{"self":[{"href":"https:\/\/terrarara.com.br\/index.php?rest_route=\/wp\/v2\/pages\/26282"}],"collection":[{"href":"https:\/\/terrarara.com.br\/index.php?rest_route=\/wp\/v2\/pages"}],"about":[{"href":"https:\/\/terrarara.com.br\/index.php?rest_route=\/wp\/v2\/types\/page"}],"author":[{"embeddable":true,"href":"https:\/\/terrarara.com.br\/index.php?rest_route=\/wp\/v2\/users\/1"}],"replies":[{"embeddable":true,"href":"https:\/\/terrarara.com.br\/index.php?rest_route=%2Fwp%2Fv2%2Fcomments&post=26282"}],"version-history":[{"count":0,"href":"https:\/\/terrarara.com.br\/index.php?rest_route=\/wp\/v2\/pages\/26282\/revisions"}],"up":[{"embeddable":true,"href":"https:\/\/terrarara.com.br\/index.php?rest_route=\/wp\/v2\/pages\/688"}],"wp:attachment":[{"href":"https:\/\/terrarara.com.br\/index.php?rest_route=%2Fwp%2Fv2%2Fmedia&parent=26282"}],"curies":[{"name":"wp","href":"https:\/\/api.w.org\/{rel}","templated":true}]}}