{"id":26262,"date":"2025-11-18T09:41:47","date_gmt":"2025-11-18T09:41:47","guid":{"rendered":"https:\/\/terrarara.com.br\/?page_id=26262"},"modified":"2025-11-18T09:41:47","modified_gmt":"2025-11-18T09:41:47","slug":"depois-de-2000-anos-cientistas-resolvem-o-enigma-dos-olhos-independentes-do-camaleao","status":"publish","type":"page","link":"https:\/\/terrarara.com.br\/?page_id=26262","title":{"rendered":"Depois de 2.000 anos, cientistas resolvem o enigma dos olhos independentes do camale\u00e3o"},"content":{"rendered":"<div class=\"wp-block-image\"><figure><img src=\"https:\/\/vendedoradesonhos.com.br\/img\/sites\/img_olhos_camaleao.jpg\" alt=\"\" style=\"width:100%\"><figcaption>Imagem via <a href=\"https:\/\/unsplash.com\/pt-br\/fotografias\/camaleao-verde-e-amarelo--5mHMfz_CMY\" target=\"_blank\">Unsplash<\/a><\/figcaption><\/figure><\/div><hr><\/p><p>\r\n\t<a href=\"https:\/\/vendedoradesonhos.com.br\/credibilidade_estudo.php?c=40970\">Credibilidade<\/a>: <font color=\"#00FFFF\">9<\/font><font color=\"#00FF00\">8<\/font><font color=\"#FFFF00\">9<\/font><br><a href=''https:\/\/terrarara.com.br\"s=camale\u00e3o''>#Camale\u00e3o<\/a>\u00a0<\/p><p><\/p><p>\r\n\t<strong>Os olhos do camale\u00e3o que giram para todos os lados e conseguem olhar em duas dire\u00e7\u00f5es diferentes ao mesmo tempo fascinam a humanidade desde a Gr\u00e9cia Antiga<\/strong><\/p><p> Arist\u00f3teles, h\u00e1 mais de dois mil anos, chegou a dizer que esses animais nem tinham nervos \u00f3pticos &#8211; os olhos estariam ligados diretamente ao c\u00e9rebro. Durante s\u00e9culos, fil\u00f3sofos, m\u00e9dicos e cientistas tentaram entender o segredo por tr\u00e1s desse movimento quase m\u00e1gico. S\u00f3 agora, em 2025, o mist\u00e9rio foi finalmente resolvido: os nervos \u00f3pticos dos camale\u00f5es s\u00e3o enrolados em longas espirais, como molas, permitindo que os olhos girem quase 360\u00b0 sem se romperem ou ficarem esticados. Essa estrutura \u00e9 \u00fanica entre todos os lagartos do planeta.\r\n<\/p><p>\r\n&#8220;Os olhos do camale\u00e3o s\u00e3o como c\u00e2meras de seguran\u00e7a que vigiam tudo ao redor&#8221;, explica Juan Daza, professor da Sam Houston State University e principal autor do estudo. &#8220;Cada olho se move sozinho enquanto o animal procura presas. Quando encontra um inseto, os dois olhos se alinham imediatamente na mesma dire\u00e7\u00e3o para calcular a dist\u00e2ncia e disparar a l\u00edngua com precis\u00e3o.&#8221;\r\n<\/p><p>\r\n<div class=\"wp-block-image\"><figure><img src=\"https:\/\/vendedoradesonhos.com.br\/upload\/1\/sites\/25\/img_40970b_1200.jpg\" alt=\"\" style=\"width:100%\"><figcaption>Cientistas descobriram nervos \u00f3pticos espiralados em camale\u00f5es, uma caracter\u00edstica desconhecida em qualquer outro lagarto e rara entre todos os animais. Cr\u00e9dito: Collins et al., 2025<\/figcaption><\/figure><\/div><hr><\/p><p><b>Uma descoberta que quase ningu\u00e9m viu<\/b>\r\n<\/p><p>\r\nTudo come\u00e7ou em 2017, quando Edward Stanley, do Museu de Hist\u00f3ria Natural da Fl\u00f3rida, fazia uma tomografia computadorizada de um camale\u00e3o-folha min\u00fasculo (Brookesia minima). Dentro do cr\u00e2nio, ele viu algo nunca registrado: os nervos \u00f3pticos enrolados como espirais perfeitas. Os dois pesquisadores ficaram t\u00e3o chocados que acharam que algu\u00e9m j\u00e1 devia ter descrito aquilo. Vasculharam bibliotecas inteiras, textos em latim, franc\u00eas, italiano e at\u00e9 misturas de idiomas antigos. Nada. Nem Isaac Newton, que escreveu sobre os olhos do camale\u00e3o em 1704, nem os anatomistas do s\u00e9culo XIX que desenharam peda\u00e7os do nervo tinham percebido a mola completa.\r\n<\/p><p>\r\nPor qu\u00ea ningu\u00e9m viu antes? Porque, durante s\u00e9culos, a \u00fanica forma de estudar era dissecando o animal com bisturi. Ao abrir o cr\u00e2nio, o delicado nervo \u00f3ptico se deslocava ou era cortado, perdendo exatamente a forma enrolada que agora a tomografia revela sem tocar no bicho.\r\n<\/p><p><\/p><p>\r\n<b>Mestres da vida nas \u00e1rvores<\/b>\r\n<\/p><p>\r\nCamale\u00f5es vivem na \u00c1frica, em partes da Europa e da \u00c1sia, quase sempre nos galhos. Para isso, evolu\u00edram adapta\u00e7\u00f5es incr\u00edveis: cauda que enrola e segura como uma m\u00e3o extra, p\u00e9s em forma de pin\u00e7a, movimento lent\u00edssimo para n\u00e3o serem notados. Velocidade eles n\u00e3o t\u00eam &#8211; nem precisam. A arma \u00e9 a l\u00edngua-catapulta, que sai de 0 a 100 km\/h em um cent\u00e9simo de segundo e pode ser maior que o dobro do corpo do animal.\r\n<\/p><p>\r\nComo o pesco\u00e7o quase n\u00e3o vira, a solu\u00e7\u00e3o foi deixar os olhos fazerem o trabalho. Em outros animais, nervos \u00f3pticos s\u00e3o retos ou levemente ondulados. Nos camale\u00f5es, viraram molas de telefone antigo: quanto mais o olho gira, mais a espiral se desenrola, dando folga sem esticar ou torcer o nervo.\r\n<\/p><p><\/p><p>\r\n<b>Como a mola se forma<\/b>\r\n<\/p><p>\r\nOs cientistas analisaram embri\u00f5es de camale\u00e3o-velado (Chamaeleo calyptratus) em diferentes est\u00e1gios. Logo no come\u00e7o, os nervos \u00f3pticos s\u00e3o retos. Perto do nascimento, eles crescem tanto que come\u00e7am a enrolar sozinhos dentro do cr\u00e2nio. Quando o filhote sai do ovo, j\u00e1 nasce com os dois olhos totalmente m\u00f3veis e as molas prontas.\r\n<\/p><p><\/p><p>\r\n<b>Por que s\u00f3 o camale\u00e3o tem isso?<\/b>\r\n<\/p><p>\r\nEntre os vertebrados, quem tem olhos grandes geralmente escolhe uma de duas estrat\u00e9gias: virar muito o pesco\u00e7o (como corujas e l\u00eamures) ou ter nervos \u00f3pticos flex\u00edveis (como n\u00f3s, humanos). Camale\u00f5es n\u00e3o conseguem virar o pesco\u00e7o quase nada, ent\u00e3o inventaram a mola &#8211; uma solu\u00e7\u00e3o t\u00e3o rara que s\u00f3 aparece em alguns invertebrados, como a mosca-dos-olhos-em-p\u00e9.\r\n<\/p><p>\r\n&#8220;\u00c9 igual ao fio de telefone antigo&#8221;, brinca Daza. &#8220;No come\u00e7o era reto e curto. Depois algu\u00e9m enrolou para dar mais alcance. O camale\u00e3o fez a mesma coisa com o nervo \u00f3ptico: enrolou para o olho poder girar o quanto quisesse.&#8221;\r\n<\/p><p><\/p><p>\r\n<b>Uma revolu\u00e7\u00e3o silenciosa<\/b>\r\n<\/p><p>\r\nA descoberta s\u00f3 foi poss\u00edvel gra\u00e7as a dois avan\u00e7os: tomografias que enxergam dentro do cr\u00e2nio sem abrir nada e projetos como o oVert, que disponibilizam gratuitamente modelos 3D de milhares de animais para cientistas do mundo inteiro. Analisando mais de 30 esp\u00e9cies de lagartos e cobras, os pesquisadores confirmaram: s\u00f3 os camale\u00f5es t\u00eam nervos \u00f3pticos t\u00e3o longos e enrolados.\r\n<\/p><p>\r\nDepois de Arist\u00f3teles, Newton, dezenas de anatomistas e mais de dois mil anos de curiosidade, o segredo estava l\u00e1, escondido dentro da cabe\u00e7a do camale\u00e3o, esperando a tecnologia certa para ser visto. Como disse Edward Stanley: &#8220;\u00c9 emocionante ser quem d\u00e1 o pr\u00f3ximo passo nessa estrada t\u00e3o longa de entender o que diabos acontece dentro da cabe\u00e7a de um camale\u00e3o.&#8221;\r\n<\/p><p><\/p><p>\r\n<b>A natureza ainda guarda surpresas &#8211; e, \u00e0s vezes, as maiores delas estavam bem na nossa frente o tempo todo.<\/b><\/p><p><\/p><p>\r\n<hr>\r\n\r\n<p style=\"text-align:right\"><em>Publicado em 18\/11\/2025 09h41<\/em><\/p>\r\n<hr>\r\n<p style=\"text-align:right\"><em><a href=\"https:\/\/terrarara.com.br\/en\/?page_id=3384\">English version<\/a><\/em><\/p>\r\n<hr>\r\n\r\n\t\t\t<hr>\r\n\t\t\t<p>Artigo referencia:<\/p>\r\n\t\t\r\n\t\t\t\r\n\r\n<ul><li><a href=\"https:\/\/scitechdaily.com\/after-2000-years-scientists-finally-solve-the-riddle-of-the-chameleons-wandering-eye\/\" target=\"_blank\">https:\/\/scitechdaily.com\/after-2000-years-scientists-finally-solve-the-riddle-of-the-chameleons-wandering-eye\/<\/a><\/li><\/ul>\r\n\r\n\r\n\r\n\r\n<hr class=\"wp-block-separator is-style-wide\"\/>\r\n\r\n<div style=\"position: buttonline;\"><iframe loading=\"lazy\" src=\"https:\/\/vendedoradesonhos.com.br\/rodape_sites.php?arg=40970\" frameborder=\"0\" height=\"420px\" width=\"100%\"><\/iframe><\/div>\r\n<div style=\"position: buttonline;\"><iframe loading=\"lazy\" src=\"https:\/\/vendedoradesonhos.com.br\/comentario_navegacao.php?arg=40970\" frameborder=\"0\" height=\"500px\" width=\"100%\"><\/iframe><\/div>\r\n<div style=\"position:absolute; width:40%; height:70px; top:-70px; left:0px;\"><iframe loading=\"lazy\" src=\"https:\/\/vendedoradesonhos.com.br\/oferta_site_esq.php?arg=40970\" frameborder=\"0\" height=\"100%\" width=\"100%\"><\/iframe><\/div>\r\n<div style=\"position:absolute; width:40%; height:70px; top:-70px; right:0px;\"><iframe loading=\"lazy\" src=\"https:\/\/vendedoradesonhos.com.br\/oferta_site_dir.php?arg=40970\" frameborder=\"0\" height=\"100%;\" width=\"100%\"><\/iframe><\/div>\r\n\r\n\r\n<div class=\"wp-block-image\"><figure><iframe loading=\"lazy\" src=\"https:\/\/vendedoradesonhos.com.br\/oferta_site_central.php\" width=\"100%\" height=\"330\" frameborder=\"0\"><\/iframe><figcaption>{teste}<\/figcaption><\/figure><\/div><hr>","protected":false},"excerpt":{"rendered":"","protected":false},"author":1,"featured_media":0,"parent":6142,"menu_order":0,"comment_status":"closed","ping_status":"closed","template":"","meta":[],"_links":{"self":[{"href":"https:\/\/terrarara.com.br\/index.php?rest_route=\/wp\/v2\/pages\/26262"}],"collection":[{"href":"https:\/\/terrarara.com.br\/index.php?rest_route=\/wp\/v2\/pages"}],"about":[{"href":"https:\/\/terrarara.com.br\/index.php?rest_route=\/wp\/v2\/types\/page"}],"author":[{"embeddable":true,"href":"https:\/\/terrarara.com.br\/index.php?rest_route=\/wp\/v2\/users\/1"}],"replies":[{"embeddable":true,"href":"https:\/\/terrarara.com.br\/index.php?rest_route=%2Fwp%2Fv2%2Fcomments&post=26262"}],"version-history":[{"count":0,"href":"https:\/\/terrarara.com.br\/index.php?rest_route=\/wp\/v2\/pages\/26262\/revisions"}],"up":[{"embeddable":true,"href":"https:\/\/terrarara.com.br\/index.php?rest_route=\/wp\/v2\/pages\/6142"}],"wp:attachment":[{"href":"https:\/\/terrarara.com.br\/index.php?rest_route=%2Fwp%2Fv2%2Fmedia&parent=26262"}],"curies":[{"name":"wp","href":"https:\/\/api.w.org\/{rel}","templated":true}]}}