{"id":26229,"date":"2025-11-14T09:04:53","date_gmt":"2025-11-14T09:04:53","guid":{"rendered":"https:\/\/terrarara.com.br\/?page_id=26229"},"modified":"2025-11-14T09:04:53","modified_gmt":"2025-11-14T09:04:53","slug":"tainrakuasuchus-bellator-o-guerreiro-ancestral-dos-crocodilos-descoberto-no-brasil","status":"publish","type":"page","link":"https:\/\/terrarara.com.br\/?page_id=26229","title":{"rendered":"Tainrakuasuchus Bellator: O guerreiro ancestral dos crocodilos descoberto no Brasil"},"content":{"rendered":"<div class=\"wp-block-image\"><figure><img src=\"https:\/\/vendedoradesonhos.com.br\/upload\/1\/sites\/25\/img_40920_1200.jpg\" alt=\"\" style=\"width:100%\"><figcaption>Infogr\u00e1fico de Tainrakuasuchus bellator. Cr\u00e9dito: Caio Fantini, Rodrigo Temp M\u00fcller, Mauricio Garcia<\/figcaption><\/figure><\/div><hr><\/p><p>\r\n\t<a href=\"https:\/\/doi.org\/10.1080\/14772019.2025.2573750\" target=\"_blank\">doi.org\/10.1080\/14772019.2025.2573750<\/a><br><a href=\"https:\/\/vendedoradesonhos.com.br\/credibilidade_estudo.php?c=40920\">Credibilidade<\/a>: <font color=\"#00FFFF\">9<\/font><font color=\"#00FF00\">8<\/font><font color=\"#FFFF00\">9<\/font><br><a href=''https:\/\/terrarara.com.br\"s=tainrakuasuchus''>#Tainrakuasuchus<\/a>\u00a0<\/p><p><\/p><p>\r\n\t<strong>Um r\u00e9ptil carn\u00edvoro rec\u00e9m-descoberto, que \u00e0 primeira vista poderia ser confundido com um dinossauro, \u00e9, na verdade, um ancestral dos crocodilos modernos<\/strong><\/p><p> Chamado *Tainrakuasuchus bellator*, esse animal impressionante viveu h\u00e1 240 milh\u00f5es de anos, antes mesmo dos primeiros dinossauros, durante o per\u00edodo Tri\u00e1ssico. Seu nome combina palavras do idioma guarani, &#8220;tain? (dente) e &#8220;rakua? (pontiagudo), com o grego &#8220;suchus? (crocodilo), referindo-se aos seus dentes afiados, e &#8220;bellator&#8221;, do latim, que significa &#8220;guerreiro? ou &#8220;lutador&#8221;. Essa \u00faltima parte do nome \u00e9 uma homenagem \u00e0 for\u00e7a e resili\u00eancia do povo do Rio Grande do Sul, especialmente ap\u00f3s as recentes enchentes que afetaram o estado.\r\n<\/p><p>\r\nCom cerca de 2,4 metros de comprimento e 60 quilos, o *Tainrakuasuchus bellator* era um predador \u00e1gil e dominante em seu tempo. Ele pertencia ao grupo dos pseudos\u00faquios, que inclui os ancestrais dos crocodilos e jacar\u00e9s modernos. Diferentemente dos dinossauros, sua estrutura p\u00e9lvica, com articula\u00e7\u00f5es espec\u00edficas no quadril e f\u00eamur, o distingue claramente. Equipado com um pesco\u00e7o longo e movimentos r\u00e1pidos, ele ca\u00e7ava usando uma mand\u00edbula fina repleta de dentes recurvados e afiados, perfeitos para segurar presas e impedi-las de escapar. Sua costas eram protegidas por placas \u00f3sseas, chamadas osteodermas, semelhantes \u00e0s encontradas em crocodilos atuais. Apesar de seus membros n\u00e3o terem sido preservados, os cientistas acreditam que ele se movia sobre quatro patas, diferente de alguns de seus parentes pr\u00f3ximos.\r\n<\/p><p>\r\n<div class=\"wp-block-image\"><figure><img src=\"https:\/\/vendedoradesonhos.com.br\/upload\/1\/sites\/25\/img_40920b_1200.jpg\" alt=\"\" style=\"width:100%\"><figcaption>Tainrakuasuchus bellator. Credit: Caio Fantini<\/figcaption><\/figure><\/div><hr><\/p><p><b>Como o *Tainrakuasuchus bellator* vivia e ca\u00e7ava<\/b>\r\n<\/p><p>\r\n&#8220;Esse animal era um predador ativo, mas, apesar de seu tamanho consider\u00e1vel, n\u00e3o era o maior ca\u00e7ador de seu ecossistema. Na mesma regi\u00e3o, existiam gigantes que chegavam a sete metros de comprimento&#8221;, explica o Dr. Rodrigo Temp M\u00fcller, paleont\u00f3logo da Universidade Federal de Santa Maria, no Brasil, que liderou a pesquisa publicada no *Journal of Systematic Palaeontology*. &#8220;Os pseudos\u00faquios eram um grupo diverso, com esp\u00e9cies capazes de enfrentar presas robustas e outras especializadas em capturar animais r\u00e1pidos. A descoberta do *Tainrakuasuchus bellator* mostra como esses r\u00e9pteis ocupavam diferentes pap\u00e9is ecol\u00f3gicos, com tamanhos e estrat\u00e9gias de ca\u00e7a variados.&#8221;\r\n<\/p><p>\r\nA descoberta revela a complexidade do ecossistema do Tri\u00e1ssico, um momento crucial na hist\u00f3ria da vida, pouco antes do surgimento dos dinossauros. O *Tainrakuasuchus bellator* vivia em uma regi\u00e3o pr\u00f3xima a um vasto deserto \u00e1rido, o mesmo ambiente onde os primeiros dinossauros come\u00e7aram a aparecer. Isso indica que, no que hoje \u00e9 o sul do Brasil, comunidades de r\u00e9pteis j\u00e1 eram extremamente diversificadas e adaptadas a diferentes estrat\u00e9gias de sobreviv\u00eancia.\r\n<\/p><p><\/p><p>\r\n<div class=\"wp-block-image\"><figure><img src=\"https:\/\/vendedoradesonhos.com.br\/upload\/1\/sites\/25\/img_40920c_1200.jpg\" alt=\"\" style=\"width:100%\"><figcaption>Tainrakuasuchus bellator fossil. Credit: Rodrigo Temp M\u00fcller<\/figcaption><\/figure><\/div><hr><\/p><p><b>A descoberta no Brasil<\/b>\r\n<\/p><p>\r\nOs f\u00f3sseis do *Tainrakuasuchus bellator* foram encontrados em maio de 2025, durante escava\u00e7\u00f5es no munic\u00edpio de Dona Francisca, no sul do Brasil. A equipe do Dr. M\u00fcller desenterrou um esqueleto parcial, incluindo partes da mand\u00edbula, coluna vertebral e cintura p\u00e9lvica, envoltos em rocha. Ap\u00f3s um meticuloso processo de prepara\u00e7\u00e3o no laborat\u00f3rio, onde a rocha foi cuidadosamente removida, os cientistas ficaram empolgados ao perceber que haviam encontrado uma esp\u00e9cie at\u00e9 ent\u00e3o desconhecida. A an\u00e1lise dos f\u00f3sseis revelou n\u00e3o apenas caracter\u00edsticas anat\u00f4micas, mas tamb\u00e9m comportamentos do animal, como sua agilidade na ca\u00e7a e a presen\u00e7a de osteodermas em suas costas.\r\n<\/p><p><\/p><p>\r\n<b>Uma conex\u00e3o antiga entre continentes<\/b>\r\n<\/p><p>\r\nA descoberta \u00e9 considerada extremamente rara e traz novas evid\u00eancias sobre a conex\u00e3o entre o Brasil e a \u00c1frica durante o Tri\u00e1ssico, quando todos os continentes estavam unidos em um supercontinente chamado Pangeia. &#8220;Os pseudos\u00faquios s\u00e3o pouco conhecidos porque f\u00f3sseis de algumas de suas linhagens s\u00e3o raros&#8221;, explica o Dr. M\u00fcller. &#8220;O *Tainrakuasuchus bellator* \u00e9 muito pr\u00f3ximo de uma esp\u00e9cie encontrada na Tanz\u00e2nia, chamada *Mandasuchus tanyauchen*. Essa semelhan\u00e7a reflete a geografia da \u00e9poca, quando os continentes ainda estavam conectados, permitindo que animais se deslocassem livremente entre regi\u00f5es que hoje est\u00e3o separadas por oceanos.&#8221;\r\n<\/p><p>\r\nEssa liga\u00e7\u00e3o mostra que as faunas do Brasil e da \u00c1frica compartilhavam muitos elementos em comum, com hist\u00f3rias evolutivas e ecol\u00f3gicas entrela\u00e7adas. A descoberta do *Tainrakuasuchus bellator* n\u00e3o apenas ilumina um momento-chave na evolu\u00e7\u00e3o da vida, mas tamb\u00e9m destaca a rica diversidade de r\u00e9pteis que j\u00e1 habitavam o sul do Brasil milh\u00f5es de anos antes dos dinossauros dominarem o planeta.\r\n<\/p><p><\/p><p>\r\n<hr>\r\n\r\n<p style=\"text-align:right\"><em>Publicado em 14\/11\/2025 09h04<\/em><\/p>\r\n<hr>\r\n<p style=\"text-align:right\"><em><a href=\"https:\/\/terrarara.com.br\/en\/?page_id=3356\">English version<\/a><\/em><\/p>\r\n<hr>\r\n\r\n\t\t\t<hr>\r\n\t\r\n\t\t\t\r\n\r\n<p>Estudo original: <\/p>\r\n\r\n\r\n\r\n<ul><li><a href=\"https:\/\/doi.org\/10.1080\/14772019.2025.2573750\" target=\"_blank\">https:\/\/doi.org\/10.1080\/14772019.2025.2573750<\/a><\/li><\/ul>\r\n\r\n\r\n\r\n<hr class=\"wp-block-separator is-style-wide\"\/>\r\n\r\n<div style=\"position: buttonline;\"><iframe loading=\"lazy\" src=\"https:\/\/vendedoradesonhos.com.br\/rodape_sites.php?arg=40920\" frameborder=\"0\" height=\"420px\" width=\"100%\"><\/iframe><\/div>\r\n<div style=\"position: buttonline;\"><iframe loading=\"lazy\" src=\"https:\/\/vendedoradesonhos.com.br\/comentario_navegacao.php?arg=40920\" frameborder=\"0\" height=\"500px\" width=\"100%\"><\/iframe><\/div>\r\n<div style=\"position:absolute; width:40%; height:70px; top:-70px; left:0px;\"><iframe loading=\"lazy\" src=\"https:\/\/vendedoradesonhos.com.br\/oferta_site_esq.php?arg=40920\" frameborder=\"0\" height=\"100%\" width=\"100%\"><\/iframe><\/div>\r\n<div style=\"position:absolute; width:40%; height:70px; top:-70px; right:0px;\"><iframe loading=\"lazy\" src=\"https:\/\/vendedoradesonhos.com.br\/oferta_site_dir.php?arg=40920\" frameborder=\"0\" height=\"100%;\" width=\"100%\"><\/iframe><\/div>\r\n\r\n<div class=\"wp-block-image\"><figure><iframe loading=\"lazy\" src=\"https:\/\/vendedoradesonhos.com.br\/oferta_site_central.php\" width=\"100%\" height=\"330\" frameborder=\"0\"><\/iframe><figcaption>{teste}<\/figcaption><\/figure><\/div><hr>","protected":false},"excerpt":{"rendered":"","protected":false},"author":1,"featured_media":0,"parent":62,"menu_order":0,"comment_status":"closed","ping_status":"closed","template":"","meta":[],"_links":{"self":[{"href":"https:\/\/terrarara.com.br\/index.php?rest_route=\/wp\/v2\/pages\/26229"}],"collection":[{"href":"https:\/\/terrarara.com.br\/index.php?rest_route=\/wp\/v2\/pages"}],"about":[{"href":"https:\/\/terrarara.com.br\/index.php?rest_route=\/wp\/v2\/types\/page"}],"author":[{"embeddable":true,"href":"https:\/\/terrarara.com.br\/index.php?rest_route=\/wp\/v2\/users\/1"}],"replies":[{"embeddable":true,"href":"https:\/\/terrarara.com.br\/index.php?rest_route=%2Fwp%2Fv2%2Fcomments&post=26229"}],"version-history":[{"count":0,"href":"https:\/\/terrarara.com.br\/index.php?rest_route=\/wp\/v2\/pages\/26229\/revisions"}],"up":[{"embeddable":true,"href":"https:\/\/terrarara.com.br\/index.php?rest_route=\/wp\/v2\/pages\/62"}],"wp:attachment":[{"href":"https:\/\/terrarara.com.br\/index.php?rest_route=%2Fwp%2Fv2%2Fmedia&parent=26229"}],"curies":[{"name":"wp","href":"https:\/\/api.w.org\/{rel}","templated":true}]}}