{"id":26213,"date":"2025-11-10T09:21:49","date_gmt":"2025-11-10T09:21:49","guid":{"rendered":"https:\/\/terrarara.com.br\/?page_id=26213"},"modified":"2025-11-10T09:21:49","modified_gmt":"2025-11-10T09:21:49","slug":"planetas-na-zona-habitavel-de-estrelas-anas-vermelhas-provavelmente-nao-tem-luas","status":"publish","type":"page","link":"https:\/\/terrarara.com.br\/?page_id=26213","title":{"rendered":"Planetas na zona habit\u00e1vel de estrelas an\u00e3s vermelhas provavelmente n\u00e3o t\u00eam luas"},"content":{"rendered":"<div class=\"wp-block-image\"><figure><img src=\"https:\/\/vendedoradesonhos.com.br\/upload\/1\/sites\/25\/img_40874_1200.jpg\" alt=\"\" style=\"width:100%\"><figcaption>Esta ilustra\u00e7\u00e3o art\u00edstica mostra uma grande exolua orbitando um planeta gigante gasoso. N\u00e3o h\u00e1 exoluas confirmadas, apenas algumas candidatas. Novas pesquisas questionam se planetas rochosos na zona habit\u00e1vel ao redor de an\u00e3s M poderiam abrigar grandes luas. Cr\u00e9dito da imagem: David A. Aguilar (CfA).<\/figcaption><\/figure><\/div><hr><\/p><p>\r\n\t<a href=\"https:\/\/doi.org\/10.48550\/arXiv.2511.03625\" target=\"_blank\">doi.org\/10.48550\/arXiv.2511.03625<\/a><br><a href=\"https:\/\/vendedoradesonhos.com.br\/credibilidade_estudo.php?c=40874\">Credibilidade<\/a>: <font color=\"#00FFFF\">8<\/font><font color=\"#00FF00\">8<\/font><font color=\"#FFFF00\">8<\/font><br><a href=''https:\/\/terrarara.com.br\"s=exoluas''>#Exoluas<\/a>\u00a0<\/p><p><\/p><p>\r\n\t<strong>At\u00e9 hoje, n\u00e3o conhecemos nenhuma lua orbitando exoplanetas em outros sistemas solares, as chamadas exoluas<\/strong><\/p><p> H\u00e1 alguns candidatos, mas nenhum foi oficialmente confirmado. No entanto, \u00e9 dif\u00edcil imaginar que elas n\u00e3o existam, j\u00e1 que luas s\u00e3o comuns em nosso Sistema Solar. Seria muito estranho se n\u00e3o estivessem presentes em outros lugares do universo.\r\n<\/p><p>\r\nEntre as luas do nosso Sistema Solar, a Lua da Terra \u00e9 especial. Ela \u00e9 grande em rela\u00e7\u00e3o ao nosso planeta e desempenha um papel importante para manter a Terra habit\u00e1vel. A Lua estabiliza a inclina\u00e7\u00e3o do eixo terrestre, o que ajuda criando um clima e esta\u00e7\u00f5es mais favor\u00e1veis \u00e0 vida. Al\u00e9m disso, ela gera as mar\u00e9s nos oceanos, que tornam as regi\u00f5es costeiras \u00e1reas ricas em biodiversidade.\r\n<\/p><p>\r\nMas ser\u00e1 que planetas rochosos na zona habit\u00e1vel de outras estrelas tamb\u00e9m t\u00eam exoluas? Ser\u00e1 que essas luas poderiam ajudar criando condi\u00e7\u00f5es para a vida? Essas perguntas s\u00e3o o foco de um novo estudo intitulado &#8220;Rasgadas pelas Mar\u00e9s: Por que as Estrelas Mais Comuns Podem N\u00e3o Ter Luas Grandes na Zona Habit\u00e1vel&#8221;. O trabalho, liderado por Shaan Patel, do Departamento de F\u00edsica da Universidade do Texas em Arlington, ser\u00e1 publicado no The Astronomical Journal e est\u00e1 dispon\u00edvel no site arxiv.org.\r\n<\/p><p>\r\nAs an\u00e3s vermelhas, ou estrelas M, s\u00e3o o tipo mais comum de estrela na Via L\u00e1ctea e frequentemente abrigam planetas rochosos em suas zonas habit\u00e1veis, regi\u00f5es onde as condi\u00e7\u00f5es podem permitir a exist\u00eancia de \u00e1gua l\u00edquida. No entanto, essas estrelas s\u00e3o pequenas e menos brilhantes que o Sol, o que significa que suas zonas habit\u00e1veis est\u00e3o mais pr\u00f3ximas da estrela. Isso faz com que os planetas nessas zonas sejam, muitas vezes, travados por mar\u00e9s, com um lado sempre voltado para a estrela.\r\n<\/p><p>\r\nOs pesquisadores queriam entender se planetas rochosos nessas condi\u00e7\u00f5es poderiam manter luas semelhantes \u00e0 nossa Lua. Para isso, eles realizaram simula\u00e7\u00f5es computacionais, chamadas simula\u00e7\u00f5es de N corpos, que analisam as intera\u00e7\u00f5es entre estrelas, planetas e luas. Eles variaram a massa dos planetas e a dist\u00e2ncia em que orbitam suas estrelas, investigando quando uma exolua se tornaria inst\u00e1vel. Essa instabilidade est\u00e1 ligada \u00e0 esfera de Hill do planeta, uma regi\u00e3o onde a gravidade do planeta domina e mant\u00e9m a lua em \u00f3rbita. Quanto maior a esfera de Hill, mais tempo uma lua leva para escapar, o que faz sentido intuitivamente.\r\n<\/p><p>\r\nOs resultados mostram que \u00e9 muito dif\u00edcil para exoluas grandes sobreviverem nesses sistemas. &#8220;Nossas descobertas sugerem que planetas semelhantes \u00e0 Terra na zona habit\u00e1vel de an\u00e3s vermelhas perdem luas grandes, como a nossa Lua, dentro do primeiro bilh\u00e3o de anos de exist\u00eancia, se \u00e9 que as formaram&#8221;, explicam os autores. O tipo de an\u00e3 vermelha influencia o resultado. Existem 10 classifica\u00e7\u00f5es, de M0 a M9, baseadas na temperatura da estrela, que afeta a localiza\u00e7\u00e3o da zona habit\u00e1vel e, consequentemente, a for\u00e7a das mar\u00e9s estelares sobre as luas.\r\n<\/p><p>\r\nPor exemplo, simula\u00e7\u00f5es de 200 milh\u00f5es de anos de um sistema com um planeta na zona habit\u00e1vel de uma an\u00e3 vermelha M4 mostraram que a vida \u00fatil de uma lua \u00e9, em m\u00e9dia, inferior a 10 milh\u00f5es de anos &#8211; um tempo muito curto em escalas astrobiol\u00f3gicas, geol\u00f3gicas ou astrof\u00edsicas. Para an\u00e3s vermelhas mais frias, de M5 a M9, as luas desapareceriam ainda mais r\u00e1pido.\r\n<\/p><p>\r\nPesquisas anteriores j\u00e1 indicavam que luas grandes em sistemas de an\u00e3s vermelhas sofrem aquecimento extremo devido \u00e0s mar\u00e9s, o que as tornaria inabit\u00e1veis. &#8220;Junto com nossas descobertas, isso aponta para uma fragilidade geral das exoluas em sistemas de an\u00e3s vermelhas&#8221;, dizem os autores.\r\n<\/p><p>\r\nApesar disso, h\u00e1 casos raros em que uma lua grande poderia sobreviver por mais tempo. &#8220;Uma lua grande pode durar at\u00e9 1 bilh\u00e3o de anos se orbitar um planeta com massa semelhante \u00e0 da Terra em torno de uma an\u00e3 vermelha M0&#8221;, explicam os pesquisadores. Nesse caso, a zona habit\u00e1vel est\u00e1 mais afastada da estrela, o que reduz a influ\u00eancia das mar\u00e9s estelares no planeta e permite que a lua desempenhe um papel maior na estabiliza\u00e7\u00e3o da rota\u00e7\u00e3o do planeta. Em um cen\u00e1rio com um planeta de duas massas terrestres, a lua poderia durar at\u00e9 1,35 bilh\u00e3o de anos &#8211; um per\u00edodo que, para refer\u00eancia, coincide com o momento em que o oxig\u00eanio come\u00e7ou a se acumular na atmosfera da Terra.\r\n<\/p><p>\r\nOs autores reconhecem que, em casos extremamente raros, uma exolua poderia persistir por mais de 5 bilh\u00f5es de anos. Al\u00e9m disso, luas muito pequenas, como Ceres ou Fobos, poderiam sobreviver por longos per\u00edodos, mas s\u00e3o pequenas demais para serem detectadas com a tecnologia atual.\r\n<\/p><p>\r\nA detec\u00e7\u00e3o de exoluas pode ganhar um impulso no futuro com o Observat\u00f3rio de Mundos Habit\u00e1veis, um projeto ainda em planejamento que ter\u00e1 como objetivo principal encontrar exoplanetas semelhantes \u00e0 Terra. Com um espelho de 6 a 8 metros, ele tamb\u00e9m poderia detectar exoluas em alguns casos. Outro avan\u00e7o pode vir do Telesc\u00f3pio Magellan Gigante, que deve come\u00e7ar operando na d\u00e9cada de 2030 com um espelho composto de 24,5 metros, capaz de obter imagens diretas de exoplanetas e, possivelmente, de exoluas.\r\n<\/p><p>\r\nO estudo focou nas an\u00e3s vermelhas por serem as estrelas mais comuns e por abrigarem muitos planetas rochosos. No entanto, em outros tipos de estrelas, onde a zona habit\u00e1vel fica mais distante, \u00e9 poss\u00edvel que planetas mantenham exoluas por bilh\u00f5es de anos. Essas luas poderiam ajudar tornando seus planetas habit\u00e1veis, como a nossa Lua faz com a Terra, ou at\u00e9 mesmo serem habit\u00e1veis, como suspeitamos de algumas luas oce\u00e2nicas geladas em nosso Sistema Solar. Ainda h\u00e1 muito a descobrir sobre as possibilidades de vida em outros sistemas estelares.<\/p><p>\r\n<hr>\r\n\r\n<p style=\"text-align:right\"><em>Publicado em 10\/11\/2025 09h21<\/em><\/p>\r\n<hr>\r\n<p style=\"text-align:right\"><em><a href=\"https:\/\/terrarara.com.br\/en\/?page_id=3339\">English version<\/a><\/em><\/p>\r\n<hr>\r\n\r\n\t\t\t<hr>\r\n\t\r\n\t\t\t\r\n\r\n<p>Estudo original: <\/p>\r\n\r\n\r\n\r\n<ul><li><a href=\"https:\/\/doi.org\/10.48550\/arXiv.2511.03625\" target=\"_blank\">https:\/\/doi.org\/10.48550\/arXiv.2511.03625<\/a><\/li><\/ul>\r\n\r\n\r\n\r\n<hr class=\"wp-block-separator is-style-wide\"\/>\r\n\r\n<div style=\"position: buttonline;\"><iframe loading=\"lazy\" src=\"https:\/\/vendedoradesonhos.com.br\/rodape_sites.php?arg=40874\" frameborder=\"0\" height=\"420px\" width=\"100%\"><\/iframe><\/div>\r\n<div style=\"position: buttonline;\"><iframe loading=\"lazy\" src=\"https:\/\/vendedoradesonhos.com.br\/comentario_navegacao.php?arg=40874\" frameborder=\"0\" height=\"500px\" width=\"100%\"><\/iframe><\/div>\r\n<div style=\"position:absolute; width:40%; height:70px; top:-70px; left:0px;\"><iframe loading=\"lazy\" src=\"https:\/\/vendedoradesonhos.com.br\/oferta_site_esq.php?arg=40874\" frameborder=\"0\" height=\"100%\" width=\"100%\"><\/iframe><\/div>\r\n<div style=\"position:absolute; width:40%; height:70px; top:-70px; right:0px;\"><iframe loading=\"lazy\" src=\"https:\/\/vendedoradesonhos.com.br\/oferta_site_dir.php?arg=40874\" frameborder=\"0\" height=\"100%;\" width=\"100%\"><\/iframe><\/div>\r\n\r\n<div class=\"wp-block-image\"><figure><iframe loading=\"lazy\" src=\"https:\/\/vendedoradesonhos.com.br\/oferta_site_central.php\" width=\"100%\" height=\"330\" frameborder=\"0\"><\/iframe><figcaption>{teste}<\/figcaption><\/figure><\/div><hr>","protected":false},"excerpt":{"rendered":"","protected":false},"author":1,"featured_media":0,"parent":696,"menu_order":0,"comment_status":"closed","ping_status":"closed","template":"","meta":[],"_links":{"self":[{"href":"https:\/\/terrarara.com.br\/index.php?rest_route=\/wp\/v2\/pages\/26213"}],"collection":[{"href":"https:\/\/terrarara.com.br\/index.php?rest_route=\/wp\/v2\/pages"}],"about":[{"href":"https:\/\/terrarara.com.br\/index.php?rest_route=\/wp\/v2\/types\/page"}],"author":[{"embeddable":true,"href":"https:\/\/terrarara.com.br\/index.php?rest_route=\/wp\/v2\/users\/1"}],"replies":[{"embeddable":true,"href":"https:\/\/terrarara.com.br\/index.php?rest_route=%2Fwp%2Fv2%2Fcomments&post=26213"}],"version-history":[{"count":0,"href":"https:\/\/terrarara.com.br\/index.php?rest_route=\/wp\/v2\/pages\/26213\/revisions"}],"up":[{"embeddable":true,"href":"https:\/\/terrarara.com.br\/index.php?rest_route=\/wp\/v2\/pages\/696"}],"wp:attachment":[{"href":"https:\/\/terrarara.com.br\/index.php?rest_route=%2Fwp%2Fv2%2Fmedia&parent=26213"}],"curies":[{"name":"wp","href":"https:\/\/api.w.org\/{rel}","templated":true}]}}