{"id":26181,"date":"2025-11-03T07:53:29","date_gmt":"2025-11-03T07:53:29","guid":{"rendered":"https:\/\/terrarara.com.br\/?page_id=26181"},"modified":"2025-11-03T07:53:29","modified_gmt":"2025-11-03T07:53:29","slug":"universo-era-duas-vezes-mais-quente-ha-7-bilhoes-de-anos-mostra-estudo","status":"publish","type":"page","link":"https:\/\/terrarara.com.br\/?page_id=26181","title":{"rendered":"O Universo era duas vezes mais quente h\u00e1 7 bilh\u00f5es de anos, mostra estudo"},"content":{"rendered":"<div class=\"wp-block-image\"><figure><img src=\"https:\/\/vendedoradesonhos.com.br\/upload\/1\/sites\/25\/img_40804_1200.jpg\" alt=\"\" style=\"width:100%\"><figcaption>As posi\u00e7\u00f5es relativas do quasar de fundo (explos\u00e3o brilhante h\u00e1 11 bilh\u00f5es de anos), da gal\u00e1xia em primeiro plano que produz absor\u00e7\u00e3o de HCN (h\u00e1 7 bilh\u00f5es de anos) e do observador (ALMA; dias atuais). (Universidade Keiko)<\/figcaption><\/figure><\/div><hr><\/p><p>\r\n\t<a href=\"https:\/\/doi.org\/10.3847\/1538-4357\/ae0a1e\" target=\"_blank\">doi.org\/10.3847\/1538-4357\/ae0a1e<\/a><br><a href=\"https:\/\/vendedoradesonhos.com.br\/credibilidade_estudo.php?c=40804\">Credibilidade<\/a>: <font color=\"#00FFFF\">9<\/font><font color=\"#00FF00\">8<\/font><font color=\"#FFFF00\">9<\/font><br><a href=''https:\/\/terrarara.com.br\"s=universo''>#Universo<\/a>\u00a0<\/p><p><\/p><p>\r\n\t<strong>Quando voc\u00ea abre a geladeira, espera que ela esteja mais fria que a cozinha, certo? Da mesma forma, quando os astr\u00f4nomos olham para o passado do Universo, bilh\u00f5es de anos atr\u00e1s, eles esperam que ele fosse mais quente do que \u00e9 hoje<\/strong><\/p><p> Um grupo de cientistas japoneses confirmou isso com muita precis\u00e3o, trazendo uma das melhores provas at\u00e9 agora de como o Universo evoluiu.\r\n<\/p><p>\r\n<b>O que os cientistas descobriram?<\/b>\r\n<\/p><p>\r\nLiderada pelo estudante Tatsuya Kotani e pelo professor Tomoharu Oka, da Universidade Keio, no Jap\u00e3o, a equipe mediu a temperatura da radia\u00e7\u00e3o c\u00f3smica de fundo, que \u00e9 como uma &#8220;luz fraca&#8221; deixada pelo Big Bang, a grande explos\u00e3o que deu origem ao Universo. Essa radia\u00e7\u00e3o est\u00e1 presente em todo o espa\u00e7o.\r\n<\/p><p>\r\nEles descobriram que, h\u00e1 7 bilh\u00f5es de anos, a temperatura do Universo era de 5,13 graus acima do zero absoluto (uma temperatura superbaixa, onde tudo fica praticamente congelado), com uma margem de erro de apenas \u00b10,06 graus. Isso \u00e9 quase o dobro da temperatura atual do Universo, que \u00e9 de cerca de 2,7 graus acima do zero absoluto.\r\n<\/p><p><\/p><p>\r\n<b>Por que isso \u00e9 importante?<\/b>\r\n<\/p><p>\r\nEssa descoberta confirma uma ideia central da teoria do Big Bang: o Universo est\u00e1 esfriando \u00e0 medida que se expande, como um bal\u00e3o que vai ficando maior e mais frio com o tempo. Quanto mais voltamos no passado, mais quente ele deveria ser, e essa medi\u00e7\u00e3o mostrou exatamente isso.\r\n<\/p><p>\r\nO que torna esse estudo especial \u00e9 a precis\u00e3o. Os cientistas usaram dados do telesc\u00f3pio ALMA, no Chile, e analisaram a luz de um quasar muito distante (um tipo de objeto brilhante no espa\u00e7o). Essa luz, ao viajar pelo Universo, interagiu com a radia\u00e7\u00e3o c\u00f3smica de fundo, deixando pistas que permitiram medir a temperatura de forma extremamente exata. \u00c9 a medi\u00e7\u00e3o mais precisa j\u00e1 feita para essa \u00e9poca intermedi\u00e1ria da hist\u00f3ria do Universo.\r\n<\/p><p><\/p><p>\r\n<b>O que isso significa?<\/b>\r\n<\/p><p>\r\nEssa descoberta \u00e9 como acertar uma previs\u00e3o do tempo. Imagine que o meteorologista diz que vai chover e, quando voc\u00ea v\u00ea po\u00e7as se formando, confia mais na previs\u00e3o. Da mesma forma, os cientistas t\u00eam um modelo do Universo, chamado modelo padr\u00e3o, que faz previs\u00f5es sobre como ele deveria funcionar. Essa medi\u00e7\u00e3o da temperatura, que bateu quase perfeitamente com o que o modelo previa, d\u00e1 mais confian\u00e7a de que nossa compreens\u00e3o sobre a origem e a evolu\u00e7\u00e3o do Universo est\u00e1 correta.\r\n<\/p><p>\r\nEmbora j\u00e1 tiv\u00e9ssemos medi\u00e7\u00f5es da temperatura do Universo em seus primeiros momentos e nos dias atuais, esse estudo preenche um cap\u00edtulo importante no meio dessa hist\u00f3ria, ajudando a confirmar que estamos no caminho certo para entender como o Universo chegou at\u00e9 aqui.\r\n<\/p><p><\/p><p>\r\n<hr>\r\n\r\n<p style=\"text-align:right\"><em>Publicado em 03\/11\/2025 07h53<\/em><\/p>\r\n<hr>\r\n<p style=\"text-align:right\"><em><a href=\"https:\/\/terrarara.com.br\/en\/?page_id=3314\">English version<\/a><\/em><\/p>\r\n<hr>\r\n\r\n\t\t\t<hr>\r\n\t\r\n\t\t\t\r\n\r\n<p>Estudo original: <\/p>\r\n\r\n\r\n\r\n<ul><li><a href=\"https:\/\/doi.org\/10.3847\/1538-4357\/ae0a1e\" target=\"_blank\">https:\/\/doi.org\/10.3847\/1538-4357\/ae0a1e<\/a><\/li><\/ul>\r\n\r\n\r\n\r\n<hr class=\"wp-block-separator is-style-wide\"\/>\r\n\r\n<div style=\"position: buttonline;\"><iframe loading=\"lazy\" src=\"https:\/\/vendedoradesonhos.com.br\/rodape_sites.php?arg=40804\" frameborder=\"0\" height=\"420px\" width=\"100%\"><\/iframe><\/div>\r\n<div style=\"position: buttonline;\"><iframe loading=\"lazy\" src=\"https:\/\/vendedoradesonhos.com.br\/comentario_navegacao.php?arg=40804\" frameborder=\"0\" height=\"500px\" width=\"100%\"><\/iframe><\/div>\r\n<div style=\"position:absolute; width:40%; height:70px; top:-70px; left:0px;\"><iframe loading=\"lazy\" src=\"https:\/\/vendedoradesonhos.com.br\/oferta_site_esq.php?arg=40804\" frameborder=\"0\" height=\"100%\" width=\"100%\"><\/iframe><\/div>\r\n<div style=\"position:absolute; width:40%; height:70px; top:-70px; right:0px;\"><iframe loading=\"lazy\" src=\"https:\/\/vendedoradesonhos.com.br\/oferta_site_dir.php?arg=40804\" frameborder=\"0\" height=\"100%;\" width=\"100%\"><\/iframe><\/div>\r\n\r\n<div class=\"wp-block-image\"><figure><iframe loading=\"lazy\" src=\"https:\/\/vendedoradesonhos.com.br\/oferta_site_central.php\" width=\"100%\" height=\"330\" frameborder=\"0\"><\/iframe><figcaption>{teste}<\/figcaption><\/figure><\/div><hr>","protected":false},"excerpt":{"rendered":"","protected":false},"author":1,"featured_media":0,"parent":691,"menu_order":0,"comment_status":"closed","ping_status":"closed","template":"","meta":[],"_links":{"self":[{"href":"https:\/\/terrarara.com.br\/index.php?rest_route=\/wp\/v2\/pages\/26181"}],"collection":[{"href":"https:\/\/terrarara.com.br\/index.php?rest_route=\/wp\/v2\/pages"}],"about":[{"href":"https:\/\/terrarara.com.br\/index.php?rest_route=\/wp\/v2\/types\/page"}],"author":[{"embeddable":true,"href":"https:\/\/terrarara.com.br\/index.php?rest_route=\/wp\/v2\/users\/1"}],"replies":[{"embeddable":true,"href":"https:\/\/terrarara.com.br\/index.php?rest_route=%2Fwp%2Fv2%2Fcomments&post=26181"}],"version-history":[{"count":0,"href":"https:\/\/terrarara.com.br\/index.php?rest_route=\/wp\/v2\/pages\/26181\/revisions"}],"up":[{"embeddable":true,"href":"https:\/\/terrarara.com.br\/index.php?rest_route=\/wp\/v2\/pages\/691"}],"wp:attachment":[{"href":"https:\/\/terrarara.com.br\/index.php?rest_route=%2Fwp%2Fv2%2Fmedia&parent=26181"}],"curies":[{"name":"wp","href":"https:\/\/api.w.org\/{rel}","templated":true}]}}