{"id":26165,"date":"2025-10-30T09:15:56","date_gmt":"2025-10-30T09:15:56","guid":{"rendered":"https:\/\/terrarara.com.br\/?page_id=26165"},"modified":"2025-10-30T09:15:56","modified_gmt":"2025-10-30T09:15:56","slug":"ha-bilhoes-de-anos-a-terra-era-um-caldeirao-em-ebulicao-rochas-derretiam-placas-se-chocavam-e-o-planeta-inteiro-parecia-um-forno-sem-controle-mas-em-algum-momento-algo-mudou-partes-da-crosta-comecara","status":"publish","type":"page","link":"https:\/\/terrarara.com.br\/?page_id=26165","title":{"rendered":"H\u00e1 bilh\u00f5es de anos, a terra era um caldeir\u00e3o em ebuli\u00e7\u00e3o"},"content":{"rendered":"<div class=\"wp-block-image\"><figure><img src=\"https:\/\/vendedoradesonhos.com.br\/upload\/1\/sites\/25\/img_40764_1200.jpg\" alt=\"\" style=\"width:100%\"><figcaption>Um novo estudo sobre os componentes qu\u00edmicos das rochas, liderado por pesquisadores da Penn State e da Universidade Columbia, fornece a evid\u00eancia mais clara at\u00e9 agora de como os continentes da Terra se tornaram e permaneceram t\u00e3o est\u00e1veis e o ingrediente principal \u00e9 o calor. Cr\u00e9dito: Jaydyn Isiminger \/ Penn State<\/figcaption><\/figure><\/div><hr><\/p><p>\r\n\t<a href=\"https:\/\/doi.org\/10.1038\/s41561-025-01820-2\" target=\"_blank\">doi.org\/10.1038\/s41561-025-01820-2<\/a><br><a href=\"https:\/\/vendedoradesonhos.com.br\/credibilidade_estudo.php?c=40764\">Credibilidade<\/a>: <font color=\"#00FFFF\">9<\/font><font color=\"#00FF00\">8<\/font><font color=\"#FFFF00\">9<\/font><br><a href=''https:\/\/terrarara.com.br\"s=geologia''>#Geologia<\/a>\u00a0<\/p><p><\/p><p>\r\n\t<strong>Pense na Terra como um ferreiro forjando a\u00e7o. Para transformar metal bruto em algo forte, voc\u00ea precisa aquec\u00ea-lo at\u00e9 quase derreter, martelar com for\u00e7a e deixar as impurezas sa\u00edrem.<\/strong><\/p><p>Foi exatamente isso que aconteceu com os continentes.\r\n<\/p><p>\r\nRochas derretiam, placas se chocavam e o planeta inteiro parecia um forno sem controle. Mas, em algum momento, algo mudou: partes da crosta come\u00e7aram a esfriar, endurecer e formar os continentes est\u00e1veis que conhecemos hoje &#8211; as plataformas firmes onde montanhas crescem, rios correm e a vida floresce. At\u00e9 agora, ningu\u00e9m entendia direito *como* isso aconteceu. Um novo estudo da Penn State e da Columbia University acabou de revelar o segredo: calor extremo, acima de 900 \u00b0C, l\u00e1 no fundo da crosta.\r\n<\/p><p>\r\nO &#8220;fogo&#8221; veio de elementos radioativos &#8211; ur\u00e2nio, t\u00f3rio e pot\u00e1ssio &#8211; que, como brasas vivas, liberavam calor sem parar. Se ficassem presos l\u00e1 embaixo, a crosta nunca pararia de derreter. Mas, quando a temperatura passava dos 900 \u00b0C, esses elementos come\u00e7avam a subir, carregando o excesso de calor para a superf\u00edcie, como fuma\u00e7a escapando de uma chamin\u00e9.\r\n<\/p><p>\r\nCom o calor indo embora, a parte inferior da crosta esfriava, solidificava e virava uma base dura como a\u00e7o temperado. &#8220;Sem tirar esse calor, tudo vira mingau de novo&#8221;, explica Andrew Smye, ge\u00f3logo da Penn State e l\u00edder do estudo. &#8220;Os continentes s\u00f3 ficam est\u00e1veis quando conseguem *se livrar* do fogo interno.&#8221;\r\n<\/p><p>\r\nOs pesquisadores chegaram a essa conclus\u00e3o analisando rochas dos Alpes, do sudoeste dos Estados Unidos e dados do mundo todo. Eles separaram amostras que passaram por temperaturas altas (acima de 650 \u00b0C) e ultra-altas (acima de 900 \u00b0C). O padr\u00e3o foi claro: nas rochas que &#8220;cozinharam&#8221; a mais de 900 \u00b0C, quase n\u00e3o havia ur\u00e2nio nem t\u00f3rio. Eles tinham subido. Nas outras, ainda estavam l\u00e1, mantendo o calor preso.\r\n<\/p><p>\r\n<div class=\"wp-block-image\"><figure><img src=\"https:\/\/vendedoradesonhos.com.br\/upload\/1\/sites\/25\/img_40764b_1200.jpg\" alt=\"\" style=\"width:100%\"><figcaption>Para chegar \u00e0s suas conclus\u00f5es, a equipe coletou amostras de rochas dos Alpes na Europa e no sudoeste dos Estados Unidos, al\u00e9m de examinar dados publicados na literatura cient\u00edfica. Aqui est\u00e1 uma an\u00e1lise qu\u00edmica realizada no laborat\u00f3rio de Smye na Penn State. Cr\u00e9dito: Jaydyn Isiminger \/ Penn State<\/figcaption><\/figure><\/div><hr><\/p><p><\/p><p>\r\nIsso explica por que a crosta continental moderna s\u00f3 come\u00e7ou a se formar h\u00e1 cerca de 3 bilh\u00f5es de anos. Antes, a Terra era quente demais &#8211; o calor radioativo era o dobro do atual. S\u00f3 quando o planeta &#8220;aprendeu&#8221; a expelir esse fogo \u00e9 que os continentes ganharam for\u00e7a para durar bilh\u00f5es de anos.\r\n<\/p><p>\r\nE n\u00e3o para por a\u00ed. Esse mesmo processo que forjou os continentes tamb\u00e9m transportou tesouros: l\u00edtio, estanho, tungst\u00eanio, terras-raras &#8211; metais essenciais para celulares, carros el\u00e9tricos e pain\u00e9is solares. Entender como eles subiram no passado pode ajudar a encontr\u00e1-los hoje. Mais ainda: o mesmo &#8220;receita? pode estar acontecendo em outros planetas rochosos. Se cientistas virem sinais de crosta sendo &#8220;forjada? a 900 \u00b0C em mundos distantes, isso pode ser uma pista de que l\u00e1 tamb\u00e9m existe base est\u00e1vel para a vida.\r\n<\/p><p>\r\nNo fim das contas, os continentes n\u00e3o s\u00e3o s\u00f3 pedras velhas. S\u00e3o o resultado de um cozimento lento, preciso e ardente &#8211; um verdadeiro ato de forja c\u00f3smica que transformou um planeta ca\u00f3tico em um lar duradouro. E agora, pela primeira vez, sabemos exatamente como o fogo fez a Terra habit\u00e1vel.\r\n<\/p><p>\r\n<hr>\r\n\r\n<p style=\"text-align:right\"><em>Publicado em 30\/10\/2025 09h15<\/em><\/p>\r\n<hr>\r\n<p style=\"text-align:right\"><em><a href=\"https:\/\/terrarara.com.br\/en\/?page_id=3298\">English version<\/a><\/em><\/p>\r\n<hr>\r\n\r\n\t\t\t<hr>\r\n\t\r\n\t\t\t\r\n\r\n<p>Estudo original: <\/p>\r\n\r\n\r\n\r\n<ul><li><a href=\"https:\/\/doi.org\/10.1038\/s41561-025-01820-2\" target=\"_blank\">https:\/\/doi.org\/10.1038\/s41561-025-01820-2<\/a><\/li><\/ul>\r\n\r\n\r\n\r\n<hr class=\"wp-block-separator is-style-wide\"\/>\r\n\r\n<div style=\"position: buttonline;\"><iframe loading=\"lazy\" src=\"https:\/\/vendedoradesonhos.com.br\/rodape_sites.php?arg=40764\" frameborder=\"0\" height=\"420px\" width=\"100%\"><\/iframe><\/div>\r\n<div style=\"position: buttonline;\"><iframe loading=\"lazy\" src=\"https:\/\/vendedoradesonhos.com.br\/comentario_navegacao.php?arg=40764\" frameborder=\"0\" height=\"500px\" width=\"100%\"><\/iframe><\/div>\r\n<div style=\"position:absolute; width:40%; height:70px; top:-70px; left:0px;\"><iframe loading=\"lazy\" src=\"https:\/\/vendedoradesonhos.com.br\/oferta_site_esq.php?arg=40764\" frameborder=\"0\" height=\"100%\" width=\"100%\"><\/iframe><\/div>\r\n<div style=\"position:absolute; width:40%; height:70px; top:-70px; right:0px;\"><iframe loading=\"lazy\" src=\"https:\/\/vendedoradesonhos.com.br\/oferta_site_dir.php?arg=40764\" frameborder=\"0\" height=\"100%;\" width=\"100%\"><\/iframe><\/div>\r\n\r\n<div class=\"wp-block-image\"><figure><iframe loading=\"lazy\" src=\"https:\/\/vendedoradesonhos.com.br\/oferta_site_central.php\" width=\"100%\" height=\"330\" frameborder=\"0\"><\/iframe><figcaption>{teste}<\/figcaption><\/figure><\/div><hr>","protected":false},"excerpt":{"rendered":"","protected":false},"author":1,"featured_media":0,"parent":6885,"menu_order":0,"comment_status":"closed","ping_status":"closed","template":"","meta":[],"_links":{"self":[{"href":"https:\/\/terrarara.com.br\/index.php?rest_route=\/wp\/v2\/pages\/26165"}],"collection":[{"href":"https:\/\/terrarara.com.br\/index.php?rest_route=\/wp\/v2\/pages"}],"about":[{"href":"https:\/\/terrarara.com.br\/index.php?rest_route=\/wp\/v2\/types\/page"}],"author":[{"embeddable":true,"href":"https:\/\/terrarara.com.br\/index.php?rest_route=\/wp\/v2\/users\/1"}],"replies":[{"embeddable":true,"href":"https:\/\/terrarara.com.br\/index.php?rest_route=%2Fwp%2Fv2%2Fcomments&post=26165"}],"version-history":[{"count":0,"href":"https:\/\/terrarara.com.br\/index.php?rest_route=\/wp\/v2\/pages\/26165\/revisions"}],"up":[{"embeddable":true,"href":"https:\/\/terrarara.com.br\/index.php?rest_route=\/wp\/v2\/pages\/6885"}],"wp:attachment":[{"href":"https:\/\/terrarara.com.br\/index.php?rest_route=%2Fwp%2Fv2%2Fmedia&parent=26165"}],"curies":[{"name":"wp","href":"https:\/\/api.w.org\/{rel}","templated":true}]}}