{"id":26119,"date":"2025-10-24T01:23:48","date_gmt":"2025-10-24T01:23:48","guid":{"rendered":"https:\/\/terrarara.com.br\/?page_id=26119"},"modified":"2025-10-24T01:23:48","modified_gmt":"2025-10-24T01:23:48","slug":"mumias-de-dinossauros-incrivelmente-preservadas-revelam-os-primeiros-cascos-de-repteis-conhecidos","status":"publish","type":"page","link":"https:\/\/terrarara.com.br\/?page_id=26119","title":{"rendered":"M\u00famias de dinossauros incrivelmente preservadas revelam os primeiros cascos de r\u00e9pteis conhecidos"},"content":{"rendered":"<div class=\"wp-block-image\"><figure><img src=\"https:\/\/vendedoradesonhos.com.br\/upload\/1\/sites\/img_40675_1200.jpg\" alt=\"\" style=\"width:100%\"><figcaption>Uma das m\u00famias de Edmontosaurus em exposi\u00e7\u00e3o no Museu Americano de Hist\u00f3ria Natural. (Claire H.\/CC BY SA 2.0)<\/figcaption><\/figure><\/div><hr><\/p><p>\r\n\t<a href=\"https:\/\/doi.org\/10.1126\/science.adw3536\" target=\"_blank\">doi.org\/10.1126\/science.adw3536<\/a><br><a href=\"https:\/\/vendedoradesonhos.com.br\/credibilidade_estudo.php?c=40675\">Credibilidade<\/a>: <font color=\"#00FFFF\">9<\/font><font color=\"#00FF00\">8<\/font><font color=\"#FFFF00\">9<\/font><br><a href=''https:\/\/terrarara.com.br\"s=dinossauros''>#Dinossauros<\/a>\u00a0<\/p><p><\/p><p>\r\n\t<strong>Cerca de 66 milh\u00f5es de anos atr\u00e1s, um grupo de dinossauros herb\u00edvoros morreu durante uma seca, apenas algumas horas ou dias antes de uma grande chuva chegar<\/strong><\/p><p> Sabemos disso porque esses dinossauros deixaram algumas das &#8220;m\u00famias? de dinossauros mais bem preservadas j\u00e1 encontradas, com moldes de argila que guardam detalhes como pele, espinhos e at\u00e9 os primeiros cascos j\u00e1 vistos em um r\u00e9ptil.\r\n<\/p><p>\r\nEssas m\u00famias pertencem \u00e0 esp\u00e9cie Edmontosaurus annectens, dinossauros herb\u00edvoros com bico de pato que vagavam pela Am\u00e9rica do Norte, como b\u00fafalos antigos. Eles s\u00e3o muito conhecidos pelos cientistas, pois s\u00e3o comuns e frequentemente encontrados em bom estado de preserva\u00e7\u00e3o.\r\n<\/p><p>\r\nPesquisadores da Universidade de Chicago lideraram um estudo que examinou de perto v\u00e1rias dessas m\u00famias encontradas em uma regi\u00e3o de 10 quil\u00f4metros no estado de Wyoming, nos EUA, chamada de &#8220;zona das m\u00famias&#8221;, onde as condi\u00e7\u00f5es de preserva\u00e7\u00e3o s\u00e3o excepcionalmente boas.\r\n<\/p><p>\r\n<b>Novas descobertas surpreendentes<\/b>\r\n<\/p><p>\r\nDuas m\u00famias rec\u00e9m-descobertas revelaram caracter\u00edsticas nunca vistas antes. A primeira \u00e9 de um filhote, com cerca de dois anos de idade quando morreu. Esse \u00e9 o primeiro dinossauro de grande porte encontrado com seu perfil completo de carne, incluindo uma crista que corre pelo pesco\u00e7o e coluna.\r\n<\/p><p>\r\nO segundo esp\u00e9cime \u00e9 um jovem adulto, com idade entre cinco e oito anos. Ele ainda tem uma fileira completa de pequenos espinhos ao longo das costas, desde os quadris at\u00e9 a ponta da cauda. Alguns desses espinhos j\u00e1 haviam sido encontrados antes, mas nunca t\u00e3o completos.\r\n<\/p><p>\r\nO achado mais intrigante, por\u00e9m, s\u00e3o os cascos nas patas traseiras. Essa descoberta \u00e9 rara: n\u00e3o s\u00f3 \u00e9 a primeira vez que se encontra cascos em um dinossauro, mas tamb\u00e9m em qualquer tipo de r\u00e9ptil. Al\u00e9m disso, com uma idade entre 66 e 69 milh\u00f5es de anos, esses s\u00e3o alguns dos cascos mais antigos j\u00e1 registrados em qualquer animal.\r\n<\/p><p>\r\nOs pesquisadores acreditam que cascos podem ter surgido ainda mais cedo, no per\u00edodo Jur\u00e1ssico, em dinossauros encoura\u00e7ados como estegossauros e anquilossauros, que tinham patas robustas e deixavam pegadas com dedos arredondados.\r\n<\/p><p><\/p><p>\r\n<div class=\"wp-block-image\"><figure><img src=\"https:\/\/vendedoradesonhos.com.br\/upload\/1\/sites\/img_40675c_1200.png\" alt=\"\" style=\"width:100%\"><figcaption>B: Marca de pegada de Edmontosaurus. C\/D: Anatomia do p\u00e9 com cascos destacados em azul. E: Uma recria\u00e7\u00e3o da esp\u00e9cie em tempo real incorporando as novas informa\u00e7\u00f5es, incluindo a crista e os espinhos ao longo do dorso (inser\u00e7\u00e3o) e os cascos dos p\u00e9s traseiros (F). (Sereno et al., Science 2025)<\/figcaption><\/figure><\/div><hr><\/p><p><b>Como essas m\u00famias foram formadas?<\/b>\r\n<\/p><p>\r\nPara entender como essas m\u00famias foram preservadas, os cientistas usaram escaneamentos \u00f3pticos, raios X, tomografias e microsc\u00f3pios eletr\u00f4nicos. Eles descobriram que n\u00e3o h\u00e1 mais nenhum material org\u00e2nico, como pele ou \u00f3rg\u00e3os, nem marcas de estruturas internas. Em vez disso, tudo o que restou foi preservado como uma fina camada de argila, com menos de 1 mil\u00edmetro de espessura. Essa argila se formou quando o material se solidificou sobre uma camada de micr\u00f3bios que cobria os corpos enquanto eles se decompunham.\r\n<\/p><p><\/p><p>\r\n<b>A hist\u00f3ria por tr\u00e1s da morte<\/b>\r\n<\/p><p>\r\nEsses achados contam a hist\u00f3ria da morte desses dinossauros com detalhes impressionantes. A pele enrugada, que ficou bem pr\u00f3xima dos ossos, mostra que os corpos ficaram expostos ao sol quente por algumas horas ou dias ap\u00f3s a morte. A seca foi confirmada como a causa da morte de pelo menos alguns desses dinossauros.\r\n<\/p><p>\r\nO que aconteceu depois \u00e9 tragicamente ir\u00f4nico: logo ap\u00f3s morrerem, os corpos foram rapidamente soterrados por uma grande quantidade de sedimentos, com lama e troncos de \u00e1rvores quebrados na mesma camada. &#8220;Esses detalhes mostram que os corpos foram enterrados por uma enchente no local da morte, ou bem perto, em quest\u00e3o de horas ou, no m\u00e1ximo, dias&#8221;, explicam os pesquisadores. Eles estimam que o tempo entre a morte e o soterramento dessas m\u00famias foi de cerca de uma semana ou algumas semanas, dentro de uma mesma esta\u00e7\u00e3o.\r\n<\/p><p><\/p><p>\r\n<b>Por que isso \u00e9 importante?<\/b>\r\n<\/p><p>\r\nA maior parte do que sabemos sobre dinossauros vem de ossos fossilizados, mas, \u00e0s vezes, tecidos moles, como pele, penas, escamas ou at\u00e9 \u00f3rg\u00e3os, sobrevivem. Essas m\u00famias de dinossauros oferecem uma das vis\u00f5es mais claras desses animais antigos, como se fosse quase uma viagem no tempo.\r\n<\/p><p><\/p><p>\r\n<hr>\r\n\r\n<p style=\"text-align:right\"><em>Publicado em 24\/10\/2025 01h23<\/em><\/p>\r\n<hr>\r\n<p style=\"text-align:right\"><em><a href=\"https:\/\/terrarara.com.br\/en\/?page_id=3252\">English version<\/a><\/em><\/p>\r\n<hr>\r\n\r\n\t\t\t<hr>\r\n\t\r\n\t\t\t\r\n\r\n<p>Estudo original: <\/p>\r\n\r\n\r\n\r\n<ul><li><a href=\"https:\/\/doi.org\/10.1126\/science.adw3536\" target=\"_blank\">https:\/\/doi.org\/10.1126\/science.adw3536<\/a><\/li><\/ul>\r\n\r\n\r\n\r\n<hr class=\"wp-block-separator is-style-wide\"\/>\r\n\r\n<div style=\"position: buttonline;\"><iframe loading=\"lazy\" src=\"https:\/\/vendedoradesonhos.com.br\/rodape_sites.php?arg=40675\" frameborder=\"0\" height=\"420px\" width=\"100%\"><\/iframe><\/div>\r\n<div style=\"position: buttonline;\"><iframe loading=\"lazy\" src=\"https:\/\/vendedoradesonhos.com.br\/comentario_navegacao.php?arg=40675\" frameborder=\"0\" height=\"500px\" width=\"100%\"><\/iframe><\/div>\r\n<div style=\"position:absolute; width:40%; height:70px; top:-70px; left:0px;\"><iframe loading=\"lazy\" src=\"https:\/\/vendedoradesonhos.com.br\/oferta_site_esq.php?arg=40675\" frameborder=\"0\" height=\"100%\" width=\"100%\"><\/iframe><\/div>\r\n<div style=\"position:absolute; width:40%; height:70px; top:-70px; right:0px;\"><iframe loading=\"lazy\" src=\"https:\/\/vendedoradesonhos.com.br\/oferta_site_dir.php?arg=40675\" frameborder=\"0\" height=\"100%;\" width=\"100%\"><\/iframe><\/div>\r\n\r\n<div class=\"wp-block-image\"><figure><iframe loading=\"lazy\" src=\"https:\/\/vendedoradesonhos.com.br\/oferta_site_central.php\" width=\"100%\" height=\"330\" frameborder=\"0\"><\/iframe><figcaption>{teste}<\/figcaption><\/figure><\/div><hr>","protected":false},"excerpt":{"rendered":"","protected":false},"author":1,"featured_media":0,"parent":62,"menu_order":0,"comment_status":"closed","ping_status":"closed","template":"","meta":[],"_links":{"self":[{"href":"https:\/\/terrarara.com.br\/index.php?rest_route=\/wp\/v2\/pages\/26119"}],"collection":[{"href":"https:\/\/terrarara.com.br\/index.php?rest_route=\/wp\/v2\/pages"}],"about":[{"href":"https:\/\/terrarara.com.br\/index.php?rest_route=\/wp\/v2\/types\/page"}],"author":[{"embeddable":true,"href":"https:\/\/terrarara.com.br\/index.php?rest_route=\/wp\/v2\/users\/1"}],"replies":[{"embeddable":true,"href":"https:\/\/terrarara.com.br\/index.php?rest_route=%2Fwp%2Fv2%2Fcomments&post=26119"}],"version-history":[{"count":0,"href":"https:\/\/terrarara.com.br\/index.php?rest_route=\/wp\/v2\/pages\/26119\/revisions"}],"up":[{"embeddable":true,"href":"https:\/\/terrarara.com.br\/index.php?rest_route=\/wp\/v2\/pages\/62"}],"wp:attachment":[{"href":"https:\/\/terrarara.com.br\/index.php?rest_route=%2Fwp%2Fv2%2Fmedia&parent=26119"}],"curies":[{"name":"wp","href":"https:\/\/api.w.org\/{rel}","templated":true}]}}