{"id":26025,"date":"2025-10-10T14:39:54","date_gmt":"2025-10-10T14:39:54","guid":{"rendered":"http:\/\/terrarara.com.br\/terrarara\/?page_id=26025"},"modified":"2025-10-10T14:39:54","modified_gmt":"2025-10-10T14:39:54","slug":"a-lista-dos-reis-sumerianos-o-misterio-da-origem-da-realeza-na-mesopotamia","status":"publish","type":"page","link":"https:\/\/terrarara.com.br\/?page_id=26025","title":{"rendered":"A lista dos reis sumerianos: O mist\u00e9rio da origem da realeza na Mesopot\u00e2mia"},"content":{"rendered":"<div class=\"wp-block-image\"><figure><img src=\"https:\/\/vendedoradesonhos.com.br\/upload\/1\/sites\/img_40500_1200.jpg\" alt=\"\" style=\"width:100%\"><figcaption>O prisma de Weld-Blundell. (Museu Ashmolean \/ CC BY-SA 4.0)<\/figcaption><\/figure><\/div><hr><\/p><p>\r\n\t<a href=''https:\/\/terrarara.com.br\"s=sumerianos''>#sumerianos<\/a>\u00a0<\/p><p><\/p><p>\r\n\t<strong>Entre os muitos objetos incr\u00edveis encontrados em s\u00edtios arqueol\u00f3gicos no Iraque, onde existiam cidades sumerianas pr\u00f3speras, poucos s\u00e3o t\u00e3o fascinantes quanto a Lista dos Reis Sumerianos<\/strong>\r\n<\/p><p>\r\nO que torna a Lista dos Reis Sumerianos t\u00e3o especial \u00e9 que ela mistura reis que parecem ser figuras m\u00edticas, de tempos muito antigos, com reis hist\u00f3ricos que sabemos que realmente existiram. Essa combina\u00e7\u00e3o de mito e hist\u00f3ria deixa os estudiosos intrigados h\u00e1 mais de um s\u00e9culo.\r\n<\/p><p>\r\n<b>A Descoberta da Lista<\/b>\r\n<\/p><p>\r\nO primeiro peda\u00e7o desse texto raro, uma tabuleta de argila com escrita cuneiforme de 4.000 anos, foi encontrado no in\u00edcio dos anos 1900 pelo pesquisador alem\u00e3o-americano Hermann Hilprecht, na antiga cidade de Nippur. Ele publicou seus resultados em 1906. Desde ent\u00e3o, pelo menos 18 outras vers\u00f5es da lista foram encontradas, a maioria datada da segunda metade da dinastia de Isin, entre 2017 e 1794 a.C. Nenhuma dessas vers\u00f5es \u00e9 id\u00eantica, mas todas compartilham informa\u00e7\u00f5es suficientes para mostrar que vieram de uma \u00fanica hist\u00f3ria &#8220;ideal&#8221; da Sum\u00e9ria.\r\n<\/p><p><\/p><p>\r\n<div class=\"wp-block-image\"><figure><img src=\"https:\/\/vendedoradesonhos.com.br\/upload\/1\/sites\/img_40500c_1200.jpg\" alt=\"\" style=\"width:100%\"><figcaption>Vaso esculpido representando Gilgamesh lutando contra dois touros do templo Shara em Tell Agrab, regi\u00e3o de Diyala, Iraque. Gilgamesh foi inclu\u00eddo na Lista de Reis Sum\u00e9rios. (Osama Shukir Muhammed Amin \/ CC BY-SA 4.0)<\/figcaption><\/figure><\/div><hr><\/p><p><b>O Prisma Weld-Blundell<\/b>\r\n<\/p><p>\r\nEntre todas as vers\u00f5es da Lista dos Reis Sumerianos, o Prisma Weld-Blundell, guardado no Museu Ashmolean, em Oxford, \u00e9 a mais completa e detalhada. Esse prisma de 20 cent\u00edmetros de altura tem quatro lados, cada um com duas colunas de texto. Acredita-se que ele tinha um eixo de madeira no centro, permitindo que fosse girado para leitura em todos os lados. O documento lista reis desde as dinastias &#8220;antediluvianas&#8221; (antes do dil\u00favio) at\u00e9 o 14\u00ba rei da dinastia de Isin, por volta de 1763 a 1753 a.C.\r\n<\/p><p>\r\nA lista \u00e9 muito valiosa porque preserva tradi\u00e7\u00f5es antigas e ajuda a entender a cronologia dos per\u00edodos de reinado na Sum\u00e9ria. Curiosamente, ela tamb\u00e9m apresenta semelhan\u00e7as surpreendentes com hist\u00f3rias da B\u00edblia, como as do livro de G\u00eanesis.\r\n<\/p><p><\/p><p>\r\n<b>A Civiliza\u00e7\u00e3o Sum\u00e9ria<\/b>\r\n<\/p><p>\r\nA Sum\u00e9ria, \u00e0s vezes chamada de Sum\u00e9ria, \u00e9 considerada a primeira civiliza\u00e7\u00e3o conhecida. Localizava-se no sul da Mesopot\u00e2mia, entre os rios Tigre e Eufrates, na regi\u00e3o que mais tarde se tornou a Babil\u00f4nia e hoje \u00e9 o sul do Iraque, da \u00e1rea de Bagd\u00e1 at\u00e9 o Golfo P\u00e9rsico. No 3\u00ba mil\u00eanio a.C., a Sum\u00e9ria era formada por pelo menos 12 cidades-estado, como Kish, Ur, Nippur e Lagash. Cada uma tinha uma cidade murada, vilarejos ao redor e um templo central dedicado a uma divindade espec\u00edfica.\r\n<\/p><p>\r\nNo in\u00edcio, o poder pol\u00edtico pertencia aos cidad\u00e3os, mas, com o aumento das rivalidades entre as cidades, cada uma adotou a figura de um rei. A Lista dos Reis Sumerianos diz que oito reis governaram antes de um grande dil\u00favio. Depois disso, diferentes cidades-estado e seus reis assumiram o poder por per\u00edodos tempor\u00e1rios.\r\n<\/p><p><\/p><p>\r\n<div class=\"wp-block-image\"><figure><iframe loading=\"lazy\" width=\"610\" height=\"343\" src=\"https:\/\/www.youtube.com\/embed\/xQx0vSYzKfg\" title=\"The SUMERIAN KING LIST\" frameborder=\"0\" allow=\"accelerometer; autoplay; clipboard-write; encrypted-media; gyroscope; picture-in-picture; web-share\" referrerpolicy=\"strict-origin-when-cross-origin\" allowfullscreen><\/iframe><figcaption><\/figcaption><\/figure><\/div><hr><\/p><p><b>Um Passado M\u00edtico<\/b>\r\n<\/p><p>\r\nA Lista dos Reis Sumerianos come\u00e7a descrevendo a origem da realeza como algo divino: &#8220;a realeza desceu do c\u00e9u&#8221;. Os primeiros reis, de cidades como Eridug, teriam reinado por per\u00edodos incrivelmente longos. Por exemplo, o texto diz que Alulim, o primeiro rei, governou por 28.800 anos, e Alaljar, por 36.000 anos. No total, os oito primeiros reis teriam reinado por 241.200 anos at\u00e9 um grande dil\u00favio varrer a terra. Depois disso, a realeza &#8220;desceu do c\u00e9u? novamente, e novos reis come\u00e7aram a governar.\r\n<\/p><p>\r\nAlguns desses reis antigos, como Etana, Lugal-banda e Gilgamesh, s\u00e3o figuras lend\u00e1rias, conhecidas por hist\u00f3rias \u00e9picas sum\u00e9rias e babil\u00f4nicas. Suas fa\u00e7anhas heroicas aparecem em poemas e narrativas antigas.\r\n<\/p><p><\/p><p>\r\n<b>Por que reinados t\u00e3o longos?<\/b>\r\n<\/p><p>\r\nOs per\u00edodos de reinado absurdamente longos dos primeiros reis geram muitas perguntas. Alguns estudiosos acham que esses n\u00fameros s\u00e3o puramente simb\u00f3licos ou inventados, sem valor hist\u00f3rico. Outros acreditam que os reis iniciais eram vistos como deuses, capazes de viver muito mais que humanos. H\u00e1 tamb\u00e9m quem sugira que esses n\u00fameros representam a import\u00e2ncia ou o poder desses reis. Por exemplo, no Egito Antigo, dizer que algu\u00e9m &#8220;morreu com 110 anos? significava que teve uma vida plena e contribuiu muito para a sociedade. Talvez os longos reinados sum\u00e9rios reflitam algo semelhante: a enorme import\u00e2ncia desses reis para o povo.\r\n<\/p><p>\r\nOutra teoria \u00e9 que, embora esses reis iniciais n\u00e3o tenham provas hist\u00f3ricas, eles podem estar baseados em governantes reais que, com o tempo, foram transformados em lendas. Alguns pesquisadores, como Harrison, tentaram explicar os n\u00fameros com c\u00e1lculos matem\u00e1ticos, mas o mist\u00e9rio persiste. Curiosamente, ap\u00f3s o dil\u00favio, os reinados na lista passam a ter dura\u00e7\u00f5es mais realistas, o que intriga ainda mais os estudiosos.\r\n<\/p><p><\/p><p>\r\n<div class=\"wp-block-image\"><figure><img src=\"https:\/\/vendedoradesonhos.com.br\/upload\/1\/sites\/img_40500g_1200.jpg\" alt=\"\" style=\"width:100%\"><figcaption>Pintura do Grande Dil\u00favio contada em G\u00eanesis. Augsburger Wunderzeichenbuch, F\u00f3lio 1 (G\u00eanesis 7, 11-14). (Dom\u00ednio p\u00fablico)<\/figcaption><\/figure><\/div><hr><\/p><p><b>Semelhan\u00e7as com a B\u00edblia<\/b>\r\n<\/p><p>\r\nAlguns pesquisadores, como Bryant G. Wood, destacam semelhan\u00e7as entre a Lista dos Reis Sumerianos e o livro de G\u00eanesis, na B\u00edblia. Por exemplo, a lista menciona um grande dil\u00favio que &#8220;varreu a terra&#8221;, parecido com a hist\u00f3ria do dil\u00favio e da arca de No\u00e9, que tentou salvar os animais da destrui\u00e7\u00e3o. A lista tamb\u00e9m registra oito reis antes do dil\u00favio, com reinados muito longos, variando de 18.600 a 43.200 anos. Isso lembra G\u00eanesis 5, que lista as gera\u00e7\u00f5es desde a cria\u00e7\u00e3o at\u00e9 o dil\u00favio, tamb\u00e9m com oito gera\u00e7\u00f5es entre Ad\u00e3o e No\u00e9.\r\n<\/p><p>\r\nAl\u00e9m disso, tanto a B\u00edblia quanto a Lista dos Reis Sumerianos mostram que, ap\u00f3s o dil\u00favio, a dura\u00e7\u00e3o da vida (ou dos reinados) diminui significativamente. Essa semelhan\u00e7a levanta quest\u00f5es sobre como essas hist\u00f3rias podem estar conectadas.\r\n<\/p><p><\/p><p>\r\n<b>Um Mist\u00e9rio Antigo<\/b>\r\n<\/p><p>\r\nA Lista dos Reis Sumerianos \u00e9 um enigma fascinante. Por que os sum\u00e9rios misturaram reis m\u00edticos com reis hist\u00f3ricos no mesmo documento? Por que h\u00e1 tantas semelhan\u00e7as com as hist\u00f3rias da B\u00edblia? E por que os primeiros reis teriam reinado por milhares de anos? Essas perguntas continuam sem resposta, mesmo ap\u00f3s mais de um s\u00e9culo de estudos.\r\n<\/p><p>\r\nA Lista dos Reis Sumerianos n\u00e3o \u00e9 apenas um registro hist\u00f3rico; ela nos conecta a uma civiliza\u00e7\u00e3o antiga que via a realeza como um presente dos c\u00e9us. Suas hist\u00f3rias, cheias de mitos e mist\u00e9rios, continuam a inspirar curiosidade e debates entre arque\u00f3logos, historiadores e todos que se encantam com os segredos do passado.\r\n<\/p><p><\/p><p>\r\n<hr>\r\n\r\n<p style=\"text-align:right\"><em>Publicado em 10\/10\/2025 14h39<\/em><\/p>\r\n<hr>\r\n<p style=\"text-align:right\"><em><a href=\"https:\/\/terrarara.com.br\/en\/?page_id=3158\">English version<\/a><\/em><\/p>\r\n<hr>\r\n\r\n\t\t\t<hr>\r\n\t\t\t<p>Artigo referencia:<\/p>\r\n\t\t\r\n\t\t\t\r\n\r\n<ul><li><a href=\"https:\/\/www.ancient-origins.net\/artifacts-ancient-writings\/sumerian-king-list-001287\" target=\"_blank\">https:\/\/www.ancient-origins.net\/artifacts-ancient-writings\/sumerian-king-list-001287<\/a><\/li><\/ul>\r\n\r\n\r\n\r\n\r\n<hr class=\"wp-block-separator is-style-wide\"\/>\r\n\r\n<div style=\"position: buttonline;\"><iframe loading=\"lazy\" src=\"https:\/\/vendedoradesonhos.com.br\/rodape_sites.php?arg=40500\" frameborder=\"0\" height=\"420px\" width=\"100%\"><\/iframe><\/div>\r\n<div style=\"position: buttonline;\"><iframe loading=\"lazy\" src=\"https:\/\/vendedoradesonhos.com.br\/comentario_navegacao.php?arg=40500\" frameborder=\"0\" height=\"500px\" width=\"100%\"><\/iframe><\/div>\r\n<div style=\"position:absolute; width:40%; height:70px; top:-70px; left:0px;\"><iframe loading=\"lazy\" src=\"https:\/\/vendedoradesonhos.com.br\/oferta_site_esq.php?arg=40500\" frameborder=\"0\" height=\"100%\" width=\"100%\"><\/iframe><\/div>\r\n<div style=\"position:absolute; width:40%; height:70px; top:-70px; right:0px;\"><iframe loading=\"lazy\" src=\"https:\/\/vendedoradesonhos.com.br\/oferta_site_dir.php?arg=40500\" frameborder=\"0\" height=\"100%;\" width=\"100%\"><\/iframe><\/div>\r\n<a href=\"https:\/\/jagsystem.com\">\r\n<div style=\"position:absolute; height:200px; width:94%; left:3%; text-align:center; border-color: white; border-radius: 5px; border-style: solid;\">\r\n<table width=\"100%\" align=\"center\"><tr><td width=\"30%\" align=\"right\">Geoprocessamento<br>Sistemas para drones<br>HPC<\/td><td width=\"30%\">\r\n<img src=\"https:\/\/vendedoradesonhos.com.br\/wp-content\/uploads\/2022\/10\/logo_branco_jag6.png\" vspace=\"20\" width=\"250\" border=\"0\">\r\n<\/td><td width=\"30%\" align=\"left\">Sistemas ERP e CRM<br>Sistemas mobile<br>IA<\/td><\/tr><\/table>\r\n<\/div>\r\n<\/a><br><br><br><br>","protected":false},"excerpt":{"rendered":"","protected":false},"author":1,"featured_media":0,"parent":41,"menu_order":0,"comment_status":"closed","ping_status":"closed","template":"","meta":[],"_links":{"self":[{"href":"https:\/\/terrarara.com.br\/index.php?rest_route=\/wp\/v2\/pages\/26025"}],"collection":[{"href":"https:\/\/terrarara.com.br\/index.php?rest_route=\/wp\/v2\/pages"}],"about":[{"href":"https:\/\/terrarara.com.br\/index.php?rest_route=\/wp\/v2\/types\/page"}],"author":[{"embeddable":true,"href":"https:\/\/terrarara.com.br\/index.php?rest_route=\/wp\/v2\/users\/1"}],"replies":[{"embeddable":true,"href":"https:\/\/terrarara.com.br\/index.php?rest_route=%2Fwp%2Fv2%2Fcomments&post=26025"}],"version-history":[{"count":0,"href":"https:\/\/terrarara.com.br\/index.php?rest_route=\/wp\/v2\/pages\/26025\/revisions"}],"up":[{"embeddable":true,"href":"https:\/\/terrarara.com.br\/index.php?rest_route=\/wp\/v2\/pages\/41"}],"wp:attachment":[{"href":"https:\/\/terrarara.com.br\/index.php?rest_route=%2Fwp%2Fv2%2Fmedia&parent=26025"}],"curies":[{"name":"wp","href":"https:\/\/api.w.org\/{rel}","templated":true}]}}