{"id":25704,"date":"2025-07-31T03:19:54","date_gmt":"2025-07-31T03:19:54","guid":{"rendered":"http:\/\/terrarara.com.br\/terrarara\/?page_id=25704"},"modified":"2025-07-31T03:19:54","modified_gmt":"2025-07-31T03:19:54","slug":"nucleo-de-gelo-revela-12-mil-anos-da-historia-climatica-da-europa","status":"publish","type":"page","link":"https:\/\/terrarara.com.br\/?page_id=25704","title":{"rendered":"N\u00facleo de gelo revela 12 mil anos da hist\u00f3ria clim\u00e1tica da Europa"},"content":{"rendered":"<div class=\"wp-block-image\"><figure><img src=\"https:\/\/vendedoradesonhos.com.br\/img\/sites\/img_nucleo_gelo.jpg\" alt=\"\" style=\"width:100%\"><figcaption>Parte do n\u00facleo de gelo analisado no estudo. (<a href=\"https:\/\/www.dri.edu\/scientists-find-the-first-ice-core-from-the-european-alps-that-dates-back-to-the-last-ice-age\/\" target=\"_blank\">Sylvain Masclin<\/a>)<\/figcaption><\/figure><\/div><hr><\/p><p>\r\n\t<a href=\"https:\/\/doi.org\/10.1093\/pnasnexus\/pgaf186\" target=\"_blank\">doi.org\/10.1093\/pnasnexus\/pgaf186<\/a><br><a href=\"https:\/\/vendedoradesonhos.com.br\/credibilidade_estudo.php?c=39897\">Credibilidade<\/a>: <font color=\"#00FFFF\">9<\/font><font color=\"#00FF00\">8<\/font><font color=\"#FFFF00\">9<\/font><br><a href=''https:\/\/terrarara.com.br\"s=gelo''>#Gelo<\/a>\u00a0<\/p><p><\/p><p>\r\n\t<strong>Cientistas descobriram um n\u00facleo de gelo nos Alpes Europeus que guarda informa\u00e7\u00f5es sobre o clima dos \u00faltimos 12 mil anos, desde a \u00faltima Era do Gelo<\/strong><\/p><p> Esse \u00e9 o primeiro n\u00facleo de gelo da regi\u00e3o sendo datado com tanta precis\u00e3o, oferecendo dados valiosos sobre o meio ambiente ao longo da hist\u00f3ria.\r\n<\/p><p>\r\nA pesquisa foi liderada por cientistas do Centro Nacional de Pesquisa Cient\u00edfica da Fran\u00e7a e do Laborat\u00f3rio de N\u00facleos de Gelo do Desert Research Institute (DRI), em Nevada, nos Estados Unidos. Eles analisaram um tubo de gelo de 40 metros, retirado em 1999 do D\u00f4me du Go\u00fbter, uma montanha na cordilheira do Mont Blanc, entre a Fran\u00e7a e a It\u00e1lia.\r\n<\/p><p>\r\n&#8220;\u00c9 a primeira vez que temos um registro t\u00e3o completo do clima dos Alpes, com dados sobre a qu\u00edmica da atmosfera e das chuvas que remontam ao per\u00edodo Mesol\u00edtico&#8221;, explica Joe McConnell, hidrologista do DRI. &#8220;Isso \u00e9 muito importante porque o n\u00facleo de gelo cobre dois momentos clim\u00e1ticos distintos: a Era do Gelo e o per\u00edodo mais quente que veio depois. Esses dados mostram as condi\u00e7\u00f5es naturais mais extremas que podemos esperar.&#8221;\r\n<\/p><p>\r\n<div class=\"wp-block-image\"><figure><img src=\"https:\/\/vendedoradesonhos.com.br\/img\/sites\/img_nucleos_gelo.jpg\" alt=\"\" style=\"width:100%\"><figcaption>Os pesquisadores dataram o gelo em mais de 12.000 anos. (Legrand et al., PNAS Nexus, 2025)<\/figcaption><\/figure><\/div><hr><\/p><p><b>Por que esse n\u00facleo de gelo \u00e9 especial?<\/b>\r\n<\/p><p>\r\nA localiza\u00e7\u00e3o do n\u00facleo \u00e9 crucial. Diferente de amostras coletadas em regi\u00f5es remotas, como o \u00c1rtico, o gelo dos Alpes reflete o ambiente de uma \u00e1rea onde a popula\u00e7\u00e3o humana cresceu ao longo do tempo. Ele cont\u00e9m part\u00edculas de poeira, sal marinho, enxofre, fuligem e outros elementos que ajudam a entender como era o clima em diferentes \u00e9pocas. Esse n\u00facleo cobre desde o tempo dos ca\u00e7adores-coletores, quando as pessoas viviam espalhadas, at\u00e9 a expans\u00e3o da agricultura e a domestica\u00e7\u00e3o de animais.\r\n<\/p><p><\/p><p>\r\n<div class=\"wp-block-image\"><figure><img src=\"https:\/\/vendedoradesonhos.com.br\/img\/sites\/img_expedicao_nucleos_gelo.jpg\" alt=\"\" style=\"width:100%\"><figcaption>A equipe de expedi\u00e7\u00e3o coletando o n\u00facleo em 1999. (LGGE\/Osug, Bruno Jourdain)<\/figcaption><\/figure><\/div><hr><\/p><p><b>O que o gelo revelou?<\/b>\r\n<\/p><p>\r\nO n\u00facleo de gelo j\u00e1 trouxe descobertas importantes. Durante a \u00faltima Era do Gelo, os ver\u00f5es nos Alpes eram 3,5 \u00b0C mais frios do que hoje, e, em geral, o oeste da Europa era 2 \u00b0C mais frio. Al\u00e9m disso, ao analisar os n\u00edveis de f\u00f3sforo (liberado por plantas), os cientistas conseguiram mapear mudan\u00e7as na vegeta\u00e7\u00e3o ao longo desses 12 mil anos. As florestas se espalhavam mais em per\u00edodos de clima quente e diminu\u00edam em tempos de desmatamento e desenvolvimento humano.\r\n<\/p><p>\r\n&#8220;\u00c9 emocionante encontrar um n\u00facleo de gelo dos Alpes com um registro clim\u00e1tico intacto, que vai desde o per\u00edodo quente dos \u00faltimos 10 mil anos at\u00e9 o clima muito diferente da Era do Gelo&#8221;, diz a geocientista Susanne Preunkert, da Universidade Grenoble Alpes, na Fran\u00e7a.\r\n<\/p><p><\/p><p>\r\n<b>Como a idade do gelo foi determinada?<\/b>\r\n<\/p><p>\r\nO n\u00facleo de gelo, que ficou guardado por 25 anos, s\u00f3 agora foi analisado com t\u00e9cnicas modernas, como a medi\u00e7\u00e3o de is\u00f3topos de carbono e arg\u00f4nio, que ajudam a determinar a idade do material. Os pesquisadores tamb\u00e9m est\u00e3o estudando os n\u00edveis de sal marinho no gelo para entender mudan\u00e7as nos padr\u00f5es de vento ao longo do tempo e criar modelos clim\u00e1ticos mais precisos, que conectam sal marinho, padr\u00f5es de nuvens e radia\u00e7\u00e3o solar.\r\n<\/p><p><\/p><p>\r\n<b>Por que isso importa?<\/b>\r\n<\/p><p>\r\n&#8220;Para entender o clima do passado e prever o futuro, precisamos de modelos que capturem a verdadeira variabilidade do clima&#8221;, explica McConnell. &#8220;E para saber se esses modelos s\u00e3o bons, precisamos compar\u00e1-los com observa\u00e7\u00f5es reais. \u00c9 a\u00ed que os n\u00facleos de gelo fazem a diferen\u00e7a.&#8221;\r\n<\/p><p>\r\nEssa descoberta ajuda os cientistas a entenderem melhor como o clima mudou ao longo de milhares de anos e pode melhorar as previs\u00f5es sobre o clima no futuro, especialmente em regi\u00f5es como a Europa, que j\u00e1 enfrentam mudan\u00e7as clim\u00e1ticas significativas.\r\n<\/p><p><\/p><p>\r\n<hr>\r\n\r\n<p style=\"text-align:right\"><em>Publicado em 31\/07\/2025 03h19<\/em><\/p>\r\n<hr>\r\n<p style=\"text-align:right\"><em><a href=\"https:\/\/terrarara.com.br\/en\/?page_id=2840\">English version<\/a><\/em><\/p>\r\n<hr>\r\n\r\n\t\t\t<p>Texto adaptado por IA (Grok) do original em ingl\u00eas. Imagens de bibliotecas p\u00fablicas de imagens ou cr\u00e9ditos na legenda. Informa\u00e7\u00f5es sobre DOI, autor e institui\u00e7\u00e3o encontram-se no corpo do artigo.<\/p>\r\n\t\t\t<hr>\r\n\t\r\n\t\t\t\r\n\r\n<p>Estudo original: <\/p>\r\n\r\n\r\n\r\n<ul><li><a href=\"https:\/\/doi.org\/10.1093\/pnasnexus\/pgaf186\" target=\"_blank\">https:\/\/doi.org\/10.1093\/pnasnexus\/pgaf186<\/a><\/li><\/ul>\r\n\r\n\r\n\r\n<hr class=\"wp-block-separator is-style-wide\"\/>\r\n\r\n<div style=\"position: buttonline;\"><iframe loading=\"lazy\" src=\"https:\/\/vendedoradesonhos.com.br\/rodape_sites.php?arg=39897\" frameborder=\"0\" height=\"420px\" width=\"100%\"><\/iframe><\/div>\r\n<div style=\"position: buttonline;\"><iframe loading=\"lazy\" src=\"https:\/\/vendedoradesonhos.com.br\/comentario_navegacao.php?arg=39897\" frameborder=\"0\" height=\"500px\" width=\"100%\"><\/iframe><\/div>\r\n<div style=\"position:absolute; width:40%; height:70px; top:-70px; left:0px;\"><iframe loading=\"lazy\" src=\"https:\/\/vendedoradesonhos.com.br\/oferta_site_esq.php?arg=39897\" frameborder=\"0\" height=\"100%\" width=\"100%\"><\/iframe><\/div>\r\n<div style=\"position:absolute; width:40%; height:70px; top:-70px; right:0px;\"><iframe loading=\"lazy\" src=\"https:\/\/vendedoradesonhos.com.br\/oferta_site_dir.php?arg=39897\" frameborder=\"0\" height=\"100%;\" width=\"100%\"><\/iframe><\/div>\r\n<a href=\"<div class=\"wp-block-image\"><figure><iframe loading=\"lazy\" src=\"https:\/\/vendedoradesonhos.com.br\/oferta_site_central.php\" width=\"100%\" height=\"330\" frameborder=\"0\"><\/iframe><figcaption>{teste}<\/figcaption><\/figure><\/div><hr>","protected":false},"excerpt":{"rendered":"","protected":false},"author":1,"featured_media":0,"parent":68,"menu_order":0,"comment_status":"closed","ping_status":"closed","template":"","meta":[],"_links":{"self":[{"href":"https:\/\/terrarara.com.br\/index.php?rest_route=\/wp\/v2\/pages\/25704"}],"collection":[{"href":"https:\/\/terrarara.com.br\/index.php?rest_route=\/wp\/v2\/pages"}],"about":[{"href":"https:\/\/terrarara.com.br\/index.php?rest_route=\/wp\/v2\/types\/page"}],"author":[{"embeddable":true,"href":"https:\/\/terrarara.com.br\/index.php?rest_route=\/wp\/v2\/users\/1"}],"replies":[{"embeddable":true,"href":"https:\/\/terrarara.com.br\/index.php?rest_route=%2Fwp%2Fv2%2Fcomments&post=25704"}],"version-history":[{"count":0,"href":"https:\/\/terrarara.com.br\/index.php?rest_route=\/wp\/v2\/pages\/25704\/revisions"}],"up":[{"embeddable":true,"href":"https:\/\/terrarara.com.br\/index.php?rest_route=\/wp\/v2\/pages\/68"}],"wp:attachment":[{"href":"https:\/\/terrarara.com.br\/index.php?rest_route=%2Fwp%2Fv2%2Fmedia&parent=25704"}],"curies":[{"name":"wp","href":"https:\/\/api.w.org\/{rel}","templated":true}]}}