{"id":25659,"date":"2025-07-23T06:49:14","date_gmt":"2025-07-23T06:49:14","guid":{"rendered":"http:\/\/terrarara.com.br\/terrarara\/?page_id=25659"},"modified":"2025-07-23T06:49:14","modified_gmt":"2025-07-23T06:49:14","slug":"novo-dinossauro-descoberto-na-china-nao-rugia-mas-cantava-como-passaro","status":"publish","type":"page","link":"https:\/\/terrarara.com.br\/?page_id=25659","title":{"rendered":"Novo dinossauro descoberto na china n\u00e3o rugia, mas cantava como p\u00e1ssaro"},"content":{"rendered":"<div class=\"wp-block-image\"><figure><img src=\"https:\/\/vendedoradesonhos.com.br\/upload\/1\/sites\/img_39800_1200.jpg\" alt=\"\" style=\"width:100%\"><figcaption>Fotografia do esqueleto completo do Pulaosaurus qinglongin. Cr\u00e9dito: PeerJ (2025). DOI: 10.7717\/peerj.19664<\/figcaption><\/figure><\/div><hr><\/p><p>\r\n\t<a href=\"https:\/\/doi.org\/10.7717\/peerj.19664\" target=\"_blank\">doi.org\/10.7717\/peerj.19664<\/a><br><a href=\"https:\/\/vendedoradesonhos.com.br\/credibilidade_estudo.php?c=39800\">Credibilidade<\/a>: <font color=\"#00FFFF\">9<\/font><font color=\"#00FF00\">8<\/font><font color=\"#FFFF00\">9<\/font><br><a href=''https:\/\/terrarara.com.br\"s=f\u00f3ssil''>#F\u00f3ssil<\/a>\u00a0<\/p><p><\/p><p>\r\n\t<strong>Cada nova descoberta em paleontologia nos afasta da imagem de dinossauros que Hollywood criou, como os gigantes reptilianos de *Jurassic Park*<\/strong><\/p><p> Hoje, sabemos que muitos dinossauros n\u00e3o tinham uma pele dura e escamosa, mas sim estruturas parecidas com penas, como as aves modernas. Agora, cientistas na China encontraram f\u00f3sseis de uma nova esp\u00e9cie de dinossauro que n\u00e3o rugia como um monstro, mas provavelmente emitia sons agudos, como os cantos de p\u00e1ssaros. Essa revela\u00e7\u00e3o veio da descoberta de ossos fossilizados, incluindo partes da caixa vocal, de um dinossauro chamado *Pulaosaurus qinglong*. Vamos explorar essa descoberta fascinante e o que ela nos ensina sobre o passado do planeta.\r\n<\/p><p>\r\n<b>Quem \u00e9 o *Pulaosaurus qinglong*?<\/b>\r\n<\/p><p>\r\nOs cientistas chineses descobriram f\u00f3sseis de uma nova esp\u00e9cie de dinossauro, batizada de *Pulaosaurus qinglong*, em homenagem a &#8220;Pulao&#8221;, um drag\u00e3o m\u00edtico chin\u00eas conhecido por seu som alto. Esse dinossauro media cerca de 60 cent\u00edmetros de comprimento e pertencia ao grupo dos Neornithischia, uma subcategoria dos Ornithischia, dinossauros herb\u00edvoros com uma estrutura p\u00e9lvica parecida com a de aves. Ele viveu h\u00e1 cerca de 165 a 150 milh\u00f5es de anos, durante o per\u00edodo Jur\u00e1ssico M\u00e9dio a Tardio, numa regi\u00e3o do nordeste da China chamada Yanliao Biota, famosa por seus f\u00f3sseis de dinossauros.\r\n<\/p><p>\r\nO f\u00f3ssil encontrado \u00e9 especial porque \u00e9 o primeiro dinossauro neornithischiano descoberto na Yanliao Biota. At\u00e9 ent\u00e3o, a maioria dos estudos nessa regi\u00e3o focava em pequenos dinossauros carn\u00edvoros (ter\u00f3podes) ou aves primitivas, deixando os herb\u00edvoros como o *Pulaosaurus* menos explorados. Essa falta de f\u00f3sseis criava uma lacuna no conhecimento, dificultando entender como esses dinossauros evolu\u00edram. A descoberta, publicada na revista cient\u00edfica *PeerJ*, ajuda a preencher esse vazio.\r\n<\/p><p><\/p><p>\r\n<b>O que o f\u00f3ssil revela?<\/b>\r\n<\/p><p>\r\nO f\u00f3ssil do *Pulaosaurus qinglong* foi encontrado na Forma\u00e7\u00e3o Tiaojishan, na prov\u00edncia de Hebei, no norte da China. Ele \u00e9 incrivelmente bem preservado, incluindo um esqueleto quase completo com v\u00e9rtebras, membros, pelve, ossos da laringe (caixa vocal) e at\u00e9 algumas estruturas raras de tecidos moles. Como o dinossauro era jovem, ele oferece uma vis\u00e3o \u00fanica de como esses animais se desenvolviam.\r\n<\/p><p>\r\nOs cientistas realizaram uma an\u00e1lise filogen\u00e9tica, que \u00e9 como montar uma \u00e1rvore geneal\u00f3gica para entender onde o *Pulaosaurus* se encaixa na evolu\u00e7\u00e3o dos dinossauros. Eles descobriram que ele est\u00e1 entre os neornithischianos mais antigos j\u00e1 encontrados. Mais impressionante ainda, esse \u00e9 apenas o segundo dinossauro com ossos da laringe fossilizados, o que permitiu aos pesquisadores estudar como ele produzia sons.\r\n<\/p><p>\r\nA laringe do *Pulaosaurus* tinha estruturas cartilaginosas alongadas, em forma de folha, muito parecidas com as de aves modernas. Isso sugere que, em vez de rugir como imaginamos dinossauros, ele provavelmente emitia sons agudos, como pios ou cantos de p\u00e1ssaros. Essa ideia muda completamente a forma como pensamos sobre esses animais, trazendo-os ainda mais perto de suas parentes modernas, as aves.\r\n<\/p><p><\/p><p>\r\n<div class=\"wp-block-image\"><figure><img src=\"https:\/\/vendedoradesonhos.com.br\/upload\/1\/sites\/img_39800d_1200.jpg\" alt=\"\" style=\"width:100%\"><figcaption>Foto de v\u00e1rios elementos do cr\u00e2nio em vista lateral. Cr\u00e9dito: PeerJ (2025). DOI: 10.7717\/peerj.19664<\/figcaption><\/figure><\/div><hr><\/p><p><b>O que ele comia?<\/b>\r\n<\/p><p>\r\nAl\u00e9m dos sons, os cientistas queriam saber o que o *Pulaosaurus* comia. Ao examinar a cavidade do est\u00f4mago, eles encontraram pequenas pedras redondas e marcas min\u00fasculas que parecem ser sementes ou outros materiais vegetais. A estrutura dos dentes, da mand\u00edbula e da l\u00edngua mostrou que esse dinossauro preferia alimentos vegetais macios, como folhas e brotos. Diferente dos carn\u00edvoros ferozes de *Jurassic Park*, o *Pulaosaurus* era um herb\u00edvoro tranquilo, mastigando plantas com calma.\r\n<\/p><p><\/p><p>\r\n<b>Por que essa descoberta \u00e9 importante?<\/b>\r\n<\/p><p>\r\nA descoberta do *Pulaosaurus qinglong* \u00e9 como encontrar uma pe\u00e7a perdida de um quebra-cabe\u00e7a. Ela nos ajuda a entender melhor a diversidade de dinossauros na Yanliao Biota, uma regi\u00e3o que j\u00e1 revelou muitos f\u00f3sseis importantes. Antes, os cientistas tinham poucas informa\u00e7\u00f5es sobre dinossauros herb\u00edvoros como os neornithischianos nessa \u00e1rea, o que tornava dif\u00edcil tra\u00e7ar como eles evolu\u00edram. Agora, o *Pulaosaurus* preenche essa lacuna, mostrando que esses dinossauros estavam presentes e diversificados no Jur\u00e1ssico.\r\n<\/p><p>\r\nA laringe fossilizada \u00e9 outro destaque. Como \u00e9 muito raro encontrar esses ossos preservados, essa descoberta permite aos cientistas explorar como os dinossauros se comunicavam. A ideia de que o *Pulaosaurus* cantava como um p\u00e1ssaro nos faz repensar o comportamento desses animais. Talvez os dinossauros fossem mais barulhentos e variados em seus sons do que imagin\u00e1vamos, usando cantos para se comunicar, atrair parceiros ou marcar territ\u00f3rio.\r\n<\/p><p><\/p><p>\r\n<b>O que vem a seguir?<\/b>\r\n<\/p><p>\r\nEssa descoberta abre novas portas para a paleontologia. Os cientistas agora podem comparar o *Pulaosaurus* com outros dinossauros e aves para entender melhor como a evolu\u00e7\u00e3o levou dos dinossauros \u00e0s aves modernas. Al\u00e9m disso, a Yanliao Biota continua sendo um tesouro para os paleont\u00f3logos, e mais f\u00f3sseis podem revelar ainda mais sobre a vida no Jur\u00e1ssico.\r\n<\/p><p>\r\nO estudo tamb\u00e9m destaca como a ci\u00eancia est\u00e1 mudando nossa vis\u00e3o dos dinossauros. Longe dos monstros rugidores dos filmes, muitos deles eram cobertos de penas e talvez at\u00e9 cantassem como p\u00e1ssaros. Cada f\u00f3ssil descoberto nos ajuda a reconstruir o passado do planeta e a entender como a vida evoluiu ao longo de milh\u00f5es de anos.\r\n<\/p><p><\/p><p>\r\n<b>Conclus\u00e3o<\/b>\r\n<\/p><p>\r\nO *Pulaosaurus qinglong* \u00e9 mais do que apenas um novo dinossauro &#8211; ele \u00e9 uma janela para um mundo perdido. Com sua laringe que sugere sons de p\u00e1ssaro e sua dieta de plantas macias, esse pequeno herb\u00edvoro nos mostra que os dinossauros eram muito mais diversos e complexos do que imagin\u00e1vamos. A descoberta na Yanliao Biota refor\u00e7a a conex\u00e3o entre dinossauros e aves, al\u00e9m de preencher lacunas importantes na hist\u00f3ria da evolu\u00e7\u00e3o. \u00c9 um lembrete de que, com cada f\u00f3ssil encontrado, ficamos mais perto de entender o passado incr\u00edvel do nosso planeta e os animais que j\u00e1 caminharam por ele.<\/p><p><\/p><p>\r\n<hr>\r\n\r\n<p style=\"text-align:right\"><em>Publicado em 23\/07\/2025 06h49<\/em><\/p>\r\n<hr>\r\n<p style=\"text-align:right\"><em><a href=\"https:\/\/terrarara.com.br\/en\/?page_id=2795\">English version<\/a><\/em><\/p>\r\n<hr>\r\n\r\n\t\t\t<p>Texto adaptado por IA (Grok) do original em ingl\u00eas. Imagens de bibliotecas p\u00fablicas de imagens ou cr\u00e9ditos na legenda. Informa\u00e7\u00f5es sobre DOI, autor e institui\u00e7\u00e3o encontram-se no corpo do artigo.<\/p>\r\n\t\t\t<hr>\r\n\t\r\n\t\t\t\r\n\r\n<p>Estudo original: <\/p>\r\n\r\n\r\n\r\n<ul><li><a href=\"https:\/\/doi.org\/10.7717\/peerj.19664\" target=\"_blank\">https:\/\/doi.org\/10.7717\/peerj.19664<\/a><\/li><\/ul>\r\n\r\n\r\n\r\n<hr class=\"wp-block-separator is-style-wide\"\/>\r\n\r\n<div style=\"position: buttonline;\"><iframe loading=\"lazy\" src=\"https:\/\/vendedoradesonhos.com.br\/rodape_sites.php?arg=39800\" frameborder=\"0\" height=\"420px\" width=\"100%\"><\/iframe><\/div>\r\n<div style=\"position: buttonline;\"><iframe loading=\"lazy\" src=\"https:\/\/vendedoradesonhos.com.br\/comentario_navegacao.php?arg=39800\" frameborder=\"0\" height=\"500px\" width=\"100%\"><\/iframe><\/div>\r\n<div style=\"position:absolute; width:40%; height:70px; top:-70px; left:0px;\"><iframe loading=\"lazy\" src=\"https:\/\/vendedoradesonhos.com.br\/oferta_site_esq.php?arg=39800\" frameborder=\"0\" height=\"100%\" width=\"100%\"><\/iframe><\/div>\r\n<div style=\"position:absolute; width:40%; height:70px; top:-70px; right:0px;\"><iframe loading=\"lazy\" src=\"https:\/\/vendedoradesonhos.com.br\/oferta_site_dir.php?arg=39800\" frameborder=\"0\" height=\"100%;\" width=\"100%\"><\/iframe><\/div>\r\n<a href=\"https:\/\/jagsystem.com\">\r\n<div style=\"position:absolute; height:200px; width:94%; left:3%; text-align:center; border-color: white; border-radius: 5px; border-style: solid;\">\r\n<table width=\"100%\" align=\"center\"><tr><td width=\"30%\" align=\"right\">Geoprocessamento<br>Sistemas para drones<br>HPC<\/td><td width=\"30%\">\r\n<img src=\"https:\/\/vendedoradesonhos.com.br\/wp-content\/uploads\/2022\/10\/logo_branco_jag6.png\" vspace=\"20\" width=\"250\" border=\"0\">\r\n<\/td><td width=\"30%\" align=\"left\">Sistemas ERP e CRM<br>Sistemas mobile<br>IA<\/td><\/tr><\/table>\r\n<\/div>\r\n<\/a><br><br><br><br>","protected":false},"excerpt":{"rendered":"","protected":false},"author":1,"featured_media":0,"parent":62,"menu_order":0,"comment_status":"closed","ping_status":"closed","template":"","meta":[],"_links":{"self":[{"href":"https:\/\/terrarara.com.br\/index.php?rest_route=\/wp\/v2\/pages\/25659"}],"collection":[{"href":"https:\/\/terrarara.com.br\/index.php?rest_route=\/wp\/v2\/pages"}],"about":[{"href":"https:\/\/terrarara.com.br\/index.php?rest_route=\/wp\/v2\/types\/page"}],"author":[{"embeddable":true,"href":"https:\/\/terrarara.com.br\/index.php?rest_route=\/wp\/v2\/users\/1"}],"replies":[{"embeddable":true,"href":"https:\/\/terrarara.com.br\/index.php?rest_route=%2Fwp%2Fv2%2Fcomments&post=25659"}],"version-history":[{"count":0,"href":"https:\/\/terrarara.com.br\/index.php?rest_route=\/wp\/v2\/pages\/25659\/revisions"}],"up":[{"embeddable":true,"href":"https:\/\/terrarara.com.br\/index.php?rest_route=\/wp\/v2\/pages\/62"}],"wp:attachment":[{"href":"https:\/\/terrarara.com.br\/index.php?rest_route=%2Fwp%2Fv2%2Fmedia&parent=25659"}],"curies":[{"name":"wp","href":"https:\/\/api.w.org\/{rel}","templated":true}]}}