{"id":25482,"date":"2025-06-25T21:02:14","date_gmt":"2025-06-25T21:02:14","guid":{"rendered":"http:\/\/terrarara.com.br\/terrarara\/?page_id=25482"},"modified":"2025-06-25T21:02:14","modified_gmt":"2025-06-25T21:02:14","slug":"cientistas-surpresos-medusa-caravela-portuguesa-nao-e-uma-mas-quatro-especies-diferentes","status":"publish","type":"page","link":"https:\/\/terrarara.com.br\/?page_id=25482","title":{"rendered":"Cientistas surpresos: medusa &#8216;caravela-portuguesa&#8217; n\u00e3o \u00c9 uma, mas quatro esp\u00e9cies diferentes"},"content":{"rendered":"<div class=\"wp-block-image\"><figure><img src=\"https:\/\/vendedoradesonhos.com.br\/upload\/1\/sites\/img_39469_1200.jpg\" alt=\"\" style=\"width:100%\"><figcaption>An\u00e1lises gen\u00f4micas recentes revelam que a caravela-portuguesa n\u00e3o \u00e9 uma esp\u00e9cie \u00fanica e globalmente uniforme, mas sim composta por pelo menos quatro t\u00e1xons cr\u00edpticos com morfologias, gen\u00e9tica e distribui\u00e7\u00f5es distintas. Cr\u00e9dito: Shutterstock<\/figcaption><\/figure><\/div><hr><\/p><p>\r\n\t<a href=\"https:\/\/doi.org\/10.1016\/j.cub.2025.05.066\" target=\"_blank\">doi.org\/10.1016\/j.cub.2025.05.066<\/a><br><a href=\"https:\/\/vendedoradesonhos.com.br\/credibilidade_estudo.php?c=39469\">Credibilidade<\/a>: <font color=\"#00FFFF\">9<\/font><font color=\"#00FF00\">8<\/font><font color=\"#FFFF00\">9<\/font><br><a href=''https:\/\/terrarara.com.br\"s=caravela-portuguesa''>#caravelaportuguesa<\/a>\u00a0<\/p><p><\/p><p>\r\n\t<strong>As medusas conhecidas como caravelas-portuguesas, ou &#8220;bluebottles? em ingl\u00eas, sempre foram consideradas uma \u00fanica esp\u00e9cie que flutua pelos oceanos do mundo<\/strong><\/p><p> Por\u00e9m, uma nova pesquisa revelou que, na verdade, elas s\u00e3o pelo menos quatro esp\u00e9cies distintas, cada uma com caracter\u00edsticas f\u00edsicas, gen\u00e9tica e \u00e1reas de distribui\u00e7\u00e3o pr\u00f3prias.\r\n<\/p><p>\r\nEssa descoberta foi feita por um estudo internacional liderado por cientistas da Universidade de Yale, nos Estados Unidos, junto com pesquisadores da Universidade de Nova Gales do Sul (UNSW) e da Universidade Griffith, na Austr\u00e1lia. Eles analisaram o material gen\u00e9tico de 151 caravelas coletadas em diferentes partes do planeta.\r\n<\/p><p>\r\n<div class=\"wp-block-image\"><figure><img src=\"https:\/\/vendedoradesonhos.com.br\/upload\/1\/sites\/img_39469b_1200.jpg\" alt=\"\" style=\"width:100%\"><figcaption>Uma varejeira-azul em uma praia da Gold Coast, na Austr\u00e1lia. Cr\u00e9dito: Kylie Pitt<\/figcaption><\/figure><\/div><hr><\/p><p><b>Diversidade gen\u00e9tica surpreendente<\/b>\r\n<\/p><p>\r\nPublicado na revista Current Biology, o estudo mostrou que as caravelas formam cinco grupos gen\u00e9ticos que n\u00e3o se cruzam entre si, mesmo vivendo em \u00e1reas pr\u00f3ximas. Isso contradiz a ideia antiga de que todas pertenciam a uma \u00fanica popula\u00e7\u00e3o misturada nos oceanos.\r\n<\/p><p>\r\n&#8220;Ficamos chocados, porque ach\u00e1vamos que eram todas a mesma esp\u00e9cie&#8221;, disse a professora Kylie Pitt, da Universidade Griffith. &#8220;Mas os dados gen\u00e9ticos mostram que elas n\u00e3o s\u00f3 s\u00e3o diferentes, como tamb\u00e9m n\u00e3o se reproduzem entre si, apesar de estarem em regi\u00f5es pr\u00f3ximas. A caravela \u00e9 perfeita para viajar longas dist\u00e2ncias, usando sua bolsa cheia de g\u00e1s e uma crista muscular para &#8220;velejar? com o vento na superf\u00edcie do mar.&#8221;\r\n<\/p><p><\/p><p>\r\n<div class=\"wp-block-image\"><figure><img src=\"https:\/\/vendedoradesonhos.com.br\/upload\/1\/sites\/img_39469c_1200.jpg\" alt=\"\" style=\"width:100%\"><figcaption>O estudo encontrou quatro esp\u00e9cies distintas de mosca-varejeira ap\u00f3s uma an\u00e1lise global. Cr\u00e9dito: Universidade Griffith<\/figcaption><\/figure><\/div><hr><\/p><p><b>Confirmando diferen\u00e7as com imagens e gen\u00e9tica<\/b>\r\n<\/p><p>\r\nOs cientistas combinaram an\u00e1lises gen\u00e9ticas com observa\u00e7\u00f5es f\u00edsicas. Eles usaram milhares de fotos enviadas por pessoas comuns ao site iNaturalist.org para identificar quatro formas f\u00edsicas distintas das caravelas. Essas formas, que no passado (s\u00e9culos 18 e 19) foram sugeridas como esp\u00e9cies separadas, mas depois descartadas, agora foram confirmadas pela gen\u00e9tica moderna.\r\n<\/p><p>\r\nO estudo identificou as esp\u00e9cies Physalia physalis, P. utriculus e P. megalista, al\u00e9m de uma nova esp\u00e9cie chamada Physalia minuta, encontrada perto da Nova Zel\u00e2ndia e da Austr\u00e1lia. Cada esp\u00e9cie ainda \u00e9 dividida em subgrupos geneticamente \u00fanicos, moldados pelos ventos e correntes oce\u00e2nicas de cada regi\u00e3o, segundo modelos avan\u00e7ados de circula\u00e7\u00e3o mar\u00edtima.\r\n<\/p><p><\/p><p>\r\n<b>Repensando a vida nos oceanos<\/b>\r\n<\/p><p>\r\n&#8220;Existe a ideia de que os oceanos s\u00e3o todos conectados, e que as caravelas s\u00e3o uma \u00fanica esp\u00e9cie espalhada pelo mundo, viajando com o vento e as correntes&#8221;, explicou a professora Pitt. &#8220;Mas isso n\u00e3o \u00e9 verdade. E o mais interessante na Austr\u00e1lia oriental \u00e9 que temos v\u00e1rias esp\u00e9cies que evolu\u00edram mesmo vivendo lado a lado. Por que elas se tornaram esp\u00e9cies diferentes se est\u00e3o no mesmo ambiente e poderiam se misturar? Que fatores levaram a essa separa\u00e7\u00e3o&#8221;?\r\n<\/p><p>\r\nOs pesquisadores destacaram que novas pesquisas sobre os processos f\u00edsicos, ambientais e biol\u00f3gicos que criaram e mant\u00eam essa diversidade gen\u00e9tica ser\u00e3o essenciais para entender melhor a biodiversidade nos oceanos abertos. Essa descoberta muda o que a ci\u00eancia pensava sobre como a vida se organiza nos mares.\r\n<\/p><p><\/p><p>\r\n<hr>\r\n\r\n<p style=\"text-align:right\"><em>Publicado em 25\/06\/2025 21h02<\/em><\/p>\r\n<hr>\r\n<p style=\"text-align:right\"><em><a href=\"https:\/\/terrarara.com.br\/en\/?page_id=2617\">English version<\/a><\/em><\/p>\r\n<hr>\r\n\r\n\t\t\t<p>Texto adaptado por IA (Grok) do original em ingl\u00eas. Imagens de bibliotecas p\u00fablicas de imagens ou cr\u00e9ditos na legenda. Informa\u00e7\u00f5es sobre DOI, autor e institui\u00e7\u00e3o encontram-se no corpo do artigo.<\/p>\r\n\t\t\t<hr>\r\n\t\r\n\t\t\t\r\n\r\n<p>Estudo original: <\/p>\r\n\r\n\r\n\r\n<ul><li><a href=\"https:\/\/doi.org\/10.1016\/j.cub.2025.05.066\" target=\"_blank\">https:\/\/doi.org\/10.1016\/j.cub.2025.05.066<\/a><\/li><\/ul>\r\n\r\n\r\n\r\n<hr class=\"wp-block-separator is-style-wide\"\/>\r\n\r\n<div style=\"position: buttonline;\"><iframe loading=\"lazy\" src=\"https:\/\/vendedoradesonhos.com.br\/rodape_sites.php?arg=39469\" frameborder=\"0\" height=\"420px\" width=\"100%\"><\/iframe><\/div>\r\n<div style=\"position: buttonline;\"><iframe loading=\"lazy\" src=\"https:\/\/vendedoradesonhos.com.br\/comentario_navegacao.php?arg=39469\" frameborder=\"0\" height=\"500px\" width=\"100%\"><\/iframe><\/div>\r\n<div style=\"position:absolute; width:40%; height:70px; top:-70px; left:0px;\"><iframe loading=\"lazy\" src=\"https:\/\/vendedoradesonhos.com.br\/oferta_site_esq.php?arg=39469\" frameborder=\"0\" height=\"100%\" width=\"100%\"><\/iframe><\/div>\r\n<div style=\"position:absolute; width:40%; height:70px; top:-70px; right:0px;\"><iframe loading=\"lazy\" src=\"https:\/\/vendedoradesonhos.com.br\/oferta_site_dir.php?arg=39469\" frameborder=\"0\" height=\"100%;\" width=\"100%\"><\/iframe><\/div>\r\n<a href=\"https:\/\/jagsystem.com\">\r\n<div style=\"position:absolute; height:200px; width:94%; left:3%; text-align:center; border-color: white; border-radius: 5px; border-style: solid;\">\r\n<table width=\"100%\" align=\"center\"><tr><td width=\"30%\" align=\"right\">Geoprocessamento<br>Sistemas para drones<br>HPC<\/td><td width=\"30%\">\r\n<img src=\"https:\/\/vendedoradesonhos.com.br\/wp-content\/uploads\/2022\/10\/logo_branco_jag6.png\" vspace=\"20\" width=\"250\" border=\"0\">\r\n<\/td><td width=\"30%\" align=\"left\">Sistemas ERP e CRM<br>Sistemas mobile<br>IA<\/td><\/tr><\/table>\r\n<\/div>\r\n<\/a><br><br><br><br>","protected":false},"excerpt":{"rendered":"","protected":false},"author":1,"featured_media":0,"parent":6130,"menu_order":0,"comment_status":"closed","ping_status":"closed","template":"","meta":[],"_links":{"self":[{"href":"https:\/\/terrarara.com.br\/index.php?rest_route=\/wp\/v2\/pages\/25482"}],"collection":[{"href":"https:\/\/terrarara.com.br\/index.php?rest_route=\/wp\/v2\/pages"}],"about":[{"href":"https:\/\/terrarara.com.br\/index.php?rest_route=\/wp\/v2\/types\/page"}],"author":[{"embeddable":true,"href":"https:\/\/terrarara.com.br\/index.php?rest_route=\/wp\/v2\/users\/1"}],"replies":[{"embeddable":true,"href":"https:\/\/terrarara.com.br\/index.php?rest_route=%2Fwp%2Fv2%2Fcomments&post=25482"}],"version-history":[{"count":0,"href":"https:\/\/terrarara.com.br\/index.php?rest_route=\/wp\/v2\/pages\/25482\/revisions"}],"up":[{"embeddable":true,"href":"https:\/\/terrarara.com.br\/index.php?rest_route=\/wp\/v2\/pages\/6130"}],"wp:attachment":[{"href":"https:\/\/terrarara.com.br\/index.php?rest_route=%2Fwp%2Fv2%2Fmedia&parent=25482"}],"curies":[{"name":"wp","href":"https:\/\/api.w.org\/{rel}","templated":true}]}}