{"id":25463,"date":"2025-06-20T21:26:04","date_gmt":"2025-06-20T21:26:04","guid":{"rendered":"http:\/\/terrarara.com.br\/terrarara\/?page_id=25463"},"modified":"2025-06-20T21:26:04","modified_gmt":"2025-06-20T21:26:04","slug":"cientistas-descobrem-nova-especie-de-pterossauro-no-japao","status":"publish","type":"page","link":"https:\/\/terrarara.com.br\/?page_id=25463","title":{"rendered":"Cientistas descobrem nova esp\u00e9cie de pterossauro no Jap\u00e3o"},"content":{"rendered":"<div class=\"wp-block-image\"><figure><img src=\"https:\/\/vendedoradesonhos.com.br\/upload\/1\/sites\/img_39413_1200.jpg\" alt=\"\" style=\"width:100%\"><figcaption>Nipponopterus mifunensis, um pterossauro rec\u00e9m-identificado, conhecido por uma \u00fanica v\u00e9rtebra no pesco\u00e7o, j\u00e1 voou pelos c\u00e9us antigos do que hoje \u00e9 o Jap\u00e3o. Cr\u00e9dito: Zhao Chuang<\/figcaption><\/figure><\/div><hr><\/p><p>\r\n\t<a href=\"https:\/\/doi.org\/10.1016\/j.cretres.2024.106046\" target=\"_blank\">doi.org\/10.1016\/j.cretres.2024.106046<\/a><br><a href=\"https:\/\/vendedoradesonhos.com.br\/credibilidade_estudo.php?c=39413\">Credibilidade<\/a>: <font color=\"#00FFFF\">9<\/font><font color=\"#00FF00\">8<\/font><font color=\"#FFFF00\">9<\/font><br><a href=''https:\/\/terrarara.com.br\"s=pterossauro''>#pterossauro<\/a>\u00a0<\/p><p><\/p><p>\r\n\t<strong>Pela primeira vez, cientistas encontraram uma nova esp\u00e9cie de pterossauro no Jap\u00e3o, batizada de Nipponopterus mifunensis<\/strong><\/p><p> A descoberta, feita por pesquisadores do Jap\u00e3o, China e Brasil, destaca a rica hist\u00f3ria pr\u00e9-hist\u00f3rica do pa\u00eds e \u00e9 resultado de uma colabora\u00e7\u00e3o internacional.\r\n<\/p><p>\r\nO pterossauro, que viveu no per\u00edodo Cret\u00e1ceo Superior, h\u00e1 cerca de 90 milh\u00f5es de anos, foi identificado a partir de um peda\u00e7o de osso do pesco\u00e7o (v\u00e9rtebra cervical) encontrado na d\u00e9cada de 1990 na regi\u00e3o de Kumamoto, na ilha de Kyushu, no sul do Jap\u00e3o. Ap\u00f3s estudos detalhados com tomografia computadorizada na Universidade de Kumamoto e an\u00e1lises de parentesco evolutivo, os cientistas confirmaram que o osso pertence a uma nova esp\u00e9cie da fam\u00edlia Azhdarchidae, que inclui alguns dos maiores animais voadores da hist\u00f3ria.\r\n<\/p><p>\r\nO f\u00f3ssil est\u00e1 agora em exibi\u00e7\u00e3o no Museu dos Dinossauros de Mifune, em Kumamoto, permitindo que o p\u00fablico conhe\u00e7a um pouco da vida pr\u00e9-hist\u00f3rica do Jap\u00e3o.\r\n<\/p><p>\r\n<b>Import\u00e2ncia para a Paleontologia Japonesa<\/b>\r\n<\/p><p>\r\n&#8220;Essa descoberta \u00e9 um grande avan\u00e7o para a paleontologia do Jap\u00e3o&#8221;, disse o Dr. Naoki Ikegami, do Museu dos Dinossauros de Mifune. &#8220;At\u00e9 agora, nenhum pterossauro havia sido oficialmente identificado a partir de ossos encontrados no pa\u00eds. Esse achado nos ajuda a entender melhor a diversidade e a evolu\u00e7\u00e3o dos pterossauros na \u00c1sia Oriental.&#8221;\r\n<\/p><p>\r\nO Nipponopterus mifunensis tinha uma envergadura de asas estimada entre 3 e 3,5 metros e viveu durante as etapas Turoniano e Coniaciano do Cret\u00e1ceo Superior, sendo um dos primeiros membros conhecidos de sua linhagem evolutiva.\r\n<\/p><p><\/p><p>\r\n<b>Caracter\u00edsticas \u00danicas<\/b>\r\n<\/p><p>\r\nO osso do pesco\u00e7o do Nipponopterus mifunensis apresenta caracter\u00edsticas \u00fanicas que o diferenciam de outras esp\u00e9cies de pterossauros. Ele possui uma crista dorsal elevada que se estende ao longo do osso, al\u00e9m de uma ranhura longa na parte inferior, um formato triangular em uma das extremidades e proje\u00e7\u00f5es \u00f3sseas (postexap\u00f3fises) posicionadas de maneira incomum, voltadas para os lados.\r\n<\/p><p>\r\nEssas caracter\u00edsticas mostram que o Nipponopterus \u00e9 diferente de todos os outros pterossauros da fam\u00edlia Azhdarchidae. An\u00e1lises indicam que ele \u00e9 parente pr\u00f3ximo de um pterossauro misterioso de Burkina, na Mong\u00f3lia, e do gigante Quetzalcoatlus, da Am\u00e9rica do Norte.\r\n<\/p><p><\/p><p>\r\n<b>Colabora\u00e7\u00e3o Internacional<\/b>\r\n<\/p><p>\r\nO estudo, publicado na revista cient\u00edfica Cretaceous Research, envolveu pesquisadores da Universidade de Shihezi (China), do Museu de Zoologia da Universidade de S\u00e3o Paulo (Brasil) e de institui\u00e7\u00f5es japonesas, como o Museu dos Dinossauros de Mifune, a Universidade de Kumamoto e a Universidade de Hokkaido. Eles combinaram conhecimentos em an\u00e1lise de f\u00f3sseis, tecnologia de imagens, modelagem e estudos evolutivos.\r\n<\/p><p>\r\n&#8220;\u00c9 um belo exemplo de como a ci\u00eancia conecta pessoas de diferentes pa\u00edses&#8221;, destacou o professor Toshifumi Mukunoki, da Universidade de Kumamoto.\r\n<\/p><p>\r\nEssa descoberta n\u00e3o s\u00f3 enriquece o conhecimento sobre os pterossauros, mas tamb\u00e9m refor\u00e7a a import\u00e2ncia da colabora\u00e7\u00e3o global para desvendar os mist\u00e9rios do passado.<\/p><p><\/p><p>\r\n<hr>\r\n\r\n<p style=\"text-align:right\"><em>Publicado em 20\/06\/2025 21h26<\/em><\/p>\r\n<hr>\r\n<p style=\"text-align:right\"><em><a href=\"https:\/\/terrarara.com.br\/en\/?page_id=2598\">English version<\/a><\/em><\/p>\r\n<hr>\r\n\r\n\t\t\t<p>Texto adaptado por IA (Grok) do original em ingl\u00eas. Imagens de bibliotecas p\u00fablicas de imagens ou cr\u00e9ditos na legenda. Informa\u00e7\u00f5es sobre DOI, autor e institui\u00e7\u00e3o encontram-se no corpo do artigo.<\/p>\r\n\t\t\t<hr>\r\n\t\r\n\t\t\t\r\n\r\n<p>Estudo original: <\/p>\r\n\r\n\r\n\r\n<ul><li><a href=\"https:\/\/doi.org\/10.1016\/j.cretres.2024.106046\" target=\"_blank\">https:\/\/doi.org\/10.1016\/j.cretres.2024.106046<\/a><\/li><\/ul>\r\n\r\n\r\n\r\n<hr class=\"wp-block-separator is-style-wide\"\/>\r\n\r\n<div style=\"position: buttonline;\"><iframe loading=\"lazy\" src=\"https:\/\/vendedoradesonhos.com.br\/rodape_sites.php?arg=39413\" frameborder=\"0\" height=\"420px\" width=\"100%\"><\/iframe><\/div>\r\n<div style=\"position: buttonline;\"><iframe loading=\"lazy\" src=\"https:\/\/vendedoradesonhos.com.br\/comentario_navegacao.php?arg=39413\" frameborder=\"0\" height=\"500px\" width=\"100%\"><\/iframe><\/div>\r\n<div style=\"position:absolute; width:40%; height:70px; top:-70px; left:0px;\"><iframe loading=\"lazy\" src=\"https:\/\/vendedoradesonhos.com.br\/oferta_site_esq.php?arg=39413\" frameborder=\"0\" height=\"100%\" width=\"100%\"><\/iframe><\/div>\r\n<div style=\"position:absolute; width:40%; height:70px; top:-70px; right:0px;\"><iframe loading=\"lazy\" src=\"https:\/\/vendedoradesonhos.com.br\/oferta_site_dir.php?arg=39413\" frameborder=\"0\" height=\"100%;\" width=\"100%\"><\/iframe><\/div>\r\n<a href=\"https:\/\/jagsystem.com\">\r\n<div style=\"position:absolute; height:200px; width:94%; left:3%; text-align:center; border-color: white; border-radius: 5px; border-style: solid;\">\r\n<table width=\"100%\" align=\"center\"><tr><td width=\"30%\" align=\"right\">Geoprocessamento<br>Sistemas para drones<br>HPC<\/td><td width=\"30%\">\r\n<img src=\"https:\/\/vendedoradesonhos.com.br\/wp-content\/uploads\/2022\/10\/logo_branco_jag6.png\" vspace=\"20\" width=\"250\" border=\"0\">\r\n<\/td><td width=\"30%\" align=\"left\">Sistemas ERP e CRM<br>Sistemas mobile<br>IA<\/td><\/tr><\/table>\r\n<\/div>\r\n<\/a><br><br><br><br>","protected":false},"excerpt":{"rendered":"","protected":false},"author":1,"featured_media":0,"parent":62,"menu_order":0,"comment_status":"closed","ping_status":"closed","template":"","meta":[],"_links":{"self":[{"href":"https:\/\/terrarara.com.br\/index.php?rest_route=\/wp\/v2\/pages\/25463"}],"collection":[{"href":"https:\/\/terrarara.com.br\/index.php?rest_route=\/wp\/v2\/pages"}],"about":[{"href":"https:\/\/terrarara.com.br\/index.php?rest_route=\/wp\/v2\/types\/page"}],"author":[{"embeddable":true,"href":"https:\/\/terrarara.com.br\/index.php?rest_route=\/wp\/v2\/users\/1"}],"replies":[{"embeddable":true,"href":"https:\/\/terrarara.com.br\/index.php?rest_route=%2Fwp%2Fv2%2Fcomments&post=25463"}],"version-history":[{"count":0,"href":"https:\/\/terrarara.com.br\/index.php?rest_route=\/wp\/v2\/pages\/25463\/revisions"}],"up":[{"embeddable":true,"href":"https:\/\/terrarara.com.br\/index.php?rest_route=\/wp\/v2\/pages\/62"}],"wp:attachment":[{"href":"https:\/\/terrarara.com.br\/index.php?rest_route=%2Fwp%2Fv2%2Fmedia&parent=25463"}],"curies":[{"name":"wp","href":"https:\/\/api.w.org\/{rel}","templated":true}]}}