{"id":25432,"date":"2025-06-08T22:04:06","date_gmt":"2025-06-08T22:04:06","guid":{"rendered":"http:\/\/terrarara.com.br\/terrarara\/?page_id=25432"},"modified":"2025-06-08T22:04:06","modified_gmt":"2025-06-08T22:04:06","slug":"ideia-maluca-sobre-o-efeito-de-resfriamento-da-nevoa-de-plutao-e-confirmada-por-novos-dados-do-telescopio-james-webb","status":"publish","type":"page","link":"https:\/\/terrarara.com.br\/?page_id=25432","title":{"rendered":"Ideia maluca sobre o efeito de resfriamento da n\u00e9voa de plut\u00e3o \u00e9 confirmada por novos dados do telesc\u00f3pio james webb"},"content":{"rendered":"<div class=\"wp-block-image\"><figure><img src=\"https:\/\/vendedoradesonhos.com.br\/img\/sites\/img_atmosfera_plutao.jpg\" alt=\"\" style=\"width:100%\"><figcaption>Imagem via <a href=\"https:\/\/science.nasa.gov\/image-detail\/amf-pia20536\/\" target=\"_blank\">NASA<\/a><\/figcaption><\/figure><\/div><hr><\/p><p>\r\n\t<a href=''https:\/\/terrarara.com.br\"s=plut\u00e3o''>#Plut\u00e3o<\/a>\u00a0<\/p><p><\/p><p>\r\n\t<strong>As primeiras observa\u00e7\u00f5es de Plut\u00e3o feitas pelo Telesc\u00f3pio Espacial James Webb da NASA revelaram fen\u00f4menos surpreendentes: mudan\u00e7as sazonais na superf\u00edcie, com redistribui\u00e7\u00e3o de gelos vol\u00e1teis, e at\u00e9 mol\u00e9culas da atmosfera de Plut\u00e3o sendo atra\u00eddas para sua principal lua, Caronte<\/strong><\/p><p> Esse processo, \u00fanico no nosso sistema solar, \u00e9 como se a atmosfera de Plut\u00e3o &#8220;vazasse? para os polos norte e sul de Caronte. Esses detalhes foram descritos em uma s\u00e9rie de estudos publicados nesta primavera por uma equipe internacional de cientistas.\r\n<\/p><p>\r\nUm pesquisador da Universidade da Calif\u00f3rnia em Santa Cruz, Xi Zhang, est\u00e1 particularmente animado com os resultados. Um artigo recente, publicado em 2 de junho na revista Nature Astronomy, confirmou ideias que ele prop\u00f4s em 2017, baseadas na hist\u00f3rica passagem da sonda New Horizons por Plut\u00e3o em 2015, que deu aos cientistas a vis\u00e3o mais pr\u00f3xima desse mundo distante. Naquela \u00e9poca, Plut\u00e3o j\u00e1 n\u00e3o era mais considerado um planeta, mas um &#8220;planeta an\u00e3o&#8221;, devido a crit\u00e9rios c\u00f3smicos que ele n\u00e3o atendia.\r\n<\/p><p>\r\n<b>Uma ideia &#8220;maluca?<\/b>\r\n<\/p><p>\r\nAp\u00f3s a passagem da New Horizons, Zhang publicou um estudo sugerindo que a atmosfera de Plut\u00e3o era dominada por part\u00edculas de n\u00e9voa, algo que a tornava completamente diferente de outras atmosferas no sistema solar. Ele prop\u00f4s que essas part\u00edculas de n\u00e9voa se aquecem e resfriam, controlando o equil\u00edbrio de energia na atmosfera de Plut\u00e3o. &#8220;Era uma ideia maluca&#8221;, disse Zhang, lembrando que muitos colegas duvidaram na \u00e9poca. Mas ele e seus coautores fizeram uma previs\u00e3o clara: se a n\u00e9voa estivesse resfriando Plut\u00e3o, ela deveria emitir uma forte radia\u00e7\u00e3o infravermelha m\u00e9dia, algo que poderia ser observado com um telesc\u00f3pio potente o suficiente.\r\n<\/p><p>\r\nEsse momento chegou em 25 de dezembro de 2021, quando o James Webb foi lan\u00e7ado. Zhang disse que o novo estudo foi motivado por sua hip\u00f3tese de 2017. &#8220;Ficamos muito orgulhosos, porque confirmou nossa previs\u00e3o&#8221;, afirmou. &#8220;Na ci\u00eancia planet\u00e1ria, n\u00e3o \u00e9 comum uma hip\u00f3tese ser confirmada t\u00e3o r\u00e1pido, em apenas alguns anos. Nos sentimos sortudos e empolgados.&#8221;\r\n<\/p><p><\/p><p>\r\n<b>Condi\u00e7\u00f5es nebulosas<\/b>\r\n<\/p><p>\r\nA passagem da New Horizons em 2015 revelou que Plut\u00e3o tem paisagens surpreendentes, com montanhas, vales, geleiras de nitrog\u00eanio (N&#8221;) e metano (CH&#8221;), e uma atmosfera rica em compostos vol\u00e1teis como nitrog\u00eanio, metano e mon\u00f3xido de carbono. A n\u00e9voa na atmosfera de Plut\u00e3o \u00e9 formada por rea\u00e7\u00f5es qu\u00edmicas entre metano e nitrog\u00eanio, semelhante \u00e0 n\u00e9voa na <\/p><p>\r\nlua Tit\u00e3, de Saturno.\r\n<\/p><p>\r\nJ\u00e1 Caronte \u00e9 diferente: n\u00e3o tem atmosfera e sua superf\u00edcie \u00e9 coberta principalmente por gelo de \u00e1gua misturado com compostos de am\u00f4nia. Suas regi\u00f5es polares, mais escuras e avermelhadas, provavelmente s\u00e3o formadas por mol\u00e9culas de metano que escapam da atmosfera de Plut\u00e3o e se depositam ali.\r\n<\/p><p>\r\nAs novas observa\u00e7\u00f5es do James Webb trouxeram uma vis\u00e3o mais clara desse sistema distante. Pela primeira vez, o instrumento MIRI do telesc\u00f3pio mediu a emiss\u00e3o t\u00e9rmica infravermelha de Plut\u00e3o e Caronte separadamente, em comprimentos de onda de 18, 21 e 25 micr\u00f4metros. Em maio de 2023, o James Webb tamb\u00e9m capturou um espectro infravermelho de alta qualidade (de 4,9 a 27 micr\u00f4metros) da atmosfera de Plut\u00e3o, uma faixa nunca explorada antes devido \u00e0 limita\u00e7\u00e3o de instrumentos anteriores. Esses dados revelaram uma riqueza qu\u00edmica inesperada, ajudando a entender melhor os processos atmosf\u00e9ricos e a origem dos gelos de Plut\u00e3o.\r\n<\/p><p><\/p><p>\r\n<b>Pistas c\u00f3smicas na n\u00e9voa<\/b>\r\n<\/p><p>\r\nOs dados do James Webb tamb\u00e9m mostraram varia\u00e7\u00f5es na radia\u00e7\u00e3o t\u00e9rmica da superf\u00edcie de Plut\u00e3o e Caronte durante sua rota\u00e7\u00e3o. Comparando essas informa\u00e7\u00f5es com modelos t\u00e9rmicos, os cientistas conseguiram determinar propriedades como in\u00e9rcia t\u00e9rmica, emissividade e temperatura de diferentes regi\u00f5es. Essas caracter\u00edsticas explicam como os gelos se distribuem em Plut\u00e3o e como mol\u00e9culas de sua atmosfera &#8220;viajam? para Caronte.\r\n<\/p><p>\r\nOs novos dados confirmaram outra previs\u00e3o, feita por Linfeng Wan, ex-aluno de doutorado de Zhang e coautor do artigo. As observa\u00e7\u00f5es do James Webb corresponderam \u00e0 previs\u00e3o de 2023 sobre a amplitude da curva de luz rotacional de Caronte.<\/p><p>\r\n&#8220;Plut\u00e3o est\u00e1 em uma posi\u00e7\u00e3o \u00fanica para entendermos como as atmosferas planet\u00e1rias se comportam&#8221;, explicou Zhang. &#8220;Isso nos ajuda expandindo nosso conhecimento sobre como a n\u00e9voa age em ambientes extremos.&#8221; Ele destacou que luas como Trit\u00e3o, de Netuno, e Tit\u00e3, de Saturno, tamb\u00e9m t\u00eam atmosferas com n\u00e9voa semelhante, o que sugere que precisamos repensar o papel dessas part\u00edculas.\r\n<\/p><p>\r\nZhang tamb\u00e9m apontou uma conex\u00e3o mais profunda: &#8220;Antes de o oxig\u00eanio se acumular na atmosfera da Terra, h\u00e1 cerca de 2,4 bilh\u00f5es de anos, a vida j\u00e1 existia. Mas a atmosfera terrestre era muito diferente &#8211; sem oxig\u00eanio, com muito nitrog\u00eanio e qu\u00edmica de hidrocarbonetos. Estudando a n\u00e9voa e a qu\u00edmica de Plut\u00e3o, podemos ter novas pistas sobre as condi\u00e7\u00f5es que tornaram a Terra habit\u00e1vel no passado.&#8221;\r\n<\/p><p>\r\nNo artigo da Nature Astronomy, Zhang e Wan contribu\u00edram com modelos te\u00f3ricos para interpretar os dados do James Webb, calculando os espectros t\u00e9rmicos e reavaliando as taxas de resfriamento da atmosfera de Plut\u00e3o. A equipe por tr\u00e1s dos estudos foi liderada por pesquisadores do Laborat\u00f3rio de Instrumenta\u00e7\u00e3o e Pesquisa em Astrof\u00edsica, do Observat\u00f3rio de Paris, e da Universidade de Reims Champagne-Ardenne.<\/p><p><\/p><p>\r\n<hr>\r\n\r\n<p style=\"text-align:right\"><em>Publicado em 08\/06\/2025 22h04<\/em><\/p>\r\n<hr>\r\n<p style=\"text-align:right\"><em><a href=\"https:\/\/terrarara.com.br\/en\/?page_id=2567\">English version<\/a><\/em><\/p>\r\n<hr>\r\n\r\n\t\t\t<p>Texto adaptado por IA (Grok) do original em ingl\u00eas. Imagens de bibliotecas p\u00fablicas de imagens ou cr\u00e9ditos na legenda. Informa\u00e7\u00f5es sobre DOI, autor e institui\u00e7\u00e3o encontram-se no corpo do artigo.<\/p>\r\n\t\t\t<hr>\r\n\t\t\t<p>Artigo referencia:<\/p>\r\n\t\t\r\n\t\t\t\r\n\r\n<ul><li><a href=\"https:\/\/news.ucsc.edu\/2025\/06\/pluto-cooling-haze\/\" target=\"_blank\">https:\/\/news.ucsc.edu\/2025\/06\/pluto-cooling-haze\/<\/a><\/li><\/ul>\r\n\r\n\r\n\r\n\r\n<hr class=\"wp-block-separator is-style-wide\"\/>\r\n\r\n<div style=\"position: buttonline;\"><iframe loading=\"lazy\" src=\"https:\/\/vendedoradesonhos.com.br\/rodape_sites.php?arg=39279\" frameborder=\"0\" height=\"420px\" width=\"100%\"><\/iframe><\/div>\r\n<div style=\"position: buttonline;\"><iframe loading=\"lazy\" src=\"https:\/\/vendedoradesonhos.com.br\/comentario_navegacao.php?arg=39279\" frameborder=\"0\" height=\"500px\" width=\"100%\"><\/iframe><\/div>\r\n<div style=\"position:absolute; width:40%; height:70px; top:-70px; left:0px;\"><iframe loading=\"lazy\" src=\"https:\/\/vendedoradesonhos.com.br\/oferta_site_esq.php?arg=39279\" frameborder=\"0\" height=\"100%\" width=\"100%\"><\/iframe><\/div>\r\n<div style=\"position:absolute; width:40%; height:70px; top:-70px; right:0px;\"><iframe loading=\"lazy\" src=\"https:\/\/vendedoradesonhos.com.br\/oferta_site_dir.php?arg=39279\" frameborder=\"0\" height=\"100%;\" width=\"100%\"><\/iframe><\/div>\r\n<a href=\"https:\/\/jagsystem.com\">\r\n<div style=\"position:absolute; height:200px; width:94%; left:3%; text-align:center; border-color: white; border-radius: 5px; border-style: solid;\">\r\n<table width=\"100%\" align=\"center\"><tr><td width=\"30%\" align=\"right\">Geoprocessamento<br>Sistemas para drones<br>HPC<\/td><td width=\"30%\">\r\n<img src=\"https:\/\/vendedoradesonhos.com.br\/wp-content\/uploads\/2022\/10\/logo_branco_jag6.png\" vspace=\"20\" width=\"250\" border=\"0\">\r\n<\/td><td width=\"30%\" align=\"left\">Sistemas ERP e CRM<br>Sistemas mobile<br>IA<\/td><\/tr><\/table>\r\n<\/div>\r\n<\/a><br><br><br><br>","protected":false},"excerpt":{"rendered":"","protected":false},"author":1,"featured_media":0,"parent":35,"menu_order":0,"comment_status":"closed","ping_status":"closed","template":"","meta":[],"_links":{"self":[{"href":"https:\/\/terrarara.com.br\/index.php?rest_route=\/wp\/v2\/pages\/25432"}],"collection":[{"href":"https:\/\/terrarara.com.br\/index.php?rest_route=\/wp\/v2\/pages"}],"about":[{"href":"https:\/\/terrarara.com.br\/index.php?rest_route=\/wp\/v2\/types\/page"}],"author":[{"embeddable":true,"href":"https:\/\/terrarara.com.br\/index.php?rest_route=\/wp\/v2\/users\/1"}],"replies":[{"embeddable":true,"href":"https:\/\/terrarara.com.br\/index.php?rest_route=%2Fwp%2Fv2%2Fcomments&post=25432"}],"version-history":[{"count":0,"href":"https:\/\/terrarara.com.br\/index.php?rest_route=\/wp\/v2\/pages\/25432\/revisions"}],"up":[{"embeddable":true,"href":"https:\/\/terrarara.com.br\/index.php?rest_route=\/wp\/v2\/pages\/35"}],"wp:attachment":[{"href":"https:\/\/terrarara.com.br\/index.php?rest_route=%2Fwp%2Fv2%2Fmedia&parent=25432"}],"curies":[{"name":"wp","href":"https:\/\/api.w.org\/{rel}","templated":true}]}}