{"id":25372,"date":"2025-05-27T15:47:22","date_gmt":"2025-05-27T15:47:22","guid":{"rendered":"http:\/\/terrarara.com.br\/terrarara\/?page_id=25372"},"modified":"2025-05-27T15:47:22","modified_gmt":"2025-05-27T15:47:22","slug":"ancestrais-do-t-rex-usaram-uma-ponte-terrestre-para-chegar-da-asia-a-america-do-norte","status":"publish","type":"page","link":"https:\/\/terrarara.com.br\/?page_id=25372","title":{"rendered":"Ancestrais do t. rex usaram uma ponte terrestre para chegar da \u00c1sia \u00e0 Am\u00e9rica do Norte"},"content":{"rendered":"<div class=\"wp-block-image\"><figure><img src=\"https:\/\/vendedoradesonhos.com.br\/upload\/1\/sites\/img_39152_1200.jpg\" alt=\"\" style=\"width:100%\"><figcaption>A fauna do Hemisf\u00e9rio Norte do final do Cret\u00e1ceo era dominada por tiranossaur\u00eddeos (como o Tiranossauro rex), hadrossauros e dinossauros ornit\u00edsquios ceratopsianos. Cr\u00e9dito: Pedro Salas e Sergey Krasovskiy<\/figcaption><\/figure><\/div><hr><\/p><p>\r\n\t<a href=\"https:\/\/doi.org\/10.1098\/rsos.242238\" target=\"_blank\">doi.org\/10.1098\/rsos.242238<\/a><br><a href=\"https:\/\/vendedoradesonhos.com.br\/credibilidade_estudo.php?c=39152\">Credibilidade<\/a>: <font color=\"#00FFFF\">9<\/font><font color=\"#00FF00\">8<\/font><font color=\"#FFFF00\">9<\/font><br><a href=''https:\/\/terrarara.com.br\"s=t.rex''>#T.Rex<\/a>\u00a0<\/p><p><\/p><p>\r\n\t<strong>O famoso dinossauro Tyrannosaurus rex (T rex) evoluiu na Am\u00e9rica do Norte, mas seus ancestrais vieram da \u00c1sia, atravessando uma antiga ponte terrestre que conectava os dois continentes h\u00e1 mais de 70 milh\u00f5es de anos.<\/strong><\/p><p> Essa \u00e9 a conclus\u00e3o de um novo estudo liderado por pesquisadores da University College London (UCL), publicado na revista Royal Society Open Science.\r\n<\/p><p>\r\nO estudo tamb\u00e9m descobriu que o grupo dos tiranossaur\u00eddeos, que inclui o T. rex, e outro grupo chamado megarraptores, cresceram muito em tamanho durante um per\u00edodo de resfriamento global, ap\u00f3s um pico de calor h\u00e1 92 milh\u00f5es de anos. Esses dinossauros podem ter se adaptado melhor a climas mais frios, possivelmente por terem penas ou um corpo mais parecido com o de animais de sangue quente.\r\n<\/p><p>\r\n<div class=\"wp-block-image\"><figure><img src=\"https:\/\/vendedoradesonhos.com.br\/upload\/1\/sites\/img_39152b_1200.jpg\" alt=\"\" style=\"width:100%\"><figcaption>A pe\u00e7a ilustra a disparidade na evolu\u00e7\u00e3o das faunas terrestres do Cret\u00e1ceo nos hemisf\u00e9rios Norte e Sul ap\u00f3s o M\u00e1ximo T\u00e9rmico Cret\u00e1ceo. \u00c0 esquerda, o Hemisf\u00e9rio Sul do Fim do Cret\u00e1ceo (Gondwana Ocidental) tornou-se dominado por ter\u00f3podes Megaraptor\u00eddeos e saur\u00f3podes Titanossauros. O centro da pe\u00e7a resume o evento de extin\u00e7\u00e3o da fauna terrestre no M\u00e1ximo T\u00e9rmico Cret\u00e1ceo, onde os predadores de topo, os Carcharodontossaur\u00eddeos e os Alossauros, foram extintos e os Tiranossaur\u00eddeos (incluindo os Megaraptoranos e os ancestrais do Tiranossauro rex) eram pequenos. \u00c0 direita, a fauna do Hemisf\u00e9rio Norte do Fim do Cret\u00e1ceo dominada por Tiranossaur\u00eddeos (como o Tiranossauro rex), Hadrossauros e dinossauros Ornit\u00edsquios Ceratopsianos. O ambiente tamb\u00e9m se tornou mais m\u00e9sico, representado pela paisagem, em compara\u00e7\u00e3o com o ambiente sazonal mais semi\u00e1rido no in\u00edcio do Cret\u00e1ceo. Cr\u00e9dito: Pedro Salas e Sergey Krasovskiy<\/figcaption><\/figure><\/div><hr><\/p><p><b>Como o T. rex chegou \u00e0 Am\u00e9rica do Norte?<\/b>\r\n<\/p><p>\r\nO estudo envolveu cientistas de universidades como Oxford, Pittsburgh, Aberdeen, Arizona, Anglia Ruskin, Oklahoma e Wyoming. Eles usaram modelos matem\u00e1ticos baseados em f\u00f3sseis, \u00e1rvores evolutivas dos dinossauros e informa\u00e7\u00f5es sobre o clima e a geografia da \u00e9poca. Esses modelos consideraram at\u00e9 as lacunas no registro f\u00f3ssil, ou seja, onde ainda n\u00e3o encontramos f\u00f3sseis.\r\n<\/p><p>\r\nCassius Morrison, estudante de doutorado na UCL e principal autor do estudo, explica: &#8220;H\u00e1 um grande debate sobre de onde veio o ancestral do T. rex. Alguns paleont\u00f3logos achavam que era da Am\u00e9rica do Norte, outros da \u00c1sia. Nossos modelos sugerem que os &#8220;av\u00f3s? do T. rex vieram da \u00c1sia, cruzando o Estreito de Bering, entre a Sib\u00e9ria (hoje R\u00fassia) e o Alasca.&#8221;\r\n<\/p><p>\r\nEle acrescenta que o T. rex \u00e9 mais pr\u00f3ximo de dinossauros asi\u00e1ticos, como o Tarbosaurus, do que de parentes norte-americanos, como o Daspletosaurus. Embora muitos f\u00f3sseis de T. rex tenham sido encontrados na Am\u00e9rica do Norte, os f\u00f3sseis de seus ancestrais diretos podem estar ainda escondidos na \u00c1sia.\r\n<\/p><p>\r\nOs pesquisadores conclu\u00edram que o pr\u00f3prio T. rex evoluiu na Am\u00e9rica do Norte, mais especificamente em uma regi\u00e3o chamada Laramidia, que era a parte oeste do continente na \u00e9poca.\r\n<\/p><p>\r\nEles tamb\u00e9m discordaram de um estudo anterior que sugeria que um parente do T. rex, chamado Tyrannosaurus mcraeensis, encontrado no Novo M\u00e9xico, seria mais antigo que o T. rex. Para eles, a data\u00e7\u00e3o desse f\u00f3ssil n\u00e3o \u00e9 confi\u00e1vel.\r\n<\/p><p><\/p><p>\r\n<b>Os misteriosos megarraptores<\/b>\r\n<\/p><p>\r\nOs megarraptores s\u00e3o dinossauros carn\u00edvoros menos conhecidos, pois poucos f\u00f3sseis deles foram encontrados. Diferente do T. rex, que tinha uma mordida poderosa, eles tinham cabe\u00e7as mais finas, bra\u00e7os longos (do tamanho de uma pessoa) e garras enormes, de at\u00e9 35 cm.\r\n<\/p><p>\r\nO estudo sugere que os megarraptores surgiram na \u00c1sia h\u00e1 cerca de 120 milh\u00f5es de anos e se espalharam para a Europa e depois para o supercontinente Gondwana, que inclu\u00eda a atual \u00c1frica, Am\u00e9rica do Sul e Ant\u00e1rtica. Isso significa que eles viveram em lugares como Europa e \u00c1frica, onde ainda n\u00e3o encontramos seus f\u00f3sseis.\r\n<\/p><p><\/p><p>\r\n<b>Por que eles ficaram t\u00e3o grandes?<\/b>\r\n<\/p><p>\r\nTanto os tiranossaur\u00eddeos quanto os megarraptores cresceram muito em tamanho ao mesmo tempo, durante um per\u00edodo de resfriamento global ap\u00f3s o chamado M\u00e1ximo T\u00e9rmico do Cret\u00e1ceo, h\u00e1 92 milh\u00f5es de anos. Esse crescimento aconteceu ap\u00f3s a extin\u00e7\u00e3o de outros dinossauros carn\u00edvoros gigantes, os carcarodontossaur\u00eddeos, que deixaram um &#8220;vazio? no topo da cadeia alimentar.\r\n<\/p><p>\r\nOs pesquisadores acreditam que os tiranossauros (tanto tiranossaur\u00eddeos quanto megarraptores) se aproveitaram das temperaturas mais frias para prosperar, diferente de outros dinossauros. No final da era dos dinossauros, o T. rex podia pesar at\u00e9 9 toneladas (como um elefante africano bem grande ou um tanque leve), enquanto os megarraptores chegavam a 10 metros de comprimento.\r\n<\/p><p><\/p><p>\r\n<b>Adapta\u00e7\u00f5es diferentes<\/b>\r\n<\/p><p>\r\nOs megarraptores desenvolveram garras grandes para ca\u00e7ar, enquanto o T. rex usava sua mordida poderosa. Isso pode ter acontecido porque eles ca\u00e7avam presas diferentes. Na Am\u00e9rica do Norte, o T. rex ca\u00e7ava dinossauros como Triceratops e Ankylosaurus. J\u00e1 no sul, em Gondwana, os megarraptores provavelmente ca\u00e7avam filhotes de saur\u00f3podes, dinossauros de pesco\u00e7o longo.\r\n<\/p><p>\r\nCharlie Scherer, coautor do estudo e fundador da Sociedade de Paleontologia da UCL, explica: &#8220;Nossas descobertas mostram como os maiores tiranossauros apareceram na Am\u00e9rica do Norte e do Sul durante o Cret\u00e1ceo e por que eles cresceram tanto. \r\n<\/p><p>\r\nEles ocuparam o lugar de outros dinossauros carn\u00edvoros gigantes que foram extintos h\u00e1 cerca de 90 milh\u00f5es de anos.?<\/p><p>\r\nMauro Aranciaga Rolando, outro coautor, do Museu de Ci\u00eancias Naturais Bernardino Rivadavia, na Argentina, diz: &#8220;No in\u00edcio de sua hist\u00f3ria, h\u00e1 120 milh\u00f5es de anos, os megarraptores faziam parte de uma fauna diversa. Com o tempo, \u00e0 medida que os continentes de Gondwana se separaram, eles se especializaram, dominando seus ecossistemas como predadores principais em lugares como Austr\u00e1lia e Patag\u00f4nia.&#8221;\r\n<\/p><p>\r\nEsse estudo ajuda a entender como o T. rex e seus parentes se espalharam pelo mundo e se tornaram os gigantes que conhecemos hoje.<\/p><p><\/p><p>\r\n<hr>\r\n\r\n<p style=\"text-align:right\"><em>Publicado em 27\/05\/2025 15h47<\/em><\/p>\r\n<hr>\r\n<p style=\"text-align:right\"><em><a href=\"https:\/\/terrarara.com.br\/en\/?page_id=2510\">English version<\/a><\/em><\/p>\r\n<hr>\r\n\r\n\t\t\t<p>Texto adaptado por IA (Grok) do original em ingl\u00eas. Imagens de bibliotecas p\u00fablicas de imagens ou cr\u00e9ditos na legenda. Informa\u00e7\u00f5es sobre DOI, autor e institui\u00e7\u00e3o encontram-se no corpo do artigo.<\/p>\r\n\t\t\t<hr>\r\n\t\r\n\t\t\t\r\n\r\n<p>Estudo original: <\/p>\r\n\r\n\r\n\r\n<ul><li><a href=\"https:\/\/doi.org\/10.1098\/rsos.242238\" target=\"_blank\">https:\/\/doi.org\/10.1098\/rsos.242238<\/a><\/li><\/ul>\r\n\r\n\r\n\r\n<hr class=\"wp-block-separator is-style-wide\"\/>\r\n\r\n<div style=\"position: buttonline;\"><iframe loading=\"lazy\" src=\"https:\/\/vendedoradesonhos.com.br\/rodape_sites.php?arg=39152\" frameborder=\"0\" height=\"420px\" width=\"100%\"><\/iframe><\/div>\r\n<div style=\"position: buttonline;\"><iframe loading=\"lazy\" src=\"https:\/\/vendedoradesonhos.com.br\/comentario_navegacao.php?arg=39152\" frameborder=\"0\" height=\"500px\" width=\"100%\"><\/iframe><\/div>\r\n<div style=\"position:absolute; width:40%; height:70px; top:-70px; left:0px;\"><iframe loading=\"lazy\" src=\"https:\/\/vendedoradesonhos.com.br\/oferta_site_esq.php?arg=39152\" frameborder=\"0\" height=\"100%\" width=\"100%\"><\/iframe><\/div>\r\n<div style=\"position:absolute; width:40%; height:70px; top:-70px; right:0px;\"><iframe loading=\"lazy\" src=\"https:\/\/vendedoradesonhos.com.br\/oferta_site_dir.php?arg=39152\" frameborder=\"0\" height=\"100%;\" width=\"100%\"><\/iframe><\/div>\r\n<a href=\"https:\/\/jagsystem.com\">\r\n<div style=\"position:absolute; height:200px; width:94%; left:3%; text-align:center; border-color: white; border-radius: 5px; border-style: solid;\">\r\n<table width=\"100%\" align=\"center\"><tr><td width=\"30%\" align=\"right\">Geoprocessamento<br>Sistemas para drones<br>HPC<\/td><td width=\"30%\">\r\n<img src=\"https:\/\/vendedoradesonhos.com.br\/wp-content\/uploads\/2022\/10\/logo_branco_jag6.png\" vspace=\"20\" width=\"250\" border=\"0\">\r\n<\/td><td width=\"30%\" align=\"left\">Sistemas ERP e CRM<br>Sistemas mobile<br>IA<\/td><\/tr><\/table>\r\n<\/div>\r\n<\/a><br><br><br><br>","protected":false},"excerpt":{"rendered":"","protected":false},"author":1,"featured_media":0,"parent":62,"menu_order":0,"comment_status":"closed","ping_status":"closed","template":"","meta":[],"_links":{"self":[{"href":"https:\/\/terrarara.com.br\/index.php?rest_route=\/wp\/v2\/pages\/25372"}],"collection":[{"href":"https:\/\/terrarara.com.br\/index.php?rest_route=\/wp\/v2\/pages"}],"about":[{"href":"https:\/\/terrarara.com.br\/index.php?rest_route=\/wp\/v2\/types\/page"}],"author":[{"embeddable":true,"href":"https:\/\/terrarara.com.br\/index.php?rest_route=\/wp\/v2\/users\/1"}],"replies":[{"embeddable":true,"href":"https:\/\/terrarara.com.br\/index.php?rest_route=%2Fwp%2Fv2%2Fcomments&post=25372"}],"version-history":[{"count":0,"href":"https:\/\/terrarara.com.br\/index.php?rest_route=\/wp\/v2\/pages\/25372\/revisions"}],"up":[{"embeddable":true,"href":"https:\/\/terrarara.com.br\/index.php?rest_route=\/wp\/v2\/pages\/62"}],"wp:attachment":[{"href":"https:\/\/terrarara.com.br\/index.php?rest_route=%2Fwp%2Fv2%2Fmedia&parent=25372"}],"curies":[{"name":"wp","href":"https:\/\/api.w.org\/{rel}","templated":true}]}}