{"id":25369,"date":"2025-05-27T00:04:47","date_gmt":"2025-05-27T00:04:47","guid":{"rendered":"http:\/\/terrarara.com.br\/terrarara\/?page_id=25369"},"modified":"2025-05-27T00:04:47","modified_gmt":"2025-05-27T00:04:47","slug":"o-segredo-gigantesco-de-jupiter-pequenas-luas-revelam-um-planeta-muito-maior","status":"publish","type":"page","link":"https:\/\/terrarara.com.br\/?page_id=25369","title":{"rendered":"O segredo gigantesco de j\u00fapiter: pequenas luas revelam um planeta muito maior"},"content":{"rendered":"<div class=\"wp-block-image\"><figure><img src=\"https:\/\/vendedoradesonhos.com.br\/upload\/1\/sites\/img_39144_1200.jpg\" alt=\"\" style=\"width:100%\"><figcaption>J\u00fapiter \u00e9 mostrado em luz vis\u00edvel para contextualizar, com uma impress\u00e3o art\u00edstica do brilho infravermelho da atmosfera superior de J\u00fapiter sobreposta, juntamente com linhas de campo magn\u00e9tico. Cr\u00e9dito: J. O&#8221;Donoghue (JAXA)\/Hubble\/NASA\/ESA\/A. Simon\/J. Schmidt<\/figcaption><\/figure><\/div><hr><\/p><p>\r\n\t<a href=\"https:\/\/doi.org\/10.1038\/s41550-025-02512-y\" target=\"_blank\">doi.org\/10.1038\/s41550-025-02512-y<\/a><br><a href=\"https:\/\/vendedoradesonhos.com.br\/credibilidade_estudo.php?c=39144\">Credibilidade<\/a>: <font color=\"#00FFFF\">5<\/font><font color=\"#00FF00\">8<\/font><font color=\"#FFFF00\">9<\/font><br><a href=''https:\/\/terrarara.com.br\"s=j\u00fapiter''>#J\u00fapiter<\/a>\u00a0<\/p><p><\/p><p>\r\n\t<strong><\/p><p>\r\nJ\u00fapiter, o maior planeta do Sistema Solar, pode ter sido mais de duas vezes maior do que \u00e9 hoje, com um campo magn\u00e9tico at\u00e9 50 vezes mais forte, segundo cientistas que estudaram suas pequenas luas internas<\/strong><\/p><p> Essas descobertas oferecem uma vis\u00e3o \u00fanica e valiosa sobre como J\u00fapiter &#8211; e todo o Sistema Solar &#8211; se formou.\r\n<\/p><p>\r\n<b><\/p><p>\r\nJ\u00fapiter &#8211; Um Gigante Ainda Maior no Passado<\/b>\r\n<\/p><p>\r\nJ\u00fapiter j\u00e1 \u00e9 conhecido como o &#8220;campe\u00e3o dos pesos pesados? do Sistema Solar, mas novas pesquisas sugerem que ele foi ainda mais impressionante no passado. Cientistas acreditam que J\u00fapiter teve um papel fundamental na forma\u00e7\u00e3o do Sistema Solar. Sua forte gravidade moldou as \u00f3rbitas de outros planetas, ajudou criando o cintur\u00e3o de asteroides e at\u00e9 pode ter protegido a Terra, desviando asteroides perigosos.\r\n<\/p><p><\/p><p>\r\n<div class=\"wp-block-image\"><figure><img src=\"https:\/\/vendedoradesonhos.com.br\/upload\/1\/sites\/img_39144c_1200.jpg\" alt=\"\" style=\"width:100%\"><figcaption>Uma ilustra\u00e7\u00e3o de J\u00fapiter com linhas de campo magn\u00e9tico emitindo de seus polos. Cr\u00e9dito: K. Batygin<\/figcaption><\/figure><\/div><hr><\/p><p><b><\/p><p>\r\nDescobrindo o Poder Antigo de J\u00fapiter<\/b>\r\n<\/p><p>\r\nUm novo estudo, liderado pelos astr\u00f4nomos Konstantin Batygin, da Caltech, e Fred C. Adams, da Universidade de Michigan, revelou que J\u00fapiter j\u00e1 teve entre duas e duas vezes e meia o tamanho atual. Al\u00e9m disso, seu campo magn\u00e9tico era incrivelmente mais forte, at\u00e9 50 vezes maior que o de hoje. Essas descobertas ajudam a entender como era o Sistema Solar em seus primeiros momentos, uma \u00e9poca ca\u00f3tica e crucial para sua forma\u00e7\u00e3o. O estudo, intitulado &#8220;Determina\u00e7\u00e3o do Estado F\u00edsico Primordial de J\u00fapiter&#8221;, foi publicado em 20 de maio de 2025, na revista Nature Astronomy.\r\n<\/p><p><\/p><p>\r\n<b><\/p><p>\r\nRepensando a Forma\u00e7\u00e3o do Sistema Solar<\/b>\r\n<\/p><p>\r\nPor muito tempo, os cientistas pensaram que o Sistema Solar foi moldado principalmente pelo Sol e por J\u00fapiter. No entanto, entender exatamente como J\u00fapiter se formou sempre foi dif\u00edcil, devido \u00e0s incertezas sobre como planetas gigantes como ele se desenvolvem. Essas incertezas envolvem quest\u00f5es como a quantidade de g\u00e1s que J\u00fapiter conseguiu capturar, a velocidade com que cresceu e o tamanho de seu n\u00facleo, feito de rochas e metais.\r\n<\/p><p><\/p><p>\r\n<b><\/p><p>\r\nAs Luas de J\u00fapiter Contam Segredos Antigos<\/b>\r\n<\/p><p>\r\nPara resolver esse mist\u00e9rio, Batygin e Adams estudaram Amalthea e Thebe, duas pequenas luas que orbitam muito perto de J\u00fapiter, ainda mais pr\u00f3ximas que Io, uma das luas galileanas. Essas luas t\u00eam \u00f3rbitas levemente inclinadas e pequenas irregularidades, o que permitiu aos cientistas calcular o tamanho original de J\u00fapiter. Eles descobriram que o planeta j\u00e1 teve um volume equivalente a mais de 2.000 Terras, cerca de duas vezes maior que seu volume atual, de 1.321 Terras.<\/p><p>\r\nComo disse Batygin: &#8220;Queremos entender de onde viemos, e descobrir como os planetas se formaram \u00e9 uma pe\u00e7a essencial desse quebra-cabe\u00e7a. Esse estudo nos ajuda a entender n\u00e3o s\u00f3 J\u00fapiter, mas como todo o Sistema Solar tomou forma.&#8221;\r\n<\/p><p><\/p><p>\r\n<b><\/p><p>\r\nUm Novo Ponto de Partida para a Ci\u00eancia Planet\u00e1ria<\/b>\r\n<\/p><p>\r\nEssas descobertas s\u00e3o importantes porque evitam as incertezas comuns nos modelos de forma\u00e7\u00e3o de planetas, que dependem de suposi\u00e7\u00f5es dif\u00edceis de confirmar, como a forma como o g\u00e1s interage com a radia\u00e7\u00e3o ou a velocidade de crescimento do planeta. Em vez disso, os cientistas usaram dados mais concretos, como o movimento das luas de J\u00fapiter e a conserva\u00e7\u00e3o de sua energia rotacional.\r\n<\/p><p>\r\nO estudo tamb\u00e9m esclarece um momento crucial: quando a nuvem de g\u00e1s e poeira que formou os planetas, chamada de nebulosa solar, desapareceu. Esse foi um ponto de virada, quando os &#8220;tijolos? que constru\u00edram os planetas sumiram, e a estrutura inicial do Sistema Solar come\u00e7ou a se formar. &#8220;\u00c9 incr\u00edvel que, ap\u00f3s 4,5 bilh\u00f5es de anos, ainda existam pistas que nos permitam reconstruir como era J\u00fapiter no in\u00edcio de sua exist\u00eancia&#8221;, afirmou Adams.\r\n<\/p><p><\/p><p>\r\n<b><\/p><p>\r\nImpactos para Al\u00e9m do Sistema Solar<\/b>\r\n<\/p><p>\r\nEssas descobertas tamb\u00e9m podem ajudar a entender como outros planetas, incluindo os fora do Sistema Solar (chamados exoplanetas), se formam. A pesquisa confirma que J\u00fapiter e outros gigantes gasosos come\u00e7aram como n\u00facleos rochosos e gelados que rapidamente atra\u00edram g\u00e1s da nebulosa solar. Com medi\u00e7\u00f5es mais precisas do tamanho, rota\u00e7\u00e3o e campo magn\u00e9tico de J\u00fapiter em sua fase inicial, os cientistas agora t\u00eam uma base mais s\u00f3lida para estudar a forma\u00e7\u00e3o de planetas em todo o universo.<\/p><p><\/p><p>\r\n<hr>\r\n\r\n<p style=\"text-align:right\"><em>Publicado em 27\/05\/2025 00h04<\/em><\/p>\r\n<hr>\r\n<p style=\"text-align:right\"><em><a href=\"https:\/\/terrarara.com.br\/en\/?page_id=2507\">English version<\/a><\/em><\/p>\r\n<hr>\r\n\r\n\t\t\t<p>Texto adaptado por IA (Grok) do original em ingl\u00eas. Imagens de bibliotecas p\u00fablicas de imagens ou cr\u00e9ditos na legenda. Informa\u00e7\u00f5es sobre DOI, autor e institui\u00e7\u00e3o encontram-se no corpo do artigo.<\/p>\r\n\t\t\t<hr>\r\n\t\r\n\t\t\t\r\n\r\n<p>Estudo original: <\/p>\r\n\r\n\r\n\r\n<ul><li><a href=\"https:\/\/doi.org\/10.1038\/s41550-025-02512-y\" target=\"_blank\">https:\/\/doi.org\/10.1038\/s41550-025-02512-y<\/a><\/li><\/ul>\r\n\r\n\r\n\r\n<hr class=\"wp-block-separator is-style-wide\"\/>\r\n\r\n<div style=\"position: buttonline;\"><iframe loading=\"lazy\" src=\"https:\/\/vendedoradesonhos.com.br\/rodape_sites.php?arg=39144\" frameborder=\"0\" height=\"420px\" width=\"100%\"><\/iframe><\/div>\r\n<div style=\"position: buttonline;\"><iframe loading=\"lazy\" src=\"https:\/\/vendedoradesonhos.com.br\/comentario_navegacao.php?arg=39144\" frameborder=\"0\" height=\"500px\" width=\"100%\"><\/iframe><\/div>\r\n<div style=\"position:absolute; width:40%; height:70px; top:-70px; left:0px;\"><iframe loading=\"lazy\" src=\"https:\/\/vendedoradesonhos.com.br\/oferta_site_esq.php?arg=39144\" frameborder=\"0\" height=\"100%\" width=\"100%\"><\/iframe><\/div>\r\n<div style=\"position:absolute; width:40%; height:70px; top:-70px; right:0px;\"><iframe loading=\"lazy\" src=\"https:\/\/vendedoradesonhos.com.br\/oferta_site_dir.php?arg=39144\" frameborder=\"0\" height=\"100%;\" width=\"100%\"><\/iframe><\/div>\r\n<a href=\"https:\/\/jagsystem.com\">\r\n<div style=\"position:absolute; height:200px; width:94%; left:3%; text-align:center; border-color: white; border-radius: 5px; border-style: solid;\">\r\n<table width=\"100%\" align=\"center\"><tr><td width=\"30%\" align=\"right\">Geoprocessamento<br>Sistemas para drones<br>HPC<\/td><td width=\"30%\">\r\n<img src=\"https:\/\/vendedoradesonhos.com.br\/wp-content\/uploads\/2022\/10\/logo_branco_jag6.png\" vspace=\"20\" width=\"250\" border=\"0\">\r\n<\/td><td width=\"30%\" align=\"left\">Sistemas ERP e CRM<br>Sistemas mobile<br>IA<\/td><\/tr><\/table>\r\n<\/div>\r\n<\/a><br><br><br><br>","protected":false},"excerpt":{"rendered":"","protected":false},"author":1,"featured_media":0,"parent":19,"menu_order":0,"comment_status":"closed","ping_status":"closed","template":"","meta":[],"_links":{"self":[{"href":"https:\/\/terrarara.com.br\/index.php?rest_route=\/wp\/v2\/pages\/25369"}],"collection":[{"href":"https:\/\/terrarara.com.br\/index.php?rest_route=\/wp\/v2\/pages"}],"about":[{"href":"https:\/\/terrarara.com.br\/index.php?rest_route=\/wp\/v2\/types\/page"}],"author":[{"embeddable":true,"href":"https:\/\/terrarara.com.br\/index.php?rest_route=\/wp\/v2\/users\/1"}],"replies":[{"embeddable":true,"href":"https:\/\/terrarara.com.br\/index.php?rest_route=%2Fwp%2Fv2%2Fcomments&post=25369"}],"version-history":[{"count":0,"href":"https:\/\/terrarara.com.br\/index.php?rest_route=\/wp\/v2\/pages\/25369\/revisions"}],"up":[{"embeddable":true,"href":"https:\/\/terrarara.com.br\/index.php?rest_route=\/wp\/v2\/pages\/19"}],"wp:attachment":[{"href":"https:\/\/terrarara.com.br\/index.php?rest_route=%2Fwp%2Fv2%2Fmedia&parent=25369"}],"curies":[{"name":"wp","href":"https:\/\/api.w.org\/{rel}","templated":true}]}}