{"id":25358,"date":"2025-05-25T16:45:25","date_gmt":"2025-05-25T16:45:25","guid":{"rendered":"http:\/\/terrarara.com.br\/terrarara\/?page_id=25358"},"modified":"2025-05-25T16:45:25","modified_gmt":"2025-05-25T16:45:25","slug":"cientistas-descobrem-novo-planeta-anao-no-sistema-solar-muito-alem-de-plutao","status":"publish","type":"page","link":"https:\/\/terrarara.com.br\/?page_id=25358","title":{"rendered":"Cientistas descobrem novo planeta an\u00e3o no sistema solar, muito al\u00e9m de plut\u00e3o"},"content":{"rendered":"<div class=\"wp-block-image\"><figure><img src=\"https:\/\/vendedoradesonhos.com.br\/img\/sites\/img_2017_of201.jpg\" alt=\"\" style=\"width:100%\"><figcaption>O Cintur\u00e3o de Kuiper \u00e9 uma regi\u00e3o de material remanescente da hist\u00f3ria inicial do Sistema Solar e se assemelha a um disco espesso al\u00e9m da \u00f3rbita de Netuno. Al\u00e9m do Cintur\u00e3o de Kuiper est\u00e1 a Nuvem de Oort. Tanto a Nuvem de Oort quanto o Cintur\u00e3o de Kuiper podem ser fontes de cometas. Imagem via <a href=\"https:\/\/www.ias.edu\/news\/extreme-cousin-pluto-possible-dwarf-planet-discovered-solar-systems-edge\" target=\"_blank\">IAS<\/a><\/figcaption><\/figure><\/div><hr><\/p><p>\r\n\t<a href=\"https:\/\/doi.org\/10.48550\/arXiv.2505.15806\" target=\"_blank\">doi.org\/10.48550\/arXiv.2505.15806<\/a><br><a href=\"https:\/\/vendedoradesonhos.com.br\/credibilidade_estudo.php?c=39127\">Credibilidade<\/a>: <font color=\"#00FFFF\">8<\/font><font color=\"#00FF00\">8<\/font><font color=\"#FFFF00\">8<\/font><br><a href=''https:\/\/terrarara.com.br\"s=kuiper''>#Kuiper<\/a>\u00a0<\/p><p><\/p><p>\r\n\t<strong>Nas regi\u00f5es frias e distantes do Sistema Solar, bem al\u00e9m de Plut\u00e3o, astr\u00f4nomos acabaram de identificar o que pode ser um novo planeta an\u00e3o<\/strong><\/p><p>Chamado de 2017 OF<sub>201<\/sub>, esse objeto rochoso tem cerca de 700 quil\u00f4metros de di\u00e2metro, o que \u00e9 grande o suficiente para ser considerado um planeta an\u00e3o. O que torna esse achado ainda mais interessante \u00e9 a \u00f3rbita dele, que sugere que o misterioso &#8220;Planeta Nove&#8221;, uma suposta grande planeta escondido nas regi\u00f5es mais escuras e distantes do Sistema Solar, pode n\u00e3o existir.\r\n<\/p><p>\r\n&#8220;A \u00f3rbita desse objeto \u00e9 muito alongada. O ponto mais distante do Sol, chamado af\u00e9lio, est\u00e1 a mais de 1.600 vezes a dist\u00e2ncia entre a Terra e o Sol. J\u00e1 o ponto mais pr\u00f3ximo, chamado peri\u00e9lio, \u00e9 44,5 vezes essa dist\u00e2ncia, parecido com a \u00f3rbita de Plut\u00e3o&#8221;, explica Sihao Cheng, astrof\u00edsico do Instituto de Estudos Avan\u00e7ados em Princeton, nos Estados Unidos.\r\n<\/p><p>\r\nCheng e sua equipe est\u00e3o pesquisando objetos transnetunianos (TNOs), que s\u00e3o peda\u00e7os de rocha e gelo que orbitam o Sol al\u00e9m de Netuno, a cerca de 30 unidades astron\u00f4micas (uma unidade astron\u00f4mica \u00e9 a dist\u00e2ncia entre a Terra e o Sol). Encontrar esses objetos \u00e9 dif\u00edcil porque eles s\u00e3o muito pequenos, est\u00e3o muito longe do Sol, s\u00e3o extremamente frios e refletem pouca luz.\r\n<\/p><p>\r\nNos \u00faltimos anos, telesc\u00f3pios mais potentes conseguiram observar melhor o Cintur\u00e3o de Kuiper e \u00e1reas ainda mais distantes, permitindo a descoberta de objetos individuais. O objeto mais distante j\u00e1 encontrado \u00e9 o FarFarOut, uma rocha de cerca de 400 quil\u00f4metros de di\u00e2metro, detectada a 132 unidades astron\u00f4micas.\r\n<\/p><p>\r\n<div class=\"wp-block-image\"><figure><img src=\"https:\/\/vendedoradesonhos.com.br\/upload\/1\/sites\/img_39127c_1200.jpg\" alt=\"\" style=\"width:100%\"><figcaption>Um diagrama das \u00f3rbitas de Netuno, Plut\u00e3o e 2017 OF201. (Jiaxuan Li e Sihao Cheng)<\/figcaption><\/figure><\/div><hr><\/p><p>Os pesquisadores descobriram o 2017 OF<sub>201<\/sub> analisando dados antigos coletados pelo Dark Energy Camera Legacy Survey (DECaLS) e pelo Telesc\u00f3pio Canad\u00e1-Fran\u00e7a-Hava\u00ed (CFHT). Entre 2011 e 2018, esses instrumentos observaram o 2017 OF<sub>201<\/sub> um total de 19 vezes, o que permitiu \u00e0 equipe estudar o objeto e sua \u00f3rbita com grande precis\u00e3o.\r\n<\/p><p>\r\nO 2017 OF<sub>201<\/sub> foi visto pela primeira vez a 90,5 unidades astron\u00f4micas, mais que o dobro da dist\u00e2ncia orbital de Plut\u00e3o, que \u00e9 de cerca de 40 unidades astron\u00f4micas. Sua \u00f3rbita \u00e9 uma elipse bem alongada, chegando a 44 unidades astron\u00f4micas no ponto mais pr\u00f3ximo do Sol e se estendendo at\u00e9 1.600 unidades astron\u00f4micas, alcan\u00e7ando a Nuvem de Oort interna, uma regi\u00e3o de rochas e gelo que envolve o Sistema Solar em seus limites mais externos.\r\n<\/p><p>\r\nAinda n\u00e3o sabemos como essa \u00f3rbita, que leva 25.000 anos para ser completada, surgiu. Pode ser que o 2017 OF<sub>201<\/sub> tenha sofrido uma intera\u00e7\u00e3o gravitacional com algo grande que alterou sua trajet\u00f3ria, ou que sua \u00f3rbita tenha evolu\u00eddo por etapas ao longo do tempo.\r\n<\/p><p>\r\n<div class=\"wp-block-image\"><figure><img src=\"https:\/\/vendedoradesonhos.com.br\/upload\/1\/sites\/img_39127d_1200.jpg\" alt=\"\" style=\"width:100%\"><figcaption>As 19 observa\u00e7\u00f5es de 2017 OF<sub>201<\/sub>. (Cheng et al., arXiv, 2025)<\/figcaption><\/figure><\/div><hr><\/p><p>O que est\u00e1 claro \u00e9 que essa \u00f3rbita \u00e9 muito diferente das \u00f3rbitas agrupadas de outros objetos transnetunianos descobertos anteriormente, que alguns astr\u00f4nomos acreditavam serem evid\u00eancias de um grande planeta escondido no Sistema Solar.\r\n<\/p><p>\r\nA equipe realizou simula\u00e7\u00f5es da \u00f3rbita do 2017 OF<sub>201<\/sub>, com e sem a presen\u00e7a de um Planeta Nove. Eles descobriram que, sem o Planeta Nove, o 2017 OF<sub>201<\/sub> pode manter uma \u00f3rbita est\u00e1vel por um longo per\u00edodo, como acontece hoje. Mas, com o Planeta Nove, intera\u00e7\u00f5es gravitacionais com Netuno fariam o 2017 OF<sub>201<\/sub> ser expulso do Sistema Solar em menos de 100 milh\u00f5es de anos.\r\n<\/p><p>\r\nEssa \u00e9 uma das evid\u00eancias mais fortes at\u00e9 agora contra a exist\u00eancia do Planeta Nove. Al\u00e9m disso, a descoberta sugere que pode haver muitos outros objetos como esse no Cintur\u00e3o de Kuiper e al\u00e9m, que ainda n\u00e3o encontramos.\r\n<\/p><p>\r\n<div class=\"wp-block-image\"><figure><img src=\"https:\/\/vendedoradesonhos.com.br\/upload\/1\/sites\/img_39127e_1200.jpg\" alt=\"\" style=\"width:100%\"><figcaption>Imagens do OF<sub>201<\/sub> de 2017 a partir dos dados da pesquisa e sua trajet\u00f3ria no c\u00e9u. (Jiaxuan Li e Sihao Cheng)<\/figcaption><\/figure><\/div><hr><\/p><p>&#8220;O 2017 OF<sub>201<\/sub> passa apenas 1% do tempo de sua \u00f3rbita perto o suficiente para ser detectado. A exist\u00eancia desse \u00fanico objeto sugere que pode haver cerca de cem outros objetos com \u00f3rbitas e tamanhos semelhantes, mas est\u00e3o muito longe para serem vistos agora&#8221;, diz Cheng.\r\n<\/p><p>\r\n&#8220;Apesar dos avan\u00e7os nos telesc\u00f3pios, que nos permitem explorar partes distantes do universo, ainda h\u00e1 muito a descobrir sobre nosso pr\u00f3prio Sistema Solar.&#8221;\r\n<\/p><p>\r\nO 2017 OF<sub>201<\/sub> foi oficialmente anunciado pela Uni\u00e3o Astron\u00f4mica Internacional e descrito em um artigo dispon\u00edvel no site de pr\u00e9-publica\u00e7\u00e3o arXiv.<hr>\r\n\r\n<p style=\"text-align:right\"><em>Publicado em 25\/05\/2025 16h45<\/em><\/p>\r\n<hr>\r\n<p style=\"text-align:right\"><em><a href=\"https:\/\/terrarara.com.br\/en\/?page_id=2496\">English version<\/a><\/em><\/p>\r\n<hr>\r\n\r\n\t\t\t<p>Texto adaptado por IA (Grok) do original em ingl\u00eas. Imagens de bibliotecas p\u00fablicas de imagens ou cr\u00e9ditos na legenda. Informa\u00e7\u00f5es sobre DOI, autor e institui\u00e7\u00e3o encontram-se no corpo do artigo.<\/p>\r\n\t\t\t<hr>\r\n\t\r\n\t\t\t\r\n\r\n<p>Estudo original: <\/p>\r\n\r\n\r\n\r\n<ul><li><a href=\"https:\/\/doi.org\/10.48550\/arXiv.2505.15806\" target=\"_blank\">https:\/\/doi.org\/10.48550\/arXiv.2505.15806<\/a><\/li><\/ul>\r\n\r\n\r\n\r\n<hr class=\"wp-block-separator is-style-wide\"\/>\r\n\r\n<div style=\"position: buttonline;\"><iframe loading=\"lazy\" src=\"https:\/\/vendedoradesonhos.com.br\/rodape_sites.php?arg=39127\" frameborder=\"0\" height=\"420px\" width=\"100%\"><\/iframe><\/div>\r\n<div style=\"position: buttonline;\"><iframe loading=\"lazy\" src=\"https:\/\/vendedoradesonhos.com.br\/comentario_navegacao.php?arg=39127\" frameborder=\"0\" height=\"500px\" width=\"100%\"><\/iframe><\/div>\r\n<div style=\"position:absolute; width:40%; height:70px; top:-70px; left:0px;\"><iframe loading=\"lazy\" src=\"https:\/\/vendedoradesonhos.com.br\/oferta_site_esq.php?arg=39127\" frameborder=\"0\" height=\"100%\" width=\"100%\"><\/iframe><\/div>\r\n<div style=\"position:absolute; width:40%; height:70px; top:-70px; right:0px;\"><iframe loading=\"lazy\" src=\"https:\/\/vendedoradesonhos.com.br\/oferta_site_dir.php?arg=39127\" frameborder=\"0\" height=\"100%;\" width=\"100%\"><\/iframe><\/div>\r\n<a href=\"https:\/\/jagsystem.com\">\r\n<div style=\"position:absolute; height:200px; width:94%; left:3%; text-align:center; border-color: white; border-radius: 5px; border-style: solid;\">\r\n<table width=\"100%\" align=\"center\"><tr><td width=\"30%\" align=\"right\">Geoprocessamento<br>Sistemas para drones<br>HPC<\/td><td width=\"30%\">\r\n<img src=\"https:\/\/vendedoradesonhos.com.br\/wp-content\/uploads\/2022\/10\/logo_branco_jag6.png\" vspace=\"20\" width=\"250\" border=\"0\">\r\n<\/td><td width=\"30%\" align=\"left\">Sistemas ERP e CRM<br>Sistemas mobile<br>IA<\/td><\/tr><\/table>\r\n<\/div>\r\n<\/a><br><br><br><br>","protected":false},"excerpt":{"rendered":"","protected":false},"author":1,"featured_media":0,"parent":35,"menu_order":0,"comment_status":"closed","ping_status":"closed","template":"","meta":[],"_links":{"self":[{"href":"https:\/\/terrarara.com.br\/index.php?rest_route=\/wp\/v2\/pages\/25358"}],"collection":[{"href":"https:\/\/terrarara.com.br\/index.php?rest_route=\/wp\/v2\/pages"}],"about":[{"href":"https:\/\/terrarara.com.br\/index.php?rest_route=\/wp\/v2\/types\/page"}],"author":[{"embeddable":true,"href":"https:\/\/terrarara.com.br\/index.php?rest_route=\/wp\/v2\/users\/1"}],"replies":[{"embeddable":true,"href":"https:\/\/terrarara.com.br\/index.php?rest_route=%2Fwp%2Fv2%2Fcomments&post=25358"}],"version-history":[{"count":0,"href":"https:\/\/terrarara.com.br\/index.php?rest_route=\/wp\/v2\/pages\/25358\/revisions"}],"up":[{"embeddable":true,"href":"https:\/\/terrarara.com.br\/index.php?rest_route=\/wp\/v2\/pages\/35"}],"wp:attachment":[{"href":"https:\/\/terrarara.com.br\/index.php?rest_route=%2Fwp%2Fv2%2Fmedia&parent=25358"}],"curies":[{"name":"wp","href":"https:\/\/api.w.org\/{rel}","templated":true}]}}