{"id":25212,"date":"2025-04-27T08:05:55","date_gmt":"2025-04-27T08:05:55","guid":{"rendered":"http:\/\/terrarara.com.br\/terrarara\/?page_id=25212"},"modified":"2025-04-27T08:05:55","modified_gmt":"2025-04-27T08:05:55","slug":"a-maior-estrutura-do-universo-pode-ser-50-maior-do-que-pensavamos","status":"publish","type":"page","link":"https:\/\/terrarara.com.br\/?page_id=25212","title":{"rendered":"A maior estrutura do universo pode ser 50% maior do que pens\u00e1vamos"},"content":{"rendered":"<div class=\"wp-block-image\"><figure><img src=\"https:\/\/vendedoradesonhos.com.br\/img\/sites\/img_hercules_corona_borealis.jpg\" alt=\"\" style=\"width:100%\"><figcaption>Hercules-Corona Borealis Great Wall<\/figcaption><\/figure><\/div><hr><\/p><p>\r\n\t<a href=\"https:\/\/doi.org\/10.48550\/arXiv.2504.05354\" target=\"_blank\">doi.org\/10.48550\/arXiv.2504.05354<\/a><br><a href=\"https:\/\/vendedoradesonhos.com.br\/credibilidade_estudo.php?c=38763\">Credibilidade<\/a>: <font color=\"#00FFFF\">8<\/font><font color=\"#00FF00\">8<\/font><font color=\"#FFFF00\">8<\/font><br><a href=''https:\/\/terrarara.com.br\"s=hercules-corona borealis great wall''>#HerculesCorona Borealis Great Wall<\/a>\u00a0<\/p><p><\/p><p>\r\n\t<strong>A maior estrutura conhecida no Universo, chamada de Grande Muralha H\u00e9rcules-Corona Borealis, pode ser ainda maior do que os cientistas imaginavam<\/strong><\/p><p> Estudos recentes sugerem que ela, que antes se pensava ter 10 bilh\u00f5es de anos-luz de comprimento, pode na verdade ter at\u00e9 15 bilh\u00f5es de anos-luz. Isso \u00e9 algo impressionante e desafia o que sabemos sobre o Universo. As descobertas foram enviadas para publica\u00e7\u00e3o e est\u00e3o dispon\u00edveis no servidor de pr\u00e9-impress\u00e3o arXiv.\r\n<\/p><p>\r\nO que \u00e9 a Grande Muralha?\r\n<\/p><p>\r\nA Grande Muralha foi descoberta h\u00e1 mais de 10 anos, quando astr\u00f4nomos perceberam que explos\u00f5es de raios gama (um tipo de explos\u00e3o extremamente poderosa no espa\u00e7o) estavam acontecendo em uma regi\u00e3o do Universo com uma concentra\u00e7\u00e3o maior do que o esperado. Essas explos\u00f5es s\u00e3o causadas por eventos extremos, como o nascimento de um buraco negro ou a colis\u00e3o de duas estrelas de n\u00eautrons.\r\n<\/p><p>\r\nComo buracos negros e estrelas de n\u00eautrons v\u00eam de estrelas muito grandes, essas explos\u00f5es de raios gama est\u00e3o ligadas a gal\u00e1xias, onde essas estrelas s\u00e3o comuns. Por serem muito brilhantes, os raios gama podem ser vistos de muito longe, e os cientistas usam suas localiza\u00e7\u00f5es para mapear grupos de gal\u00e1xias. Foi assim que, em 2014, os astr\u00f4nomos Istv\u00e1n Horv\u00e1th, Jon Hakkila e Zsolt Bagoly anunciaram a descoberta da Grande Muralha, ap\u00f3s estudarem 283 explos\u00f5es de raios gama.\r\n<\/p><p>\r\n<div class=\"wp-block-image\"><figure><iframe loading=\"lazy\" width=\"642\" height=\"361\" src=\"https:\/\/www.youtube.com\/embed\/XUtatDjX_i4\" title=\"Biggest Thing in the Universe: The Hercules-Corona Borealis Great Wall (Gamma Ray Burst Wall)\" frameborder=\"0\" allow=\"accelerometer; autoplay; clipboard-write; encrypted-media; gyroscope; picture-in-picture; web-share\" referrerpolicy=\"strict-origin-when-cross-origin\" allowfullscreen><\/iframe><figcaption><\/figcaption><\/figure><\/div><hr><\/p><p><b>Novas descobertas<\/b>\r\n<\/p><p>\r\nAgora, esses cientistas, junto com uma equipe maior, fizeram um estudo mais detalhado, analisando 542 explos\u00f5es de raios gama com dist\u00e2ncias conhecidas. Eles mediram o &#8220;desvio para o vermelho&#8221; dessas explos\u00f5es, que mostra o quanto a luz delas foi esticada pela expans\u00e3o do Universo, permitindo calcular a dist\u00e2ncia com precis\u00e3o.<\/p><p>\r\nOs resultados indicam que a Grande Muralha pode se estender por uma dist\u00e2ncia de cerca de 15 bilh\u00f5es de anos-luz. Para ter uma ideia, o Universo observ\u00e1vel (a parte que conseguimos ver) tem cerca de 93 bilh\u00f5es de anos-luz de di\u00e2metro. Ou seja, essa estrutura \u00e9 gigantesca!\r\n<\/p><p><\/p><p>\r\n<div class=\"wp-block-image\"><figure><iframe loading=\"lazy\" width=\"642\" height=\"361\" src=\"https:\/\/www.youtube.com\/embed\/XBr4GkRnY04\" title=\"Misconceptions About the Universe\" frameborder=\"0\" allow=\"accelerometer; autoplay; clipboard-write; encrypted-media; gyroscope; picture-in-picture; web-share\" referrerpolicy=\"strict-origin-when-cross-origin\" allowfullscreen><\/iframe><figcaption><\/figcaption><\/figure><\/div><hr><\/p><p><b>Por que isso \u00e9 um problema&#8221;<\/b>\r\n<\/p><p>\r\nEssa descoberta torna a Grande Muralha ainda mais desafiadora para nossa compreens\u00e3o do Universo. Os cientistas acreditam em algo chamado &#8220;princ\u00edpio cosmol\u00f3gico&#8221;, que diz que, em escalas muito grandes, o Universo \u00e9 uniforme, ou seja, todas as partes do Universo deveriam ser mais ou menos iguais, sem grandes diferen\u00e7as ou &#8220;aglomerados&#8221;. Essa ideia \u00e9 apoiada por v\u00e1rias evid\u00eancias.\r\n<\/p><p>\r\nNo entanto, estruturas maiores que cerca de 1,2 bilh\u00e3o de anos-luz j\u00e1 s\u00e3o consideradas uma grande exce\u00e7\u00e3o. E j\u00e1 conhecemos v\u00e1rias delas! Por exemplo:\r\n<\/p><p>\r\n&#8211; A superestrutura Quipu tem cerca de 1,3 bilh\u00e3o de anos-luz.\r\n<\/p><p>\r\n&#8211; A Muralha de Sloan e a Muralha do Polo Sul t\u00eam cerca de 1,37 bilh\u00e3o de anos-luz cada.\r\n<\/p><p>\r\n&#8211; O grupo de gal\u00e1xias Clowes-Campusano tem 2 bilh\u00f5es de anos-luz.\r\n<\/p><p>\r\n&#8211; O Arco Gigante tem 3,3 bilh\u00f5es de anos-luz.\r\n<\/p><p>\r\n&#8211; O Grupo de Quasares Gigantes tem 4 bilh\u00f5es de anos-luz.\r\n<\/p><p>\r\n&#8211; A Grande Muralha, com seus 10 bilh\u00f5es de anos-luz (e agora possivelmente 15 bilh\u00f5es), j\u00e1 era algo fora do comum. Esses novos dados mostram que ela n\u00e3o \u00e9 apenas uma ilus\u00e3o ou erro de c\u00e1lculo &#8211; ela parece ser real.\r\n<\/p><p><\/p><p>\r\n<b>O que isso significa&#8221;<\/b>\r\n<\/p><p>\r\nAinda n\u00e3o sabemos exatamente o que a Grande Muralha nos diz sobre o Universo e como ele evoluiu. O que sabemos \u00e9 que h\u00e1 muito sobre o Universo que ainda n\u00e3o entendemos. Descobertas como essa nos ajudam a nos aproximar das respostas, mesmo que aos poucos.\r\n<\/p><p>\r\nAs descobertas da equipe foram enviadas para publica\u00e7\u00e3o e est\u00e3o dispon\u00edveis no arXiv para quem quiser saber mais.<\/p><p><\/p><p>\r\n<hr>\r\n\r\n<p style=\"text-align:right\"><em>Publicado em 27\/04\/2025 08h05<\/em><\/p>\r\n<hr>\r\n<p style=\"text-align:right\"><em><a href=\"https:\/\/terrarara.com.br\/en\/?page_id=2351\">English version<\/a><\/em><\/p>\r\n<hr>\r\n\r\n\t\t\t<p>Texto adaptado por IA (Grok) do original em ingl\u00eas. Imagens de bibliotecas p\u00fablicas de imagens ou cr\u00e9ditos na legenda. Informa\u00e7\u00f5es sobre DOI, autor e institui\u00e7\u00e3o encontram-se no corpo do artigo.<\/p>\r\n\t\t\t<hr>\r\n\t\r\n\t\t\t\r\n\r\n<p>Estudo original: <\/p>\r\n\r\n\r\n\r\n<ul><li><a href=\"https:\/\/doi.org\/10.48550\/arXiv.2504.05354\" target=\"_blank\">https:\/\/doi.org\/10.48550\/arXiv.2504.05354<\/a><\/li><\/ul>\r\n\r\n\r\n\r\n<hr class=\"wp-block-separator is-style-wide\"\/>\r\n\r\n<div style=\"position: buttonline;\"><iframe loading=\"lazy\" src=\"https:\/\/vendedoradesonhos.com.br\/rodape_sites.php?arg=38763\" frameborder=\"0\" height=\"420px\" width=\"100%\"><\/iframe><\/div>\r\n<div style=\"position: buttonline;\"><iframe loading=\"lazy\" src=\"https:\/\/vendedoradesonhos.com.br\/comentario_navegacao.php?arg=38763\" frameborder=\"0\" height=\"500px\" width=\"100%\"><\/iframe><\/div>\r\n<div style=\"position:absolute; width:40%; height:70px; top:-70px; left:0px;\"><iframe loading=\"lazy\" src=\"https:\/\/vendedoradesonhos.com.br\/oferta_site_esq.php?arg=38763\" frameborder=\"0\" height=\"100%\" width=\"100%\"><\/iframe><\/div>\r\n<div style=\"position:absolute; width:40%; height:70px; top:-70px; right:0px;\"><iframe loading=\"lazy\" src=\"https:\/\/vendedoradesonhos.com.br\/oferta_site_dir.php?arg=38763\" frameborder=\"0\" height=\"100%;\" width=\"100%\"><\/iframe><\/div>\r\n<a href=\"https:\/\/jagsystem.com\">\r\n<div style=\"position:absolute; height:200px; width:94%; left:3%; text-align:center; border-color: white; border-radius: 5px; border-style: solid;\">\r\n<table width=\"100%\" align=\"center\"><tr><td width=\"30%\" align=\"right\">Geoprocessamento<br>Sistemas para drones<br>HPC<\/td><td width=\"30%\">\r\n<img src=\"https:\/\/vendedoradesonhos.com.br\/wp-content\/uploads\/2022\/10\/logo_branco_jag6.png\" vspace=\"20\" width=\"250\" border=\"0\">\r\n<\/td><td width=\"30%\" align=\"left\">Sistemas ERP e CRM<br>Sistemas mobile<br>IA<\/td><\/tr><\/table>\r\n<\/div>\r\n<\/a><br><br><br><br>","protected":false},"excerpt":{"rendered":"","protected":false},"author":1,"featured_media":0,"parent":1415,"menu_order":0,"comment_status":"closed","ping_status":"closed","template":"","meta":[],"_links":{"self":[{"href":"https:\/\/terrarara.com.br\/index.php?rest_route=\/wp\/v2\/pages\/25212"}],"collection":[{"href":"https:\/\/terrarara.com.br\/index.php?rest_route=\/wp\/v2\/pages"}],"about":[{"href":"https:\/\/terrarara.com.br\/index.php?rest_route=\/wp\/v2\/types\/page"}],"author":[{"embeddable":true,"href":"https:\/\/terrarara.com.br\/index.php?rest_route=\/wp\/v2\/users\/1"}],"replies":[{"embeddable":true,"href":"https:\/\/terrarara.com.br\/index.php?rest_route=%2Fwp%2Fv2%2Fcomments&post=25212"}],"version-history":[{"count":0,"href":"https:\/\/terrarara.com.br\/index.php?rest_route=\/wp\/v2\/pages\/25212\/revisions"}],"up":[{"embeddable":true,"href":"https:\/\/terrarara.com.br\/index.php?rest_route=\/wp\/v2\/pages\/1415"}],"wp:attachment":[{"href":"https:\/\/terrarara.com.br\/index.php?rest_route=%2Fwp%2Fv2%2Fmedia&parent=25212"}],"curies":[{"name":"wp","href":"https:\/\/api.w.org\/{rel}","templated":true}]}}