{"id":25100,"date":"2025-04-05T15:26:12","date_gmt":"2025-04-05T15:26:12","guid":{"rendered":"http:\/\/terrarara.com.br\/terrarara\/?page_id=25100"},"modified":"2025-04-05T15:26:12","modified_gmt":"2025-04-05T15:26:12","slug":"defesas-de-jupiter-desmoronam-com-tempestade-solar-gigante-e-cientistas-ficam-surpresos-com-aumento-de-500c-na-temperatura","status":"publish","type":"page","link":"https:\/\/terrarara.com.br\/?page_id=25100","title":{"rendered":"Defesas de j\u00fapiter desmoronam com tempestade solar gigante e cientistas ficam surpresos com aumento de 500c na temperatura"},"content":{"rendered":"<div class=\"wp-block-image\"><figure><img src=\"https:\/\/vendedoradesonhos.com.br\/upload\/1\/sites\/img_38535_1200.jpg\" alt=\"\" style=\"width:100%\"><figcaption>Imagem via <a href=\"https:\/\/science.nasa.gov\/image-detail\/amf-hubble-captures-vivid-auroras-in-jupiters-atmosphere_28000029525_o\/\" target=\"_blank\">NASA<\/a><\/figcaption><\/figure><\/div><hr><\/p><p>\r\n\t<a href=\"https:\/\/doi.org\/10.1029\/2024GL113751\" target=\"_blank\">doi.org\/10.1029\/2024GL113751<\/a><br><a href=\"https:\/\/vendedoradesonhos.com.br\/credibilidade_estudo.php?c=38535\">Credibilidade<\/a>: <font color=\"#00FFFF\">9<\/font><font color=\"#00FF00\">8<\/font><font color=\"#FFFF00\">9<\/font><br><a href=''https:\/\/terrarara.com.br\"s=j\u00dapiter''>#j\u00daPITER<\/a>\u00a0<\/p><p><\/p><p>\r\n\t<strong>J\u00fapiter foi fortemente atingido por uma onda de vento solar, e os cientistas conseguiram observar tudo isso de perto pela primeira vez<\/strong><\/p><p>Um evento solar poderoso apertou o campo magn\u00e9tico que protege J\u00fapiter, causando um aumento impressionante de temperatura em metade do planeta. Usando telesc\u00f3pios e naves espaciais, os pesquisadores viram como o vento solar mexe com a atmosfera desse gigante gasoso. Isso mostra que J\u00fapiter e outros planetas parecidos n\u00e3o est\u00e3o t\u00e3o protegidos do <\/p><p>\r\nSol quanto se pensava antes.\r\n<\/p><p>\r\nO Escudo de J\u00fapiter \u00e9 Esmagado pelo Vento Solar\r\n<\/p><p>\r\nPela primeira vez, cientistas detectaram uma onda forte de vento solar comprimindo o escudo magn\u00e9tico de J\u00fapiter.<\/p><p>\r\nPesquisadores da Universidade de Reading, na Inglaterra, estudaram um evento de 2017 em que o vento solar atingiu J\u00fapiter e encolheu temporariamente sua magnetosfera &#8211; a enorme bolha magn\u00e9tica que envolve e protege o planeta. Esse impacto criou uma regi\u00e3o muito quente na parte superior da atmosfera, que se espalhou por metade da circunfer\u00eancia de J\u00fapiter e chegou a temperaturas acima de 500\u00b0C. Isso \u00e9 bem mais quente do que a temperatura normal da atmosfera do planeta, que fica em torno de 350\u00b0C.\r\n<\/p><p>\r\nDe acordo com um estudo publicado hoje (3 de abril) na revista Geophysical Research Letters, esse tipo de tempestade solar parece atingir J\u00fapiter com frequ\u00eancia, cerca de duas a tr\u00eas vezes por m\u00eas.<\/p><p>\r\n&#8220;Nunca t\u00ednhamos visto como J\u00fapiter reage ao vento solar antes, e a forma como isso mudou sua atmosfera foi algo surpreendente,? disse o Dr. James O&#8221;Donoghue, principal autor do estudo. &#8220;\u00c9 a primeira vez que observamos algo assim em um planeta externo.&#8221;\r\n<\/p><p>\r\nPlanetas Gigantes N\u00e3o S\u00e3o T\u00e3o Resistentes Assim\r\n<\/p><p>\r\n&#8220;O vento solar apertou o escudo magn\u00e9tico de J\u00fapiter como se fosse uma bola de squash gigante. Isso gerou uma regi\u00e3o superquente que cobre metade do planeta. J\u00fapiter \u00e9 11 vezes maior que a Terra, ent\u00e3o essa \u00e1rea aquecida \u00e9 gigantesca,? explicou O&#8221;Donoghue.\r\n<\/p><p>\r\n&#8220;Nos \u00faltimos dez anos, estudamos J\u00fapiter, Saturno e Urano com mais detalhes. Esses planetas gigantes n\u00e3o s\u00e3o t\u00e3o fortes contra as influ\u00eancias do Sol como ach\u00e1vamos &#8211; eles s\u00e3o vulner\u00e1veis, assim como a Terra. J\u00fapiter funciona como um laborat\u00f3rio natural, nos ajudando a entender como o Sol afeta os planetas em geral. Observando o que acontece l\u00e1, podemos prever e compreender melhor os efeitos das tempestades solares que podem bagun\u00e7ar o GPS, as comunica\u00e7\u00f5es e as redes el\u00e9tricas aqui na Terra.&#8221;\r\n<\/p><p>\r\nTempestades Solares Podem Afetar At\u00e9 os Planetas Mais Poderosos\r\n<\/p><p>\r\nCombinando observa\u00e7\u00f5es do telesc\u00f3pio Keck, no Hava\u00ed, com dados da nave Juno, da NASA, e modelos de vento solar, os cientistas descobriram que uma regi\u00e3o densa de vento solar comprimiu a magnetosfera de J\u00fapiter pouco antes das observa\u00e7\u00f5es come\u00e7arem. Essa compress\u00e3o parece ter aumentado o aquecimento nas auroras dos polos do planeta, fazendo a atmosfera superior se expandir e espalhar gases quentes em dire\u00e7\u00e3o ao equador.\r\n<\/p><p>\r\nAntes, os cientistas achavam que a r\u00e1pida rota\u00e7\u00e3o de J\u00fapiter manteria o calor das auroras apenas nos polos por causa dos ventos fortes. Essa descoberta mostra que n\u00e3o \u00e9 bem assim, sugerindo que as atmosferas dos planetas do nosso sistema solar podem ser mais sens\u00edveis ao Sol do que se imaginava. Tempestades solares podem mudar bastante a din\u00e2mica das atmosferas dos planetas grandes, criando ventos globais que espalham energia pelo planeta inteiro.\r\n<\/p><p>\r\nPrevis\u00e3o do Clima Espacial de J\u00fapiter at\u00e9 a Terra\r\n<\/p><p>\r\nO professor Mathew Owens, coautor do estudo, disse: &#8220;Nosso modelo de vento solar acertou na previs\u00e3o de quando a atmosfera de J\u00fapiter seria afetada. Isso nos ajuda a entender melhor a precis\u00e3o dos nossos sistemas de previs\u00e3o, o que \u00e9 muito importante para proteger a Terra de um clima espacial perigoso.&#8221;<hr>\r\n\r\n<p style=\"text-align:right\"><em>Publicado em 05\/04\/2025 15h26<\/em><\/p>\r\n<hr>\r\n<p style=\"text-align:right\"><em><a href=\"https:\/\/terrarara.com.br\/en\/?page_id=2241\">English version<\/a><\/em><\/p>\r\n<hr>\r\n\r\n\t\t\t<p>Texto adaptado por IA (ChatGPT \/ Gemini) do original em ingl\u00eas. Imagens de bibliotecas p\u00fablicas de imagens ou cr\u00e9ditos na legenda. Informa\u00e7\u00f5es sobre DOI, autor e institui\u00e7\u00e3o encontram-se no corpo do artigo.<\/p>\r\n\t\t\t<hr>\r\n\t\r\n\t\t\t\r\n\r\n<p>Estudo original: <\/p>\r\n\r\n\r\n\r\n<ul><li><a href=\"https:\/\/doi.org\/10.1029\/2024GL113751\" target=\"_blank\">https:\/\/doi.org\/10.1029\/2024GL113751<\/a><\/li><\/ul>\r\n\r\n\r\n\r\n<hr class=\"wp-block-separator is-style-wide\"\/>\r\n\r\n<div style=\"position: buttonline;\"><iframe loading=\"lazy\" src=\"https:\/\/vendedoradesonhos.com.br\/rodape_sites.php?arg=38535\" frameborder=\"0\" height=\"420px\" width=\"100%\"><\/iframe><\/div>\r\n<div style=\"position: buttonline;\"><iframe loading=\"lazy\" src=\"https:\/\/vendedoradesonhos.com.br\/comentario_navegacao.php?arg=38535\" frameborder=\"0\" height=\"500px\" width=\"100%\"><\/iframe><\/div>\r\n<div style=\"position:absolute; width:40%; height:70px; top:-70px; left:0px;\"><iframe loading=\"lazy\" src=\"https:\/\/vendedoradesonhos.com.br\/oferta_site_esq.php?arg=38535\" frameborder=\"0\" height=\"100%\" width=\"100%\"><\/iframe><\/div>\r\n<div style=\"position:absolute; width:40%; height:70px; top:-70px; right:0px;\"><iframe loading=\"lazy\" src=\"https:\/\/vendedoradesonhos.com.br\/oferta_site_dir.php?arg=38535\" frameborder=\"0\" height=\"100%;\" width=\"100%\"><\/iframe><\/div>\r\n<a href=\"https:\/\/jagsystem.com\">\r\n<div style=\"position:absolute; height:200px; width:94%; left:3%; text-align:center; border-color: white; border-radius: 5px; border-style: solid;\">\r\n<table width=\"100%\" align=\"center\"><tr><td width=\"30%\" align=\"right\">Geoprocessamento<br>Sistemas para drones<br>HPC<\/td><td width=\"30%\">\r\n<img src=\"https:\/\/vendedoradesonhos.com.br\/wp-content\/uploads\/2022\/10\/logo_branco_jag6.png\" vspace=\"20\" width=\"250\" border=\"0\">\r\n<\/td><td width=\"30%\" align=\"left\">Sistemas ERP e CRM<br>Sistemas mobile<br>IA<\/td><\/tr><\/table>\r\n<\/div>\r\n<\/a><br><br><br><br>","protected":false},"excerpt":{"rendered":"","protected":false},"author":1,"featured_media":0,"parent":19,"menu_order":0,"comment_status":"closed","ping_status":"closed","template":"","meta":[],"_links":{"self":[{"href":"https:\/\/terrarara.com.br\/index.php?rest_route=\/wp\/v2\/pages\/25100"}],"collection":[{"href":"https:\/\/terrarara.com.br\/index.php?rest_route=\/wp\/v2\/pages"}],"about":[{"href":"https:\/\/terrarara.com.br\/index.php?rest_route=\/wp\/v2\/types\/page"}],"author":[{"embeddable":true,"href":"https:\/\/terrarara.com.br\/index.php?rest_route=\/wp\/v2\/users\/1"}],"replies":[{"embeddable":true,"href":"https:\/\/terrarara.com.br\/index.php?rest_route=%2Fwp%2Fv2%2Fcomments&post=25100"}],"version-history":[{"count":0,"href":"https:\/\/terrarara.com.br\/index.php?rest_route=\/wp\/v2\/pages\/25100\/revisions"}],"up":[{"embeddable":true,"href":"https:\/\/terrarara.com.br\/index.php?rest_route=\/wp\/v2\/pages\/19"}],"wp:attachment":[{"href":"https:\/\/terrarara.com.br\/index.php?rest_route=%2Fwp%2Fv2%2Fmedia&parent=25100"}],"curies":[{"name":"wp","href":"https:\/\/api.w.org\/{rel}","templated":true}]}}