{"id":24993,"date":"2025-03-12T18:56:46","date_gmt":"2025-03-12T18:56:46","guid":{"rendered":"http:\/\/terrarara.com.br\/terrarara\/?page_id=24993"},"modified":"2025-03-12T18:56:46","modified_gmt":"2025-03-12T18:56:46","slug":"andromeda-xxxv-uma-galaxia-recem-descoberta-que-nao-deveria-existir-mas-existe","status":"publish","type":"page","link":"https:\/\/terrarara.com.br\/?page_id=24993","title":{"rendered":"Andromeda XXXV: Uma gal\u00e1xia rec\u00e9m-descoberta que n\u00e3o deveria existir, mas existe"},"content":{"rendered":"<div class=\"wp-block-image\"><figure><img src=\"https:\/\/vendedoradesonhos.com.br\/upload\/1\/sites\/img_38323_1200.jpg\" alt=\"\" style=\"width:100%\"><figcaption>Pesquisadores, liderados por astr\u00f4nomos da Universidade de Michigan, descobriram a gal\u00e1xia mais pequena e mais clara at\u00e9 hoje em \u00f3rbita do sistema Andr\u00f4meda, o principal vizinho gal\u00e1ctico da Via L\u00e1ctea.A gal\u00e1xia rec\u00e9m-descoberta, Andromeda XXXV, \u00e9 vista dentro do elipse branco. Cr\u00e9dito: CFHT\/MegaCam\/PAndAS (Pesquisador principal: Alan McConnachie)<\/figcaption><\/figure><\/div><hr><\/p><p>\r\n\t<a href=\"https:\/\/doi.org\/10.3847\/2041-8213\/adb433\" target=\"_blank\">doi.org\/10.3847\/2041-8213\/adb433<\/a><br><a href=\"https:\/\/vendedoradesonhos.com.br\/credibilidade_estudo.php?c=38323\">Credibilidade<\/a>: <font color=\"#00FFFF\">9<\/font><font color=\"#00FF00\">8<\/font><font color=\"#FFFF00\">9<\/font><br><a href=''https:\/\/terrarara.com.br\"s=gal\u00e1xia''>#Gal\u00e1xia<\/a>\u00a0<\/p><p><\/p><p>\r\n\t<strong>Uma descoberta incr\u00edvel nos arredores da gal\u00e1xia de Andr\u00f4meda est\u00e1 mudando o que sabemos sobre como as gal\u00e1xias se formam e evoluem<\/strong><\/p><p> Astr\u00f4nomos encontraram a gal\u00e1xia sat\u00e9lite mais fraca e pequena j\u00e1 vista, chamada Andromeda XXXV, e ela est\u00e1 fazendo os cientistas repensarem muitas coisas.<\/p><p>\r\nEssa gal\u00e1xia min\u00fascula desafia o que esper\u00e1vamos: ela formou estrelas por bilh\u00f5es de anos a mais do que as sat\u00e9lites da nossa Via L\u00e1ctea e sobreviveu a uma \u00e9poca em que deveria ter sido destru\u00edda. Como isso aconteceu? Esse \u00e9 o novo mist\u00e9rio que os cientistas querem resolver.<\/p><p>\r\nUma Gal\u00e1xia Pequena com Grandes Impactos<\/p><p>\r\nUma equipe liderada pela Universidade de Michigan fez uma descoberta que questiona ideias importantes sobre a forma\u00e7\u00e3o de gal\u00e1xias, baseadas no que aprendemos com a Via L\u00e1ctea, nossa casa no espa\u00e7o.<\/p><p>\r\nA novidade veio da borda da gal\u00e1xia de Andr\u00f4meda, nossa vizinha mais pr\u00f3xima entre as grandes gal\u00e1xias. L\u00e1, os astr\u00f4nomos acharam a menor e mais fraca gal\u00e1xia sat\u00e9lite j\u00e1 descoberta em torno dela.<\/p><p>\r\nBatizada de Andromeda XXXV, essa gal\u00e1xia an\u00e3 fica a cerca de 3 milh\u00f5es de anos-luz de dist\u00e2ncia e est\u00e1 ajudando os cientistas a entenderem melhor como as gal\u00e1xias mudam em diferentes lugares e \u00e9pocas do universo.<\/p><p>\r\nReescrevendo a Hist\u00f3ria das Gal\u00e1xias<\/p><p>\r\nEssa descoberta traz mais perguntas do que respostas, mas, segundo Marcos Arias, o principal autor do estudo publicado no dia 11 de mar\u00e7o na revista Astrophysical Journal Letters, isso \u00e9 normal quando se estuda o universo.<\/p><p>\r\nEle diz que o cosmos ainda guarda muitos segredos, mas essa gal\u00e1xia ajuda a corrigir o que sabemos e mostra o quanto ainda temos para aprender.<\/p><p>\r\n&#8220;Ainda h\u00e1 muito para descobrir&#8221;, conta Arias, que fez esse trabalho como estudante de gradua\u00e7\u00e3o no Departamento de Astronomia e agora \u00e9 pesquisador na \u00e1rea. &#8220;Precisamos entender mais sobre a forma\u00e7\u00e3o, evolu\u00e7\u00e3o e estrutura das gal\u00e1xias perto de n\u00f3s antes de conseguirmos reconstruir a hist\u00f3ria do universo e saber como chegamos at\u00e9 aqui.?<\/p><p>\r\nA Via L\u00e1ctea tamb\u00e9m tem v\u00e1rias gal\u00e1xias sat\u00e9lites, ou companheiras, e \u00e9 por isso que a hist\u00f3ria delas ainda est\u00e1 sendo escrita. Essas companheiras s\u00e3o bem diferentes da gal\u00e1xia principal, mas est\u00e3o perto o suficiente para serem puxadas pela sua gravidade. E elas s\u00e3o muito, muito menores.<\/p><p>\r\n<div class=\"wp-block-image\"><figure><img src=\"https:\/\/vendedoradesonhos.com.br\/upload\/1\/sites\/img_38323b_1200.jpg\" alt=\"\" style=\"width:100%\"><figcaption><\/figcaption><\/figure><\/div><hr><\/p><p><b>Uma Descoberta que Muda o Jogo<\/b>\r\n<\/p><p>\r\n&#8220;Essas s\u00e3o gal\u00e1xias completas, mas t\u00eam cerca de um milion\u00e9simo do tamanho da Via L\u00e1ctea&#8221;, explica Eric Bell, professor da Universidade de Michigan e coautor do estudo. &#8220;\u00c9 como se fosse um ser humano funcionando perfeitamente, mas do tamanho de um gr\u00e3o de arroz.?<\/p><p>\r\nPor serem t\u00e3o pequenas, essas gal\u00e1xias sat\u00e9lites s\u00e3o bem mais dif\u00edceis de ver, porque brilham muito pouco. S\u00f3 nas \u00faltimas d\u00e9cadas os astr\u00f4nomos conseguiram tecnologias boas o suficiente para encontrar a maioria das sat\u00e9lites da Via L\u00e1ctea. E, segundo Bell, \u00e9 imposs\u00edvel hoje enxergar gal\u00e1xias t\u00e3o fracas orbitando sistemas mais distantes que Andr\u00f4meda.<\/p><p>\r\nAt\u00e9 agora, as sat\u00e9lites da Via L\u00e1ctea eram nossa \u00fanica fonte de informa\u00e7\u00e3o sobre essas gal\u00e1xias min\u00fasculas. Embora j\u00e1 tenham sido encontradas sat\u00e9lites em Andr\u00f4meda antes &#8211; por isso ela \u00e9 a XXXV, ou seja, a 35\u00aa &#8220;, elas eram grandes e brilhantes demais para mudar o que aprendemos com a Via L\u00e1ctea.<\/p><p>\r\n&#8220;\u00c9 por isso que a descoberta do Marcos \u00e9 t\u00e3o importante. Esse tipo de gal\u00e1xia s\u00f3 podia ser visto perto da Via L\u00e1ctea antes&#8221;, diz Bell. &#8220;Agora conseguimos olhar uma em Andr\u00f4meda, e \u00e9 a primeira vez que fazemos isso fora do nosso sistema.?<\/p><p>\r\nUsando o Hubble para Ver o Invis\u00edvel<\/p><p>\r\nPara achar Andromeda XXXV, Arias vasculhou toneladas de dados observacionais em busca de sinais de poss\u00edveis gal\u00e1xias companheiras. Depois de fazer uma lista de candidatas, ele e Bell conseguiram tempo no Telesc\u00f3pio Espacial Hubble para dar uma olhada mais de perto.<\/p><p>\r\n&#8220;As chances de fazer pesquisas importantes como estudante de gradua\u00e7\u00e3o no departamento de astronomia da Universidade de Michigan s\u00e3o enormes&#8221;, diz Arias. O trabalho teve apoio da National Science Foundation e da NASA.<\/p><p>\r\nCom o Hubble, eles confirmaram que Andromeda XXXV era uma gal\u00e1xia sat\u00e9lite e descobriram que ela \u00e9 pequena o suficiente para mudar algumas ideias sobre como as gal\u00e1xias evoluem, como o tempo que elas conseguem formar estrelas.<\/p><p>\r\n&#8220;Foi realmente surpreendente&#8221;, conta Bell. &#8220;\u00c9 a coisa mais fraca que encontramos por a\u00ed, ent\u00e3o \u00e9 um sistema bem interessante. Mas tamb\u00e9m \u00e9 inesperado em v\u00e1rios sentidos.?<\/p><p>\r\nA equipe contou com cientistas de v\u00e1rias institui\u00e7\u00f5es, como a Universidade de Chicago, a Universidade de Utah Valley, o Observat\u00f3rio do Vaticano, a Universidade de La Serena no Chile, a Universidade do Alabama, a Montana State University e o Instituto Leibniz de Astrof\u00edsica em Potsdam, na Alemanha.<\/p><p><\/p><p>\r\n<div class=\"wp-block-image\"><figure><img src=\"https:\/\/vendedoradesonhos.com.br\/upload\/1\/sites\/img_38323c_1200.jpg\" alt=\"\" style=\"width:100%\"><figcaption>Este mapa mostra a gal\u00e1xia de Andr\u00f4meda, M31, e seus sat\u00e9lites. A gal\u00e1xia companheira de Andr\u00f4meda XXXV novamente descoberta \u00e9 destacada em texto vermelho negrito. Cr\u00e9dito: J. M. Arias et al. Astrophys. J. Lett. (2025) DOI: 10.3847\/2041-8213\/adb433<\/figcaption><\/figure><\/div><hr><\/p><p><b>Um Mist\u00e9rio C\u00f3smico<\/b>\r\n<\/p><p>\r\nBell explica que n\u00e3o \u00e9 raro as ideias da astronomia ficarem mais complicadas quando sa\u00edmos do nosso pr\u00f3prio quintal. Quando voc\u00ea s\u00f3 tem um sistema para estudar, n\u00e3o d\u00e1 para saber o que \u00e9 comum e o que \u00e9 \u00fanico, diz ele.<\/p><p>\r\nAgora, Andromeda XXXV trouxe provas fortes o suficiente para come\u00e7ar a separar essas caracter\u00edsticas. A diferen\u00e7a mais clara entre as sat\u00e9lites da Via L\u00e1ctea e as de Andr\u00f4meda \u00e9 quando elas pararam de formar estrelas.<\/p><p>\r\nO Segredo das Estrelas em Andr\u00f4meda<\/p><p>\r\n&#8220;A maioria das sat\u00e9lites da Via L\u00e1ctea tem popula\u00e7\u00f5es de estrelas muito antigas. Elas pararam de formar estrelas h\u00e1 uns 10 bilh\u00f5es de anos&#8221;, explica Arias. &#8220;J\u00e1 em Andr\u00f4meda, vemos que sat\u00e9lites parecidas conseguiram formar estrelas at\u00e9 uns 6 bilh\u00f5es de anos atr\u00e1s.?<\/p><p>\r\nEssa informa\u00e7\u00e3o ajudou os pesquisadores a resolver o que Bell chama de um &#8220;mist\u00e9rio de assassinato? em Andr\u00f4meda.<\/p><p>\r\nTanto gal\u00e1xias grandes quanto pequenas precisam de g\u00e1s para formar estrelas. Quando o g\u00e1s acaba, a forma\u00e7\u00e3o de estrelas para. A grande quest\u00e3o \u00e9: o g\u00e1s acaba sozinho ou \u00e9 roubado pela gal\u00e1xia maior que est\u00e1 por perto?<\/p><p>\r\nNas sat\u00e9lites da Via L\u00e1ctea, o fim precoce da forma\u00e7\u00e3o de estrelas sugere que o g\u00e1s acabou naturalmente. J\u00e1 em Andr\u00f4meda, como as pequenas companheiras formaram estrelas por mais tempo, parece que o g\u00e1s foi &#8220;roubado&#8221;.<\/p><p>\r\n&#8220;\u00c9 um pouco sombrio, mas \u00e9 como se fosse: elas ca\u00edram ou foram empurradas? Essas gal\u00e1xias parecem ter sido empurradas&#8221;, diz Bell. &#8220;Com isso, aprendemos algo novo sobre como as gal\u00e1xias se formam.?<\/p><p>\r\nEsse tempo extra de forma\u00e7\u00e3o de estrelas \u00e9 ainda mais curioso quando pensamos no tamanho de Andromeda XXXV e na hist\u00f3ria do universo.<\/p><p>\r\nUma &#8220;Fritura? C\u00f3smica<\/p><p>\r\nNo come\u00e7o, o universo era superquente e denso. Mas, ao completar seu primeiro bilion\u00e9simo anivers\u00e1rio, ele se expandiu e esfriou at\u00e9 ficar como um dia fresco de primavera. Essa temperatura era perfeita para o g\u00e1s do universo se juntar e formar estrelas, que depois se agruparam em gal\u00e1xias.<\/p><p>\r\nS\u00f3 que, \u00e0 medida que as estrelas produziam energia e buracos negros engoliam mat\u00e9ria, o universo esquentou de novo. Para gal\u00e1xias pequenas &#8211; com menos massa que cerca de 100 mil s\u00f3is &#8220;, isso era como uma senten\u00e7a de morte para a forma\u00e7\u00e3o de estrelas. O calor fritaria o g\u00e1s necess\u00e1rio para criar novas estrelas.<\/p><p>\r\n&#8220;Ach\u00e1vamos que elas seriam todas fritas, como se o universo virasse uma panela de \u00f3leo quente&#8221;, diz Bell. Mas Andromeda XXXV n\u00e3o foi fritada.<\/p><p>\r\n&#8220;Pens\u00e1vamos que ela perderia todo o g\u00e1s, mas isso n\u00e3o aconteceu. Ela tem s\u00f3 cerca de 20 mil vezes a massa do Sol e, mesmo assim, formou estrelas tranquilamente por mais alguns bilh\u00f5es de anos.?<\/p><p>\r\nComo ela sobreviveu \u00e9 uma pergunta sem resposta por enquanto.<\/p><p>\r\nO Universo Sempre Surpreende<\/p><p>\r\n&#8220;Eu n\u00e3o tenho uma resposta&#8221;, admite Bell. &#8220;O universo realmente esquentou, mas estamos vendo que as consequ\u00eancias s\u00e3o mais complicadas do que imagin\u00e1vamos.?<\/p><p>\r\nOrganiza\u00e7\u00f5es como a NASA planejam lan\u00e7ar miss\u00f5es nos pr\u00f3ximos anos para encontrar mais gal\u00e1xias sat\u00e9lites, o que vai ajudar a montar esse quebra-cabe\u00e7a.<\/p><p>\r\nArias e Bell est\u00e3o animados com isso e querem aprender o m\u00e1ximo com as ferramentas que t\u00eam hoje, mas tamb\u00e9m est\u00e3o \u00e0 vontade com o desconhecido. Para Arias, \u00e9 exatamente isso que o atraiu para a astronomia.<\/p><p>\r\n&#8220;\u00c9 o universo&#8221;, ele diz. &#8220;Sempre vai ter algo novo para descobrir.?<\/p><p><\/p><p>\r\n<hr>\r\n\r\n<p style=\"text-align:right\"><em>Publicado em 12\/03\/2025 18h56<\/em><\/p>\r\n<hr>\r\n<p style=\"text-align:right\"><em><a href=\"https:\/\/terrarara.com.br\/en\/?page_id=2138\">English version<\/a><\/em><\/p>\r\n<hr>\r\n\r\n\t\t\t<p>Texto adaptado por IA (ChatGPT \/ Gemini) do original em ingl\u00eas. Imagens de bibliotecas p\u00fablicas de imagens ou cr\u00e9ditos na legenda. Informa\u00e7\u00f5es sobre DOI, autor e institui\u00e7\u00e3o encontram-se no corpo do artigo.<\/p>\r\n\t\t\t<hr>\r\n\t\r\n\t\t\t\r\n\r\n<p>Estudo original: <\/p>\r\n\r\n\r\n\r\n<ul><li><a href=\"https:\/\/doi.org\/10.3847\/2041-8213\/adb433\" target=\"_blank\">https:\/\/doi.org\/10.3847\/2041-8213\/adb433<\/a><\/li><\/ul>\r\n\r\n\r\n\r\n<hr class=\"wp-block-separator is-style-wide\"\/>\r\n\r\n<div style=\"position: buttonline;\"><iframe loading=\"lazy\" src=\"https:\/\/vendedoradesonhos.com.br\/rodape_sites.php?arg=38323\" frameborder=\"0\" height=\"420px\" width=\"100%\"><\/iframe><\/div>\r\n<div style=\"position: buttonline;\"><iframe loading=\"lazy\" src=\"https:\/\/vendedoradesonhos.com.br\/comentario_navegacao.php?arg=38323\" frameborder=\"0\" height=\"500px\" width=\"100%\"><\/iframe><\/div>\r\n<div style=\"position:absolute; width:40%; height:70px; top:-70px; left:0px;\"><iframe loading=\"lazy\" src=\"https:\/\/vendedoradesonhos.com.br\/oferta_site_esq.php?arg=38323\" frameborder=\"0\" height=\"100%\" width=\"100%\"><\/iframe><\/div>\r\n<div style=\"position:absolute; width:40%; height:70px; top:-70px; right:0px;\"><iframe loading=\"lazy\" src=\"https:\/\/vendedoradesonhos.com.br\/oferta_site_dir.php?arg=38323\" frameborder=\"0\" height=\"100%;\" width=\"100%\"><\/iframe><\/div>\r\n<a href=\"https:\/\/jagsystem.com\">\r\n<div style=\"position:absolute; height:200px; width:94%; left:3%; text-align:center; border-color: white; border-radius: 5px; border-style: solid;\">\r\n<table width=\"100%\" align=\"center\"><tr><td width=\"30%\" align=\"right\">Geoprocessamento<br>Sistemas para drones<br>HPC<\/td><td width=\"30%\">\r\n<img src=\"https:\/\/vendedoradesonhos.com.br\/wp-content\/uploads\/2022\/10\/logo_branco_jag6.png\" vspace=\"20\" width=\"250\" border=\"0\">\r\n<\/td><td width=\"30%\" align=\"left\">Sistemas ERP e CRM<br>Sistemas mobile<br>IA<\/td><\/tr><\/table>\r\n<\/div>\r\n<\/a><br><br><br><br>","protected":false},"excerpt":{"rendered":"","protected":false},"author":1,"featured_media":0,"parent":688,"menu_order":0,"comment_status":"closed","ping_status":"closed","template":"","meta":[],"_links":{"self":[{"href":"https:\/\/terrarara.com.br\/index.php?rest_route=\/wp\/v2\/pages\/24993"}],"collection":[{"href":"https:\/\/terrarara.com.br\/index.php?rest_route=\/wp\/v2\/pages"}],"about":[{"href":"https:\/\/terrarara.com.br\/index.php?rest_route=\/wp\/v2\/types\/page"}],"author":[{"embeddable":true,"href":"https:\/\/terrarara.com.br\/index.php?rest_route=\/wp\/v2\/users\/1"}],"replies":[{"embeddable":true,"href":"https:\/\/terrarara.com.br\/index.php?rest_route=%2Fwp%2Fv2%2Fcomments&post=24993"}],"version-history":[{"count":0,"href":"https:\/\/terrarara.com.br\/index.php?rest_route=\/wp\/v2\/pages\/24993\/revisions"}],"up":[{"embeddable":true,"href":"https:\/\/terrarara.com.br\/index.php?rest_route=\/wp\/v2\/pages\/688"}],"wp:attachment":[{"href":"https:\/\/terrarara.com.br\/index.php?rest_route=%2Fwp%2Fv2%2Fmedia&parent=24993"}],"curies":[{"name":"wp","href":"https:\/\/api.w.org\/{rel}","templated":true}]}}