{"id":24933,"date":"2025-03-03T19:04:23","date_gmt":"2025-03-03T19:04:23","guid":{"rendered":"http:\/\/terrarara.com.br\/terrarara\/?page_id=24933"},"modified":"2025-03-03T19:04:23","modified_gmt":"2025-03-03T19:04:23","slug":"a-estrela-flamejante-esta-prestes-a-explodir","status":"publish","type":"page","link":"https:\/\/terrarara.com.br\/?page_id=24933","title":{"rendered":"A &#8221;estrela flamejante&#8221; est\u00e1 prestes a explodir?"},"content":{"rendered":"<div class=\"wp-block-image\"><figure><img src=\"https:\/\/vendedoradesonhos.com.br\/upload\/1\/sites\/img_38214_1200.gif\" alt=\"\" style=\"width:100%\"><figcaption>A T Coronae Borealis (T CrB) est\u00e1 prestes a reaparecer no c\u00e9u da noite da primavera, portanto esteja pronto para caso se inove. (Cr\u00e9dito da imagem: NASA&#8221;s Goddard Space Flight Center Conceptual Image Lab)<\/figcaption><\/figure><\/div><hr><\/p><p>\r\n\t<a href=''https:\/\/terrarara.com.br\"s=estrela''>#Estrela<\/a>\u00a0<\/p><p><\/p><p>\r\n\t<strong>A estrela T Coronae Borealis, ou simplesmente T CrB, conhecida como &#8220;Estrela Flamejante&#8221;, est\u00e1 prestes a brilhar novamente no c\u00e9u da primavera<\/strong><\/p><p> Ent\u00e3o, prepare-se, porque ela pode explodir em um evento chamado &#8220;nova&#8221; a qualquer momento!\r\n<\/p><p>\r\nEssa estrela especial, que fica a cerca de 3 mil anos-luz de dist\u00e2ncia na constela\u00e7\u00e3o de Corona Borealis, \u00e9 famosa por suas explos\u00f5es raras e impressionantes. Os cientistas acreditavam que ela poderia explodir entre abril e setembro de 2024, mas isso n\u00e3o aconteceu. Isso \u00e9 uma boa not\u00edcia para quem gosta de observar o c\u00e9u, porque agora, em mar\u00e7o de 2025, ela estar\u00e1 mais f\u00e1cil de ser vista \u00e0 noite, j\u00e1 que a constela\u00e7\u00e3o onde ela est\u00e1 come\u00e7ar\u00e1 a aparecer ap\u00f3s o p\u00f4r do sol.\r\n<\/p><p>\r\nA &#8220;Estrela Flamejante&#8221; n\u00e3o brilhou no inverno como esperado &#8211; algo que n\u00e3o acontecia desde 1946 &#8220;, mas agora ela est\u00e1 voltando ao c\u00e9u noturno. Como esse tipo de explos\u00e3o (chamada de nova recorrente) \u00e9 muito raro, vale a pena saber onde encontr\u00e1-la no c\u00e9u para n\u00e3o perder o show quando ela finalmente aparecer.\r\n<\/p><p>\r\nOnde e quando olhar em mar\u00e7o de 2025?\r\n<\/p><p>\r\nEm mar\u00e7o, a constela\u00e7\u00e3o Corona Borealis vai surgir no c\u00e9u a leste cerca de tr\u00eas horas depois do p\u00f4r do sol. Quatro horas ap\u00f3s o sol se p\u00f4r, ela estar\u00e1 bem vis\u00edvel para quem estiver no hemisf\u00e9rio norte. Isso significa que voc\u00ea pode precisar ficar acordado at\u00e9 um pouco mais tarde, mas vai valer a pena para tentar ver a T CrB brilhar intensamente &#8211; se a explos\u00e3o acontecer &#8211; antes que ela desapare\u00e7a novamente por mais 80 anos. A cada m\u00eas que passa, ela vai aparecer duas horas mais cedo, tornando-se ainda mais f\u00e1cil de observar.\r\n<\/p><p>\r\nA T CrB estar\u00e1 entre duas estrelas bem brilhantes: Vega, que aparece no nordeste, e Arcturus, que surge a leste. Se voc\u00ea n\u00e3o conseguir encontrar essas estrelas de cara, uma dica \u00e9 procurar primeiro a constela\u00e7\u00e3o do Carro (ou Ursa Maior), que \u00e9 f\u00e1cil de reconhecer por seu formato de &#8220;panela&#8221;. Siga a curva do cabo da &#8220;panela&#8221; at\u00e9 Arcturus, uma estrela laranja e a quarta mais brilhante do c\u00e9u, na constela\u00e7\u00e3o de Bo\u00f6tes. Depois, ache Vega, uma estrela azul-branca superbrilhante na constela\u00e7\u00e3o de Lira, mais ao nordeste.\r\n<\/p><p>\r\nA constela\u00e7\u00e3o Corona Borealis parece um semic\u00edrculo delicado com sete estrelas e fica entre Vega e Arcturus. Dentro dela, a &#8220;Estrela Flamejante&#8221; vai brilhar mais que as outras por alguns dias, aparecendo como uma estrela extra e bem luminosa, pertinho de uma estrela chamada Epsilon CrB (a quinta mais brilhante da constela\u00e7\u00e3o).\r\n<\/p><p>\r\n<div class=\"wp-block-image\"><figure><img src=\"https:\/\/vendedoradesonhos.com.br\/upload\/1\/sites\/img_38214b_1200.jpg\" alt=\"\" style=\"width:100%\"><figcaption>A T Coronae Borealis (T CrB) est\u00e1 na constela\u00e7\u00e3o Corona Borealis, que nasce algumas horas ap\u00f3s o p\u00f4r-do-sol em Mar\u00e7o. (Cr\u00e9dito da imagem: Stellarium)<\/figcaption><\/figure><\/div><hr><\/p><p>Como encontrar a T CrB?\r\n<\/p><p>\r\nSe voc\u00ea usa aplicativos ou programas de astronomia, como o Stellarium, procure por T CrB no cat\u00e1logo &#8211; a maioria j\u00e1 tem essa estrela registrada. Para quem tem telesc\u00f3pios inteligentes que n\u00e3o listam a T CrB (como o ZWO SeeStar S50), uma dica \u00e9 mirar na gal\u00e1xia IC4587, que fica bem perto dela em Corona Borealis.\r\n<\/p><p>\r\nSe voc\u00ea est\u00e1 pensando em comprar um telesc\u00f3pio ou bin\u00f3culos para ver a &#8220;Estrela Flamejante&#8221;, procure por guias com as melhores ofertas de bin\u00f3culos e telesc\u00f3pios.\r\n<\/p><p>\r\nO que vai acontecer se ela explodir?\r\n<\/p><p>\r\nQuando a T CrB explodir como nova, ela n\u00e3o vai &#8220;iluminar o c\u00e9u inteiro&#8221; como alguns jornais podem exagerar. Na verdade, ela vai ficar muito mais brilhante, passando de um brilho fraco (magnitude +10, quase invis\u00edvel a olho nu) para algo bem vis\u00edvel (magnitude +2, parecido com a Estrela Polar). Por isso, \u00e9 bom j\u00e1 saber onde ela est\u00e1 no c\u00e9u para encontr\u00e1-la rapidinho quando isso acontecer.\r\n<\/p><p>\r\n<div class=\"wp-block-image\"><figure><video autoplay controls=\"controls\"><source src=\"https:\/\/svs.gsfc.nasa.gov\/vis\/a020000\/a020300\/a020393\/T_CrB_NOVA_SHOT_1_4k_30fps_h264.mp4\" type=\"video\/mp4\"><\/video><figcaption><\/figcaption><\/figure><\/div><hr>\r\n<\/p><p>Por que a T CrB explode?\r\n<\/p><p>\r\nA T CrB \u00e9, na verdade, um sistema com duas estrelas. Uma delas \u00e9 uma an\u00e3 branca, e a outra \u00e9 uma gigante vermelha. A cada 78 ou 80 anos, a an\u00e3 branca &#8220;rouba&#8221; material suficiente da gigante vermelha para causar uma explos\u00e3o termonuclear. Quando isso acontece, ela fica mais de mil vezes mais brilhante, dando a impress\u00e3o de que uma &#8220;nova estrela&#8221; surgiu no c\u00e9u.\r\n<\/p><p>\r\nEm 2023, ela ficou mais fraca, o que fez os cientistas pensarem que a explos\u00e3o estava pr\u00f3xima. Como isso n\u00e3o aconteceu ainda, parece que est\u00e1 cada vez mais perto de ocorrer. Esse \u00e9 um dos eventos mais legais do universo para observar, mas ele s\u00f3 dura cerca de uma semana. Por isso, encontre a T CrB em mar\u00e7o e fique de olho &#8211; pode ser a sua chance de ver algo incr\u00edvel!<hr>\r\n\r\n<p style=\"text-align:right\"><em>Publicado em 03\/03\/2025 19h04<\/em><\/p>\r\n<hr>\r\n<p style=\"text-align:right\"><em><a href=\"https:\/\/terrarara.com.br\/en\/?page_id=2079\">English version<\/a><\/em><\/p>\r\n<hr>\r\n\r\n\t\t\t<p>Texto adaptado por IA (ChatGPT \/ Gemini) do original em ingl\u00eas. Imagens de bibliotecas p\u00fablicas de imagens ou cr\u00e9ditos na legenda. Informa\u00e7\u00f5es sobre DOI, autor e institui\u00e7\u00e3o encontram-se no corpo do artigo.<\/p>\r\n\t\t\t<hr>\r\n\t\t\t<p>Artigo referencia:<\/p>\r\n\t\t\r\n\t\t\t\r\n\r\n<ul><li><a href=\"https:\/\/www.space.com\/blaze-star-coronae-borealis-where-to-look-march-2025\" target=\"_blank\">https:\/\/www.space.com\/blaze-star-coronae-borealis-where-to-look-march-2025<\/a><\/li><\/ul>\r\n\r\n\r\n\r\n\r\n<hr class=\"wp-block-separator is-style-wide\"\/>\r\n\r\n<div style=\"position: buttonline;\"><iframe loading=\"lazy\" src=\"https:\/\/vendedoradesonhos.com.br\/rodape_sites.php?arg=38214\" frameborder=\"0\" height=\"420px\" width=\"100%\"><\/iframe><\/div>\r\n<div style=\"position: buttonline;\"><iframe loading=\"lazy\" src=\"https:\/\/vendedoradesonhos.com.br\/comentario_navegacao.php?arg=38214\" frameborder=\"0\" height=\"500px\" width=\"100%\"><\/iframe><\/div>\r\n<div style=\"position:absolute; width:40%; height:70px; top:-70px; left:0px;\"><iframe loading=\"lazy\" src=\"https:\/\/vendedoradesonhos.com.br\/oferta_site_esq.php?arg=38214\" frameborder=\"0\" height=\"100%\" width=\"100%\"><\/iframe><\/div>\r\n<div style=\"position:absolute; width:40%; height:70px; top:-70px; right:0px;\"><iframe loading=\"lazy\" src=\"https:\/\/vendedoradesonhos.com.br\/oferta_site_dir.php?arg=38214\" frameborder=\"0\" height=\"100%;\" width=\"100%\"><\/iframe><\/div>\r\n<a href=\"https:\/\/jagsystem.com\">\r\n<div style=\"position:absolute; height:200px; width:94%; left:3%; text-align:center; border-color: white; border-radius: 5px; border-style: solid;\">\r\n<table width=\"100%\" align=\"center\"><tr><td width=\"30%\" align=\"right\">Geoprocessamento<br>Sistemas para drones<br>HPC<\/td><td width=\"30%\">\r\n<img src=\"https:\/\/vendedoradesonhos.com.br\/wp-content\/uploads\/2022\/10\/logo_branco_jag6.png\" vspace=\"20\" width=\"250\" border=\"0\">\r\n<\/td><td width=\"30%\" align=\"left\">Sistemas ERP e CRM<br>Sistemas mobile<br>IA<\/td><\/tr><\/table>\r\n<\/div>\r\n<\/a><br><br><br><br>","protected":false},"excerpt":{"rendered":"","protected":false},"author":1,"featured_media":0,"parent":693,"menu_order":0,"comment_status":"closed","ping_status":"closed","template":"","meta":[],"_links":{"self":[{"href":"https:\/\/terrarara.com.br\/index.php?rest_route=\/wp\/v2\/pages\/24933"}],"collection":[{"href":"https:\/\/terrarara.com.br\/index.php?rest_route=\/wp\/v2\/pages"}],"about":[{"href":"https:\/\/terrarara.com.br\/index.php?rest_route=\/wp\/v2\/types\/page"}],"author":[{"embeddable":true,"href":"https:\/\/terrarara.com.br\/index.php?rest_route=\/wp\/v2\/users\/1"}],"replies":[{"embeddable":true,"href":"https:\/\/terrarara.com.br\/index.php?rest_route=%2Fwp%2Fv2%2Fcomments&post=24933"}],"version-history":[{"count":0,"href":"https:\/\/terrarara.com.br\/index.php?rest_route=\/wp\/v2\/pages\/24933\/revisions"}],"up":[{"embeddable":true,"href":"https:\/\/terrarara.com.br\/index.php?rest_route=\/wp\/v2\/pages\/693"}],"wp:attachment":[{"href":"https:\/\/terrarara.com.br\/index.php?rest_route=%2Fwp%2Fv2%2Fmedia&parent=24933"}],"curies":[{"name":"wp","href":"https:\/\/api.w.org\/{rel}","templated":true}]}}