{"id":24353,"date":"2024-11-18T09:46:07","date_gmt":"2024-11-18T09:46:07","guid":{"rendered":"http:\/\/terrarara.com.br\/terrarara\/?page_id=24353"},"modified":"2024-11-18T05:46:04","modified_gmt":"2024-11-18T05:46:04","slug":"como-a-pequena-nuvem-de-magalhaes-sobreviveu-ao-encontro-com-a-via-lactea","status":"publish","type":"page","link":"https:\/\/terrarara.com.br\/?page_id=24353","title":{"rendered":"Como a Pequena Nuvem de Magalh\u00e3es sobreviveu ao encontro com a Via L\u00e1ctea"},"content":{"rendered":"<div class=\"wp-block-image\"><figure><img src=\"https:\/\/vendedoradesonhos.com.br\/upload\/1\/sites\/img_37189_1200.jpg\" alt=\"\" style=\"width:100%\"><figcaption>O conceito desse artista mostra a Grande Nuvem de Magalh\u00e3es, ou MLC, em primeiro plano, enquanto ela atravessa a camada gasosa da gal\u00e1xia muito mais massiva da Via L\u00e1ctea.O encontro fez desaparecer a maior parte do g\u00e1s esf\u00e9rico que circunda a CML, como ilustrado pela corrente de g\u00e1s que se arrasta, lembrando a cauda de um cometa.A equipe pesquisou o halo usando a luz de fundo de 28 quasares, um tipo excepcionalmente brilhante de n\u00facleo gal\u00e1ctico ativo que brilha em todo o universo como um farol.As linhas representam a vis\u00e3o do telesc\u00f3pio Hubble Space Telescope desde sua \u00f3rbita ao redor da Terra at\u00e9 os quasares distantes atrav\u00e9s do g\u00e1s da LMC.<\/figcaption><\/figure><\/div><hr><\/p><p>\r\n\t<a href=\"https:\/\/doi.org\/10.48550\/arXiv.2410.11960\" target=\"_blank\">doi.org\/10.48550\/arXiv.24<\/a><br><a href=\"https:\/\/vendedoradesonhos.com.br\/credibilidade_estudo.php?c=37189\">Credibilidade<\/a>: <font color=\"#00FFFF\">8<\/font><font color=\"#00FF00\">8<\/font><font color=\"#FFFF00\">8<\/font><br><a href='https:\/\/terrarara.com.br?s=pequena nuvem'>#Pequena Nuvem<\/a>\u00a0<\/p><p><\/p><p>\r\n\t<strong>O Telesc\u00f3pio Espacial Hubble, da NASA, registrou uma hist\u00f3ria fascinante de sobreviv\u00eancia no espa\u00e7o.<\/strong><\/p><p>Uma das gal\u00e1xias vizinhas mais pr\u00f3ximas da Via L\u00e1ctea, chamada Pequena Nuvem de Magalh\u00e3es (LMC, na sigla em ingl\u00eas), passou por um encontro perigoso com o enorme halo de g\u00e1s que envolve nossa gal\u00e1xia. Essa gal\u00e1xia, apesar de ter perdido a maior parte de seu halo de g\u00e1s, conseguiu sair do outro lado ainda inteira e continua formando novas estrelas!\r\n<\/p><p>\r\nO Que Aconteceu com a LMC&#8221;\r\n<\/p><p>\r\nA LMC \u00e9 uma gal\u00e1xia an\u00e3 que parece enorme no c\u00e9u do hemisf\u00e9rio sul, ocupando uma \u00e1rea 20 vezes maior do que a Lua cheia. Astr\u00f4nomos descobriram que a LMC n\u00e3o est\u00e1 orbitando a Via L\u00e1ctea de forma est\u00e1vel, mas est\u00e1 apenas passando por ela. Durante essa passagem, a gal\u00e1xia perdeu grande parte de seu halo de g\u00e1s, algo que foi observado pela primeira vez gra\u00e7as ao Hubble.\r\n<\/p><p>\r\n<div class=\"wp-block-image\"><figure><img src=\"https:\/\/vendedoradesonhos.com.br\/upload\/1\/sites\/img_37189b_1200.jpg\" alt=\"\" style=\"width:100%\"><figcaption>O conceito deste artista mostra um close-up da Nuvem Magalh\u00e2nica Grande (LMC), uma gal\u00e1xia an\u00e3 que \u00e9 uma das vizinhas mais pr\u00f3ximas da gal\u00e1xia da Via L\u00e1ctea.Os cientistas acham que a CML acaba de concluir sua maior aproxima\u00e7\u00e3o com a muito mais massiva Via L\u00e1ctea. Esse encontro levou embora a maior parte do g\u00e1s esf\u00e9rico que circunda a CML.O arco roxo brilhante \u00e0 esquerda representa a borda principal do halo da LMC, que est\u00e1 sendo comprimido enquanto o halo da Milky Way empurra para tr\u00e1s contra a LMC que est\u00e1 chegando.A press\u00e3o est\u00e1 destruindo grande parte do chal\u00e9 da LMC e soprando-o para tr\u00e1s em uma cauda de g\u00e1s que flui.A gal\u00e1xia-an\u00e3 est\u00e1 em um caix\u00e3o dentro de seu halo remanescente. Uma imagem cient\u00edfica real da LMC \u00e9 combinada com uma renderiza\u00e7\u00e3o art\u00edstica do halo da gal\u00e1xia.<\/figcaption><\/figure><\/div><hr><\/p><p><b>\r\n<\/p><p>\r\nMedindo o Halo de G\u00e1s<\/b>\r\n<\/p><p>\r\nO halo de g\u00e1s da LMC, agora muito pequeno, tem apenas cerca de 50 mil anos-luz de di\u00e2metro, o que \u00e9 10 vezes menor do que os halos de outras gal\u00e1xias com massa parecida. Esse tamanho reduzido mostra o impacto do encontro com a Via L\u00e1ctea. Mesmo assim, a LMC ainda mant\u00e9m g\u00e1s suficiente para formar novas estrelas, algo que gal\u00e1xias menores n\u00e3o conseguiriam.\r\n<\/p><p>\r\nO Impacto da Via L\u00e1ctea:\r\n<\/p><p>\r\nEsse evento de perda de g\u00e1s foi causado por um fen\u00f4meno chamado &#8220;remo\u00e7\u00e3o por press\u00e3o de arrasto&#8221;. Imagine a Via L\u00e1ctea como um secador de cabelo gigante, soprando e empurrando o g\u00e1s da LMC enquanto ela se aproxima. Essa press\u00e3o fez com que a maior parte do g\u00e1s fosse arrancada da LMC, mas ela ainda conseguiu manter uma pequena quantidade gra\u00e7as \u00e0 sua alta massa. Se fosse uma gal\u00e1xia menos massiva, restariam apenas estrelas velhas sem mais g\u00e1s para formar novas.\r\n<\/p><p><\/p><p>\r\n<div class=\"wp-block-image\"><figure><img src=\"https:\/\/vendedoradesonhos.com.br\/upload\/1\/sites\/img_37189c_1200.jpg\" alt=\"\" style=\"width:100%\"><figcaption>O conceito deste artista ilustra o encontro da Nuvem Magalh\u00e2nica Grande (LMC) com o halo gasoso da gal\u00e1xia da Via L\u00e1ctea. No painel superior, no meio do lado direito, a LMC come\u00e7a a colidir com o halo muito mais massivo da nossa gal\u00e1xia.O choque do arco roxo brilhante representa a borda principal do halo da LMC, que est\u00e1 sendo comprimida \u00e0 medida que o halo da Milky Way recua contra a LMC que se aproxima.No painel do meio, parte do chal\u00e9 est\u00e1 sendo arrancada e soprada de volta para uma cauda de g\u00e1s que eventualmente ser\u00e1 drenada para a Via L\u00e1ctea. O painel inferior mostra a progress\u00e3o dessa intera\u00e7\u00e3o, \u00e0 medida que a cauda em forma de cometa da LMC se torna mais definida.Um halo compacto da LMC permanece. Como a LMC apenas passou da sua aproxima\u00e7\u00e3o mais pr\u00f3xima da Milky Way e est\u00e1 se movendo para o espa\u00e7o profundo novamente, os cientistas n\u00e3o esperam que o halo residual se perca. Cr\u00e9dito: NASA, ESA, Ralf Crawford (STSI)<\/figcaption><\/figure><\/div><hr><\/p><p>\r\nPor Que Isso \u00c9 Importante&#8221;\r\n<\/p><p>\r\nEstudar essa intera\u00e7\u00e3o \u00e9 como ter uma &#8220;aula pr\u00e1tica&#8221; sobre como as gal\u00e1xias interagem e como eventos assim eram comuns no universo primitivo, quando as gal\u00e1xias estavam mais pr\u00f3ximas umas das outras. Al\u00e9m disso, o Hubble conseguiu fazer essas observa\u00e7\u00f5es usando luz ultravioleta, algo que s\u00f3 \u00e9 poss\u00edvel fora da Terra, onde nossa atmosfera n\u00e3o bloqueia esse tipo de luz.\r\n<\/p><p>\r\nO trabalho continua: os cientistas querem investigar mais partes do halo da LMC, especialmente onde ele se encontra com o halo da Via L\u00e1ctea, como duas bexigas pressionadas uma contra a outra.\r\n<\/p><p>\r\nEssa pesquisa \u00e9 um exemplo de como o Hubble continua nos ajudando a aprender mais sobre o universo, mesmo depois de tantos anos em opera\u00e7\u00e3o!<hr>\r\n\r\n<p style=\"text-align:right\"><em>Publicado em 18\/11\/2024 09h46<\/em><\/p>\r\n<hr>\r\n<p style=\"text-align:right\"><em><a href=\"https:\/\/terrarara.com.br\/en\/?page_id=1495\">English version<\/a><\/em><\/p>\r\n<hr>\r\n\r\n\r\n\r\n<p>Artigo original: <\/p>\r\n\r\n\r\n\r\n<ul><li><a href=\"https:\/\/scitechdaily.com\/nasas-hubble-reveals-how-the-lmc-defied-galactic-destruction\/\" target=\"_blank\">https:\/\/scitechdaily.com\/nasas-hubble-reveals-how-the-lmc-defied-galactic-destruction\/<\/a><\/li><\/ul>\r\n\r\n\r\n<p>Estudo original: <\/p>\r\n\r\n\r\n\r\n<ul><li><a href=\"https:\/\/doi.org\/10.48550\/arXiv.2410.11960\" target=\"_blank\">https:\/\/doi.org\/10.48550\/arXiv.2410.11960<\/a><\/li><\/ul>\r\n\r\n\r\n\r\n<hr class=\"wp-block-separator is-style-wide\"\/>\r\n\r\n<div style=\"position: buttonline;\"><iframe loading=\"lazy\" src=\"https:\/\/vendedoradesonhos.com.br\/rodape_sites.php?arg=37189\" frameborder=\"0\" height=\"420px\" width=\"100%\"><\/iframe><\/div>\r\n<div style=\"position: buttonline;\"><iframe loading=\"lazy\" src=\"https:\/\/vendedoradesonhos.com.br\/comentario_navegacao.php?arg=37189\" frameborder=\"0\" height=\"500px\" width=\"100%\"><\/iframe><\/div>\r\n<div style=\"position:absolute; width:40%; height:70px; top:-70px; left:0px;\"><iframe loading=\"lazy\" src=\"https:\/\/vendedoradesonhos.com.br\/oferta_site_esq.php?arg=37189\" frameborder=\"0\" height=\"100%\" width=\"100%\"><\/iframe><\/div>\r\n<div style=\"position:absolute; width:40%; height:70px; top:-70px; right:0px;\"><iframe loading=\"lazy\" src=\"https:\/\/vendedoradesonhos.com.br\/oferta_site_dir.php?arg=37189\" frameborder=\"0\" height=\"100%;\" width=\"100%\"><\/iframe><\/div>\r\n<a href=\"https:\/\/jagsystem.com\">\r\n<div style=\"position:absolute; height:200px; width:94%; left:3%; text-align:center; border-color: white; border-radius: 5px; border-style: solid;\">\r\n<table width=\"100%\" align=\"center\"><tr><td width=\"30%\" align=\"right\">Geoprocessamento<br>Sistemas para drones<br>HPC<\/td><td width=\"30%\">\r\n<img src=\"https:\/\/vendedoradesonhos.com.br\/wp-content\/uploads\/2022\/10\/logo_branco_jag6.png\" vspace=\"20\" width=\"250\" border=\"0\">\r\n<\/td><td width=\"30%\" align=\"left\">Sistemas ERP e CRM<br>Sistemas mobile<br>IA<\/td><\/tr><\/table>\r\n<\/div>\r\n<\/a><br><br><br><br>","protected":false},"excerpt":{"rendered":"","protected":false},"author":0,"featured_media":0,"parent":5,"menu_order":0,"comment_status":"closed","ping_status":"","template":"","meta":[],"_links":{"self":[{"href":"https:\/\/terrarara.com.br\/index.php?rest_route=\/wp\/v2\/pages\/24353"}],"collection":[{"href":"https:\/\/terrarara.com.br\/index.php?rest_route=\/wp\/v2\/pages"}],"about":[{"href":"https:\/\/terrarara.com.br\/index.php?rest_route=\/wp\/v2\/types\/page"}],"replies":[{"embeddable":true,"href":"https:\/\/terrarara.com.br\/index.php?rest_route=%2Fwp%2Fv2%2Fcomments&post=24353"}],"version-history":[{"count":0,"href":"https:\/\/terrarara.com.br\/index.php?rest_route=\/wp\/v2\/pages\/24353\/revisions"}],"up":[{"embeddable":true,"href":"https:\/\/terrarara.com.br\/index.php?rest_route=\/wp\/v2\/pages\/5"}],"wp:attachment":[{"href":"https:\/\/terrarara.com.br\/index.php?rest_route=%2Fwp%2Fv2%2Fmedia&parent=24353"}],"curies":[{"name":"wp","href":"https:\/\/api.w.org\/{rel}","templated":true}]}}