{"id":22998,"date":"2024-05-07T11:52:49","date_gmt":"2024-05-07T11:52:49","guid":{"rendered":"https:\/\/terrarara.com.br\/?page_id=22998"},"modified":"-0001-11-30T00:00:00","modified_gmt":"-0001-11-30T00:00:00","slug":"o-t-rex-era-provavelmente-tao-inteligente-quanto-um-crocodilo","status":"publish","type":"page","link":"https:\/\/terrarara.com.br\/?page_id=22998","title":{"rendered":"O T. rex era provavelmente t\u00e3o inteligente quanto um crocodilo"},"content":{"rendered":"<div class=\"wp-block-image\"><figure><img src=\"https:\/\/vendedoradesonhos.com.br\/img\/sites\/img_cerebro_trex.jpg\" alt=\"\" style=\"width:100%\"><figcaption>As informa\u00e7\u00f5es sobre os c\u00e9rebros dos dinossauros v\u00eam de preenchimentos minerais da cavidade cerebral, denominados endocasts, bem como dos formatos das pr\u00f3prias cavidades. Universidade de Alberta<\/figcaption><\/figure><\/div><hr><\/p><p>\r\n<a href=\"https:\/\/doi.org\/10.1002\/ar.25459\" target=\"_blank\">doi.org\/10.1002\/ar.25459<\/a><br>Credibilidade: <font color=\"#00FFFF\">9<\/font><font color=\"#00FF00\">8<\/font><font color=\"#FFFF00\">9<\/font><br><a href='https:\/\/terrarara.com.br?s=rex'>#Rex<\/a>&nbsp;<\/p><p>\r\n<strong>Um debate paleontol\u00f3gico continua.<\/strong><\/p><p>\r\nNovas pesquisas est\u00e3o jogando um pouco de \u00e1gua fria na ideia de que o tem\u00edvel Tiranossauro rex era t\u00e3o inteligente quanto um primata. Esses ter\u00f3podes de l\u00e1bios possivelmente escamosos eram t\u00e3o inteligentes quanto os r\u00e9pteis vivos, como os crocodilos, mas n\u00e3o t\u00e3o inteligentes quanto os macacos. As descobertas s\u00e3o detalhadas em um estudo publicado em 26 de abril na revista The Anatomical Record.\r\n<\/p><p>\r\nQu\u00e3o inteligente era o T. rex?<\/p><p>\r\nEm 2023, um estudo da neurocientista da Universidade Vanderbilt, Suzana Herculano-Houzel, desencadeou um debate sobre o tamanho dos dinossauros. Herculano-Houzel prop\u00f4s que dinossauros como o T. rex tinham um n\u00famero excepcionalmente elevado de neur\u00f4nios &#8211; mais de 3 bilh\u00f5es deles, ou mais do que um babu\u00edno. Este maior n\u00famero de neur\u00f4nios pode significar que eles eram mais inteligentes do que se supunha.\r\n<\/p><p>\r\nO artigo teorizou que essas altas contagens de neur\u00f4nios poderiam informar sua intelig\u00eancia, metabolismo e at\u00e9 mesmo dar-lhes alguns h\u00e1bitos mais parecidos com os dos macacos. Eles poderiam ter usado ferramentas e transmitido conhecimento culturalmente como os primatas modernos, de acordo com o estudo de Herculano-Houzel.\r\n<\/p><p>\r\nEstas afirma\u00e7\u00f5es ousadas de que um carn\u00edvoro reptiliano t\u00e3o grande e poderoso poderia ter sido inteligente o suficiente para afiar ferramentas e transmitir conhecimento abalaram o mundo da paleontologia.\r\n<\/p><p>\r\n<b>Dando outra olhada<\/b>\r\n<\/p><p>\r\nNeste novo estudo, uma equipe internacional de paleont\u00f3logos, neurocientistas e cientistas comportamentais argumenta que os investigadores devem olhar para m\u00faltiplas linhas de evid\u00eancia ao reconstruir esp\u00e9cies h\u00e1 muito extintas. Isso inclui anatomia do esqueleto, composi\u00e7\u00e3o \u00f3ssea, vest\u00edgios de f\u00f3sseis que mostram movimento e o comportamento de seus parentes vivos.\r\n<\/p><p>\r\n&#8220;\u00c9 melhor determinar a intelig\u00eancia dos dinossauros e de outros animais extintos usando muitas linhas de evid\u00eancia, que v\u00e3o desde a anatomia grosseira at\u00e9 pegadas f\u00f3sseis, em vez de confiar apenas nas estimativas do n\u00famero de neur\u00f4nios&#8221;, disse o coautor do estudo e paleont\u00f3logo da Universidade de Bristol, Hady George, em um comunicado.\r\n<\/p><p>\r\nO estudo reexaminou as t\u00e9cnicas usadas para prever o n\u00famero de neur\u00f4nios e o tamanho do c\u00e9rebro em dinossauros, bem como d\u00e9cadas de pesquisas anteriores. Eles descobriram que as suposi\u00e7\u00f5es feitas sobre o tamanho da cavidade cerebral e a contagem de neur\u00f4nios correspondentes n\u00e3o eram confi\u00e1veis.\r\n<\/p><p>\r\n&#8220;As contagens de neur\u00f4nios n\u00e3o s\u00e3o bons preditores do desempenho cognitivo, e us\u00e1-las para prever a intelig\u00eancia em esp\u00e9cies extintas pode levar a interpreta\u00e7\u00f5es altamente enganosas&#8221;, disse Ornella Bertrand, coautora do estudo e paleont\u00f3loga de mam\u00edferos do Institut Catal\u00e0 de Paleontologia Miquel Crusafont em <a href=\"https:\/\/www.eurekalert.org\/news-releases\/1042635\" target=\"_blank\">um comunicado<\/a>.\r\n<\/p><p>\r\nApesar de serem muito parecidos com p\u00e1ssaros grandes, os dinossauros eram r\u00e9pteis. Como r\u00e9pteis, eles t\u00eam c\u00e9rebros muito diferentes dos das aves ou dos mam\u00edferos, mas o tecido cerebral n\u00e3o se fossiliza. Para estudar como deveriam ser seus c\u00e9rebros, os cientistas olham para seus cr\u00e2nios em busca de pistas. Os c\u00e9rebros dos r\u00e9pteis normalmente n\u00e3o preenchem a cavidade craniana e tamb\u00e9m tendem a ter muito l\u00edquido cefalorraquidiano ocupando espa\u00e7o.\r\n<\/p><p>\r\n&#8220;A primeira vez que dissequei o c\u00e9rebro de um crocodilo, tirei a parte superior do cr\u00e2nio e perguntei: &#8216;Onde est\u00e1 o c\u00e9rebro?&#8217; <a href=\"https:\/\/www.ualberta.ca\/folio\/2024\/04\/t-rex-about-as-smart-as-your-average-crocodile.html\" target=\"_blank\">disse em um comunicado<\/a>.\r\n<\/p><p>\r\nOs c\u00e9rebros dos r\u00e9pteis tamb\u00e9m s\u00e3o mais repletos de neur\u00f4nios do que os c\u00e9rebros das aves ou dos mam\u00edferos. Eles tamb\u00e9m n\u00e3o t\u00eam os mesmos tipos de conex\u00f5es e circuitos nos seus c\u00e9rebros, o que teria limitado a complexidade dos seus comportamentos sociais.\r\n<\/p><p>\r\n<b>Os neur\u00f4nios aumentam<\/b>\r\n<\/p><p>\r\nO tamanho do animal tamb\u00e9m \u00e9 um fator importante. Um babu\u00edno macho adulto pode pesar de 30 a 88 libras, enquanto um T. rex pode pesar mais de 15.000 libras. O n\u00famero de neur\u00f4nios normalmente varia de acordo com o tamanho do corpo, de acordo com a equipe.\r\n<\/p><p>\r\n&#8220;N\u00e3o sabemos por que isso \u00e9 verdade, mas \u00e9 verdade&#8221;, disse o coautor do estudo e neurobi\u00f3logo comparativo da Universidade de Alberta, Cristian Gutierrez-Ibanez, em um comunicado. &#8220;Um animal maior precisa de mais neur\u00f4nios.&#8221;\r\n<\/p><p>\r\nA equipe acredita que o T. rex precisava de um grande n\u00famero de neur\u00f4nios apenas para manter fun\u00e7\u00f5es biol\u00f3gicas b\u00e1sicas com um corpo t\u00e3o grande e n\u00e3o teria sobras para coisas como transmiss\u00e3o de conhecimento cultural ou uso de ferramentas.\r\n<\/p><p>\r\nO estudo tamb\u00e9m descobriu que o tamanho do c\u00e9rebro deles foi superestimado, principalmente o prosenc\u00e9falo. As contagens de neur\u00f4nios tamb\u00e9m poderiam ter sido superestimadas e as estimativas da contagem de neur\u00f4nios n\u00e3o s\u00e3o um guia confi\u00e1vel para a intelig\u00eancia.\r\n<\/p><p>\r\n&#8220;A possibilidade de o T. rex ter sido t\u00e3o inteligente quanto um babu\u00edno \u00e9 fascinante e assustadora, com o potencial de reinventar a nossa vis\u00e3o do passado&#8221;, disse o co-autor do estudo e paleozo\u00f3logo da Universidade de Southampton, Darren Naish, <a href=\"https:\/\/www.eurekalert.org\/news-releases\/1042635\" target=\"_blank\">num comunicado<\/a>. &#8220;Mas nosso estudo mostra como todos os dados que temos v\u00e3o contra essa ideia. Eles eram mais como crocodilos gigantes inteligentes, e isso \u00e9 igualmente fascinante.&#8221;\r\n<\/p><p>\r\nEm resposta a este novo estudo que reexamina o seu trabalho, Herculano-Houzel disse ao Los Angeles Times: &#8220;Estou muito satisfeito por ver que o meu estudo simples, usando dados s\u00f3lidos publicados por paleont\u00f3logos, abriu caminho para novos estudos. Os leitores devem analisar as evid\u00eancias e tirar suas pr\u00f3prias conclus\u00f5es. \u00c9 disso que trata a ci\u00eancia!&#8221;\r\n<\/p><p>\r\n<hr>\r\n\r\n<p style=\"text-align:right\"><em>Publicado em 07\/05\/2024 11h52<\/em><\/p>\r\n\r\n\r\n\r\n<p>Artigo original: <\/p>\r\n\r\n\r\n\r\n<ul><li><a href=\"https:\/\/www.popsci.com\/science\/t-rex-intelligence\/\" target=\"_blank\">https:\/\/www.popsci.com\/science\/t-rex-intelligence\/<\/a><\/li><\/ul>\r\n\r\n\r\n<p>Estudo original: <\/p>\r\n\r\n\r\n\r\n<ul><li><a href=\"https:\/\/doi.org\/10.1002\/ar.25459\" target=\"_blank\">https:\/\/doi.org\/10.1002\/ar.25459<\/a><\/li><\/ul>\r\n\r\n\r\n\r\n<hr class=\"wp-block-separator is-style-wide\"\/>\r\n\r\n<div style=\"position: buttonline;\"><iframe loading=\"lazy\" src=\"https:\/\/vendedoradesonhos.com.br\/rodape_sites.php?arg=34970\" frameborder=\"0\" height=\"420px\" width=\"100%\"><\/iframe><\/div>\r\n<div style=\"position: buttonline;\"><iframe loading=\"lazy\" src=\"https:\/\/vendedoradesonhos.com.br\/comentario_navegacao.php?arg=34970\" frameborder=\"0\" height=\"500px\" width=\"100%\"><\/iframe><\/div>\r\n<div style=\"position:absolute; width:40%; height:70px; top:-70px; left:0px;\"><iframe loading=\"lazy\" src=\"https:\/\/vendedoradesonhos.com.br\/oferta_site_esq.php?arg=34970\" frameborder=\"0\" height=\"100%\" width=\"100%\"><\/iframe><\/div>\r\n<div style=\"position:absolute; width:40%; height:70px; top:-70px; right:0px;\"><iframe loading=\"lazy\" src=\"https:\/\/vendedoradesonhos.com.br\/oferta_site_dir.php?arg=34970\" frameborder=\"0\" height=\"100%;\" width=\"100%\"><\/iframe><\/div>","protected":false},"excerpt":{"rendered":"<p>As informa\u00e7\u00f5es sobre os c\u00e9rebros dos dinossauros v\u00eam de preenchimentos minerais da cavidade cerebral, denominados endocasts, bem como dos formatos das pr\u00f3prias cavidades. Universidade de Alberta doi.org\/10.1002\/ar.25459Credibilidade: 989#Rex&nbsp; Um debate paleontol\u00f3gico continua. Novas pesquisas est\u00e3o jogando um pouco de \u00e1gua fria na ideia de que o tem\u00edvel Tiranossauro rex era t\u00e3o inteligente quanto um primata. &hellip; <\/p>\n<p class=\"link-more\"><a href=\"https:\/\/terrarara.com.br\/?page_id=22998\" class=\"more-link\">Continue lendo<span class=\"screen-reader-text\"> &#8220;O T. rex era provavelmente t\u00e3o inteligente quanto um crocodilo&#8221;<\/span><\/a><\/p>\n","protected":false},"author":1,"featured_media":0,"parent":62,"menu_order":0,"comment_status":"closed","ping_status":"closed","template":"","meta":[],"_links":{"self":[{"href":"https:\/\/terrarara.com.br\/index.php?rest_route=\/wp\/v2\/pages\/22998"}],"collection":[{"href":"https:\/\/terrarara.com.br\/index.php?rest_route=\/wp\/v2\/pages"}],"about":[{"href":"https:\/\/terrarara.com.br\/index.php?rest_route=\/wp\/v2\/types\/page"}],"author":[{"embeddable":true,"href":"https:\/\/terrarara.com.br\/index.php?rest_route=\/wp\/v2\/users\/1"}],"replies":[{"embeddable":true,"href":"https:\/\/terrarara.com.br\/index.php?rest_route=%2Fwp%2Fv2%2Fcomments&post=22998"}],"version-history":[{"count":0,"href":"https:\/\/terrarara.com.br\/index.php?rest_route=\/wp\/v2\/pages\/22998\/revisions"}],"up":[{"embeddable":true,"href":"https:\/\/terrarara.com.br\/index.php?rest_route=\/wp\/v2\/pages\/62"}],"wp:attachment":[{"href":"https:\/\/terrarara.com.br\/index.php?rest_route=%2Fwp%2Fv2%2Fmedia&parent=22998"}],"curies":[{"name":"wp","href":"https:\/\/api.w.org\/{rel}","templated":true}]}}