{"id":22551,"date":"2024-03-07T16:11:02","date_gmt":"2024-03-07T16:11:02","guid":{"rendered":"https:\/\/terrarara.com.br\/?page_id=22551"},"modified":"-0001-11-30T00:00:00","modified_gmt":"-0001-11-30T00:00:00","slug":"como-os-humanos-perderam-a-cauda-e-por-que-a-descoberta-levou-25-anos-para-ser-publicada","status":"publish","type":"page","link":"https:\/\/terrarara.com.br\/?page_id=22551","title":{"rendered":"Como os humanos perderam a cauda &#8211; e por que a descoberta levou 2,5 anos para ser publicada"},"content":{"rendered":"<div class=\"wp-block-image\"><figure><img src=\"https:\/\/vendedoradesonhos.com.br\/img\/sites\/img_cauda_macaco.jpg\" alt=\"\" style=\"width:100%\"><figcaption>Primatas com cauda n\u00e3o possuem uma certa inser\u00e7\u00e3o de DNA em um gene chamado TBXT. Imagem via <a href=\"https:\/\/unsplash.com\/pt-br\/fotografias\/macaco-marrom-sentado-no-galho-0DEhTRBSsqY?utm_content=creditShareLink&#038;utm_medium=referral&#038;utm_source=unsplash#\" target=\"_blank\">Unsplash<\/a><\/figcaption><\/figure><\/div><hr><\/p><p>\r\n<a href=\"https:\/\/doi.org\/10.1038\/d41586-024-00610-x\" target=\"_blank\">doi.org\/10.1038\/d41586-024-00610-x<\/a><br>Credibilidade: <font color=\"#00FFFF\">9<\/font><font color=\"#00FF00\">9<\/font><font color=\"#FFFF00\">9<\/font><br><a href='https:\/\/terrarara.com.br?s=humanos'>#Humanos<\/a>&nbsp;<\/p><p>\r\n<strong>Uma elegante s\u00e9rie de experimentos em ratos revela as mudan\u00e7as gen\u00e9ticas que levaram os ancestrais macacos da humanidade perdendo o ap\u00eandice.<\/strong>\r\n<\/p><p>\r\n&#8220;Onde est\u00e1 meu rabo?&#8221;\r\n<\/p><p>\r\nO geneticista Bo Xia fez essa pergunta quando crian\u00e7a e ela estava em sua mente novamente h\u00e1 alguns anos, enquanto ele se recuperava de uma les\u00e3o no c\u00f3ccix durante seu doutorado na Universidade de Nova York (NYU), na cidade de Nova York.\r\n<\/p><p>\r\nXia e os seus colegas t\u00eam agora uma resposta. Os investigadores identificaram uma altera\u00e7\u00e3o gen\u00e9tica partilhada por humanos e outros macacos que pode ter contribu\u00eddo para a perda da cauda dos seus antepassados, h\u00e1 cerca de 25 milh\u00f5es de anos.\r\n<\/p><p>\r\nOs ratos que apresentavam altera\u00e7\u00f5es semelhantes nos seus genomas tinham caudas curtas ou ausentes, descobriram os investigadores &#8211; mas essa descoberta foi dif\u00edcil de obter. O trabalho foi publicado em 28 de fevereiro1: quase 900 dias depois de ter sido submetido \u00e0 Nature e publicado como pr\u00e9-impress\u00e3o, devido ao trabalho extra necess\u00e1rio para desenvolver v\u00e1rias linhagens de camundongos com edi\u00e7\u00e3o gen\u00e9tica e demonstrar que as altera\u00e7\u00f5es gen\u00e9ticas tiveram o efeito previsto.\r\n<\/p><p>\r\n&#8220;Respeito aos autores&#8221;, diz Malte Spielmann, geneticista humano da Universidade de Kiel, na Alemanha, que revisou o artigo para a Nature. &#8220;Estou incrivelmente animado com o fato de que eles realmente conseguiram.&#8221;\r\n<\/p><p>\r\n<b>Os ratos sem cauda<\/b>\r\n<\/p><p>\r\nAo contr\u00e1rio da maioria dos macacos, os macacos &#8211; incluindo os humanos &#8211; e os seus parentes pr\u00f3ximos e extintos n\u00e3o t\u00eam cauda. Seu c\u00f3ccix, ou c\u00f3ccix, \u00e9 um vest\u00edgio das v\u00e9rtebras que constituem a cauda em outros animais. Encontrar a base gen\u00e9tica para esta caracter\u00edstica n\u00e3o era o que Xia, agora no Broad Institute do MIT e Harvard em Cambridge, Massachusetts, planeava dedicar o seu doutoramento. Mas a les\u00e3o no c\u00f3ccix, sofrida durante uma viagem de t\u00e1xi, revigorou sua curiosidade pela cauda.\r\n<\/p><p>\r\nSeguindo um palpite, Xia decidiu examinar um gene famoso por seu papel no desenvolvimento da cauda. Em 1927, a cientista ucraniana Nadine Dobrovolskaya-Zavadskaya descreveu uma cepa de camundongo de laborat\u00f3rio de cauda curta que, segundo ela prop\u00f4s, carregava uma muta\u00e7\u00e3o em um gene chamado T, cujo equivalente humano \u00e9 agora conhecido como TBXT. &#8220;Voc\u00ea encontrar\u00e1 esse gene em sua primeira pesquisa no Google&#8221;, diz Xia.\r\n<\/p><p>\r\nUma r\u00e1pida pesquisa na vers\u00e3o geneticista do Google &#8211; o navegador de genoma mantido pela Universidade da Calif\u00f3rnia, em Santa Cruz &#8211; mostrou que os humanos e outros macacos carregam uma inser\u00e7\u00e3o de DNA no TBXT que outros primatas com cauda, como os macacos, n\u00e3o t\u00eam.\r\n<\/p><p>\r\n<b>Uni\u00e3o gen\u00e9tica<\/b>\r\n<\/p><p>\r\nNum preprint2 publicado no bioRxiv em setembro de 2021, Xia e os seus colegas mostraram que a inser\u00e7\u00e3o do macaco pode levar a uma forma encurtada da prote\u00edna que o TBXT codifica. Eles propuseram que o encurtamento ocorre depois que o gene \u00e9 transcrito em RNA mensageiro e quando v\u00e1rios segmentos codificadores de prote\u00ednas da transcri\u00e7\u00e3o do gene s\u00e3o unidos. Camundongos editados por genes com uma c\u00f3pia recortada da vers\u00e3o do TBXT para camundongos apresentavam uma s\u00e9rie de defeitos na cauda. Em alguns, a cauda foi encurtada ou totalmente ausente; em outros, estava torcido ou muito longo.\r\n<\/p><p>\r\nAs descobertas atra\u00edram dezenas de not\u00edcias, mas a pr\u00e9-impress\u00e3o n\u00e3o mostrou que a inser\u00e7\u00e3o gen\u00e9tica do macaco, quando introduzida na vers\u00e3o do TBXT para ratos, pudesse causar perda de cauda, diz Spielmann. &#8220;Eles n\u00e3o fizeram o experimento principal.&#8221;\r\n<\/p><p>\r\nEssas experi\u00eancias estavam em andamento quando o artigo foi submetido \u00e0 Nature, diz Itai Yanai, bi\u00f3logo de sistemas da NYU que co-liderou o estudo. Eles acabaram mostrando que a inser\u00e7\u00e3o gen\u00e9tica, quando transplantada para o genoma do camundongo, n\u00e3o levou a n\u00edveis muito elevados da vers\u00e3o abreviada da prote\u00edna. Os ratos resultantes tinham caudas normais.\r\n<\/p><p>\r\nOs pesquisadores tamb\u00e9m desenvolveram ratos com uma inser\u00e7\u00e3o diferente na vers\u00e3o do TBXT para ratos. Por acaso, isso fez com que o gene fosse mal processado, da mesma forma que acontece nos humanos. Os ratos que carregam esta inser\u00e7\u00e3o nasceram com caudas curtas ou totalmente ausentes.\r\n<\/p><p>\r\n<b>Swingers de \u00e1rvores<\/b>\r\n<\/p><p>\r\nYanai diz que os experimentos extras acrescentaram rigor ao estudo, mesmo que a conclus\u00e3o geral seja basicamente a mesma. &#8220;Fazer todas essas linhagens de camundongos \u00e9 uma tarefa importante&#8221;, diz Miriam Konkel, geneticista evolucionista da Universidade Clemson, na Carolina do Sul. &#8220;Eu realmente senti por esses autores quando vi o que eles fizeram.&#8221;\r\n<\/p><p>\r\n&#8220;Acabou sendo um artigo muito mais forte&#8221;, acrescenta Spielmann. &#8220;Eles mostram claramente que esta mudan\u00e7a contribui para a perda de cauda. Mas n\u00e3o \u00e9 o \u00fanico.&#8221; Os investigadores analisaram 140 genes envolvidos no desenvolvimento da cauda e identificaram milhares de altera\u00e7\u00f5es gen\u00e9ticas exclusivas dos macacos que tamb\u00e9m podem ter desempenhado um papel na perda da cauda.\r\n<\/p><p>\r\n&#8220;Estou muito entusiasmada por ver o trabalho sendo feito sobre os mecanismos gen\u00e9ticos que sustentam a perda da cauda e a redu\u00e7\u00e3o do comprimento&#8221;, diz Gabrielle Russo, antrop\u00f3loga biol\u00f3gica da Universidade Stonybrook, em Nova Iorque. A equipe de Xia diz que a perda da cauda pode ter contribu\u00eddo para a capacidade dos macacos de andarem eretos e para que passassem menos tempo nas \u00e1rvores, mas Russo n\u00e3o tem tanta certeza. Os f\u00f3sseis sugerem que os primeiros macacos se moviam sobre quatro patas, como os macacos que viviam em \u00e1rvores, e que a bipedalidade evoluiu milh\u00f5es de anos depois.\r\n<\/p><p>\r\nOs macacos n\u00e3o s\u00e3o os \u00fanicos primatas sem cauda: mandris, alguns macacos e as criaturas noturnas de olhos grandes chamadas l\u00f3ris n\u00e3o t\u00eam cauda, sugerindo que a caracter\u00edstica evoluiu m\u00faltiplas vezes.\r\n<\/p><p>\r\n&#8220;Provavelmente, existem v\u00e1rias maneiras de perder o rabo durante o desenvolvimento. Nossos ancestrais escolheram esse caminho&#8221;, diz Xia.<\/p><p>\r\n<hr>\r\n\r\n<p style=\"text-align:right\"><em>Publicado em 07\/03\/2024 16h11<\/em><\/p>\r\n\r\n\r\n\r\n<p>Artigo original: <\/p>\r\n\r\n\r\n\r\n<ul><li><a href=\"https:\/\/www.nature.com\/articles\/d41586-024-00610-x\" target=\"_blank\">https:\/\/www.nature.com\/articles\/d41586-024-00610-x<\/a><\/li><\/ul>\r\n\r\n\r\n<p>Estudo original: <\/p>\r\n\r\n\r\n\r\n<ul><li><a href=\"https:\/\/doi.org\/10.1038\/d41586-024-00610-x\" target=\"_blank\">https:\/\/doi.org\/10.1038\/d41586-024-00610-x<\/a><\/li><\/ul>\r\n\r\n\r\n\r\n<hr class=\"wp-block-separator is-style-wide\"\/>\r\n\r\n<div style=\"position: buttonline;\"><iframe loading=\"lazy\" src=\"https:\/\/vendedoradesonhos.com.br\/rodape_sites.php?arg=33954\" frameborder=\"0\" height=\"420px\" width=\"100%\"><\/iframe><\/div>\r\n<div style=\"position: buttonline;\"><iframe loading=\"lazy\" src=\"https:\/\/vendedoradesonhos.com.br\/comentario_navegacao.php?arg=33954\" frameborder=\"0\" height=\"500px\" width=\"100%\"><\/iframe><\/div>\r\n<div style=\"position:absolute; width:40%; height:70px; top:-70px; left:0px;\"><iframe loading=\"lazy\" src=\"https:\/\/vendedoradesonhos.com.br\/oferta_site_esq.php?arg=33954\" frameborder=\"0\" height=\"100%\" width=\"100%\"><\/iframe><\/div>\r\n<div style=\"position:absolute; width:40%; height:70px; top:-70px; right:0px;\"><iframe loading=\"lazy\" src=\"https:\/\/vendedoradesonhos.com.br\/oferta_site_dir.php?arg=33954\" frameborder=\"0\" height=\"100%;\" width=\"100%\"><\/iframe><\/div>","protected":false},"excerpt":{"rendered":"<p>Primatas com cauda n\u00e3o possuem uma certa inser\u00e7\u00e3o de DNA em um gene chamado TBXT. Imagem via Unsplash doi.org\/10.1038\/d41586-024-00610-xCredibilidade: 999#Humanos&nbsp; Uma elegante s\u00e9rie de experimentos em ratos revela as mudan\u00e7as gen\u00e9ticas que levaram os ancestrais macacos da humanidade perdendo o ap\u00eandice. &#8220;Onde est\u00e1 meu rabo?&#8221; O geneticista Bo Xia fez essa pergunta quando crian\u00e7a e &hellip; <\/p>\n<p class=\"link-more\"><a href=\"https:\/\/terrarara.com.br\/?page_id=22551\" class=\"more-link\">Continue lendo<span class=\"screen-reader-text\"> &#8220;Como os humanos perderam a cauda &#8211; e por que a descoberta levou 2,5 anos para ser publicada&#8221;<\/span><\/a><\/p>\n","protected":false},"author":1,"featured_media":0,"parent":6,"menu_order":0,"comment_status":"closed","ping_status":"closed","template":"","meta":[],"_links":{"self":[{"href":"https:\/\/terrarara.com.br\/index.php?rest_route=\/wp\/v2\/pages\/22551"}],"collection":[{"href":"https:\/\/terrarara.com.br\/index.php?rest_route=\/wp\/v2\/pages"}],"about":[{"href":"https:\/\/terrarara.com.br\/index.php?rest_route=\/wp\/v2\/types\/page"}],"author":[{"embeddable":true,"href":"https:\/\/terrarara.com.br\/index.php?rest_route=\/wp\/v2\/users\/1"}],"replies":[{"embeddable":true,"href":"https:\/\/terrarara.com.br\/index.php?rest_route=%2Fwp%2Fv2%2Fcomments&post=22551"}],"version-history":[{"count":0,"href":"https:\/\/terrarara.com.br\/index.php?rest_route=\/wp\/v2\/pages\/22551\/revisions"}],"up":[{"embeddable":true,"href":"https:\/\/terrarara.com.br\/index.php?rest_route=\/wp\/v2\/pages\/6"}],"wp:attachment":[{"href":"https:\/\/terrarara.com.br\/index.php?rest_route=%2Fwp%2Fv2%2Fmedia&parent=22551"}],"curies":[{"name":"wp","href":"https:\/\/api.w.org\/{rel}","templated":true}]}}