{"id":21970,"date":"2022-10-09T12:31:03","date_gmt":"2022-10-09T12:31:03","guid":{"rendered":"https:\/\/terrarara.com.br\/?page_id=21970"},"modified":"-0001-11-30T00:00:00","modified_gmt":"-0001-11-30T00:00:00","slug":"quantos-anos-tem-o-antigo-egito","status":"publish","type":"page","link":"https:\/\/terrarara.com.br\/?page_id=21970","title":{"rendered":"Quantos anos tem o antigo Egito?"},"content":{"rendered":"<div class=\"wp-block-image\"><figure><img src=\"https:\/\/vendedoradesonhos.com.br\/img\/sites\/img_esfinge.webp\" alt=\"\" style=\"width:100%\"><figcaption>Os antigos eg\u00edpcios constru\u00edram a Esfinge e as Pir\u00e2mides de Giz\u00e9 entre 2600 a.C. e 2400 a.C. (Cr\u00e9dito da imagem: Nick Brundle Photography via Getty Images)<\/figcaption><\/figure><\/div><hr><\/p><p>\r\n<strong>A origem do antigo Egito tem uma data consenso?<\/strong><\/p><p>\r\nPara muitos, a hist\u00f3ria do Egito parece remontar a tempos imemoriais. Mas quantos anos exatamente tem o antigo Egito?\r\n<\/p><p>\r\nDepende de como voc\u00ea define o Egito antigo, disse Aidan Dodson, professor de egiptologia da Universidade de Bristol, no Reino Unido. finalmente substitu\u00eddo pelo cristianismo, come\u00e7ou por volta de 3100 aC e terminou por volta de 400 dC&#8221;, disse Dodson \u00e0 Live Science em um e-mail.\r\n<\/p><p>\r\nKathryn Bard, professora em\u00e9rita de arqueologia e estudos cl\u00e1ssicos da Universidade de Boston, ofereceu uma data semelhante. &#8220;O estado fara\u00f4nico come\u00e7ou por volta de 3.000 [a.C.]&#8221;, disse Bard \u00e0 Live Science por e-mail.\r\n<\/p><p>\r\nOs humanos viviam no Egito muito antes de 3000 a.C., no entanto. A &#8220;presen\u00e7a humana mais antiga conhecida no Vale do Nilo [\u00e9] estimada em cerca de 400.000 anos atr\u00e1s&#8221;, escreveu Pierre Vermeersch, professor em\u00e9rito de geografia da Universidade Cat\u00f3lica de Leuven (KU Leuven), na B\u00e9lgica, no livro &#8220;Palaeolithic Living Sites no Alto e M\u00e9dio Egito &#8221; (Leuven University Press, 2000).\r\n<\/p><p>\r\nA agricultura no Egito remonta a cerca de 5.000 a.C., Sally Katary, que era professora de egiptologia na Laurentian University em Ont\u00e1rio, escreveu em um artigo na &#8220;The Encyclopedia of Ancient History&#8221; (Blackwell, 2013). Por volta de 4.100 a.C., aldeias agr\u00edcolas permanentes durante todo o ano haviam sido estabelecidas em partes do Egito, escreveu Katary.\r\n<\/p><p>\r\n<script src=\"https:\/\/cdn.jwplayer.com\/players\/cxR1w3zD-pBYGc5Ws.js\"><\/script><br><hr>\r\n<\/p><p>\r\nAlguns assentamentos durante todo o ano acabaram se transformando em cidades. Naqada e Hierakonpolis (tamb\u00e9m conhecido como Nekhen) tornaram-se importantes centros urbanos entre 3500 a.C. e 3000 a.C., Steven Snape, professor honor\u00e1rio de arqueologia eg\u00edpcia na Universidade de Liverpool, no Reino Unido, escreveu em seu livro &#8220;The Complete Cities of Ancient Egypt(opens in new tab)&#8221; (Thames &#038; Hudson, 2014).\r\n<\/p><p>\r\nPor volta de 3100 a.C., o Egito unificou-se sob um fara\u00f3, e um sistema de escrita, muitas vezes chamado de hier\u00f3glifos, foi estabelecido. O sacerdote eg\u00edpcio Manetho &#8211; que viveu mil\u00eanios depois, por volta do s\u00e9culo III a.C. &#8211; relatou que o primeiro governante deste Egito unido foi um rei chamado Menes, mas os estudiosos modernos debatem a identidade exata de Menes e a precis\u00e3o da afirma\u00e7\u00e3o de Manetho.<\/p><p>\r\n<hr>\r\n\r\n<p style=\"text-align:right\"><em>Publicado em 09\/10\/2022 17h31<\/em><\/p>\r\n\r\n\r\n\r\n<p>Artigo original: <\/p>\r\n\r\n\r\n\r\n<ul><li><a href=\"https:\/\/www.livescience.com\/how-old-is-ancient-egypt\" target=\"_blank\">https:\/\/www.livescience.com\/how-old-is-ancient-egypt<\/a><\/li><\/ul>\r\n\r\n\r\n\r\n\r\n<hr class=\"wp-block-separator is-style-wide\"\/>\r\n\r\n<div style=\"position: buttonline;\"><iframe loading=\"lazy\" src=\"https:\/\/vendedoradesonhos.com.br\/rodape_sites.php?arg=27562\" frameborder=\"0\" height=\"420px\" width=\"100%\"><\/iframe><\/div>\r\n<div style=\"position: buttonline;\"><iframe loading=\"lazy\" src=\"https:\/\/vendedoradesonhos.com.br\/comentario_navegacao.php?arg=27562\" frameborder=\"0\" height=\"500px\" width=\"100%\"><\/iframe><\/div>\r\n<div style=\"position:absolute; width:40%; height:70px; top:-70px; left:0px;\"><iframe loading=\"lazy\" src=\"https:\/\/vendedoradesonhos.com.br\/oferta_site_esq.php?arg=27562\" frameborder=\"0\" height=\"100%\" width=\"100%\"><\/iframe><\/div>\r\n<div style=\"position:absolute; width:40%; height:70px; top:-70px; right:0px;\"><iframe loading=\"lazy\" src=\"https:\/\/vendedoradesonhos.com.br\/oferta_site_dir.php?arg=27562\" frameborder=\"0\" height=\"100%;\" width=\"100%\"><\/iframe><\/div>","protected":false},"excerpt":{"rendered":"<p>Os antigos eg\u00edpcios constru\u00edram a Esfinge e as Pir\u00e2mides de Giz\u00e9 entre 2600 a.C. e 2400 a.C. (Cr\u00e9dito da imagem: Nick Brundle Photography via Getty Images) A origem do antigo Egito tem uma data consenso? Para muitos, a hist\u00f3ria do Egito parece remontar a tempos imemoriais. Mas quantos anos exatamente tem o antigo Egito? Depende &hellip; <\/p>\n<p class=\"link-more\"><a href=\"https:\/\/terrarara.com.br\/?page_id=21970\" class=\"more-link\">Continue lendo<span class=\"screen-reader-text\"> &#8220;Quantos anos tem o antigo Egito?&#8221;<\/span><\/a><\/p>\n","protected":false},"author":1,"featured_media":0,"parent":41,"menu_order":0,"comment_status":"closed","ping_status":"closed","template":"","meta":[],"_links":{"self":[{"href":"https:\/\/terrarara.com.br\/index.php?rest_route=\/wp\/v2\/pages\/21970"}],"collection":[{"href":"https:\/\/terrarara.com.br\/index.php?rest_route=\/wp\/v2\/pages"}],"about":[{"href":"https:\/\/terrarara.com.br\/index.php?rest_route=\/wp\/v2\/types\/page"}],"author":[{"embeddable":true,"href":"https:\/\/terrarara.com.br\/index.php?rest_route=\/wp\/v2\/users\/1"}],"replies":[{"embeddable":true,"href":"https:\/\/terrarara.com.br\/index.php?rest_route=%2Fwp%2Fv2%2Fcomments&post=21970"}],"version-history":[{"count":0,"href":"https:\/\/terrarara.com.br\/index.php?rest_route=\/wp\/v2\/pages\/21970\/revisions"}],"up":[{"embeddable":true,"href":"https:\/\/terrarara.com.br\/index.php?rest_route=\/wp\/v2\/pages\/41"}],"wp:attachment":[{"href":"https:\/\/terrarara.com.br\/index.php?rest_route=%2Fwp%2Fv2%2Fmedia&parent=21970"}],"curies":[{"name":"wp","href":"https:\/\/api.w.org\/{rel}","templated":true}]}}