{"id":21845,"date":"2022-11-11T03:04:06","date_gmt":"2022-11-11T03:04:06","guid":{"rendered":"https:\/\/terrarara.com.br\/?page_id=21845"},"modified":"-0001-11-30T00:00:00","modified_gmt":"-0001-11-30T00:00:00","slug":"o-que-uma-populacao-de-8-bilhoes-de-pessoas-significara-para-nos-e-para-o-planeta","status":"publish","type":"page","link":"https:\/\/terrarara.com.br\/?page_id=21845","title":{"rendered":"O que uma popula\u00e7\u00e3o de 8 bilh\u00f5es de pessoas significar\u00e1 para n\u00f3s e para o planeta?"},"content":{"rendered":"<div class=\"wp-block-image\"><figure><img src=\"https:\/\/vendedoradesonhos.com.br\/img\/sites\/img_populacao.jpg\" alt=\"\" style=\"width:100%\"><figcaption>Imagem via <a href=\"https:\/\/unsplash.com\/photos\/IBaVuZsJJTo?utm_source=unsplash&#038;utm_medium=referral&#038;utm_content=creditShareLink\" target=\"_blank\">Unsplash<\/a><\/figcaption><\/figure><\/div><hr><\/p><p>\r\n<strong>As Na\u00e7\u00f5es Unidas declararam que a popula\u00e7\u00e3o mundial passar\u00e1 de 8 bilh\u00f5es de pessoas em 15 de novembro. Nossos n\u00fameros crescentes t\u00eam uma variedade de implica\u00e7\u00f5es, da sa\u00fade ao meio ambiente.<\/strong><\/p><p>\r\nEm 15 de novembro, o mundo passar\u00e1 um marco importante, pois a popula\u00e7\u00e3o humana atinge 8 bilh\u00f5es pela primeira vez. \u00c9 claro que \u00e9 imposs\u00edvel saber exatamente quando atingiremos esse limite, mas as Na\u00e7\u00f5es Unidas escolheram essa data para marcar a ocasi\u00e3o, com base em sua modelagem.\r\n<\/p><p>\r\nVindo apenas 11 anos ap\u00f3s a popula\u00e7\u00e3o humana atingir 7 bilh\u00f5es, pode parecer que o n\u00famero de pessoas no mundo est\u00e1 crescendo mais r\u00e1pido do que nunca. Mas, na verdade, a taxa de crescimento est\u00e1 despencando, com as taxas de fecundidade agora abaixo dos n\u00edveis de reposi\u00e7\u00e3o &#8211; a quantidade necess\u00e1ria para manter uma popula\u00e7\u00e3o &#8211; na maior parte do mundo.\r\n<\/p><p>\r\nEm 2019, a ONU previu que a popula\u00e7\u00e3o continuaria aumentando para 11 bilh\u00f5es at\u00e9 2100, mas o cen\u00e1rio m\u00e9dio em sua \u00faltima previs\u00e3o \u00e9 que atingir\u00e1 o pico na d\u00e9cada de 2080. Duas previs\u00f5es do Joint Research Center da Uni\u00e3o Europeia e do Institute for Health Metrics and Evaluation (IHME) em Seattle, Washington, preveem que o pico ocorrer\u00e1 mais cedo, em 2070 (veja o diagrama abaixo). Esta ser\u00e1 uma boa not\u00edcia para os esfor\u00e7os para limitar as mudan\u00e7as clim\u00e1ticas e a acelerada extin\u00e7\u00e3o em massa de esp\u00e9cies.\r\n<\/p><p>\r\nMas o decl\u00ednio das popula\u00e7\u00f5es em muitas regi\u00f5es trar\u00e1 novos problemas, e quaisquer benef\u00edcios ambientais depender\u00e3o enormemente da riqueza das pessoas e no que elas gastam seu dinheiro.\r\n<\/p><p>\r\nEmbora a liga\u00e7\u00e3o entre o n\u00famero de pessoas vivas no planeta e seu impacto sobre ele seja complexa, n\u00e3o h\u00e1 d\u00favida de que a crescente popula\u00e7\u00e3o humana est\u00e1 deixando cada vez menos espa\u00e7o para o resto da vida na Terra. Tr\u00eas quartos de todas as terras e dois ter\u00e7os dos oceanos j\u00e1 foram significativamente alterados pelas pessoas.\r\n<\/p><p>\r\n<div class=\"wp-block-image\"><figure><img src=\"https:\/\/vendedoradesonhos.com.br\/img\/sites\/img_projecao_populacao.webp\" alt=\"\" style=\"width:100%\"><figcaption>Fonte: IHME<\/figcaption><\/figure><\/div><hr>\r\n<\/p><p>\r\nOs seres humanos agora representam um ter\u00e7o da biomassa de todos os mam\u00edferos terrestres, medidos em termos de teor de carbono. Nosso gado comp\u00f5e quase todo o resto, com mam\u00edferos terrestres selvagens apenas 2%. Da mesma forma, a biomassa das aves de cria\u00e7\u00e3o \u00e9 30 vezes maior do que a das aves selvagens.\r\n<\/p><p>\r\nQuantas pessoas podem viver de forma sustent\u00e1vel no planeta? As estimativas variam muito, mas um estudo de 2020 concluiu que nosso atual sistema alimentar s\u00f3 pode alimentar 3 bilh\u00f5es sem violar os principais limites planet\u00e1rios. Surpreendentemente, por\u00e9m, simplesmente mudar o que cultivamos e onde cultivamos poderia aumentar esse n\u00famero para quase 8 bilh\u00f5es. Reduzir o consumo de carne e o desperd\u00edcio de alimentos pode aumentar para 10 bilh\u00f5es.\r\n<\/p><p>\r\nVamos ultrapassar este limite superior? H\u00e1 pouca d\u00favida de que a popula\u00e7\u00e3o crescer\u00e1 para perto de 10 bilh\u00f5es at\u00e9 2050. &#8220;Muito do crescimento j\u00e1 est\u00e1 embutido&#8221;, diz a dem\u00f3grafa Jennifer Sciubba no Wilson Center, um think tank em Washington DC. &#8220;As futuras m\u00e3es j\u00e1 nasceram.&#8221;\r\n<\/p><p>\r\n\u00c9 depois de 2050 que a incerteza cresce. Os pesquisadores concordam que as taxas de fertilidade continuar\u00e3o caindo em todo o mundo, mas a ONU as v\u00ea caindo mais lentamente do que outras, diz Stein Emil Vollset, que liderou a previs\u00e3o do IHME.\r\n<\/p><p>\r\nDois ter\u00e7os da popula\u00e7\u00e3o global agora vivem em lugares onde a taxa de fertilidade &#8211; o n\u00famero m\u00e9dio de filhos por mulher &#8211; caiu abaixo do n\u00edvel de reposi\u00e7\u00e3o de acordo com a ONU. As popula\u00e7\u00f5es j\u00e1 est\u00e3o diminuindo em v\u00e1rios pa\u00edses com baixa fecundidade, incluindo Jap\u00e3o, It\u00e1lia, Gr\u00e9cia e Portugal.\r\n<\/p><p>\r\nEm lugares com alta propor\u00e7\u00e3o de jovens, como a \u00cdndia, a queda da fecundidade abaixo da taxa de reposi\u00e7\u00e3o n\u00e3o levar\u00e1 imediatamente a um decl\u00ednio populacional &#8211; h\u00e1 um atraso que pode durar muitas d\u00e9cadas. Mas ao longo deste s\u00e9culo, mais e mais popula\u00e7\u00f5es diminuir\u00e3o. De acordo com a previs\u00e3o de Vollset, por exemplo, a popula\u00e7\u00e3o da \u00cdndia atingir\u00e1 o pico de 1,6 bilh\u00e3o em 2049 e diminuir\u00e1 para 1,1 bilh\u00e3o em 2100.\r\n<\/p><p>\r\n\u00c9 em partes da \u00c1frica, Oriente M\u00e9dio e \u00c1sia onde as taxas de fecundidade permanecem bem acima dos n\u00edveis de reposi\u00e7\u00e3o. A maior parte do crescimento populacional at\u00e9 2050 acontecer\u00e1 em apenas oito pa\u00edses, segundo a previs\u00e3o da ONU: Rep\u00fablica Democr\u00e1tica do Congo, Egito, Eti\u00f3pia, \u00cdndia, Nig\u00e9ria, Paquist\u00e3o, Filipinas e Tanz\u00e2nia.\r\n<\/p><p>\r\nO acesso a contraceptivos \u00e9 a raz\u00e3o fundamental por tr\u00e1s da queda dos n\u00edveis de fertilidade. A educa\u00e7\u00e3o e os direitos das mulheres, incluindo a proibi\u00e7\u00e3o do casamento infantil, tamb\u00e9m s\u00e3o fundamentais. \u00c9 em lugares onde falta educa\u00e7\u00e3o e direitos para mulheres e meninas que as taxas de fecundidade s\u00e3o mais altas.\r\n<\/p><p>\r\nOnde as mulheres podem escolher quantos filhos ter, muitos outros fatores tamb\u00e9m entram em jogo. &#8220;O custo \u00e9 enorme&#8221;, diz Sciubba. No Reino Unido, por exemplo, o custo de criar uma crian\u00e7a at\u00e9 os 18 anos \u00e9 de cerca de \u00a3 160.000, de acordo com o Child Poverty Action Group.\r\n<\/p><p>\r\nMuitas pessoas almejam ter coisas como um bom emprego, um relacionamento est\u00e1vel e um lar adequado antes de ter filhos, mas podem ter dificuldades para conseguir isso ou se ver incapazes de ter tantos filhos quanto quiserem quando tiverem. Outros n\u00e3o querem ter filhos e n\u00e3o se sentem mais compelidos pela press\u00e3o social a faz\u00ea-lo. No entanto, alguns s\u00e3o desencorajados pelo pessimismo sobre o futuro, diz Sciubba.\r\n<\/p><p>\r\nPara pa\u00edses individuais, e n\u00e3o para o mundo, outro fator importante \u00e9 a migra\u00e7\u00e3o. A migra\u00e7\u00e3o para na\u00e7\u00f5es ricas tem impedido o decl\u00ednio populacional em muitos desses pa\u00edses, mas Sciubba n\u00e3o acredita que ser\u00e1 permitido aumentar o suficiente para evitar que essas popula\u00e7\u00f5es diminuam no futuro. Menos de 4% das pessoas em todo o mundo se mudam para outros pa\u00edses, diz ela, e esse n\u00famero n\u00e3o mudou em d\u00e9cadas.\r\n<\/p><p>\r\nEmbora as popula\u00e7\u00f5es em decl\u00ednio possam ser boas do ponto de vista ambiental, alguns economistas e governos as veem como um desastre. Na maioria dos pa\u00edses ocidentais, as pessoas em idade ativa pagam as pens\u00f5es e cuidam dos aposentados, de modo que uma propor\u00e7\u00e3o crescente de idosos causa s\u00e9rias dificuldades financeiras. Em outros pa\u00edses onde parentes cuidam de idosos, a tens\u00e3o ser\u00e1 sentida no n\u00edvel familiar, diz Sciubba.\r\n<\/p><p>\r\nMas o envelhecimento da popula\u00e7\u00e3o n\u00e3o significa necessariamente um desastre econ\u00f4mico. Pegue o Jap\u00e3o. &#8220;\u00c9 o pa\u00eds mais antigo do planeta, com idade m\u00e9dia de 48 anos, o que nunca aconteceu antes em toda a hist\u00f3ria da humanidade&#8221;, diz Sciubba. &#8220;E ainda tem uma economia muito forte.&#8221;\r\n<\/p><p>\r\nO n\u00edvel et\u00e1rio das popula\u00e7\u00f5es \u00e9 geralmente medido em termos da propor\u00e7\u00e3o de pessoas com mais de 65 anos para aquelas com idade entre 20 e 64 anos, conhecida como raz\u00e3o de depend\u00eancia. O Jap\u00e3o tem a maior taxa de depend\u00eancia do mundo. Mas focar apenas nessa m\u00e9trica \u00e9 enganoso, diz Vegard Skirbekk, da Columbia University, em Nova York, autor de Decline and Prosper!.\r\n<\/p><p>\r\nO impacto do envelhecimento tamb\u00e9m depende da sa\u00fade da popula\u00e7\u00e3o, diz ele. Nos \u00edndices de depend\u00eancia ajustados \u00e0 sa\u00fade que sua equipe calculou, o Jap\u00e3o est\u00e1 na m\u00e9dia e s\u00e3o principalmente os pa\u00edses da Europa Oriental que apresentam a pior pontua\u00e7\u00e3o. &#8220;A solu\u00e7\u00e3o n\u00e3o \u00e9 aumentar a fertilidade, mas investir em sa\u00fade&#8221;, diz Skirbekk.\r\n<\/p><p>\r\nAlguns pa\u00edses est\u00e3o, no entanto, tentando aumentar a fertilidade. Por exemplo, a China est\u00e1 enfrentando um decl\u00ednio dram\u00e1tico em sua popula\u00e7\u00e3o, que deve cair pela metade para cerca de 730 milh\u00f5es at\u00e9 2100, de acordo com a previs\u00e3o de Vollset. \u00c9 por isso que a China est\u00e1 tomando medidas como acabar com a pol\u00edtica do filho \u00fanico, mas seus esfor\u00e7os n\u00e3o foram bem-sucedidos, diz Vollset.\r\n<\/p><p>\r\nAumentar a fertilidade \u00e9 muito mais dif\u00edcil do que reduzi-la, diz ele. &#8220;Pelo que sabemos sobre os governos que tentam influenciar a fertilidade, eles t\u00eam sido relativamente bem-sucedidos quando se trata de reduzir a fertilidade, mas provou ser muito mais dif\u00edcil aumentar a fertilidade&#8221;. Al\u00e9m disso, mesmo quando as pol\u00edticas aumentam a fertilidade, o efeito tende sendo de curta dura\u00e7\u00e3o, diz Vollset.\r\n<\/p><p>\r\nAs raz\u00f5es para isso s\u00e3o complexas, mas onde, digamos, os custos impedem as pessoas de terem fam\u00edlias maiores, s\u00e3o necess\u00e1rios subs\u00eddios substanciais para fazer a diferen\u00e7a. Por outro lado, medidas baratas, como fornecer acesso ao planejamento familiar e contraceptivos, ou promover os benef\u00edcios de fam\u00edlias menores, podem ter um grande impacto.\r\n<\/p><p>\r\nA enorme in\u00e9rcia no crescimento populacional tamb\u00e9m significa que s\u00e3o necess\u00e1rias gera\u00e7\u00f5es para que as pol\u00edticas surtam efeito. &#8220;N\u00e3o \u00e9 algo que voc\u00ea possa mudar rapidamente&#8221;, diz Skirbekk.\r\n<\/p><p>\r\nSe os esfor\u00e7os para aumentar a fertilidade falharem e a popula\u00e7\u00e3o mundial atingir o pico antes de 2100, quaisquer benef\u00edcios verdes depender\u00e3o da quebra da atual correla\u00e7\u00e3o entre a riqueza das pessoas e suas pegadas ambientais. Os 10% mais ricos da popula\u00e7\u00e3o s\u00e3o respons\u00e1veis por cerca de metade de todas as emiss\u00f5es de carbono.\r\n<\/p><p>\r\nMas h\u00e1 um vislumbre de esperan\u00e7a aqui: as emiss\u00f5es de di\u00f3xido de carbono por pessoa ca\u00edram desde 2012 e podem continuar a cair. Infelizmente, as pessoas ainda est\u00e3o comendo mais carne \u00e0 medida que ficam mais ricas. Se nada mais mudar, isso levar\u00e1 \u00e0 destrui\u00e7\u00e3o cont\u00ednua do habitat e ao desmatamento, mesmo ap\u00f3s o pico da popula\u00e7\u00e3o mundial.\r\n<\/p><p>\r\nOu o futuro ser\u00e1 muito mais selvagem do que imaginamos? Nenhuma das previs\u00f5es populacionais leva em considera\u00e7\u00e3o as mudan\u00e7as clim\u00e1ticas, e seus impactos se tornar\u00e3o cada vez mais severos ao longo do s\u00e9culo. Mas dado que o crescimento populacional futuro \u00e9 em grande parte determinado por n\u00f3s que vivemos hoje, \u00e9 improv\u00e1vel que o quadro geral mude muito, diz Sciubba. &#8220;N\u00e3o vai ser radicalmente diferente &#8211; a menos que voc\u00ea esteja falando apocal\u00edptico.&#8221;\r\n<\/p><p>\r\n<hr>\r\n\r\n<p style=\"text-align:right\"><em>Publicado em 11\/11\/2022 07h04<\/em><\/p>\r\n\r\n\r\n\r\n<p>Artigo original: <\/p>\r\n\r\n\r\n\r\n<ul><li><a href=\"https:\/\/www.newscientist.com\/article\/2346158-what-will-a-population-of-8-billion-people-mean-for-us-and-the-planet\/\" target=\"_blank\">https:\/\/www.newscientist.com\/article\/2346158-what-will-a-population-of-8-billion-people-mean-for-us-and-the-planet\/<\/a><\/li><\/ul>\r\n\r\n\r\n\r\n\r\n<hr class=\"wp-block-separator is-style-wide\"\/>\r\n\r\n<div style=\"position: buttonline;\"><iframe loading=\"lazy\" src=\"https:\/\/vendedoradesonhos.com.br\/rodape_sites.php?arg=28186\" frameborder=\"0\" height=\"420px\" width=\"100%\"><\/iframe><\/div>\r\n<div style=\"position: buttonline;\"><iframe loading=\"lazy\" src=\"https:\/\/vendedoradesonhos.com.br\/comentario_navegacao.php?arg=28186\" frameborder=\"0\" height=\"500px\" width=\"100%\"><\/iframe><\/div>\r\n<div style=\"position:absolute; width:40%; height:70px; top:-70px; left:0px;\"><iframe loading=\"lazy\" src=\"https:\/\/vendedoradesonhos.com.br\/oferta_site_esq.php?arg=28186\" frameborder=\"0\" height=\"100%\" width=\"100%\"><\/iframe><\/div>\r\n<div style=\"position:absolute; width:40%; height:70px; top:-70px; right:0px;\"><iframe loading=\"lazy\" src=\"https:\/\/vendedoradesonhos.com.br\/oferta_site_dir.php?arg=28186\" frameborder=\"0\" height=\"100%;\" width=\"100%\"><\/iframe><\/div>","protected":false},"excerpt":{"rendered":"<p>Imagem via Unsplash As Na\u00e7\u00f5es Unidas declararam que a popula\u00e7\u00e3o mundial passar\u00e1 de 8 bilh\u00f5es de pessoas em 15 de novembro. Nossos n\u00fameros crescentes t\u00eam uma variedade de implica\u00e7\u00f5es, da sa\u00fade ao meio ambiente. Em 15 de novembro, o mundo passar\u00e1 um marco importante, pois a popula\u00e7\u00e3o humana atinge 8 bilh\u00f5es pela primeira vez. \u00c9 &hellip; <\/p>\n<p class=\"link-more\"><a href=\"https:\/\/terrarara.com.br\/?page_id=21845\" class=\"more-link\">Continue lendo<span class=\"screen-reader-text\"> &#8220;O que uma popula\u00e7\u00e3o de 8 bilh\u00f5es de pessoas significar\u00e1 para n\u00f3s e para o planeta?&#8221;<\/span><\/a><\/p>\n","protected":false},"author":1,"featured_media":0,"parent":9604,"menu_order":0,"comment_status":"closed","ping_status":"closed","template":"","meta":[],"_links":{"self":[{"href":"https:\/\/terrarara.com.br\/index.php?rest_route=\/wp\/v2\/pages\/21845"}],"collection":[{"href":"https:\/\/terrarara.com.br\/index.php?rest_route=\/wp\/v2\/pages"}],"about":[{"href":"https:\/\/terrarara.com.br\/index.php?rest_route=\/wp\/v2\/types\/page"}],"author":[{"embeddable":true,"href":"https:\/\/terrarara.com.br\/index.php?rest_route=\/wp\/v2\/users\/1"}],"replies":[{"embeddable":true,"href":"https:\/\/terrarara.com.br\/index.php?rest_route=%2Fwp%2Fv2%2Fcomments&post=21845"}],"version-history":[{"count":0,"href":"https:\/\/terrarara.com.br\/index.php?rest_route=\/wp\/v2\/pages\/21845\/revisions"}],"up":[{"embeddable":true,"href":"https:\/\/terrarara.com.br\/index.php?rest_route=\/wp\/v2\/pages\/9604"}],"wp:attachment":[{"href":"https:\/\/terrarara.com.br\/index.php?rest_route=%2Fwp%2Fv2%2Fmedia&parent=21845"}],"curies":[{"name":"wp","href":"https:\/\/api.w.org\/{rel}","templated":true}]}}