{"id":20685,"date":"2023-09-11T22:57:31","date_gmt":"2023-09-11T22:57:31","guid":{"rendered":"https:\/\/terrarara.com.br\/?page_id=20685"},"modified":"-0001-11-30T00:00:00","modified_gmt":"-0001-11-30T00:00:00","slug":"decodificando-o-desastre-da-enchente-do-rio-yangtze-em-1931-uma-catastrofe-que-ceifou-mais-de-2-milhoes-de-vidas","status":"publish","type":"page","link":"https:\/\/terrarara.com.br\/?page_id=20685","title":{"rendered":"Decodificando o desastre da enchente do rio Yangtze em 1931: uma cat\u00e1strofe que ceifou mais de 2 milh\u00f5es de vidas"},"content":{"rendered":"<div class=\"wp-block-image\"><figure><img src=\"https:\/\/vendedoradesonhos.com.br\/img\/sites\/img_enchente_yantse.jpg\" alt=\"\" style=\"width:100%\"><figcaption>Uma foto da prefeitura de Hankow durante a enchente de 1931. No Ver\u00e3o de 1931, a inunda\u00e7\u00e3o do rio Yangtze, no leste da China, tornou-se uma das cat\u00e1strofes mais mortais da hist\u00f3ria, afectando mais de 25 milh\u00f5es de pessoas e ceifando 2 milh\u00f5es de vidas.<\/figcaption><\/figure><\/div><hr><\/p><p>\r\n<a href='https:\/\/terrarara.com.br?s=enchente'>#Enchente<\/a>&nbsp;<\/p><p>\r\n<strong>A enchente do rio Yangtze em 1931 afetou 25 milh\u00f5es de pessoas e ceifou 2 milh\u00f5es de vidas. Pesquisas recentes associam a cat\u00e1strofe a fatores tropicais e extratropicais, com medidas inadequadas de controlo de cheias a exacerbar o seu impacto.<\/strong>\r\n<\/p><p>\r\nNo ver\u00e3o de 1931, uma calamidade sem precedentes ocorreu ao longo da bacia do rio Yangtze, no leste da China &#8211; a inunda\u00e7\u00e3o do rio Yangtze em 1931, conhecida como um dos desastres naturais mais mort\u00edferos da hist\u00f3ria. Este evento catacl\u00edsmico submergiu impressionantes 180.000 km2, afetou 25 milh\u00f5es de vidas e ceifou tragicamente mais de 2 milh\u00f5es de vidas.\r\n<\/p><p>\r\nApesar do seu imenso impacto social, as origens desta inunda\u00e7\u00e3o monumental permaneceram em grande parte inexploradas, um desafio agravado pela escassez de registos hist\u00f3ricos e de dados meteorol\u00f3gicos anteriores \u00e0 d\u00e9cada de 1950 na China. O acesso recente a conjuntos de dados hist\u00f3ricos cruciais, no entanto, desbloqueou a capacidade de investigar a inunda\u00e7\u00e3o do rio Yangtze em 1931.\r\n<\/p><p>\r\n<div class=\"wp-block-image\"><figure><img src=\"https:\/\/scitechdaily.com\/images\/1931-Yangtze-River-Deluge.jpg?ezimgfmt=ng:webp\/ngcb2\" alt=\"\" style=\"width:100%\"><figcaption>Sampans de Hankou Bund durante as enchentes de 1931, Wuhan. Coletado por John (&#8216;Jack&#8217;) William Ephgrave, dispon\u00edvel em Historical Photographs of China sob o n\u00famero de refer\u00eancia Ep01-262, University of Bristol. Cr\u00e9dito: John (&#8216;Jack&#8217;) William Ephgrave<\/figcaption><\/figure><\/div><hr>\r\n<\/p><p>\r\n<b>Resultados de pesquisas recentes<\/b>\r\n<\/p><p>\r\nUm estudo recente publicado no Journal of Climate investigou os fatos e os mecanismos subjacentes \u00e0 inunda\u00e7\u00e3o do rio Yangtze em 1931. Eles descobriram que a inunda\u00e7\u00e3o resultou dos efeitos combinados do for\u00e7amento da temperatura da superf\u00edcie do mar relacionado ao El Nino tropical e das atividades das ondas extratropicais sobre o continente euro-asi\u00e1tico. Eles tamb\u00e9m sugeriram que a enchente foi um evento composto pr\u00e9-condicionado, potencialmente agravado pelas fortes precipita\u00e7\u00f5es anteriores da primavera.\r\n<\/p><p>\r\nLiderando este esfor\u00e7o de pesquisa estava o Prof. Tianjun Zhou, do Instituto de F\u00edsica Atmosf\u00e9rica (IAP) da Academia Chinesa de Ci\u00eancias. O estudo baseou-se em uma s\u00e9rie de evid\u00eancias convincentes, incluindo observa\u00e7\u00f5es instrumentais, conjuntos de dados de rean\u00e1lise e simula\u00e7\u00f5es conduzidas com modelos de circula\u00e7\u00e3o atmosf\u00e9rica geral impulsionados pelas temperaturas hist\u00f3ricas da superf\u00edcie do mar.\r\n<\/p><p>\r\n&#8220;Descobrimos que as inunda\u00e7\u00f5es de 1931 ao longo do vale do rio Yangtze foram causadas pelas chuvas de julho. Embora os totais pluviom\u00e9tricos de julho de 1931 tenham ficado em segundo lugar no s\u00e9culo passado, eles superaram os de muitos outros anos pluviais entre 1951 e 2010 em termos de persist\u00eancia&#8221;, disse Yueqi Zhou, o primeiro autor do estudo, um estudante de doutorado da Universidade. da Academia Chinesa de Ci\u00eancias estudando no IAP.\r\n<\/p><p>\r\n<b>Mecanismos e consequ\u00eancias<\/b>\r\n<\/p><p>\r\nOs pesquisadores descobriram que as chuvas persistentes em julho de 1931 estavam associadas a uma alta subtropical constante do Pac\u00edfico ocidental (WPSH). Anomalias quentes na temperatura da superf\u00edcie do mar no Oceano \u00cdndico tropical, ap\u00f3s um evento El Ni\u00f1o, fizeram com que o WPSH se estendesse para sudoeste. Ao mesmo tempo, o deslocamento para sul do jato para oeste, impulsionado por atividades de ondas extratropicais, impediu a t\u00edpica progress\u00e3o para norte do WPSH em julho. Esta expans\u00e3o consistente do WPSH para oeste ancorou a faixa de chuva ao longo do rio Yangtze, precipitando o desastre.\r\n<\/p><p>\r\nEm seu estudo, os cientistas tamb\u00e9m examinaram o controle de enchentes e os esfor\u00e7os de socorro relacionados a este evento. Sugeriram que a falta de medidas preventivas, de resposta e adaptativas adequadas contribuiu significativamente para as consequ\u00eancias catastr\u00f3ficas.<\/p><p>\r\n&#8220;Este evento hist\u00f3rico exige um escrut\u00ednio mais profundo por parte da comunidade de adapta\u00e7\u00e3o \u00e0s altera\u00e7\u00f5es clim\u00e1ticas&#8221;, disse o Prof. Tianjun Zhou, autor correspondente do estudo.<\/p><p>\r\n<hr>\r\n\r\n<p style=\"text-align:right\"><em>Publicado em 11\/09\/2023 22h57<\/em><\/p>\r\n\r\n\r\n\r\n<p>Artigo original: <\/p>\r\n\r\n\r\n\r\n<ul><li><a href=\"https:\/\/scitechdaily.com\/decoding-the-1931-yangtze-river-flood-disaster-a-catastrophe-that-claimed-over-2-million-lives\/\" target=\"_blank\">https:\/\/scitechdaily.com\/decoding-the-1931-yangtze-river-flood-disaster-a-catastrophe-that-claimed-over-2-million-lives\/<\/a><\/li><\/ul>\r\n\r\n\r\n<p>Estudo original: <\/p>\r\n\r\n\r\n\r\n<ul><li><a href=\"https:\/\/doi.org\/10.1175\/JCLI-D-22-0771.1\" target=\"_blank\">https:\/\/doi.org\/10.1175\/JCLI-D-22-0771.1<\/a><\/li><\/ul>\r\n\r\n\r\n\r\n<hr class=\"wp-block-separator is-style-wide\"\/>\r\n\r\n<div style=\"position: buttonline;\"><iframe loading=\"lazy\" src=\"https:\/\/vendedoradesonhos.com.br\/rodape_sites.php?arg=31859\" frameborder=\"0\" height=\"420px\" width=\"100%\"><\/iframe><\/div>\r\n<div style=\"position: buttonline;\"><iframe loading=\"lazy\" src=\"https:\/\/vendedoradesonhos.com.br\/comentario_navegacao.php?arg=31859\" frameborder=\"0\" height=\"500px\" width=\"100%\"><\/iframe><\/div>\r\n<div style=\"position:absolute; width:40%; height:70px; top:-70px; left:0px;\"><iframe loading=\"lazy\" src=\"https:\/\/vendedoradesonhos.com.br\/oferta_site_esq.php?arg=31859\" frameborder=\"0\" height=\"100%\" width=\"100%\"><\/iframe><\/div>\r\n<div style=\"position:absolute; width:40%; height:70px; top:-70px; right:0px;\"><iframe loading=\"lazy\" src=\"https:\/\/vendedoradesonhos.com.br\/oferta_site_dir.php?arg=31859\" frameborder=\"0\" height=\"100%;\" width=\"100%\"><\/iframe><\/div>","protected":false},"excerpt":{"rendered":"<p>Uma foto da prefeitura de Hankow durante a enchente de 1931. No Ver\u00e3o de 1931, a inunda\u00e7\u00e3o do rio Yangtze, no leste da China, tornou-se uma das cat\u00e1strofes mais mortais da hist\u00f3ria, afectando mais de 25 milh\u00f5es de pessoas e ceifando 2 milh\u00f5es de vidas. #Enchente&nbsp; A enchente do rio Yangtze em 1931 afetou 25 &hellip; <\/p>\n<p class=\"link-more\"><a href=\"https:\/\/terrarara.com.br\/?page_id=20685\" class=\"more-link\">Continue lendo<span class=\"screen-reader-text\"> &#8220;Decodificando o desastre da enchente do rio Yangtze em 1931: uma cat\u00e1strofe que ceifou mais de 2 milh\u00f5es de vidas&#8221;<\/span><\/a><\/p>\n","protected":false},"author":1,"featured_media":0,"parent":68,"menu_order":0,"comment_status":"closed","ping_status":"closed","template":"","meta":[],"_links":{"self":[{"href":"https:\/\/terrarara.com.br\/index.php?rest_route=\/wp\/v2\/pages\/20685"}],"collection":[{"href":"https:\/\/terrarara.com.br\/index.php?rest_route=\/wp\/v2\/pages"}],"about":[{"href":"https:\/\/terrarara.com.br\/index.php?rest_route=\/wp\/v2\/types\/page"}],"author":[{"embeddable":true,"href":"https:\/\/terrarara.com.br\/index.php?rest_route=\/wp\/v2\/users\/1"}],"replies":[{"embeddable":true,"href":"https:\/\/terrarara.com.br\/index.php?rest_route=%2Fwp%2Fv2%2Fcomments&post=20685"}],"version-history":[{"count":0,"href":"https:\/\/terrarara.com.br\/index.php?rest_route=\/wp\/v2\/pages\/20685\/revisions"}],"up":[{"embeddable":true,"href":"https:\/\/terrarara.com.br\/index.php?rest_route=\/wp\/v2\/pages\/68"}],"wp:attachment":[{"href":"https:\/\/terrarara.com.br\/index.php?rest_route=%2Fwp%2Fv2%2Fmedia&parent=20685"}],"curies":[{"name":"wp","href":"https:\/\/api.w.org\/{rel}","templated":true}]}}