{"id":20345,"date":"2023-06-21T20:58:21","date_gmt":"2023-06-21T20:58:21","guid":{"rendered":"https:\/\/terrarara.com.br\/?page_id=20345"},"modified":"2023-06-21T15:58:21","modified_gmt":"2023-06-21T15:58:21","slug":"a-africa-esta-se-dividindo-em-dois-continentes","status":"publish","type":"page","link":"https:\/\/terrarara.com.br\/?page_id=20345","title":{"rendered":"A \u00c1frica est\u00e1 se dividindo em dois continentes?"},"content":{"rendered":"<div class=\"wp-block-image\"><figure><img src=\"https:\/\/vendedoradesonhos.com.br\/img\/sites\/img_rift_africa.jpg\" alt=\"\" style=\"width:100%\"><figcaption>O Rift da \u00c1frica Oriental \u00e9 uma rede de vales que se estende desde o Mar Vermelho at\u00e9 Mo\u00e7ambique. Aqui, vemos campos cultivados no Vale do Rift da Eti\u00f3pia. (Cr\u00e9dito da imagem: LuCaAr via Getty Images)<\/figcaption><\/figure><\/div><hr><\/p><p>\r\n<a href='https:\/\/terrarara.com.br?s=continente'>#Continente<\/a>\u00a0<\/p><p>\r\n<strong>O Rift da \u00c1frica Oriental dividir\u00e1 o continente e criar\u00e1 um novo oceano ou desaparecer\u00e1?<\/strong><\/p><p>\r\nUma fenda gigante est\u00e1 lentamente dilacerando a \u00c1frica, o segundo maior continente. Essa depress\u00e3o &#8211; conhecida como Rift da \u00c1frica Oriental &#8211; \u00e9 uma rede de vales que se estende por cerca de 3.500 quil\u00f4metros de extens\u00e3o, do Mar Vermelho a Mo\u00e7ambique, de acordo com a Sociedade Geol\u00f3gica de Londres.\r\n<\/p><p>\r\nEnt\u00e3o, a \u00c1frica se desintegrar\u00e1 completamente e, em caso afirmativo, quando ela se dividir\u00e1? Para responder a essa pergunta, vamos olhar para as placas tect\u00f4nicas da regi\u00e3o, as partes externas da superf\u00edcie do planeta que podem colidir umas com as outras, formando montanhas, ou se separar, criando vastas bacias.\r\n<\/p><p>\r\nAo longo dessa ruptura colossal no leste da \u00c1frica, a placa tect\u00f4nica da Som\u00e1lia est\u00e1 puxando para o leste da parte maior e mais antiga do continente, a placa tect\u00f4nica da N\u00fabia, de acordo com o Observat\u00f3rio da Terra da NASA. (A placa da Som\u00e1lia tamb\u00e9m \u00e9 conhecida como placa da Som\u00e1lia, e a placa da N\u00fabia tamb\u00e9m \u00e9 \u00e0s vezes chamada de placa da \u00c1frica.)\r\n<\/p><p>\r\nAs placas da Som\u00e1lia e da N\u00fabia tamb\u00e9m est\u00e3o se separando da placa da Ar\u00e1bia no norte. Essas placas se cruzam na regi\u00e3o de Afar, na Eti\u00f3pia, criando um sistema de fendas em forma de Y, observou a Sociedade Geol\u00f3gica de Londres.\r\n<\/p><p>\r\n<b>Uma pausa lenta<\/b>\r\n<\/p><p>\r\nO Rift da \u00c1frica Oriental come\u00e7ou a se formar h\u00e1 cerca de 35 milh\u00f5es de anos entre a Ar\u00e1bia e o Chifre da \u00c1frica, na parte oriental do continente, Cynthia Ebinger, presidente de geologia da Tulane University em Nova Orleans e consultora cient\u00edfica do Departamento de Estado dos EUA. Assuntos, disse ao Live Science. Essa fenda se estendeu para o sul ao longo do tempo, atingindo o norte do Qu\u00eania h\u00e1 25 milh\u00f5es de anos.\r\n<\/p><p>\r\nA fenda consiste em dois conjuntos amplamente paralelos de fraturas na crosta terrestre. A fenda oriental passa pela Eti\u00f3pia e Qu\u00eania, enquanto a fenda ocidental corre em um arco de Uganda ao Malawi, observou a Sociedade Geol\u00f3gica de Londres. O ramo oriental \u00e9 \u00e1rido, enquanto o ramo ocidental fica na fronteira da floresta tropical congolesa, de acordo com o Observat\u00f3rio da Terra da NASA.\r\n<\/p><p>\r\nA exist\u00eancia das fendas orientais e ocidentais e a descoberta de zonas costeiras de terremotos e vulc\u00f5es indicam que a \u00c1frica est\u00e1 se abrindo lentamente ao longo de v\u00e1rias linhas, que juntas somam mais de 0,25 polegadas (6,35 mil\u00edmetros) por ano, disse Ebinger.\r\n<\/p><p>\r\n&#8220;A ruptura agora \u00e9 muito lenta, sobre a taxa de crescimento das unhas dos p\u00e9s&#8221;, disse Ken Macdonald, um distinto professor em\u00e9rito de ci\u00eancias da Terra na Universidade da Calif\u00f3rnia, em Santa B\u00e1rbara, ao Live Science.\r\n<\/p><p>\r\n<div class=\"wp-block-image\"><figure><img src=\"https:\/\/cdn.mos.cms.futurecdn.net\/SWdd5ituX742pz2zKG4pZR.jpg\" alt=\"\" style=\"width:100%\"><figcaption>Um mapa mostrando os limites das placas tect\u00f4nicas (cinza), bem como a zona do Rift da \u00c1frica Oriental (linhas pontilhadas). (Cr\u00e9dito da imagem: U.S. Geological Survey)<\/figcaption><\/figure><\/div><hr>\r\n<\/p><p>\r\nO Rift da \u00c1frica Oriental provavelmente se formou devido ao calor que flui da astenosfera &#8211; a parte superior mais quente e mais fraca do manto da Terra &#8211; entre o Qu\u00eania e a Eti\u00f3pia, de acordo com a Sociedade Geol\u00f3gica de Londres. Esse calor fez com que a crosta sobrejacente se expandisse e subisse, levando ao alongamento e fratura da fr\u00e1gil rocha continental. Isso levou a uma atividade vulc\u00e2nica substancial, incluindo a forma\u00e7\u00e3o do Monte Kilimanjaro, a montanha mais alta da \u00c1frica, observou o Observat\u00f3rio da Terra da NASA.\r\n<\/p><p>\r\nSe a \u00c1frica se desintegrar, h\u00e1 ideias diferentes sobre como isso pode acontecer. Um cen\u00e1rio tem a maior parte da placa da Som\u00e1lia se separando do resto do continente africano, com um mar se formando entre eles. Essa nova massa de terra incluiria a Som\u00e1lia, Eritreia, Djibuti e as partes orientais da Eti\u00f3pia, Qu\u00eania, Tanz\u00e2nia e Mo\u00e7ambique, disse Ebinger. &#8220;Outro cen\u00e1rio tem apenas a separa\u00e7\u00e3o do leste da Tanz\u00e2nia e de Mo\u00e7ambique&#8221;, observou Ebinger.\r\n<\/p><p>\r\nSe o continente africano se romper, &#8220;a fenda na Eti\u00f3pia e no Qu\u00eania pode se dividir para criar uma placa somali nos pr\u00f3ximos 1 milh\u00e3o a 5 milh\u00f5es de anos&#8221;, disse Ebinger.\r\n<\/p><p>\r\n<script src=\"https:\/\/cdn.jwplayer.com\/players\/RqyA5I1y-pBYGc5Ws.js\"><\/script><br><hr>\r\n<\/p><p>\r\nNo entanto, a \u00c1frica n\u00e3o pode se dividir em duas. As for\u00e7as geol\u00f3gicas que impulsionam o rompimento podem ser muito lentas para separar as placas da Som\u00e1lia e da N\u00fabia, disse Ebinger. Um exemplo not\u00e1vel de falha em outras partes do globo \u00e9 o Midcontinent Rift, que se curva por cerca de 1.900 milhas (3.000 km) no meio-oeste superior da Am\u00e9rica do Norte, de acordo com uma revis\u00e3o de 2022 na revista GSA Today.\r\n<\/p><p>\r\n&#8220;Rifts falhados marcam massas de terra continentais em todo o mundo&#8221;, disse Ebinger.\r\n<\/p><p>\r\nO ramo oriental do Rift da \u00c1frica Oriental \u00e9 um rifte fracassado, de acordo com a Sociedade Geol\u00f3gica de Londres. No entanto, o ramo ocidental ainda est\u00e1 ativo.\r\n<\/p><p>\r\n&#8220;O que n\u00e3o sabemos \u00e9 se esse rompimento continuar\u00e1 em seu ritmo atual para eventualmente abrir uma bacia oce\u00e2nica, como o Mar Vermelho, e depois para algo muito maior, como uma pequena vers\u00e3o do Oceano Atl\u00e2ntico&#8221;, disse Macdonald. &#8220;Ou pode acelerar e chegar l\u00e1 mais rapidamente? Ou pode parar?&#8221;\r\n<\/p><p>\r\n<hr>\r\n\r\n<p style=\"text-align:right\"><em>Publicado em 21\/06\/2023 20h58<\/em><\/p>\r\n\r\n\r\n\r\n<p>Artigo original: <\/p>\r\n\r\n\r\n\r\n<ul><li><a href=\"https:\/\/www.livescience.com\/planet-earth\/geology\/is-africa-splitting-into-two-continents\" target=\"_blank\">https:\/\/www.livescience.com\/planet-earth\/geology\/is-africa-splitting-into-two-continents<\/a><\/li><\/ul>\r\n\r\n\r\n\r\n\r\n<hr class=\"wp-block-separator is-style-wide\"\/>\r\n\r\n<div style=\"position: buttonline;\"><iframe loading=\"lazy\" src=\"https:\/\/vendedoradesonhos.com.br\/rodape_sites.php?arg=31016\" frameborder=\"0\" height=\"420px\" width=\"100%\"><\/iframe><\/div>\r\n<div style=\"position: buttonline;\"><iframe loading=\"lazy\" src=\"https:\/\/vendedoradesonhos.com.br\/comentario_navegacao.php?arg=31016\" frameborder=\"0\" height=\"500px\" width=\"100%\"><\/iframe><\/div>\r\n<div style=\"position:absolute; width:40%; height:70px; top:-70px; left:0px;\"><iframe loading=\"lazy\" src=\"https:\/\/vendedoradesonhos.com.br\/oferta_site_esq.php?arg=31016\" frameborder=\"0\" height=\"100%\" width=\"100%\"><\/iframe><\/div>\r\n<div style=\"position:absolute; width:40%; height:70px; top:-70px; right:0px;\"><iframe loading=\"lazy\" src=\"https:\/\/vendedoradesonhos.com.br\/oferta_site_dir.php?arg=31016\" frameborder=\"0\" height=\"100%;\" width=\"100%\"><\/iframe><\/div>","protected":false},"excerpt":{"rendered":"<p>O Rift da \u00c1frica Oriental \u00e9 uma rede de vales que se estende desde o Mar Vermelho at\u00e9 Mo\u00e7ambique. Aqui, vemos campos cultivados no Vale do Rift da Eti\u00f3pia. (Cr\u00e9dito da imagem: LuCaAr via Getty Images) #Continente\u00a0 O Rift da \u00c1frica Oriental dividir\u00e1 o continente e criar\u00e1 um novo oceano ou desaparecer\u00e1? Uma fenda gigante &hellip; <\/p>\n<p class=\"link-more\"><a href=\"https:\/\/terrarara.com.br\/?page_id=20345\" class=\"more-link\">Continue lendo<span class=\"screen-reader-text\"> &#8220;A \u00c1frica est\u00e1 se dividindo em dois continentes?&#8221;<\/span><\/a><\/p>\n","protected":false},"author":0,"featured_media":0,"parent":96,"menu_order":0,"comment_status":"closed","ping_status":"","template":"","meta":[],"_links":{"self":[{"href":"https:\/\/terrarara.com.br\/index.php?rest_route=\/wp\/v2\/pages\/20345"}],"collection":[{"href":"https:\/\/terrarara.com.br\/index.php?rest_route=\/wp\/v2\/pages"}],"about":[{"href":"https:\/\/terrarara.com.br\/index.php?rest_route=\/wp\/v2\/types\/page"}],"replies":[{"embeddable":true,"href":"https:\/\/terrarara.com.br\/index.php?rest_route=%2Fwp%2Fv2%2Fcomments&post=20345"}],"version-history":[{"count":0,"href":"https:\/\/terrarara.com.br\/index.php?rest_route=\/wp\/v2\/pages\/20345\/revisions"}],"up":[{"embeddable":true,"href":"https:\/\/terrarara.com.br\/index.php?rest_route=\/wp\/v2\/pages\/96"}],"wp:attachment":[{"href":"https:\/\/terrarara.com.br\/index.php?rest_route=%2Fwp%2Fv2%2Fmedia&parent=20345"}],"curies":[{"name":"wp","href":"https:\/\/api.w.org\/{rel}","templated":true}]}}