{"id":19198,"date":"2022-11-11T07:19:15","date_gmt":"2022-11-11T07:19:15","guid":{"rendered":"https:\/\/terrarara.com.br\/?page_id=19198"},"modified":"-0001-11-30T00:00:00","modified_gmt":"-0001-11-30T00:00:00","slug":"imagens-de-supernovas-supergigantes-vermelhas-revelam-segredos-de-um-universo-primordial","status":"publish","type":"page","link":"https:\/\/terrarara.com.br\/?page_id=19198","title":{"rendered":"Imagens de supernovas supergigantes vermelhas revelam segredos de um universo primordial"},"content":{"rendered":"<div class=\"wp-block-image\"><figure><img src=\"https:\/\/vendedoradesonhos.com.br\/img\/sites\/img_supernova_primordial.jpg\" alt=\"\" style=\"width:100%\"><figcaption>Uma equipe de pesquisa internacional liderada pela Universidade de Minnesota Twin Cities mediu o tamanho de uma estrela com mais de 11 bilh\u00f5es de anos usando imagens que mostram a evolu\u00e7\u00e3o da estrela explodindo e esfriando. Cr\u00e9dito: Wenlei Chen, NASA<\/figcaption><\/figure><\/div><hr><\/p><p>\r\n<strong>Uma equipe de pesquisa internacional liderada pela Universidade de Minnesota Twin Cities mediu o tamanho de uma estrela que remonta a 2 bilh\u00f5es de anos ap\u00f3s o Big Bang, ou mais de 11 bilh\u00f5es de anos atr\u00e1s. Imagens detalhadas mostram o resfriamento da estrela em explos\u00e3o e podem ajudar os cientistas a aprender mais sobre as estrelas e gal\u00e1xias presentes no in\u00edcio do universo. O artigo \u00e9 publicado na Nature.<\/strong>\r\n<\/p><p>\r\n&#8220;Esta \u00e9 a primeira vis\u00e3o detalhada de uma supernova em uma \u00e9poca muito anterior da evolu\u00e7\u00e3o do universo&#8221;, disse Patrick Kelly, principal autor do artigo e professor associado da Escola de F\u00edsica e Astronomia da Universidade de Minnesota. &#8220;\u00c9 muito emocionante porque podemos aprender em detalhes sobre uma estrela individual quando o universo tinha menos de um quinto de sua idade atual e come\u00e7ar a entender se as estrelas que existiam h\u00e1 muitos bilh\u00f5es de anos s\u00e3o diferentes das pr\u00f3ximas.&#8221;\r\n<\/p><p>\r\nA supergigante vermelha em quest\u00e3o era cerca de 500 vezes maior que o Sol e est\u00e1 localizada no redshift tr\u00eas, que \u00e9 cerca de 60 vezes mais distante do que qualquer outra supernova observada neste detalhe.\r\n<\/p><p>\r\nUsando dados do Telesc\u00f3pio Espacial Hubble com espectroscopia de acompanhamento usando o acesso da Universidade de Minnesota ao Grande Telesc\u00f3pio Binocular, os pesquisadores conseguiram identificar v\u00e1rias imagens detalhadas da supergigante vermelha por causa de um fen\u00f4meno chamado lente gravitacional, onde massa, como que em uma gal\u00e1xia, dobra a luz. Isso aumenta a luz emitida pela estrela.\r\n<\/p><p>\r\n<div class=\"wp-block-image\"><figure><img src=\"https:\/\/scx2.b-cdn.net\/gfx\/news\/2022\/red-supergiant-superno-1.jpg\" alt=\"\" style=\"width:100%\"><figcaption>Os pain\u00e9is A-D (no sentido hor\u00e1rio a partir do canto superior esquerdo) mostram v\u00e1rios est\u00e1gios diferentes da supernova: a localiza\u00e7\u00e3o da gal\u00e1xia hospedeira ap\u00f3s o desaparecimento da supernova, as tr\u00eas imagens da gal\u00e1xia hospedeira e da supernova em diferentes fases de sua evolu\u00e7\u00e3o, as tr\u00eas faces diferentes da supernova em evolu\u00e7\u00e3o e as diferentes cores da supernova de resfriamento. Cr\u00e9dito da foto: Wenlei Chen, NASA<\/figcaption><\/figure><\/div><hr>\r\n<\/p><p>\r\n&#8220;A lente gravitacional age como uma lupa natural e multiplica o poder do Hubble por um fator de oito&#8221;, disse Kelly. &#8220;Aqui, vemos tr\u00eas imagens. Mesmo que possam ser vistas ao mesmo tempo, elas mostram a supernova como era em diferentes idades separadas por v\u00e1rios dias. Vemos a supernova esfriando rapidamente, o que nos permite basicamente reconstruir o que aconteceu e estude como a supernova esfriou em seus primeiros dias com apenas um conjunto de imagens.\r\n<\/p><p>\r\nOs pesquisadores combinaram essa descoberta com outra das descobertas de supernovas de Kelly em 2014 para estimar quantas estrelas estavam explodindo quando o universo tinha uma pequena fra\u00e7\u00e3o de sua idade atual. Eles descobriram que provavelmente havia muito mais supernovas do que se pensava anteriormente.\r\n<\/p><p>\r\n&#8220;Supernovas de colapso de n\u00facleo marcam a morte de estrelas massivas e de vida curta. O n\u00famero de supernovas de colapso de n\u00facleo que detectamos pode ser usado para entender quantas estrelas massivas foram formadas em gal\u00e1xias quando o universo era muito mais jovem&#8221;, disse Wenlei Chen, primeiro autor do artigo e pesquisador de p\u00f3s-doutorado na Escola de F\u00edsica e Astronomia da Universidade de Minnesota.\r\n<\/p><p>\r\n<hr>\r\n\r\n<p style=\"text-align:right\"><em>Publicado em 11\/11\/2022 07h19<\/em><\/p>\r\n\r\n\r\n\r\n<p>Artigo original: <\/p>\r\n\r\n\r\n\r\n<ul><li><a href=\"https:\/\/phys.org\/news\/2022-11-red-supergiant-supernova-images-reveal-secrets.html\" target=\"_blank\">https:\/\/phys.org\/news\/2022-11-red-supergiant-supernova-images-reveal-secrets.html<\/a><\/li><\/ul>\r\n\r\n\r\n<p>Estudo original: <\/p>\r\n\r\n\r\n\r\n<ul><li><a href=\"https:\/\/doi.org\/10.1038\/s41586-022-05252-5\" target=\"_blank\">https:\/\/doi.org\/10.1038\/s41586-022-05252-5<\/a><\/li><\/ul>\r\n\r\n\r\n\r\n<hr class=\"wp-block-separator is-style-wide\"\/>\r\n\r\n<div style=\"position: buttonline;\"><iframe loading=\"lazy\" src=\"https:\/\/vendedoradesonhos.com.br\/rodape_sites.php?arg=28187\" frameborder=\"0\" height=\"420px\" width=\"100%\"><\/iframe><\/div>\r\n<div style=\"position: buttonline;\"><iframe loading=\"lazy\" src=\"https:\/\/vendedoradesonhos.com.br\/comentario_navegacao.php?arg=28187\" frameborder=\"0\" height=\"500px\" width=\"100%\"><\/iframe><\/div>\r\n<div style=\"position:absolute; width:40%; height:70px; top:-70px; left:0px;\"><iframe loading=\"lazy\" src=\"https:\/\/vendedoradesonhos.com.br\/oferta_site_esq.php?arg=28187\" frameborder=\"0\" height=\"100%\" width=\"100%\"><\/iframe><\/div>\r\n<div style=\"position:absolute; width:40%; height:70px; top:-70px; right:0px;\"><iframe loading=\"lazy\" src=\"https:\/\/vendedoradesonhos.com.br\/oferta_site_dir.php?arg=28187\" frameborder=\"0\" height=\"100%;\" width=\"100%\"><\/iframe><\/div>","protected":false},"excerpt":{"rendered":"<p>Uma equipe de pesquisa internacional liderada pela Universidade de Minnesota Twin Cities mediu o tamanho de uma estrela com mais de 11 bilh\u00f5es de anos usando imagens que mostram a evolu\u00e7\u00e3o da estrela explodindo e esfriando. Cr\u00e9dito: Wenlei Chen, NASA Uma equipe de pesquisa internacional liderada pela Universidade de Minnesota Twin Cities mediu o tamanho &hellip; <\/p>\n<p class=\"link-more\"><a href=\"https:\/\/terrarara.com.br\/?page_id=19198\" class=\"more-link\">Continue lendo<span class=\"screen-reader-text\"> &#8220;Imagens de supernovas supergigantes vermelhas revelam segredos de um universo primordial&#8221;<\/span><\/a><\/p>\n","protected":false},"author":1,"featured_media":0,"parent":58,"menu_order":0,"comment_status":"closed","ping_status":"closed","template":"","meta":[],"_links":{"self":[{"href":"https:\/\/terrarara.com.br\/index.php?rest_route=\/wp\/v2\/pages\/19198"}],"collection":[{"href":"https:\/\/terrarara.com.br\/index.php?rest_route=\/wp\/v2\/pages"}],"about":[{"href":"https:\/\/terrarara.com.br\/index.php?rest_route=\/wp\/v2\/types\/page"}],"author":[{"embeddable":true,"href":"https:\/\/terrarara.com.br\/index.php?rest_route=\/wp\/v2\/users\/1"}],"replies":[{"embeddable":true,"href":"https:\/\/terrarara.com.br\/index.php?rest_route=%2Fwp%2Fv2%2Fcomments&post=19198"}],"version-history":[{"count":0,"href":"https:\/\/terrarara.com.br\/index.php?rest_route=\/wp\/v2\/pages\/19198\/revisions"}],"up":[{"embeddable":true,"href":"https:\/\/terrarara.com.br\/index.php?rest_route=\/wp\/v2\/pages\/58"}],"wp:attachment":[{"href":"https:\/\/terrarara.com.br\/index.php?rest_route=%2Fwp%2Fv2%2Fmedia&parent=19198"}],"curies":[{"name":"wp","href":"https:\/\/api.w.org\/{rel}","templated":true}]}}