{"id":183,"date":"2025-11-01T00:00:00","date_gmt":"2025-11-01T00:00:00","guid":{"rendered":""},"modified":"-0001-11-30T00:00:00","modified_gmt":"-0001-11-30T00:00:00","slug":"newsletter","status":"publish","type":"page","link":"https:\/\/terrarara.com.br\/?page_id=183","title":{"rendered":"Newsletter"},"content":{"rendered":"<p>Cadastre-se e receba nossas Newsletter em seu endere\u00e7o de e-mail. Escolha um dos formatos dispon\u00edveis:<\/p>\n<hr>\n<form action=\"https:\/\/terrarara.com.br\/assinante_terrarara.php\" method=\"post\" onSubmit=\"return valida_form(this);\">\n<table>\n<tbody>\n<tr>\n<td>Nome:<\/td>\n<td><input name=\"nome\" size=\"50\" type=\"text\" \/><\/td>\n<\/tr>\n<tr>\n<td nowrap>E-mail:<\/td>\n<td><input name=\"email\" size=\"50\" type=\"text\" \/><\/td>\n<\/tr>\n<tr>\n<td colspan=\"2\">\n<table>\n<tr>\n<td>Formato:<\/td>\n<td><input type=\"radio\" value=\"T\" name=\"opt_formato\" id=\"formato_txt\" checked><\/td>\n<td><label for=\"formato_txt\">Texto<\/label><\/td>\n<td><input type=\"radio\" value=\"H\" name=\"opt_formato\" id=\"formato_html\"><\/td>\n<td><label for=\"formato_html\">HTML<\/label><\/td>\n<td><input type=\"radio\" value=\"P\" name=\"opt_formato\" id=\"formato_pdf\"><\/td>\n<td><label for=\"formato_pdf\">PDF **<\/label><\/td>\n<td><input type=\"radio\" value=\"A\" name=\"opt_formato\" id=\"formato_aud\"><\/td>\n<td><label for=\"formato_aud\">\u00c1udio **<\/label><\/td>\n<\/tr>\n<\/table>\n<\/td>\n<\/tr>\n<tr>\n<td colspan=\"2\">** Ser\u00e1 enviado um link nos fornatos PDF e \u00c1udio.<\/td>\n<\/tr>\n<tr>\n<td colspan=\"2\">\n<table>\n<tr>\n<td>Hor\u00e1rio:<\/td>\n<td><input type=\"radio\" value=\"M\" name=\"opt_horario\" id=\"horario_man\" checked><\/td>\n<td><label for=\"horario_man\">Manh\u00e3<\/label><\/td>\n<td><input type=\"radio\" value=\"T\" name=\"opt_horario\" id=\"horario_tar\"><\/td>\n<td><label option for=\"horario_tar\">Tarde<\/label><\/td>\n<td><input type=\"radio\" value=\"N\" name=\"opt_horario\" id=\"horario_noi\"><\/td>\n<td><label for=\"horario_noi\">Noite<\/labeL><\/td>\n<\/tr>\n<\/table>\n<\/td>\n<\/tr>\n<tr>\n<td colspan=\"2\"><input type=\"submit\" \/><\/td>\n<\/tr>\n<\/tbody>\n<\/table>\n<p><input type=\"hidden\" name=\"site_origem\" value=\"18\" \/><br \/>\n<\/form>\n<p><script language=\"JavaScript\">\n<!--\nfunction valida_form(f) {\n\tif ((f.email.value==\"\")) {\n\t\talert(\"E-mail deve ser informado!\");\n\t\treturn false;\t\n\t} else {\n\t\treturn true;\n\t}\n}\n--> <\/script><\/p>\n","protected":false},"excerpt":{"rendered":"<p>Cadastre-se e receba nossas Newsletter em seu endere\u00e7o de e-mail. Escolha um dos formatos dispon\u00edveis: Nome: E-mail: Formato: Texto HTML PDF ** \u00c1udio ** ** Ser\u00e1 enviado um link nos fornatos PDF e \u00c1udio. Hor\u00e1rio: Manh\u00e3 Tarde Noite<\/p>\n","protected":false},"author":1,"featured_media":0,"parent":180,"menu_order":0,"comment_status":"closed","ping_status":"closed","template":"","meta":[],"_links":{"self":[{"href":"https:\/\/terrarara.com.br\/index.php?rest_route=\/wp\/v2\/pages\/183"}],"collection":[{"href":"https:\/\/terrarara.com.br\/index.php?rest_route=\/wp\/v2\/pages"}],"about":[{"href":"https:\/\/terrarara.com.br\/index.php?rest_route=\/wp\/v2\/types\/page"}],"author":[{"embeddable":true,"href":"https:\/\/terrarara.com.br\/index.php?rest_route=\/wp\/v2\/users\/1"}],"replies":[{"embeddable":true,"href":"https:\/\/terrarara.com.br\/index.php?rest_route=%2Fwp%2Fv2%2Fcomments&post=183"}],"version-history":[{"count":0,"href":"https:\/\/terrarara.com.br\/index.php?rest_route=\/wp\/v2\/pages\/183\/revisions"}],"up":[{"embeddable":true,"href":"https:\/\/terrarara.com.br\/index.php?rest_route=\/wp\/v2\/pages\/180"}],"wp:attachment":[{"href":"https:\/\/terrarara.com.br\/index.php?rest_route=%2Fwp%2Fv2%2Fmedia&parent=183"}],"curies":[{"name":"wp","href":"https:\/\/api.w.org\/{rel}","templated":true}]}}