{"id":16450,"date":"2022-01-15T08:05:28","date_gmt":"2022-01-15T08:05:28","guid":{"rendered":"https:\/\/terrarara.com.br\/?page_id=16450"},"modified":"-0001-11-30T00:00:00","modified_gmt":"-0001-11-30T00:00:00","slug":"de-uma-olhada-no-maior-e-mais-detalhado-mapa-3d-do-universo-ja-feito","status":"publish","type":"page","link":"https:\/\/terrarara.com.br\/?page_id=16450","title":{"rendered":"D\u00ea uma olhada no maior e mais detalhado mapa 3D do universo j\u00e1 feito"},"content":{"rendered":"<div class=\"wp-block-image\"><figure><img src=\"https:\/\/www.sciencealert.com\/images\/2022-01\/3DSpaceMap_1024.gif\" alt=\"\" style=\"width:100%\"><figcaption>Uma &#8216;tomografia computadorizada&#8217; do Universo em mais de 5 bilh\u00f5es de anos-luz. (Dados de D. Schlegel\/Berkeley Lab\/DESI)<\/figcaption><\/figure><\/div><hr><\/p><p>\r\n<strong>O Instrumento Espectrosc\u00f3pico de Energia Escura (DESI), atualmente apontado para os c\u00e9us de sua casa no Telesc\u00f3pio Nicholas U. Mayall no Observat\u00f3rio Nacional Kitt Peak, no Arizona, tem a tarefa de mapear a expans\u00e3o do espa\u00e7o, investigar a energia escura e criar as mapa 3D detalhado do Universo que j\u00e1 foi montado.<\/strong>\r\n<\/p><p>\r\nPassaram-se apenas sete meses na miss\u00e3o do DESI e j\u00e1 temos uma imagem tridimensional de cair o queixo da gal\u00e1xia que est\u00e1 ao nosso redor, provando as capacidades do DESI e o potencial que ele tem para mapear o espa\u00e7o.\r\n<\/p><p>\r\nO DESI j\u00e1 catalogou e mapeou mais de 7,5 milh\u00f5es de gal\u00e1xias, com mais de um milh\u00e3o de novas sendo adicionadas por m\u00eas. Quando a varredura chegar ao fim completo em 2026, acredita-se que mais de 35 milh\u00f5es de gal\u00e1xias ter\u00e3o sido mapeadas, fornecendo aos astr\u00f4nomos uma enorme biblioteca de dados para minerar.\r\n<\/p><p>\r\n&#8220;H\u00e1 muita beleza nisso&#8221;, diz o astrof\u00edsico Julien Guy, do Lawrence Berkeley National Laboratory, na Calif\u00f3rnia.\r\n<\/p><p>\r\n&#8220;Na distribui\u00e7\u00e3o das gal\u00e1xias no mapa 3D, existem enormes aglomerados, filamentos e vazios. Eles s\u00e3o as maiores estruturas do Universo. Mas dentro deles, voc\u00ea encontra uma marca do Universo primitivo e a hist\u00f3ria de sua expans\u00e3o desde ent\u00e3o.&#8221;\r\n<\/p><p>\r\nO DESI \u00e9 composto por 5.000 fibras \u00f3pticas, cada uma controlada individualmente e posicionada por seu pr\u00f3prio rob\u00f4 min\u00fasculo. Essas fibras precisam ser posicionadas com precis\u00e3o dentro de 10 m\u00edcrons, ou menos do que a espessura de um cabelo humano, e ent\u00e3o capturam vislumbres de luz \u00e0 medida que filtram para a Terra a partir do cosmos.\r\n<\/p><p>\r\nPor meio dessa rede de fibra, o instrumento obt\u00e9m imagens de espectro de cores de milh\u00f5es de gal\u00e1xias, cobrindo mais de um ter\u00e7o de todo o c\u00e9u, antes de calcular o quanto a luz foi desviada para o vermelho &#8211; ou seja, quanto foi empurrada para a extremidade vermelha do espectro devido \u00e0 expans\u00e3o do Universo.\r\n<\/p><p>\r\nComo essa luz pode levar v\u00e1rios bilh\u00f5es de anos para chegar \u00e0 Terra, \u00e9 poss\u00edvel usar dados de desvio para o vermelho para ver a profundidade no Universo: quanto maior o desvio para o vermelho, mais distante est\u00e1 algo. Al\u00e9m disso, as estruturas mapeadas pelo DESI podem ser submetidas a engenharia reversa para ver a forma\u00e7\u00e3o inicial em que come\u00e7aram.\r\n<\/p><p>\r\n<div class=\"wp-block-image\"><figure><img src=\"https:\/\/www.sciencealert.com\/images\/2022-01\/TelescopeCompare.jpg\" alt=\"\" style=\"width:100%\"><figcaption>(Dados de D. Schlegel\/Berkeley Lab\/DESI)\r\n<\/p><p>\r\nAcima: Uma fatia do mapa 3D de gal\u00e1xias do Sloan Digital Sky Survey conclu\u00eddo (\u00e0 esquerda) e os primeiros meses do Instrumento Espectrosc\u00f3pico de Energia Escura (\u00e0 direita).<\/figcaption><\/figure><\/div><hr>\r\n<\/p><p>\r\nO principal objetivo do DESI \u00e9 revelar mais sobre a energia escura que se acredita constituir 70% do Universo, al\u00e9m de acelerar sua expans\u00e3o. Essa energia escura pode levar as gal\u00e1xias a uma expans\u00e3o infinita, fazer com que elas entrem em colapso ou algo intermedi\u00e1rio &#8211; e os cosm\u00f3logos est\u00e3o ansiosos para diminuir as op\u00e7\u00f5es.\r\n<\/p><p>\r\n&#8220;[DESI] nos ajudar\u00e1 a procurar pistas sobre a natureza da energia escura&#8221;, disse Carlos Frenk, cosm\u00f3logo da Universidade de Durham, no Reino Unido, \u00e0 BBC.\r\n<\/p><p>\r\n&#8220;Tamb\u00e9m aprenderemos mais sobre a mat\u00e9ria escura e o papel que ela desempenha na forma como gal\u00e1xias como a Via L\u00e1ctea se formam e como o universo est\u00e1 evoluindo&#8221;.\r\n<\/p><p>\r\nO mapa 3D que j\u00e1 foi divulgado mostra que os cientistas n\u00e3o precisam esperar que o DESI termine seu trabalho para come\u00e7ar a se beneficiar de sua vis\u00e3o profunda do espa\u00e7o. Outra pesquisa aprimorada pelo DESI est\u00e1 explorando se as gal\u00e1xias menores t\u00eam ou n\u00e3o seus pr\u00f3prios buracos negros, como as gal\u00e1xias maiores.\r\n<\/p><p>\r\nA melhor maneira de detectar um buraco negro \u00e9 identificar o g\u00e1s, poeira e outros materiais que est\u00e3o sendo arrastados para ele, mas isso n\u00e3o \u00e9 f\u00e1cil de ver em gal\u00e1xias menores &#8211; algo que os dados de espectros de alta precis\u00e3o coletados pelo DESI devem ajudar.\r\n<\/p><p>\r\nDepois, h\u00e1 o estudo de quasares, gal\u00e1xias particularmente brilhantes alimentadas por buracos negros supermassivos, que atuam como sinalizadores de bilh\u00f5es de anos de hist\u00f3ria espacial. O DESI ser\u00e1 usado para testar uma hip\u00f3tese em torno dos quasares: que eles come\u00e7am cercados por um envelope de poeira que \u00e9 expelido com o passar do tempo.\r\n<\/p><p>\r\nAcredita-se que a quantidade de poeira ao redor de um quasar afeta a cor da luz que emite, o que o torna um trabalho perfeito para o DESI. O instrumento deve ser capaz de coletar informa\u00e7\u00f5es sobre cerca de 2,4 milh\u00f5es de quasares quando sua pesquisa for conclu\u00edda.\r\n<\/p><p>\r\n&#8220;DESI \u00e9 realmente \u00f3timo porque est\u00e1 captando objetos muito mais fracos e muito mais vermelhos&#8221;, diz a astr\u00f4noma Victoria Fawcett, da Universidade de Durham.\r\n<\/p><p>\r\n&#8220;Estamos encontrando muitos sistemas ex\u00f3ticos, incluindo grandes amostras de objetos raros que n\u00e3o pudemos estudar em detalhes antes.&#8221;\r\n<\/p><p>\r\nVoc\u00ea pode acompanhar as \u00faltimas not\u00edcias do Instrumento Espectrosc\u00f3pico de Energia Escura em sua p\u00e1gina inicial oficial.<\/p><p>\r\n<hr>\r\n\r\n<p style=\"text-align:right\"><em>Publicado em 15\/01\/2022 08h05<\/em><\/p>\r\n\r\n\r\n\r\n<p>Artigo original: <\/p>\r\n\r\n\r\n\r\n<ul><li><a href=\"https:\/\/www.sciencealert.com\/we-now-have-the-largest-and-most-detailed-3d-map-of-the-universe-ever-made\" target=\"_blank\">https:\/\/www.sciencealert.com\/we-now-have-the-largest-and-most-detailed-3d-map-of-the-universe-ever-made<\/a><\/li><\/ul>\r\n\r\n\r\n<p>Estudo original: <\/p>\r\n\r\n\r\n\r\n<ul><li><a href=\"https:\/\/newscenter.lbl.gov\/2022\/01\/13\/dark-energy-spectroscopic-instrument-desi-creates-largest-3d-map-of-the-cosmos\/\" target=\"_blank\">https:\/\/newscenter.lbl.gov\/2022\/01\/13\/dark-energy-spectroscopic-instrument-desi-creates-largest-3d-map-of-the-cosmos\/<\/a><\/li><\/ul>\r\n\r\n\r\n\r\n<hr class=\"wp-block-separator is-style-wide\"\/>\r\n\r\n<div style=\"position: buttonline;\"><iframe loading=\"lazy\" src=\"https:\/\/vendedoradesonhos.com.br\/rodape_sites.php?arg=18;16450\" frameborder=\"0\" height=\"420px\" width=\"100%\"><\/iframe><\/div>\r\n<div style=\"position: buttonline;\"><iframe loading=\"lazy\" src=\"https:\/\/vendedoradesonhos.com.br\/comentario_navegacao.php?arg=18;16450\" frameborder=\"0\" height=\"500px\" width=\"100%\"><\/iframe><\/div>\r\n<div style=\"position:absolute; width:40%; height:70px; top:-70px; left:0px;\"><iframe loading=\"lazy\" src=\"https:\/\/vendedoradesonhos.com.br\/oferta_site_esq.php?arg=18;16450\" frameborder=\"0\" height=\"100%\" width=\"100%\"><\/iframe><\/div>\r\n<div style=\"position:absolute; width:40%; height:70px; top:-70px; right:0px;\"><iframe loading=\"lazy\" src=\"https:\/\/vendedoradesonhos.com.br\/oferta_site_dir.php?arg=18;16450\" frameborder=\"0\" height=\"100%;\" width=\"100%\"><\/iframe><\/div>","protected":false},"excerpt":{"rendered":"<p>Uma &#8216;tomografia computadorizada&#8217; do Universo em mais de 5 bilh\u00f5es de anos-luz. (Dados de D. Schlegel\/Berkeley Lab\/DESI) O Instrumento Espectrosc\u00f3pico de Energia Escura (DESI), atualmente apontado para os c\u00e9us de sua casa no Telesc\u00f3pio Nicholas U. Mayall no Observat\u00f3rio Nacional Kitt Peak, no Arizona, tem a tarefa de mapear a expans\u00e3o do espa\u00e7o, investigar a &hellip; <\/p>\n<p class=\"link-more\"><a href=\"https:\/\/terrarara.com.br\/?page_id=16450\" class=\"more-link\">Continue lendo<span class=\"screen-reader-text\"> &#8220;D\u00ea uma olhada no maior e mais detalhado mapa 3D do universo j\u00e1 feito&#8221;<\/span><\/a><\/p>\n","protected":false},"author":1,"featured_media":0,"parent":1415,"menu_order":0,"comment_status":"closed","ping_status":"closed","template":"","meta":[],"_links":{"self":[{"href":"https:\/\/terrarara.com.br\/index.php?rest_route=\/wp\/v2\/pages\/16450"}],"collection":[{"href":"https:\/\/terrarara.com.br\/index.php?rest_route=\/wp\/v2\/pages"}],"about":[{"href":"https:\/\/terrarara.com.br\/index.php?rest_route=\/wp\/v2\/types\/page"}],"author":[{"embeddable":true,"href":"https:\/\/terrarara.com.br\/index.php?rest_route=\/wp\/v2\/users\/1"}],"replies":[{"embeddable":true,"href":"https:\/\/terrarara.com.br\/index.php?rest_route=%2Fwp%2Fv2%2Fcomments&post=16450"}],"version-history":[{"count":0,"href":"https:\/\/terrarara.com.br\/index.php?rest_route=\/wp\/v2\/pages\/16450\/revisions"}],"up":[{"embeddable":true,"href":"https:\/\/terrarara.com.br\/index.php?rest_route=\/wp\/v2\/pages\/1415"}],"wp:attachment":[{"href":"https:\/\/terrarara.com.br\/index.php?rest_route=%2Fwp%2Fv2%2Fmedia&parent=16450"}],"curies":[{"name":"wp","href":"https:\/\/api.w.org\/{rel}","templated":true}]}}