{"id":13310,"date":"2021-05-01T14:02:26","date_gmt":"2021-05-01T14:02:26","guid":{"rendered":"https:\/\/terrarara.com.br\/?page_id=13310"},"modified":"-0001-11-30T00:00:00","modified_gmt":"-0001-11-30T00:00:00","slug":"qual-e-a-aparencia-real-da-terra","status":"publish","type":"page","link":"https:\/\/terrarara.com.br\/?page_id=13310","title":{"rendered":"Qual \u00e9 a apar\u00eancia real da Terra?"},"content":{"rendered":"<div class=\"wp-block-image\"><figure><img src=\"https:\/\/images.squarespace-cdn.com\/content\/v1\/562652dbe4b05bbfdc596fd7\/1615641388981-VS4CS7KVPEX1AO5PAL8S\/ke17ZwdGBToddI8pDm48kNiEM88mrzHRsd1mQ3bxVct7gQa3H78H3Y0txjaiv_0fDoOvxcdMmMKkDsyUqMSsMWxHk725yiiHCCLfrh8O1z4YTzHvnKhyp6Da-NYroOW3ZGjoBKy3azqku80C789l0s0XaMNjCqAzRibjnE_wBlkZ2axuMlPfqFLWy-3Tjp4nKScCHg1XF4aLsQJlo6oYbA\/AS12-51-7526.jpg?format=1000w\" alt=\"\" style=\"width:100%\"><figcaption>Apresentado como a imagem da capa do novo livro de Toby Ord, The Precipice, este assombroso crescimento da terra em forma de crescente foi capturado por Richard Gordon na Apollo 12.<\/figcaption><\/figure><\/div><hr><\/p><p>\r\n<strong>Todo mundo sabe como \u00e9 o planeta Terra &#8230; certo? Ou n\u00e3o?&#8230;<\/strong>\r\n<\/p><p>\r\nDesde as primeiras fotos em preto e branco retornadas por foguetes de alta altitude ao fluxo di\u00e1rio de instant\u00e2neos tirados por astronautas na ISS, nenhuma realmente nos d\u00e1 uma imagem completa. Isso porque essas fotos foram todas tiradas muito perto. E quando espa\u00e7onaves distantes se viraram para tirar fotos da casa que deixaram para tr\u00e1s, seus resultados n\u00e3o s\u00e3o muito melhores. Essas fotos de todo o planeta consistem em muitas imagens separadas combinadas, tiradas com c\u00e2meras que n\u00e3o veem como o olho humano v\u00ea.\r\n<\/p><p>\r\nApenas um pequeno grupo de humanos j\u00e1 viu a Terra como ela realmente se apresenta: os astronautas da Apollo. Mas embora suas imagens estejam dispon\u00edveis publicamente, mesmo essas fotos n\u00e3o contam toda a hist\u00f3ria. As vers\u00f5es originais e retocadas que voc\u00ea encontrar\u00e1 na internet t\u00eam baixa resolu\u00e7\u00e3o, corre\u00e7\u00e3o de cor ruim e outros artefatos que prejudicam a verdadeira beleza do nosso planeta.\r\n<\/p><p>\r\n<video autoplay controls=\"controls\"><source src=\"http:\/\/terrarara.com.br\/img\/upload\/Apollo8.mp4\" type=\"video\/mp4\"><\/video>\r\n<\/p><p>\r\n<b>Uma vis\u00e3o atualizada<\/b>\r\n<\/p><p>\r\nToby Ord, Pesquisador S\u00eanior em Filosofia da Universidade de Oxford no Reino Unido, mudou isso. Enquanto pesquisava imagens para a capa de seu novo livro, The Precipice, Ord foi em busca de fotos de alta qualidade da Terra &#8211; mas n\u00e3o conseguiu. Ent\u00e3o, ele procurou scans do filme Apollo original (que est\u00e1 armazenado em um freezer dentro de uma geladeira maior no Johnson Space Center em Houston, Texas). Essas varreduras brutas, conta Ord em seu site, n\u00e3o eram muito melhores &#8211; mal expostas, arranhadas e repletas de outras falhas.\r\n<\/p><p>\r\nOrd tentou sua pr\u00f3pria restaura\u00e7\u00e3o. Ele ajustou o branco do nosso planeta e o preto do espa\u00e7o para que ambos parecessem fi\u00e9is \u00e0 realidade. Ele tamb\u00e9m removeu manualmente marcas como poeira, arranh\u00f5es e ret\u00edculos. Tudo isso foi feito, ele escreve, guiado por dois princ\u00edpios: ser verdadeiro com as fotografias e ser verdadeiro com a Terra.\r\n<\/p><p>\r\n&#8220;O maior desafio foi acertar as cores, j\u00e1 que poucas pessoas viram isso com os pr\u00f3prios olhos&#8221;, diz Ord \u00e0 Astronomy. &#8220;A Terra \u00e9 tantas vezes retratada com azuis e verdes v\u00edvidos que demorei muito para confiar nas evid\u00eancias das pr\u00f3prias fotos e preservar as cores reais do nosso planeta visto do espa\u00e7o &#8211; azul, branco e marrom, at\u00e9 mesmo com o a maioria da vegeta\u00e7\u00e3o exuberante mostrando apenas um toque de verde. &#8221;\r\n<\/p><p>\r\nDepois de muitas longas noites de trabalho, os resultados s\u00e3o impressionantes. Abaixo est\u00e1 uma amostra das imagens totalmente restauradas de Ord de toda a Terra, recolhidas a partir de mais de 18.000 fotos originais da Apollo.\r\n<\/p><p>\r\n<div class=\"wp-block-image\"><figure><img src=\"https:\/\/astronomy.com\/-\/media\/Images\/News%20and%20Observing\/News\/2021\/04\/Toby%20Ord\/AS04010550.jpg?mw=1000&#038;mh=800\" alt=\"\" style=\"width:100%\"><figcaption><b>Apollo 4<\/b><\/p><p>\r\nUma vista deslumbrante da crescente Terra. Uma das primeiras fotografias de toda a Terra vista do espa\u00e7o e uma das mais belas. Foi tirada na v\u00e9spera da famosa fotografia que adornava o Cat\u00e1logo da Terra Inteira (pelo sat\u00e9lite ATS-III) e apenas um dia depois da primeira fotografia colorida de toda a Terra (tamb\u00e9m pela ATS-III). Atrav\u00e9s das nuvens, vemos uma fatia do Oceano Atl\u00e2ntico. A \u00c1frica estaria no centro de nossa vis\u00e3o, mas est\u00e1 na escurid\u00e3o. A foto foi tirada por uma c\u00e2mera autom\u00e1tica a bordo da miss\u00e3o Apollo 4 n\u00e3o tripulada &#8211; o primeiro v\u00f4o do foguete Saturn V. \u00c9 de uma dist\u00e2ncia de 11.200 milhas (18.000 km) (5 por cento do caminho at\u00e9 a Lua), perto do apogeu do v\u00f4o. \u00c9 a \u00fanica imagem nesta cole\u00e7\u00e3o que n\u00e3o foi tirada com uma c\u00e2mera Hasselblad e n\u00e3o foi tirada por m\u00e3os humanas.<\/p><p>\r\nNASA e Toby Ord<\/figcaption><\/figure><\/div><hr>\r\n<\/p><p>\r\n<div class=\"wp-block-image\"><figure><img src=\"https:\/\/astronomy.com\/-\/media\/Images\/News%20and%20Observing\/News\/2021\/04\/Toby%20Ord\/AS147610348.jpg?mw=1000&#038;mh=800\" alt=\"\" style=\"width:100%\"><figcaption><b>Apollo 14<\/b><\/p><p>\r\nUma crescente Terra, brilhando em meio aos reflexos da janela do M\u00f3dulo de Comando. Levado pela tripula\u00e7\u00e3o da Apollo 14 a caminho de casa.<\/p><p>\r\n&#8220;Eventualmente, devemos deixar a Terra &#8211; pelo menos um certo n\u00famero de nossa descend\u00eancia deve quando nosso Sol se aproxima do final de seu ciclo de vida solar. Mas assim como os exploradores terrestres sempre lideraram o caminho para os colonos, isso tamb\u00e9m acontecer\u00e1 de forma extraterrestre. A Terra \u00e9 nosso ber\u00e7o, n\u00e3o nosso destino final.&#8221; &#8211; Edgar Mitchell, Apollo 14<\/p><p>\r\nNASA e Toby Ord<\/figcaption><\/figure><\/div><hr>\r\n<\/p><p>\r\n<div class=\"wp-block-image\"><figure><img src=\"https:\/\/astronomy.com\/-\/media\/Images\/News%20and%20Observing\/News\/2021\/04\/Toby%20Ord\/AS08162593.jpg?mw=1000&#038;mh=800\" alt=\"\" style=\"width:100%\"><figcaption><b>Apollo 8<\/b><\/p><p>\r\nNo momento em que os humanos viram pela primeira vez toda a Terra com seus pr\u00f3prios olhos. Flutuando no espa\u00e7o, a tripula\u00e7\u00e3o da Apollo 8 viu a Terra neste \u00e2ngulo inesperado, com o Norte no canto inferior esquerdo. Ela foi tirada no caminho para a Lua, a uma dist\u00e2ncia de 16.800 milhas (27.000 km).<\/p><p>\r\nJim Lovell: &#8220;Rapaz, \u00e9 realmente dif\u00edcil descrever como \u00e9 esta Terra. Estou olhando pela minha janela central, que \u00e9 uma janela redonda, e a janela \u00e9 maior do que a terra agora. Posso ver claramente o terminador. Posso ver a maior parte da Am\u00e9rica do Sul, at\u00e9 a Am\u00e9rica Central, Yucatan e a pen\u00ednsula da Fl\u00f3rida. H\u00e1 um grande movimento girat\u00f3rio pr\u00f3ximo \u00e0 costa leste e, em seguida, indo em dire\u00e7\u00e3o ao leste, ainda posso ver a \u00c1frica Ocidental, que tem algumas nuvens no momento. Podemos ver todo o caminho at\u00e9 o Cabo Horn, na Am\u00e9rica do Sul.&#8221;<\/p><p>\r\nMichael Collins: &#8220;Meu Deus, deve ser uma vis\u00e3o e tanto.&#8221;<\/p><p>\r\nNASA e Toby Ord<\/figcaption><\/figure><\/div><hr>\r\n<\/p><p>\r\n<div class=\"wp-block-image\"><figure><img src=\"https:\/\/astronomy.com\/-\/media\/Images\/News%20and%20Observing\/News\/2021\/04\/Toby%20Ord\/AS11375434.jpg?mw=1000&#038;mh=800\" alt=\"\" style=\"width:100%\"><figcaption><b>Apollo 11<\/b><\/p><p>\r\nUma vis\u00e3o da Terra do M\u00f3dulo Lunar antes de se separar e descer para a superf\u00edcie lunar. Lido por Buzz Aldrin. A transcri\u00e7\u00e3o revela que Aldrin n\u00e3o estava satisfeito com a fotografia: &#8220;Eu vejo a Terra, mas \u00e9 uma imagem p\u00e9ssima. ? Eu abaixei a Terra pelo suporte.&#8221;<\/p><p>\r\nNo entanto, o M\u00f3dulo Lunar, banhado por uma luz fantasmag\u00f3rica, pronto para fazer hist\u00f3ria, nos d\u00e1 muito mais da sensa\u00e7\u00e3o de estar l\u00e1 do que uma imagem n\u00e3o obscurecida jamais poderia.<\/figcaption><\/figure><\/div><hr>\r\n<\/p><p>\r\n<div class=\"wp-block-image\"><figure><img src=\"https:\/\/astronomy.com\/-\/media\/Images\/News%20and%20Observing\/News\/2021\/04\/Toby%20Ord\/AS11446692.jpg?mw=800\" alt=\"\" style=\"width:100%\"><figcaption><b>Apollo 11<\/b><\/p><p>\r\nLevado pela tripula\u00e7\u00e3o da Apollo 11 a caminho de casa. Nesta imagem, o Norte est\u00e1 abaixo. Perto do centro est\u00e1 o extremo sul da \u00c1frica, apontando para cima. A luz do sol reflete em p\u00e2ntanos e rios.<\/figcaption><\/figure><\/div><hr>\r\n<\/p><p>\r\n<div class=\"wp-block-image\"><figure><img src=\"https:\/\/astronomy.com\/-\/media\/Images\/News%20and%20Observing\/News\/2021\/04\/Toby%20Ord\/AS12507351.jpg?mw=1000&#038;mh=800\" alt=\"\" style=\"width:100%\"><figcaption><b>Apollo 12<\/b><\/p><p>\r\nUma fotografia subexposta de uma meia-Terra pendurada no vazio. Olhando de perto, podemos ver as Am\u00e9ricas sob as nuvens. Foi levado pela tripula\u00e7\u00e3o da Apollo 12 logo ap\u00f3s deixar a Terra.<\/figcaption><\/figure><\/div><hr>\r\n<\/p><p>\r\n<div class=\"wp-block-image\"><figure><img src=\"https:\/\/astronomy.com\/-\/media\/Images\/News%20and%20Observing\/News\/2021\/04\/Toby%20Ord\/AS12517527.jpg?mw=1000&#038;mh=800\" alt=\"\" style=\"width:100%\"><figcaption><b>Apollo 12<\/b><\/p><p>\r\nA imagem favorita de Ord e a capa de The Precipice: A assustadora crescente ascens\u00e3o da terra. Foi levado por Richard Gordon, sozinho a bordo do M\u00f3dulo de Comando enquanto os outros estavam na superf\u00edcie lunar. Sob as nuvens est\u00e1 o Oceano \u00cdndico.<\/figcaption><\/figure><\/div><hr>\r\n<\/p><p>\r\n<div class=\"wp-block-image\"><figure><img src=\"https:\/\/astronomy.com\/-\/media\/Images\/News%20and%20Observing\/News\/2021\/04\/Toby%20Ord\/AS12517581.jpg?mw=800\" alt=\"\" style=\"width:100%\"><figcaption><b>Apollo 12<\/b><\/p><p>\r\nUma estreita lua crescente, levada pela tripula\u00e7\u00e3o da Apollo 12 a caminho de casa. O norte est\u00e1 em cima. Uma fatia do Oceano Pac\u00edfico \u00e9 vis\u00edvel, com nuvens mostrando o rosa e o laranja do p\u00f4r do sol.<\/figcaption><\/figure><\/div><hr>\r\n<\/p><p>\r\n<div class=\"wp-block-image\"><figure><img src=\"https:\/\/astronomy.com\/-\/media\/Images\/News%20and%20Observing\/News\/2021\/04\/Toby%20Ord\/AS13608592.jpg?mw=1000&#038;mh=800\" alt=\"\" style=\"width:100%\"><figcaption><b>Apollo 13<\/b><\/p><p>\r\nUm estudo em azul e branco. Podemos ver metade da Terra, com gelo no \u00c1rtico e nuvens no Pac\u00edfico. Levado pela tripula\u00e7\u00e3o da Apollo 13 quando eles deixaram a Terra em sua jornada malfadada para a lua. Isso foi dois dias antes da explos\u00e3o.<\/figcaption><\/figure><\/div><hr>\r\n<\/p><p>\r\n<div class=\"wp-block-image\"><figure><img src=\"https:\/\/astronomy.com\/-\/media\/Images\/News%20and%20Observing\/News\/2021\/04\/Toby%20Ord\/AS13598492.jpg?mw=1000&#038;mh=800\" alt=\"\" style=\"width:100%\"><figcaption><b>Apollo 13<\/b><\/p><p>\r\nUma imagem assustadora de uma lua crescente cercada por reflexos do M\u00f3dulo Lunar, onde a tripula\u00e7\u00e3o da Apollo 13 estava se abrigando desde o acidente. Partes da \u00c1sia e do Oceano \u00cdndico podem ser vistas no que \u00e9 quase indistingu\u00edvel de uma lua crescente. Eles estavam a 50.000 milhas (80.000 km) e sete horas de dist\u00e2ncia da seguran\u00e7a.<\/figcaption><\/figure><\/div><hr>\r\n<\/p><p>\r\n<div class=\"wp-block-image\"><figure><img src=\"https:\/\/astronomy.com\/-\/media\/Images\/News%20and%20Observing\/News\/2021\/04\/Toby%20Ord\/AS147610348.jpg?mw=1000&#038;mh=800\" alt=\"\" style=\"width:100%\"><figcaption><b>Apollo 14<\/b><\/p><p>\r\nUma crescente Terra, brilhando em meio aos reflexos da janela do M\u00f3dulo de Comando. Levado pela tripula\u00e7\u00e3o da Apollo 14 a caminho de casa.\r\n<\/p><p>\r\n&#8220;Eventualmente, devemos deixar a Terra &#8211; pelo menos um certo n\u00famero de nossa descend\u00eancia deve quando nosso Sol se aproxima do final de seu ciclo de vida solar. Mas assim como os exploradores terrestres sempre lideraram o caminho para os colonos, isso tamb\u00e9m acontecer\u00e1 de forma extraterrestre. A Terra \u00e9 nosso ber\u00e7o, n\u00e3o nosso destino final. &#8221; &#8211; Edgar Mitchell, Apollo 14<\/figcaption><\/figure><\/div><hr>\r\n<\/p><p>\r\n<div class=\"wp-block-image\"><figure><img src=\"https:\/\/astronomy.com\/-\/media\/Images\/News%20and%20Observing\/News\/2021\/04\/Toby%20Ord\/AS159713269.jpg?mw=1000&#038;mh=800\" alt=\"\" style=\"width:100%\"><figcaption><b>Apollo 15<\/b><\/p><p>\r\nEarthrise da Apollo 15. N\u00e3o \u00e9 imediatamente \u00f3bvio, mas esta fotografia \u00e9 colorida. Ela foi tirada nesta orienta\u00e7\u00e3o incomum, com a superf\u00edcie lunar no topo e uma fina lua crescente pendurada abaixo. O norte est\u00e1 no canto superior esquerdo. Alfred Worden, que tirou esta foto, ficou profundamente comovido com o tempo que passou sozinho em \u00f3rbita ao redor da Lua durante a Apollo 15.\r\n<\/p><p>\r\nDepois de retornar \u00e0 Terra, ele escreveu as seguintes linhas: Calmamente, como um p\u00e1ssaro noturno, flutuando, subindo, sem asas N\u00f3s planamos de uma costa a outra, curvando-nos e caindo, mas n\u00e3o exatamente nos tocando; Terra: uma mem\u00f3ria distante vista em um instante de repouso, em forma de meia-lua, et\u00e9rea, linda, me pergunto que parte \u00e9 minha casa, mas sei que n\u00e3o importa &#8230; o v\u00ednculo est\u00e1 l\u00e1 na minha mente e na minha mem\u00f3ria; Terra: um pequeno bal\u00e3o borbulhante pendurado delicadamente no nada do espa\u00e7o.<\/figcaption><\/figure><\/div><hr>\r\n<\/p><p>\r\n<div class=\"wp-block-image\"><figure><img src=\"https:\/\/astronomy.com\/-\/media\/Images\/News%20and%20Observing\/News\/2021\/04\/Toby%20Ord\/AS1714822727.jpg?mw=1000&#038;mh=800\" alt=\"\" style=\"width:100%\"><figcaption>Apollo 17 &#8211; O M\u00e1rmore Azul<\/p><p>\r\nUma das fotos mais famosas j\u00e1 tiradas. A tripula\u00e7\u00e3o da Apollo 17 capturou esta imagem da Terra cinco horas ap\u00f3s a decolagem &#8211; 18.000 milhas (29.000 km) em sua jornada para a lua. Esta miss\u00e3o final da Apollo teve uma trajet\u00f3ria \u00fanica. Ele passou quase diretamente entre a Terra e o Sol, permitindo uma fotografia mostrando uma quase &#8220;Terra inteira&#8221;. Apenas uma pequena lasca (\u00e0 direita) ainda est\u00e1 na escurid\u00e3o. Pode-se tra\u00e7ar o equador por seu anel de nuvens, dando \u00e0 imagem uma sensa\u00e7\u00e3o de profundidade.\r\n<\/p><p>\r\nEugene Cernan: &#8220;E suponho que estamos vendo a Terra 100% cheia como jamais veremos; certamente como eu j\u00e1 vi. ? \u00c9 cerca de 99% puro. Bob, s\u00e3o esses tipos de vis\u00e3o que ficar\u00e3o com voc\u00ea para sempre. &#8221;\r\n<\/p><p>\r\nJack Schmitt: &#8220;Eu vou te dizer, se j\u00e1 houve um peda\u00e7o de azul de apar\u00eancia fr\u00e1gil no espa\u00e7o, \u00e9 a Terra agora.&#8221;<\/figcaption><\/figure><\/div><hr>\r\n<\/p><p>\r\n<\/p><p>\r\n<div class=\"wp-block-image\"><figure><img src=\"https:\/\/astronomy.com\/-\/media\/Images\/News%20and%20Observing\/News\/2021\/04\/Toby%20Ord\/AS1715223420.jpg?mw=1000&#038;mh=800\" alt=\"\" style=\"width:100%\"><figcaption><b>Apollo 17<\/b><\/p><p>\r\nA \u00faltima fotografia de toda a Terra tirada por m\u00e3os humanas. Pelo menos por enquanto. Ele foi capturado pela tripula\u00e7\u00e3o da Apollo 17 quando eles voltaram para casa.\r\n<\/p><p>\r\n&#8220;Voc\u00ea tem que literalmente se beliscar e se perguntar, silenciosamente: Voc\u00ea sabe onde est\u00e1 neste ponto no tempo e no espa\u00e7o, e na realidade e na exist\u00eancia, quando pode olhar pela janela e est\u00e1 olhando para a estrela mais linda do c\u00e9u &#8211; a mais linda porque \u00e9 aquela que entendemos e conhecemos, \u00e9 o lar, \u00e9 as pessoas, a fam\u00edlia, o amor, a vida &#8211; e al\u00e9m disso \u00e9 linda. Voc\u00ea pode ver de p\u00f3lo a p\u00f3lo e atrav\u00e9s dos oceanos e continentes e voc\u00ea pode v\u00ea-lo girar e n\u00e3o h\u00e1 cordas segurando-o, e ele est\u00e1 se movendo em uma escurid\u00e3o que est\u00e1 quase al\u00e9m da concep\u00e7\u00e3o. &#8221; &#8211; Eugene Cernan, Apollo 10 e 17<\/figcaption><\/figure><\/div><hr>\r\n<\/p><p>\r\n<b>N\u00e3o mais esquecido<\/b>\r\n<\/p><p>\r\nO favorito de Ord \u00e9 o levantamento da terra feito pela Apollo 12, tamb\u00e9m apresentado na capa de The Precipice. &#8220;O original foi terrivelmente superexposto e, portanto, esquecido pela hist\u00f3ria&#8221;, diz ele. &#8220;Mas assim que corrigi a exposi\u00e7\u00e3o, vi a majestade da cena, com o crescente radiante da Terra erguendo-se acima das ru\u00ednas lunares.&#8221;\r\n<\/p><p>\r\n&#8220;Fiquei emocionado por poder us\u00e1-lo na capa de The Precipice&#8221;, acrescenta. O livro, agora dispon\u00edvel, examina os tempos particularmente prec\u00e1rios que n\u00f3s, como humanos, habitamos atualmente, onde a aquisi\u00e7\u00e3o de poder muitas vezes supera a de sabedoria.\r\n<\/p><p>\r\nO levantamento \u00fanico da Terra testemunhado pelos astronautas da Apollo 12, diz Ord, \u00e9 &#8220;uma vis\u00e3o perfeita da fragilidade de nosso tempo&#8221;.<\/p><p>\r\n<hr>\r\n\r\n<p style=\"text-align:right\"><em>Publicado em 01\/05\/2021 14h02<\/em><\/p>\r\n\r\n\r\n\r\n<p>Artigo original: <\/p>\r\n\r\n\r\n\r\n<ul><li><a href=\"https:\/\/astronomy.com\/news\/2021\/04\/what-does-earth-really-look-like\" target=\"_blank\">https:\/\/astronomy.com\/news\/2021\/04\/what-does-earth-really-look-like<\/a><\/li><\/ul>\r\n\r\n\r\n<p>Estudo original: <\/p>\r\n\r\n\r\n\r\n<ul><li><a href=\"http:\/\/www.tobyord.com\/earth\" target=\"_blank\">http:\/\/www.tobyord.com\/earth<\/a><\/li><\/ul>\r\n\r\n\r\n\r\n<hr class=\"wp-block-separator is-style-wide\"\/>\r\n\r\n\r\n<div style=\"position: buttonline;\"><iframe loading=\"lazy\" src=\"https:\/\/vendedoradesonhos.com.br\/rodape_sites.php?arg=18;13310\" frameborder=\"0\" height=\"420px\" width=\"100%\"><\/iframe><\/div>\r\n<div style=\"position: buttonline;\"><iframe loading=\"lazy\" src=\"https:\/\/vendedoradesonhos.com.br\/comentario_navegacao.php?arg=18;13310\" frameborder=\"0\" height=\"500px\" width=\"100%\"><\/iframe><\/div>\r\n<!-- curtir \/ comentar precisa estar logado -->\r\n<div style=\"position:absolute; width:40%; height:70px; top:-70px; left:0px;\"><iframe loading=\"lazy\" src=\"https:\/\/vendedoradesonhos.com.br\/oferta_site_esq.php?arg=18;13310\" frameborder=\"0\" height=\"100%\" width=\"100%\"><\/iframe><\/div>\r\n<div style=\"position:absolute; width:40%; height:70px; top:-70px; right:0px;\"><iframe loading=\"lazy\" src=\"https:\/\/vendedoradesonhos.com.br\/oferta_site_dir.php?arg=18;13310\" frameborder=\"0\" height=\"100%;\" width=\"100%\"><\/iframe><\/div>","protected":false},"excerpt":{"rendered":"<p>Apresentado como a imagem da capa do novo livro de Toby Ord, The Precipice, este assombroso crescimento da terra em forma de crescente foi capturado por Richard Gordon na Apollo 12. Todo mundo sabe como \u00e9 o planeta Terra &#8230; certo? Ou n\u00e3o?&#8230; Desde as primeiras fotos em preto e branco retornadas por foguetes de &hellip; <\/p>\n<p class=\"link-more\"><a href=\"https:\/\/terrarara.com.br\/?page_id=13310\" class=\"more-link\">Continue lendo<span class=\"screen-reader-text\"> &#8220;Qual \u00e9 a apar\u00eancia real da Terra?&#8221;<\/span><\/a><\/p>\n","protected":false},"author":1,"featured_media":0,"parent":9630,"menu_order":0,"comment_status":"closed","ping_status":"closed","template":"","meta":[],"_links":{"self":[{"href":"https:\/\/terrarara.com.br\/index.php?rest_route=\/wp\/v2\/pages\/13310"}],"collection":[{"href":"https:\/\/terrarara.com.br\/index.php?rest_route=\/wp\/v2\/pages"}],"about":[{"href":"https:\/\/terrarara.com.br\/index.php?rest_route=\/wp\/v2\/types\/page"}],"author":[{"embeddable":true,"href":"https:\/\/terrarara.com.br\/index.php?rest_route=\/wp\/v2\/users\/1"}],"replies":[{"embeddable":true,"href":"https:\/\/terrarara.com.br\/index.php?rest_route=%2Fwp%2Fv2%2Fcomments&post=13310"}],"version-history":[{"count":0,"href":"https:\/\/terrarara.com.br\/index.php?rest_route=\/wp\/v2\/pages\/13310\/revisions"}],"up":[{"embeddable":true,"href":"https:\/\/terrarara.com.br\/index.php?rest_route=\/wp\/v2\/pages\/9630"}],"wp:attachment":[{"href":"https:\/\/terrarara.com.br\/index.php?rest_route=%2Fwp%2Fv2%2Fmedia&parent=13310"}],"curies":[{"name":"wp","href":"https:\/\/api.w.org\/{rel}","templated":true}]}}