{"id":10175,"date":"2020-07-07T18:58:16","date_gmt":"2020-07-07T18:58:16","guid":{"rendered":"https:\/\/terrarara.com.br\/?page_id=10175"},"modified":"-0001-11-30T00:00:00","modified_gmt":"-0001-11-30T00:00:00","slug":"escorpioes-do-mar-gigantescos-alguns-maiores-que-os-humanos-cacados-em-oceanos-antigos","status":"publish","type":"page","link":"https:\/\/terrarara.com.br\/?page_id=10175","title":{"rendered":"Escorpi\u00f5es-do-mar gigantescos, alguns maiores que os humanos, ca\u00e7ados em oceanos antigos"},"content":{"rendered":"<div class=\"wp-block-image\"><figure><img src=\"https:\/\/www.sciencealert.com\/images\/2020-07\/processed\/GiantPrehistoricAussieScorpions_1024.jpg\" alt=\"\" style=\"width:100%\"><figcaption>Reconstru\u00e7\u00e3o paleoartista de Eurypterus. (Dimitris Siskopoulos \/ Wikimedia \/ CC BY-SA)<\/figcaption><\/figure><\/div><hr><\/p><p>\r\n<strong>Vamos voltar as m\u00e3os do tempo. Antes da extin\u00e7\u00e3o derrubar os dinossauros do pedestal e antes da extin\u00e7\u00e3o do &#8220;Grande Morte&#8221; exterminar 95% de todos os organismos &#8211; tivemos a Era Paleoz\u00f3ica.<\/strong><\/p><p>\r\nDurante essa era na hist\u00f3ria da Terra, entre 541 e 252 milh\u00f5es de anos atr\u00e1s, os artr\u00f3podes (animais com exoesqueletos como insetos, crust\u00e1ceos, escorpi\u00f5es e caranguejos em ferradura) estavam explorando os extremos de tamanho, do pequeno ao enorme.\r\n<\/p><p>\r\nDe fato, alguns artr\u00f3podes paleoz\u00f3icos representam os maiores animais da Terra na \u00e9poca. Se voc\u00ea fosse nadar nos oceanos paleoz\u00f3icos, pode ter tido a sorte (ou infelicidade) de encontrar um dos mais tem\u00edveis desses artr\u00f3podes extintos: os escorpi\u00f5es do mar, Eurypterida.\r\n<\/p><p>\r\nNossa nova pesquisa, publicada na Gondwana Research, \u00e9 a cole\u00e7\u00e3o mais abrangente de informa\u00e7\u00f5es sobre essas criaturas fascinantes que outrora vagavam pelas \u00e1guas australianas.\r\n<\/p><p>\r\n<div class=\"wp-block-image\"><figure><img src=\"https:\/\/www.sciencealert.com\/images\/2020-07\/file-20200701-54152-1cab3hl1.jpg\" alt=\"\" style=\"width:100%\"><figcaption>Eurypterus, com 400 milh\u00f5es de anos, elimina f\u00f3sseis. (H. Zell \/ Wikimedia \/ CC BY-SA)<\/figcaption><\/figure><\/div>\r\n<\/p><p>\r\n<b>Uma vis\u00e3o para contemplar<\/b>\r\n<\/p><p>\r\nEmbora Eurypterida parecesse amplamente escorpi\u00f5es (com uma forma corporal semelhante, embora constru\u00edda para nadar), eles n\u00e3o eram. Eles eram mais parecidos com os primos dos escorpi\u00f5es modernos.\r\n<\/p><p>\r\nUma parte excepcional da hist\u00f3ria evolutiva dos escorpi\u00f5es-do-mar \u00e9 como eles se encaixam na narrativa do gigantismo paleoz\u00f3ico.\r\n<\/p><p>\r\nOs escorpi\u00f5es-do-mar incluem os maiores predadores marinhos que j\u00e1 surgiram no registro f\u00f3ssil, incluindo uma esp\u00e9cie que se pensa ter mais de 2,5 metros de comprimento, Jaekelopterus rhenaniae. Naquela \u00e9poca, alguns desses gigantes estavam efetivamente no mesmo lugar em sua cadeia alimentar que o grande tubar\u00e3o branco moderno.\r\n<\/p><p>\r\nEsses prov\u00e1veis nadadores \u00e1geis teriam usado seus grandes membros da frente, armados com garras, para agarrar suas presas, que depois esmagariam entre as estruturas parecidas com os dentes das pernas (chamadas espinhos gnathob\u00e1sicos).\r\n<\/p><p>\r\nEmbora n\u00e3o tenhamos certeza do que exatamente esses animais grandes comeram, \u00e9 prov\u00e1vel que peixes e artr\u00f3podes menores estivessem no menu. E se os humanos estivessem nadando no mar, talvez n\u00f3s tamb\u00e9m!\r\n<\/p><p>\r\n<div class=\"wp-block-image\"><figure><img src=\"https:\/\/www.sciencealert.com\/images\/2020-07\/file-20200701-54182-25jcmp1.jpg\" alt=\"\" style=\"width:100%\"><figcaption>O tamanho dos maiores escorpi\u00f5es do mar extintos, em rela\u00e7\u00e3o a um humano. (Slate Weasel \/ Wikimedia \/ Modificado)<\/figcaption><\/figure><\/div>\r\n<\/p><p>\r\n<b>Uma hist\u00f3ria fascinante (mas obscura)<\/b>\r\n<\/p><p>\r\nA Austr\u00e1lia \u00e9 famosa por sua variedade de animais curiosos, incluindo esp\u00e9cies modernas \u00fanicas, como o ornitorrinco. E essa singularidade se estende at\u00e9 o registro f\u00f3ssil, com os escorpi\u00f5es do mar sendo um exemplo disso.\r\n<\/p><p>\r\nMas o registro cient\u00edfico e o estudo dos escorpi\u00f5es-do-mar australianos t\u00eam sido irregulares. O primeiro esp\u00e9cime documentado, publicado em 1899, consistia em uma se\u00e7\u00e3o de exoesqueleto fragmentada encontrada em Melbourne.\r\n<\/p><p>\r\nAntes de nossa nova pesquisa examinar a abrang\u00eancia do grupo na Austr\u00e1lia, havia cerca de dez registros &#8211; e apenas uma outra tentativa de reunir tudo. Como tal, a diversidade e dissemina\u00e7\u00e3o desses f\u00f3sseis era bastante incerta.\r\n<\/p><p>\r\nPara n\u00f3s, revisitar esses f\u00f3sseis surpreendentes resultou em algumas viagens a diferentes museus australianos. Tamb\u00e9m recebemos amostras da Universidade da Nova Inglaterra para examinar pessoalmente.\r\n<\/p><p>\r\nEssa jornada de descoberta paleontol\u00f3gica descobriu muitos f\u00f3sseis de escorpi\u00f5es-do-mar do que nunca havia sido observado anteriormente. Como resultado, agora temos evid\u00eancias de seis poss\u00edveis grupos diferentes que existiam na Austr\u00e1lia.\r\n<\/p><p>\r\nReunindo esses esp\u00e9cimes em nossa publica\u00e7\u00e3o mais recente, ilustramos os Pterygotidae (a fam\u00edlia de escorpi\u00f5es-do-mar que atingiram 2,5 metros de comprimento) dominando o registro f\u00f3ssil australiano do grupo. Embora isso tenha sido observado antes, a abund\u00e2ncia de material de diferentes locais e per\u00edodos de tempo, especialmente de Victoria, foi inesperada.\r\n<\/p><p>\r\n<div class=\"wp-block-image\"><figure><img src=\"https:\/\/www.sciencealert.com\/images\/2020-07\/file-20200701-54156-12n14c1.jpg\" alt=\"\" style=\"width:100%\"><figcaption>Exemplos e linha do tempo de escorpi\u00f5es do mar Pterygotidae em azul e Adelophthalmidae em laranja. (Bricknell et al., Pesquisador Gondwana, 2020)<\/figcaption><\/figure><\/div>\r\n<\/p><p>\r\n<b>Voltar \u00e0 fonte<\/b>\r\n<\/p><p>\r\nAl\u00e9m de apresentar o maior n\u00famero de escorpi\u00f5es do mar australianos, nosso artigo tamb\u00e9m descreve a falta geral de informa\u00e7\u00f5es sobre esses animais.\r\n<\/p><p>\r\nApesar de haver muito material fragmentado, existe apenas uma amostra (principalmente) completa, Adelophthalmus waterstoni, medindo apenas 5,7 cm de comprimento.\r\n<\/p><p>\r\nPesquisas futuras envolver\u00e3o revisitar os locais onde essas amostras foram originalmente coletadas, na esperan\u00e7a de encontrar amostras mais completas. Isso n\u00e3o apenas ajudar\u00e1 a documentar melhor as esp\u00e9cies de escorpi\u00f5es marinhos da Austr\u00e1lia, como tamb\u00e9m permitir\u00e1 uma compreens\u00e3o mais completa dos ambientes em que viviam.\r\n<\/p><p>\r\nPor fim, uma coisa \u00e9 clara &#8211; ainda h\u00e1 muito a descobrir sobre esses tit\u00e3s que nadaram pelos oceanos pr\u00e9-hist\u00f3ricos da Austr\u00e1lia.<\/p><p>\r\n<hr>\r\n\r\n<p style=\"text-align:right\"><em>Publicado em 07\/07\/2020 18h58<\/em><\/p>\r\n\r\n\r\n\r\n<p>Artigo original: <\/p>\r\n\r\n\r\n\r\n<ul><li><a href=\"https:\/\/www.sciencealert.com\/massive-scorpions-some-larger-than-humans-once-swum-australia-s-prehistoric-waters\" target=\"_blank\">https:\/\/www.sciencealert.com\/massive-scorpions-some-larger-than-humans-once-swum-australia-s-prehistoric-waters<\/a><\/li><\/ul>\r\n\r\n\r\n<p>Estudo original: <\/p>\r\n\r\n\r\n\r\n<ul><li><a href=\"https:\/\/theconversation.com\/giant-sea-scorpions-were-the-underwater-titans-of-prehistoric-australia-141290\" target=\"_blank\">https:\/\/theconversation.com\/giant-sea-scorpions-were-the-underwater-titans-of-prehistoric-australia-141290<\/a><\/li><\/ul>\r\n\r\n\r\n\r\n<hr class=\"wp-block-separator is-style-wide\"\/>\r\n\r\n\r\n\r\n<p>Achou importante? Compartilhe!<\/p>\r\n\r\n\r\n<div width=\"100%\" style=\"text-align:right;\">\r\n<a href=\"http:\/\/www.facebook.com\/sharer.php?u=https:\/\/terrarara.com.br\/?page_id=10175\" onclick=\"window.open(this.href, 'mywin','left=50,top=50,width=600,height=350,toolbar=0'); return false;\" data-wpel-link=\"exclude\"><img src=\"https:\/\/terrarara.com.br\/cp_fc.png\"><\/a>\r\n<a href=\"https:\/\/twitter.com\/intent\/tweet?text=Escorpi\u00f5es-do-mar gigantescos, alguns maiores que os humanos, ca\u00e7ados em oceanos antigos&#038;url=https:\/\/terrarara.com.br\/?page_id=10175\" target=\"_blank\" rel=\"noopener noreferrer\"><img src=\"https:\/\/terrarara.com.br\/cp_tw.png\"><\/a>\r\n<\/div><hr>\r\n<p>Assine nossa newsletter e fique informado sobre Astrof\u00edsica, Biof\u00edsica, Geof\u00edsica e outras \u00e1reas. Preencha seu e-mail no espa\u00e7o abaixo e clique em &#8220;OK&#8221;:<\/p>\r\n<div><form action=\"http:\/\/jagsystem.com\/grava_assinante_sem_sessao.php\" name=\"form_news\" method=\"post\">\r\n<input type=\"text\" name=\"email\"><input type=\"hidden\" name=\"origem\" value=\"israel\"><input type=\"hidden\" name=\"cd_publicacao\" value=\"2\"><input name=\"retorno\" type=\"hidden\" value=\"https:\/\/terrarara.com.br\/?page_id=10175\"><input name=\"submit2\" type=\"submit\" id=\"submit2\" class=\"submit\" value=\"OK\">\r\n<\/form><\/div><div style=\"position:absolute; width:10%; height:100%; bottom:0px; left:0px;\"><iframe loading=\"lazy\" src=\"https:\/\/vendedoradesonhos.com.br\/icones_sites.php\" frameborder=\"0\" height=\"100%\" width=\"100%\"><\/iframe><\/div>\r\n<div style=\"position:absolute; width:40%; height:70px; top:-70px; left:0px;\"><iframe loading=\"lazy\" src=\"https:\/\/vendedoradesonhos.com.br\/oferta_site_esq.php\" frameborder=\"0\" height=\"100%\" width=\"100%\"><\/iframe><\/div>\r\n<div style=\"position:absolute; width:40%; height:70px; top:-70px; right:0px;\"><iframe loading=\"lazy\" src=\"https:\/\/vendedoradesonhos.com.br\/oferta_site_dir.php\" frameborder=\"0\" height=\"100%;\" width=\"100%\"><\/iframe><\/div>","protected":false},"excerpt":{"rendered":"<p>Reconstru\u00e7\u00e3o paleoartista de Eurypterus. (Dimitris Siskopoulos \/ Wikimedia \/ CC BY-SA) Vamos voltar as m\u00e3os do tempo. Antes da extin\u00e7\u00e3o derrubar os dinossauros do pedestal e antes da extin\u00e7\u00e3o do &#8220;Grande Morte&#8221; exterminar 95% de todos os organismos &#8211; tivemos a Era Paleoz\u00f3ica. Durante essa era na hist\u00f3ria da Terra, entre 541 e 252 milh\u00f5es &hellip; <\/p>\n<p class=\"link-more\"><a href=\"https:\/\/terrarara.com.br\/?page_id=10175\" class=\"more-link\">Continue lendo<span class=\"screen-reader-text\"> &#8220;Escorpi\u00f5es-do-mar gigantescos, alguns maiores que os humanos, ca\u00e7ados em oceanos antigos&#8221;<\/span><\/a><\/p>\n","protected":false},"author":1,"featured_media":0,"parent":6130,"menu_order":0,"comment_status":"closed","ping_status":"closed","template":"","meta":[],"_links":{"self":[{"href":"https:\/\/terrarara.com.br\/index.php?rest_route=\/wp\/v2\/pages\/10175"}],"collection":[{"href":"https:\/\/terrarara.com.br\/index.php?rest_route=\/wp\/v2\/pages"}],"about":[{"href":"https:\/\/terrarara.com.br\/index.php?rest_route=\/wp\/v2\/types\/page"}],"author":[{"embeddable":true,"href":"https:\/\/terrarara.com.br\/index.php?rest_route=\/wp\/v2\/users\/1"}],"replies":[{"embeddable":true,"href":"https:\/\/terrarara.com.br\/index.php?rest_route=%2Fwp%2Fv2%2Fcomments&post=10175"}],"version-history":[{"count":0,"href":"https:\/\/terrarara.com.br\/index.php?rest_route=\/wp\/v2\/pages\/10175\/revisions"}],"up":[{"embeddable":true,"href":"https:\/\/terrarara.com.br\/index.php?rest_route=\/wp\/v2\/pages\/6130"}],"wp:attachment":[{"href":"https:\/\/terrarara.com.br\/index.php?rest_route=%2Fwp%2Fv2%2Fmedia&parent=10175"}],"curies":[{"name":"wp","href":"https:\/\/api.w.org\/{rel}","templated":true}]}}